{"id":1262,"date":"2022-09-19T05:37:03","date_gmt":"2022-09-19T05:37:03","guid":{"rendered":"https:\/\/www.largepillow.com\/product\/office-chair-cushion"},"modified":"2025-05-01T17:46:45","modified_gmt":"2025-05-01T17:46:45","slug":"olvaso-ek-parna-2","status":"publish","type":"product","link":"https:\/\/www.largepillow.com\/hu\/product\/reading-wedge-pillow-2\/","title":{"rendered":"Olvas\u00f3\u00e9k p\u00e1rna"},"content":{"rendered":"<p>Az Ultimate Reading Wedge Pillow: K\u00e9nyelem \u00e9s t\u00e1mogat\u00e1s minden meghitt pillanathoz<\/p>\n<p>Engedje \u00e1t mag\u00e1t a p\u00e1ratlan k\u00e9nyelemnek a Reading Wedge p\u00e1rn\u00e1val, amelyet pr\u00e9mium anyagokb\u00f3l gondosan kidolgoztak, \u00e9s \u00e1ll\u00edthat\u00f3 kialak\u00edt\u00e1ssal rendelkezik a maxim\u00e1lis sokoldal\u00fas\u00e1g \u00e9s t\u00e1mogat\u00e1s \u00e9rdek\u00e9ben.<\/p>\n<p>Kiv\u00e9teles k\u00e9nyelem az olvas\u00e1shoz \u00e9s a pihen\u00e9shez<\/p>\n<p>Ez a kiv\u00e1l\u00f3 min\u0151s\u00e9g\u0171 \u00e9kp\u00e1rna apr\u00f3l\u00e9kosan meg van t\u00f6ltve pr\u00e9mium poli\u00e9szter sz\u00e1lbet\u00e9ttel, ami megingathatatlan h\u00e1tt\u00e1maszt \u00e9s pl\u00fcss tapint\u00e1st biztos\u00edt, amely k\u00e9nyelmesen k\u00f6r\u00fclveszi \u00d6nt. Legyen sz\u00f3 egy mag\u00e1val ragad\u00f3 k\u00f6nyvr\u0151l, laz\u00edtson lefekv\u00e9s el\u0151tt, vagy egyszer\u0171en csak pihenni v\u00e1gyik a kanap\u00e9n, ez a p\u00e1rna k\u00f6nnyed\u00e9n feldobja az \u00e9lm\u00e9nyt.<\/p>\n<p>\u00c1ll\u00edthat\u00f3 szem\u00e9lyre szabott t\u00e1mogat\u00e1shoz<\/p>\n<p>Az okosan megtervezett tekercsp\u00e1rna lehet\u0151v\u00e9 teszi, hogy pontosan ott \u00e1ll\u00edtsa be a t\u00e1maszt\u00e1st, ahol a legink\u00e1bb sz\u00fcks\u00e9ge van r\u00e1. Ak\u00e1r az enyhe lejt\u0151t, ak\u00e1r a hat\u00e1rozottabb sz\u00f6get r\u00e9szes\u00edti el\u0151nyben, ez a p\u00e1rna biztosan befedi. T\u00f6k\u00e9letes megold\u00e1s a h\u00e1t egyenes tart\u00e1s\u00e1ra \u00e9s a g\u00f6rnyed\u00e9sek megel\u0151z\u00e9s\u00e9re, el\u0151seg\u00edtve a jobb testtart\u00e1st \u00e9s az \u00e1ltal\u00e1nos j\u00f3 k\u00f6z\u00e9rzetet.<\/p>\n<p>Ergonomikus kialak\u00edt\u00e1s az optim\u00e1lis h\u00e1tt\u00e1masz\u00e9rt<\/p>\n<p>A szigor\u00fa ergon\u00f3miai elvek betart\u00e1s\u00e1val ez a t\u00e1maszt\u00f3p\u00e1rna a h\u00e1ta term\u00e9szetes \u00edveihez igazodik, tudom\u00e1nyosan megalapozott t\u00e1maszt\u00e9kot biztos\u00edtva, amely enyh\u00edti a h\u00e1tf\u00e1j\u00e1st \u00e9s jav\u00edtja az \u00fcl\u00e9start\u00e1st. Nagyvonal\u00fa m\u00e9rete b\u0151s\u00e9ges t\u00e1maszt\u00e1st ny\u00fajt a derek\u00e1nak, a h\u00e1t\u00e1nak \u00e9s a nyak\u00e1nak, hat\u00e9konyan k\u00fczdve az \u00e1gy\u00e9ki \u00e9s nyaki probl\u00e9m\u00e1kkal.<\/p>\n<p>Sokoldal\u00fas\u00e1g a felhaszn\u00e1l\u00e1s sz\u00e9les sk\u00e1l\u00e1j\u00e1hoz<\/p>\n<p>A Reading Wedge Pillow sokoldal\u00fas\u00e1ga miatt minden otthon elengedhetetlen kell\u00e9k\u00e9v\u00e9 v\u00e1lik. Ide\u00e1lisan haszn\u00e1lhat\u00f3 \u00e1gyakon, kanap\u00e9kon, kanap\u00e9kon, sz\u00e9keken \u00e9s hever\u0151k\u00f6n. Alkalmazkod\u00f3k\u00e9pess\u00e9ge kiterjed a k\u00fcl\u00f6nf\u00e9le tev\u00e9kenys\u00e9gekre, az olvas\u00e1st\u00f3l \u00e9s a t\u00e9v\u00e9n\u00e9z\u00e9st\u0151l az egyszer\u0171 pihen\u00e9sig \u00e9s az \u00e1ltala ny\u00fajtott k\u00e9nyelem \u00e9lvezet\u00e9ig.<\/p>\n<p>K\u00f6nny\u0171 karbantart\u00e1s a tart\u00f3s k\u00e9nyelem\u00e9rt<\/p>\n<p>A k\u00e9nyelem szem el\u0151tt tart\u00e1s\u00e1val k\u00e9sz\u00fclt t\u00e1maszt\u00f3p\u00e1rna cipz\u00e1rral z\u00e1r\u00f3dik, amely lehet\u0151v\u00e9 teszi a g\u00e9pben moshat\u00f3 tok k\u00f6nny\u0171 elt\u00e1vol\u00edt\u00e1s\u00e1t. A strapab\u00edr\u00f3 poli\u00e9szter \u00e9s v\u00e1szon kever\u00e9k sz\u00f6vet tart\u00f3s k\u00e9nyelmet \u00e9s formatart\u00e1st biztos\u00edt, \u00edgy ez a p\u00e1rna hossz\u00fa t\u00e1v\u00fa befektet\u00e9s az \u00d6n j\u00f3l\u00e9t\u00e9be.<\/p>\n<p>Az \u00fcgyfelek visszajelz\u00e9sei sokat mondanak<\/p>\n<p>\u201eEz az \u00e9kp\u00e1rna t\u00f6k\u00e9letes az \u00e1gyban val\u00f3 olvas\u00e1shoz. Kiv\u00e1l\u00f3 h\u00e1ttart\u00e1st biztos\u00edt, az \u00e1ll\u00edthat\u00f3 t\u00e1maszt\u00f3p\u00e1rna pedig megv\u00e1ltoztatja a j\u00e1t\u00e9kot.\u201d<\/p>\n<p>\u201eN\u00e9h\u00e1ny hete haszn\u00e1lom ezt a p\u00e1rn\u00e1t, \u00e9s a h\u00e1tf\u00e1j\u00e1som jelent\u0151sen javult. Nagyon k\u00e9nyelmes, \u00e9s minden megfelel\u0151 helyen t\u00e1mogat.\u201d<\/p>\n<p>&quot;Ennek a p\u00e1rn\u00e1nak a min\u0151s\u00e9ge leny\u0171g\u00f6z\u0151. Anyaga puha \u00e9s strapab\u00edr\u00f3, a varr\u00e1s pedig kifog\u00e1stalan. Nagyon aj\u00e1nlom.\u201d<\/p>\n<p>A Reading Wedge Pillow a k\u00e9nyelem, a t\u00e1mogat\u00e1s \u00e9s a sokoldal\u00fas\u00e1g megtestes\u00edt\u0151je. Pr\u00e9mium fel\u00e9p\u00edt\u00e9se, \u00e1ll\u00edthat\u00f3 kialak\u00edt\u00e1sa \u00e9s ergonomikus t\u00e1maszt\u00e9ka jav\u00edtja az olvas\u00e1st, a relax\u00e1ci\u00f3t \u00e9s az \u00e1ltal\u00e1nos j\u00f3l\u00e9tet. Fektessen be ebbe a kiv\u00e9teles p\u00e1rn\u00e1ba m\u00e9g ma, \u00e9s emelje otthoni \u00e9let\u00e9t a k\u00e9nyelem \u00e9s az \u00e9lvezet \u00faj magass\u00e1gaiba.<\/p>","protected":false},"excerpt":{"rendered":"<ul>\n<li><strong>Min\u0151s\u00edtett \u00e9kp\u00e1rna:<\/strong> Ez az \u00e1gy\u00e9kp\u00e1rna pr\u00e9mium poli\u00e9szter sz\u00e1las t\u00f6ltel\u00e9kkel van t\u00f6ltve, hogy stabil h\u00e1tt\u00e1ml\u00e1st biztos\u00edtson, \u00e9s k\u00e9nyelmesen \u00e9rezze mag\u00e1t olvas\u00e1s, pihen\u00e9s, t\u00e9v\u00e9z\u00e9s k\u00f6zben az \u00e1gyon vagy a kanap\u00e9n. A kiv\u00e1l\u00f3 min\u0151s\u00e9g\u0171 v\u00e1szonsz\u00f6vet nagyon puha, tart\u00f3s, nem k\u00f6nnyen deform\u00e1l\u00f3dik vagy foltosodik.<\/li>\n<li><strong>\u00c1ll\u00edthat\u00f3 \u00e9kp\u00e1rna:<\/strong> A d\u00edszp\u00e1rn\u00e1hoz egy kis tekercsp\u00e1rna tartozik. Ig\u00e9ny szerint \u00e1ll\u00edthat\u00f3. Seg\u00edt egyenesen tartani a h\u00e1tat, \u00edgy nem d\u0151l el. Az olvas\u00f3 h\u00e1tp\u00e1rna huzata levehet\u0151 \u00e9s moshat\u00f3. Az oldal\u00e1n 2 kis zseb tal\u00e1lhat\u00f3 az apr\u00f3 alkatr\u00e9szek t\u00e1rol\u00e1s\u00e1ra, mint p\u00e9ld\u00e1ul toll, mobiltelefon, TV t\u00e1vir\u00e1ny\u00edt\u00f3 stb.<\/li>\n<li><strong>Kiv\u00e1l\u00f3 h\u00e1tt\u00e1mogat\u00e1s:<\/strong> A nagym\u00e9ret\u0171 t\u00e1maszt\u00f3p\u00e1rna megfelel az ergonomikus kialak\u00edt\u00e1snak, amely tudom\u00e1nyosan megt\u00e1masztja a h\u00e1tat \u00e9s jav\u00edtja az \u00fcl\u00e9start\u00e1st. Ez a kanap\u00e9 p\u00e1rn\u00e1ja k\u00e9nyelmes tart\u00e1st biztos\u00edt a der\u00e9knak, a h\u00e1tnak \u00e9s a nyaknak. Megel\u0151zheti \u00e9s enyh\u00edtheti az \u00e1gy\u00e9ki \u00e9s nyaki betegs\u00e9geket, valamint enyh\u00edtheti a h\u00e1tf\u00e1j\u00e1st.<\/li>\n<li><strong>Sz\u00e9les k\u00f6r\u0171 felhaszn\u00e1l\u00e1si ter\u00fclet:<\/strong> Az \u00e9kp\u00e1rna sokr\u00e9t\u0171 felhaszn\u00e1l\u00e1si lehet\u0151s\u00e9get k\u00edn\u00e1l, amely nagyon alkalmas az \u00e1gyra, kanap\u00e9ra, sz\u00e9kre \u00e9s kanap\u00e9ra. T\u00f6k\u00e9letes aj\u00e1nd\u00e9k magadnak, bar\u00e1toknak vagy csal\u00e1dnak.<\/li>\n<li><strong>K\u00f6nnyen tiszt\u00edthat\u00f3:<\/strong> Ez a tart\u00f3p\u00e1rna cipz\u00e1rral z\u00e1rhat\u00f3, \u00edgy a tok k\u00f6nnyen elt\u00e1vol\u00edthat\u00f3 \u00e9s mos\u00f3g\u00e9pben moshat\u00f3.<\/li>\n<li><strong>Sz\u00f6vet:<\/strong>\u00a0Poli\u00e9szter \u00e9s v\u00e1szon kever\u00e9k.<\/li>\n<li><strong>M\u00e9ret:<\/strong>\u00a060x50x22 cm.<\/li>\n<\/ul>","protected":false},"featured_media":1250,"comment_status":"open","ping_status":"closed","template":"","meta":[],"product_brand":[],"product_cat":[29],"product_tag":[92,60,99,101,102,96,105,89,59,104,95,98,100,90],"class_list":{"0":"post-1262","1":"product","2":"type-product","3":"status-publish","4":"has-post-thumbnail","6":"product_cat-large-reading-pillow","7":"product_tag-adjustable-wedge-pillow","8":"product_tag-backrest-pillow","9":"product_tag-bed-pillow","10":"product_tag-chair-cushion","11":"product_tag-couch-pillow","12":"product_tag-cushions-for-sofa","13":"product_tag-lumbar-support","14":"product_tag-qualified-wedge-pillow","15":"product_tag-reading-pillow","16":"product_tag-reading-wedge-pillow","17":"product_tag-scientific-back-support","18":"product_tag-small-roll-bolster-pillow","19":"product_tag-sofa-daybed-pillow","20":"product_tag-stable-back-support","22":"first","23":"outofstock","24":"featured","25":"shipping-taxable","26":"purchasable","27":"product-type-simple"},"_links":{"self":[{"href":"https:\/\/www.largepillow.com\/hu\/wp-json\/wp\/v2\/product\/1262","targetHints":{"allow":["GET"]}}],"collection":[{"href":"https:\/\/www.largepillow.com\/hu\/wp-json\/wp\/v2\/product"}],"about":[{"href":"https:\/\/www.largepillow.com\/hu\/wp-json\/wp\/v2\/types\/product"}],"replies":[{"embeddable":true,"href":"https:\/\/www.largepillow.com\/hu\/wp-json\/wp\/v2\/comments?post=1262"}],"wp:featuredmedia":[{"embeddable":true,"href":"https:\/\/www.largepillow.com\/hu\/wp-json\/wp\/v2\/media\/1250"}],"wp:attachment":[{"href":"https:\/\/www.largepillow.com\/hu\/wp-json\/wp\/v2\/media?parent=1262"}],"wp:term":[{"taxonomy":"product_brand","embeddable":true,"href":"https:\/\/www.largepillow.com\/hu\/wp-json\/wp\/v2\/product_brand?post=1262"},{"taxonomy":"product_cat","embeddable":true,"href":"https:\/\/www.largepillow.com\/hu\/wp-json\/wp\/v2\/product_cat?post=1262"},{"taxonomy":"product_tag","embeddable":true,"href":"https:\/\/www.largepillow.com\/hu\/wp-json\/wp\/v2\/product_tag?post=1262"}],"curies":[{"name":"wp","href":"https:\/\/api.w.org\/{rel}","templated":true}]}}