{"id":1298,"date":"2022-09-19T05:37:48","date_gmt":"2022-09-19T05:37:48","guid":{"rendered":"https:\/\/www.largepillow.com\/product\/wedge-reading-pillow"},"modified":"2025-12-02T18:57:13","modified_gmt":"2025-12-02T18:57:13","slug":"agynyugalom-olvasoek","status":"publish","type":"product","link":"https:\/\/www.largepillow.com\/hu\/product\/bed-rest-reading-wedge","title":{"rendered":"\u00c1gynyugtat\u00f3 olvas\u00f3\u00e9k"},"content":{"rendered":"<p>Laz\u00edtson k\u00e9nyelemben az olvas\u00f3\u00e9kp\u00e1rn\u00e1val<\/p>\n<p>Ha szeret olvasni vagy t\u00e9v\u00e9t n\u00e9zni az \u00e1gyban, de h\u00e1tf\u00e1j\u00e1st\u00f3l szenved, a Bed Rest Reading Wedge Pillow a t\u00f6k\u00e9letes megold\u00e1s. Ez az ergonomikus kialak\u00edt\u00e1s\u00fa p\u00e1rna kiv\u00e1l\u00f3 der\u00e9kt\u00e1maszt ny\u00fajt a h\u00e1tf\u00e1j\u00e1s enyh\u00edt\u00e9s\u00e9re, \u00e9s seg\u00edt a j\u00f3 testtart\u00e1s meg\u0151rz\u00e9s\u00e9ben pihen\u00e9s k\u00f6zben.  <\/p>\n<p>A puha, min\u0151s\u00e9gi v\u00e1szonb\u00f3l \u00e9s poli\u00e9szterb\u0151l k\u00e9sz\u00fclt, nagyvonal\u00fa 60x50x22 cm-es \u00e9k tested \u00edv\u00e9hez igazodik. Az \u00e1ll\u00edthat\u00f3 hengerp\u00e1rna lehet\u0151v\u00e9 teszi a t\u00e1maszt\u00e9k testreszab\u00e1s\u00e1t a k\u00f6nny\u00edt\u00e9st ig\u00e9nyl\u0151 ter\u00fcletekhez, p\u00e9ld\u00e1ul a h\u00e1t als\u00f3 r\u00e9sz\u00e9hez vagy a nyak\u00e1hoz. A k\u00e9t oldalzseb k\u00e9nyelmes t\u00e1rol\u00e1st biztos\u00edt olyan t\u00e1rgyak sz\u00e1m\u00e1ra, mint a telefon, a t\u00e1vir\u00e1ny\u00edt\u00f3 vagy a k\u00f6nyvek pihen\u00e9s k\u00f6zben.<\/p>\n<p>Az \u00fcgyfelek szeretik ezt a sokoldal\u00fa \u00e9s t\u00e1mogat\u00f3 p\u00e1rn\u00e1t:<\/p>\n<p>\u201eEz a p\u00e1rna nagyon j\u00f3 t\u00e1mogat\u00e1st ny\u00fajt az olvas\u00e1shoz vagy a laptopomon val\u00f3 munk\u00e1hoz az \u00e1gyban. K\u00e9nyelmes \u00e9s nagyon tart\u00f3snak t\u0171nik.\u201d<\/p>\n<p>\u201eH\u00e1tm\u0171t\u00e9tem volt, \u00e9s az orvosom ezt javasolta. Pont a megfelel\u0151 m\u00e9rt\u00e9k\u0171 d\u0151l\u00e9st biztos\u00edt an\u00e9lk\u00fcl, hogy f\u00e1jdalmas pontokat okozna.\u201d <\/p>\n<p>\u201eEzt az id\u0151s sz\u00fcleimnek kaptam, hogy k\u00e9nyelmesebben \u00fcljenek. Szeretik, \u00e9s azt mondj\u00e1k, hogy val\u00f3ban seg\u00edtett a h\u00e1tprobl\u00e9m\u00e1kon.\u201d<\/p>\n<p>Ergon\u00f3mikus kialak\u00edt\u00e1s\u00e1val, amely a h\u00e1tt\u00e1ml\u00e1sra \u00e9s a k\u00e9nyelemre \u00f6sszpontos\u00edt, ez a min\u0151s\u00e9gi \u00e9kp\u00e1rna t\u00f6k\u00e9letes olvas\u00e1si \u00e9s relax\u00e1ci\u00f3s t\u00e1rs. A levehet\u0151 \u00e9s moshat\u00f3 huzat megk\u00f6nny\u00edti a gondoz\u00e1st. <\/p>\n<p>Aj\u00e1nd\u00e9kozzon k\u00e9nyelmes pihen\u00e9st a Bed Rest Reading Wedge Pillow p\u00e1rn\u00e1val. Ide\u00e1lis saj\u00e1t mag\u00e1nak vagy szeretteinek, akiknek der\u00e9kt\u00e1ji vagy nyaki kellemetlens\u00e9gei vannak, \u00e9s minden bizonnyal a relax\u00e1ci\u00f3s id\u0151 kedvelt r\u00e9sze lesz.<\/p>","protected":false},"excerpt":{"rendered":"<ul>\n<li><strong>Min\u0151s\u00edtett \u00e9kp\u00e1rna:<\/strong> Ez az \u00e1gy\u00e9kp\u00e1rna pr\u00e9mium poli\u00e9szter sz\u00e1las t\u00f6ltel\u00e9kkel van t\u00f6ltve, hogy stabil h\u00e1tt\u00e1ml\u00e1st biztos\u00edtson, \u00e9s k\u00e9nyelmesen \u00e9rezze mag\u00e1t olvas\u00e1s, pihen\u00e9s, t\u00e9v\u00e9z\u00e9s k\u00f6zben az \u00e1gyon vagy a kanap\u00e9n. A kiv\u00e1l\u00f3 min\u0151s\u00e9g\u0171 v\u00e1szonsz\u00f6vet nagyon puha, tart\u00f3s, nem k\u00f6nnyen deform\u00e1l\u00f3dik vagy foltosodik.<\/li>\n<li><strong>\u00c1ll\u00edthat\u00f3 \u00e9kp\u00e1rna:<\/strong> A d\u00edszp\u00e1rn\u00e1hoz egy kis tekercsp\u00e1rna tartozik. Ig\u00e9ny szerint \u00e1ll\u00edthat\u00f3. Seg\u00edt egyenesen tartani a h\u00e1tat, \u00edgy nem d\u0151l el. Az olvas\u00f3 h\u00e1tp\u00e1rna huzata levehet\u0151 \u00e9s moshat\u00f3. Az oldal\u00e1n 2 kis zseb tal\u00e1lhat\u00f3 az apr\u00f3 alkatr\u00e9szek t\u00e1rol\u00e1s\u00e1ra, mint p\u00e9ld\u00e1ul toll, mobiltelefon, TV t\u00e1vir\u00e1ny\u00edt\u00f3 stb.<\/li>\n<li><strong>Kiv\u00e1l\u00f3 h\u00e1tt\u00e1mogat\u00e1s:<\/strong> A nagym\u00e9ret\u0171 t\u00e1maszt\u00f3p\u00e1rna megfelel az ergonomikus kialak\u00edt\u00e1snak, amely tudom\u00e1nyosan megt\u00e1masztja a h\u00e1tat \u00e9s jav\u00edtja az \u00fcl\u00e9start\u00e1st. Ez a kanap\u00e9 p\u00e1rn\u00e1ja k\u00e9nyelmes tart\u00e1st biztos\u00edt a der\u00e9knak, a h\u00e1tnak \u00e9s a nyaknak. Megel\u0151zheti \u00e9s enyh\u00edtheti az \u00e1gy\u00e9ki \u00e9s nyaki betegs\u00e9geket, valamint enyh\u00edtheti a h\u00e1tf\u00e1j\u00e1st.<\/li>\n<li><strong>Sz\u00e9les k\u00f6r\u0171 felhaszn\u00e1l\u00e1si ter\u00fclet:<\/strong> Az \u00e9kp\u00e1rna sokr\u00e9t\u0171 felhaszn\u00e1l\u00e1si lehet\u0151s\u00e9get k\u00edn\u00e1l, amely nagyon alkalmas az \u00e1gyra, kanap\u00e9ra, sz\u00e9kre \u00e9s kanap\u00e9ra. T\u00f6k\u00e9letes aj\u00e1nd\u00e9k magadnak, bar\u00e1toknak vagy csal\u00e1dnak.<\/li>\n<li><strong>K\u00f6nnyen tiszt\u00edthat\u00f3:<\/strong> Ez a tart\u00f3p\u00e1rna cipz\u00e1rral z\u00e1rhat\u00f3, \u00edgy a tok k\u00f6nnyen elt\u00e1vol\u00edthat\u00f3 \u00e9s mos\u00f3g\u00e9pben moshat\u00f3.<\/li>\n<li><strong>Sz\u00f6vet:<\/strong>\u00a0Poli\u00e9szter \u00e9s v\u00e1szon kever\u00e9k.<\/li>\n<li><strong>M\u00e9ret:<\/strong>\u00a060x50x22 cm.<\/li>\n<\/ul>","protected":false},"featured_media":1287,"comment_status":"open","ping_status":"closed","template":"","meta":[],"product_brand":[],"product_cat":[29],"product_tag":[92,60,88,91,96,94,89,59,93,95,90],"class_list":{"0":"post-1298","1":"product","2":"type-product","3":"status-publish","4":"has-post-thumbnail","6":"product_cat-large-reading-pillow","7":"product_tag-adjustable-wedge-pillow","8":"product_tag-backrest-pillow","9":"product_tag-bed-rest-reading-wedge","10":"product_tag-comfortable-reading","11":"product_tag-cushions-for-sofa","12":"product_tag-excellent-back-support","13":"product_tag-qualified-wedge-pillow","14":"product_tag-reading-pillow","15":"product_tag-roll-bolster-pillow","16":"product_tag-scientific-back-support","17":"product_tag-stable-back-support","19":"first","20":"outofstock","21":"featured","22":"shipping-taxable","23":"purchasable","24":"product-type-simple"},"_links":{"self":[{"href":"https:\/\/www.largepillow.com\/hu\/wp-json\/wp\/v2\/product\/1298","targetHints":{"allow":["GET"]}}],"collection":[{"href":"https:\/\/www.largepillow.com\/hu\/wp-json\/wp\/v2\/product"}],"about":[{"href":"https:\/\/www.largepillow.com\/hu\/wp-json\/wp\/v2\/types\/product"}],"replies":[{"embeddable":true,"href":"https:\/\/www.largepillow.com\/hu\/wp-json\/wp\/v2\/comments?post=1298"}],"wp:featuredmedia":[{"embeddable":true,"href":"https:\/\/www.largepillow.com\/hu\/wp-json\/wp\/v2\/media\/1287"}],"wp:attachment":[{"href":"https:\/\/www.largepillow.com\/hu\/wp-json\/wp\/v2\/media?parent=1298"}],"wp:term":[{"taxonomy":"product_brand","embeddable":true,"href":"https:\/\/www.largepillow.com\/hu\/wp-json\/wp\/v2\/product_brand?post=1298"},{"taxonomy":"product_cat","embeddable":true,"href":"https:\/\/www.largepillow.com\/hu\/wp-json\/wp\/v2\/product_cat?post=1298"},{"taxonomy":"product_tag","embeddable":true,"href":"https:\/\/www.largepillow.com\/hu\/wp-json\/wp\/v2\/product_tag?post=1298"}],"curies":[{"name":"wp","href":"https:\/\/api.w.org\/{rel}","templated":true}]}}