{"id":1307,"date":"2022-09-19T06:01:39","date_gmt":"2022-09-19T06:01:39","guid":{"rendered":"https:\/\/www.largepillow.com\/product\/reading-wedge-pillow"},"modified":"2024-10-03T16:31:26","modified_gmt":"2024-10-03T16:31:26","slug":"olvasosarok-parna","status":"publish","type":"product","link":"https:\/\/www.largepillow.com\/hu\/product\/reading-nook-pillow\/","title":{"rendered":"Olvas\u00f3kuck\u00f3p\u00e1rna"},"content":{"rendered":"<p>Az olvas\u00f3kuck\u00f3 p\u00e1rna: A k\u00e9nyelem \u00e9s a st\u00edlus n\u00e9lk\u00fcl\u00f6zhetetlen t\u00e1rsa<\/p>\n<p>Az olvas\u00e1s szent\u00e9ly\u00e9t kedvel\u0151 k\u00f6nyvmolyok sz\u00e1m\u00e1ra a Reading Nook Pillow a k\u00e9nyelem \u00e9s az \u00e9lvezet \u00faj szintj\u00e9re emeli az \u00e9lm\u00e9nyt. \u00d6tletes, ergonomikus kialak\u00edt\u00e1s\u00e1val ez a p\u00e1rna enyh\u00edti a hosszan tart\u00f3 \u00e1gyban olvas\u00e1ssal j\u00e1r\u00f3 fizikai k\u00e9nyelmetlens\u00e9geket.<\/p>\n<p>Kiv\u00e9teles ergon\u00f3mia a t\u00f6k\u00e9letes testtart\u00e1s\u00e9rt:<\/p>\n<p>\u00dagy tervezt\u00e9k, hogy t\u00e1mogassa test\u00e9t az optim\u00e1lis olvas\u00e1si helyzetben, az olvas\u00f3kuck\u00f3 p\u00e1rna hat\u00e9konyan kezeli az olyan gyakori probl\u00e9m\u00e1kat, mint az als\u00f3 \u00e9s fels\u0151 h\u00e1tf\u00e1j\u00e1s, a nyak \u00e9s a v\u00e1ll merevs\u00e9ge. Szil\u00e1rd p\u00e1rn\u00e1zotts\u00e1ga \u00e9ppen a megfelel\u0151 t\u00e1maszt\u00e9kot biztos\u00edtja a k\u00e9nyelmes \u00e9s ergonomikus testtart\u00e1shoz, cs\u00f6kkentve a f\u00e1radts\u00e1got \u00e9s a k\u00e9nyelmetlens\u00e9get.<\/p>\n<p>Pr\u00e9mium anyagok a tart\u00f3ss\u00e1g \u00e9s a l\u00e9g\u00e1tereszt\u00e9s \u00e9rdek\u00e9ben:<\/p>\n<p>A kiv\u00e1l\u00f3 min\u0151s\u00e9g\u0171 v\u00e1szonsz\u00f6vetb\u0151l k\u00e9sz\u00fclt p\u00e1rnahuzat kiv\u00e9teles tart\u00f3ss\u00e1got \u00e9s l\u00e9g\u00e1tereszt\u0151t biztos\u00edt. A reakt\u00edv nyomtat\u00e1si \u00e9s fest\u00e9si technol\u00f3gia \u00e9l\u00e9nk sz\u00edneket garant\u00e1l, amelyek id\u0151vel nem fakulnak ki. A p\u00e1rna bels\u0151 magja nagy elasztikus poli\u00e9szter sz\u00e1lbet\u00e9ttel van kit\u00f6ltve, \u00edgy megtartja stabil form\u00e1j\u00e1t an\u00e9lk\u00fcl, hogy \u00f6sszeesne.<\/p>\n<p>T\u00f6bbc\u00e9l\u00fa funkcionalit\u00e1s:<\/p>\n<p>Az olvas\u00f3kuck\u00f3 p\u00e1rna az olvas\u00f3t\u00e1rs alapvet\u0151 c\u00e9lj\u00e1n t\u00fal, figyelemrem\u00e9lt\u00f3 sokoldal\u00fas\u00e1got mutat. \u00cdvelt alakja megemelt t\u00e1maszt ny\u00fajt bizonyos testr\u00e9szeknek, seg\u00edtve az olyan eg\u00e9szs\u00e9g\u00fcgyi \u00e1llapotok enyh\u00edt\u00e9s\u00e9t, mint a horkol\u00e1s \u00e9s a savas reflux. Terhes n\u0151k haszn\u00e1lhatj\u00e1k oldals\u00f3 alv\u00e1sra \u00e9s der\u00e9kt\u00e1maszra a k\u00e9nyelem fokoz\u00e1sa \u00e9rdek\u00e9ben.<\/p>\n<p>\u00c9l\u00e9nk nyomatok a dekor\u00e1ci\u00f3hoz:<\/p>\n<p>Az \u00e9l\u00e9nk nyomtatott mint\u00e1k sz\u00e9les v\u00e1laszt\u00e9k\u00e1val, az erdei zen\u00e9t\u0151l a retro \u00fajs\u00e1gokig, a Reading Nook Pillow b\u00e1rmely h\u00e1l\u00f3szoba dekor\u00e1ci\u00f3j\u00e1t kieg\u00e9sz\u00edti. Vid\u00e1m sz\u00ednei \u00e9s elb\u0171v\u00f6l\u0151 mint\u00e1i egy\u00e9nis\u00e9get k\u00f6lcs\u00f6n\u00f6znek ter\u00e9nek, h\u00edvogat\u00f3 \u00e9s st\u00edlusos olvas\u00f3sarkot teremtve.<\/p>\n<p>K\u00e9nyelem \u00e9s k\u00f6nny\u0171 kezelhet\u0151s\u00e9g:<\/p>\n<p>A p\u00e1rnahuzat l\u00e1thatatlan f\u00e9m cipz\u00e1rral rendelkezik a k\u00f6nny\u0171 le- \u00e9s felhelyez\u00e9s \u00e9rdek\u00e9ben, \u00edgy a takar\u00edt\u00e1s gyerekj\u00e1t\u00e9k. G\u00e9pben moshat\u00f3 kialak\u00edt\u00e1sa egyszer\u0171 karbantart\u00e1st tesz lehet\u0151v\u00e9. A k\u00e9nyelmes oldalzseb mindig k\u00e9zn\u00e9l tarthatja a legfontosabb dolgokat, p\u00e9ld\u00e1ul mobiltelefonokat \u00e9s szem\u00fcvegeket.<\/p>\n<p>V\u00e1s\u00e1rl\u00f3i besz\u00e1mol\u00f3k:<\/p>\n<p>\u201eEz a p\u00e1rna megv\u00e1ltoztatja az olvas\u00e1st! Nagyon k\u00e9nyelmes \u00e9s t\u00f6k\u00e9letesen megt\u00e1masztja a h\u00e1tam. Megsz\u0171ntek a nyak- \u00e9s v\u00e1llf\u00e1jdalmam.\u201d<\/p>\n<p>\u201eIm\u00e1dom a nyomatmint\u00e1kat! Annyi \u00e9letet adnak a h\u00e1l\u00f3szob\u00e1mhoz. Nagyra \u00e9rt\u00e9kelem az oldals\u00f3 zsebet is, amely rendben tartja a telefonomat \u00e9s a k\u00f6nyveimet.\u201d<\/p>\n<p>\u201eEzt a p\u00e1rn\u00e1t nem csak olvas\u00e1sra haszn\u00e1lom, hanem der\u00e9kt\u00e1maszk\u00e9nt is, mik\u00f6zben a kanap\u00e9n t\u00e9v\u00e9zek. Hihetetlen\u00fcl sokoldal\u00fa.\u201d<\/p>\n<p>M\u0171szaki adatok:<\/p>\n<p>* M\u00e9retek: 60x20x50cm<br \/>\n* Anyagok: v\u00e1szonsz\u00f6vet, nagy rugalmass\u00e1g\u00fa poli\u00e9szter sz\u00e1lbet\u00e9t<br \/>\n* Levehet\u0151 \u00e9s moshat\u00f3 p\u00e1rnahuzat l\u00e1thatatlan f\u00e9m cipz\u00e1rral<br \/>\n* Oldals\u00f3 zseb a k\u00e9nyelmes t\u00e1rol\u00e1shoz<\/p>\n<p>Ak\u00e1r lelkes olvas\u00f3, ak\u00e1r diz\u00e1jnrajong\u00f3, vagy egyszer\u0171en csak k\u00e9nyelemre \u00e9s t\u00e1mogat\u00e1sra v\u00e1gyik, a Reading Nook Pillow kiv\u00e9teles v\u00e1laszt\u00e1s. Ergonomikus kialak\u00edt\u00e1sa, pr\u00e9mium anyagai \u00e9s \u00e9l\u00e9nk nyomatai feldobj\u00e1k az olvas\u00e1si \u00e9lm\u00e9nyt, mik\u00f6zben st\u00edlusosan kieg\u00e9sz\u00edtik otthoni dekor\u00e1ci\u00f3j\u00e1t.<\/p>","protected":false},"excerpt":{"rendered":"<ul>\n<li><strong>Ergonomikus p\u00e1rna:<\/strong>\u00a0Ha \u00d6n \u00e9s bar\u00e1tai szeretnek az \u00e1gyban olvasni, de a helytelen testtart\u00e1s miatt k\u00fcl\u00f6nf\u00e9le kellemetlens\u00e9geket tapasztalnak: der\u00e9k- \u00e9s fels\u0151f\u00e1jdalmak, nyak- \u00e9s v\u00e1llprobl\u00e9m\u00e1k stb. Akkor k\u00e9rj\u00fck, haszn\u00e1lja ezt az ergonomikus p\u00e1rn\u00e1t, hogy seg\u00edtsen az olvas\u00e1s ergonomikus testtart\u00e1s\u00e1ban. Ez az olvas\u00f3p\u00e1rna nem csak puha \u00e9s k\u00e9nyelmes, hanem el\u00e9g szil\u00e1rd is ahhoz, hogy p\u00e1rn\u00e1z\u00e1st \u00e9s tart\u00e1st biztos\u00edtson.<\/li>\n<li><strong>Kiv\u00e1l\u00f3 min\u0151s\u00e9g\u0171 anyagok:<\/strong>\u00a0Az \u00e9kp\u00e1rnahuzat kiv\u00e1l\u00f3 min\u0151s\u00e9g\u0171 v\u00e1szonsz\u00f6vetb\u0151l k\u00e9sz\u00fclt, mely er\u0151s \u00e9s tart\u00f3s, nagyon j\u00f3 l\u00e9g\u00e1tereszt\u0151 k\u00e9pess\u00e9ggel rendelkezik; reakt\u00edv nyomtat\u00e1si \u00e9s fest\u00e9si technol\u00f3gi\u00e1t alkalmaz, amely nem fakul; a bels\u0151 mag kiv\u00e1l\u00f3 min\u0151s\u00e9g\u0171, elasztikus poli\u00e9szter sz\u00e1lbet\u00e9ttel van kit\u00f6ltve, amely stabil form\u00e1t tud megtartani an\u00e9lk\u00fcl, hogy \u00f6sszeesne.<\/li>\n<li><strong>T\u00f6bbfunkci\u00f3s haszn\u00e1lat:<\/strong>\u00a0Ez az \u00edvelt form\u00e1j\u00fa p\u00e1rna a test bizonyos r\u00e9szeit emelve tudja tartani. Ez\u00e9rt seg\u00edt bizonyos eg\u00e9szs\u00e9g\u00fcgyi \u00e1llapotok, p\u00e9ld\u00e1ul a horkol\u00e1s vagy a savas reflux enyh\u00edt\u00e9s\u00e9ben. Ezenk\u00edv\u00fcl seg\u00edthet a terhes n\u0151knek elker\u00fclni a megfordul\u00e1st, \u00e9s fenntartani az oldals\u00f3 alv\u00e1si poz\u00edci\u00f3t, vagy \u00e1gy\u00e9kp\u00e1rnak\u00e9nt haszn\u00e1lhatja az \u00e1gy\u00e9ki nyom\u00e1s cs\u00f6kkent\u00e9s\u00e9re. Ezt a h\u00e1tt\u00e1mla p\u00e1rn\u00e1t amellett, hogy az \u00e1gyon haszn\u00e1ljuk, kanap\u00e9n, j\u00e1tsz\u00f3t\u00e9r padl\u00f3j\u00e1n, kerti kerti b\u00fatoron is haszn\u00e1lhat\u00f3.<\/li>\n<li><strong>Kiv\u00e1l\u00f3 nyomtat\u00e1si tervez\u00e9s:<\/strong>\u00a0Ez az \u00e9l\u00e9nk sz\u00ednekkel d\u00edsz\u00edtett pozicion\u00e1l\u00f3 p\u00e1rnasorozat csillog\u00e1st k\u00f6lcs\u00f6n\u00f6z h\u00e1l\u00f3szob\u00e1j\u00e1nak. Pasztor\u00e1lis st\u00edlus\u00fa \u201eerdei zene\u201d, retro st\u00edlus\u00fa \u201er\u00e9gi \u00fajs\u00e1g\u201d, irodalmi st\u00edlus \u201ek\u00e9k pillang\u00f3\u201d, re\u00e1lis st\u00edlus\u00fa \u201etevet\u00e9rk\u00e9p\u201d, biztosan megtal\u00e1lja az egy\u00e9nis\u00e9g\u00e9hez ill\u0151 sz\u00ednt. J\u00f3 olvas\u00f3p\u00e1rna fi\u00faknak \u00e9s l\u00e1nyoknak vagy feln\u0151tteknek. Ez egy nagyszer\u0171 aj\u00e1nd\u00e9k azoknak a gyerekeknek is, akik szeretnek olvasni, \u00e9s h\u0171v\u00f6sebb\u00e9 var\u00e1zsolja szob\u00e1jukat.<\/li>\n<li><strong>Levehet\u0151 p\u00e1rnahuzat:<\/strong>\u00a0A l\u00e1thatatlan f\u00e9m cipz\u00e1rral ell\u00e1tott p\u00e1rnahuzat k\u00f6nnyen elt\u00e1vol\u00edthat\u00f3 \u00e9s a p\u00e1rn\u00e1ra szerelhet\u0151; k\u00f6nnyen tiszt\u00edthat\u00f3 \u00e9s g\u00e9pi mos\u00e1sra alkalmas; a k\u00e9nyelmes oldalzsebben b\u00e1rmikor elf\u00e9rnek apr\u00f3 t\u00e1rgyak, p\u00e9ld\u00e1ul mobiltelefonok \u00e9s szem\u00fcvegek.<\/li>\n<li><strong>M\u00e9ret:<\/strong>\u00a060x20x50 cm.<\/li>\n<\/ul>","protected":false},"featured_media":1299,"comment_status":"open","ping_status":"closed","template":"","meta":[],"product_brand":[],"product_cat":[29],"product_tag":[60,81,86,78,79,87,59,84],"class_list":{"0":"post-1307","1":"product","2":"type-product","3":"status-publish","4":"has-post-thumbnail","6":"product_cat-large-reading-pillow","7":"product_tag-backrest-pillow","8":"product_tag-curved-shape-pillow","9":"product_tag-detachable-pillow-cover","10":"product_tag-ergonomic-pillow","11":"product_tag-lumbar-pillow","12":"product_tag-reading-nook-pillow","13":"product_tag-reading-pillow","14":"product_tag-sofa-pillow","16":"first","17":"instock","18":"featured","19":"shipping-taxable","20":"purchasable","21":"product-type-simple"},"_links":{"self":[{"href":"https:\/\/www.largepillow.com\/hu\/wp-json\/wp\/v2\/product\/1307","targetHints":{"allow":["GET"]}}],"collection":[{"href":"https:\/\/www.largepillow.com\/hu\/wp-json\/wp\/v2\/product"}],"about":[{"href":"https:\/\/www.largepillow.com\/hu\/wp-json\/wp\/v2\/types\/product"}],"replies":[{"embeddable":true,"href":"https:\/\/www.largepillow.com\/hu\/wp-json\/wp\/v2\/comments?post=1307"}],"wp:featuredmedia":[{"embeddable":true,"href":"https:\/\/www.largepillow.com\/hu\/wp-json\/wp\/v2\/media\/1299"}],"wp:attachment":[{"href":"https:\/\/www.largepillow.com\/hu\/wp-json\/wp\/v2\/media?parent=1307"}],"wp:term":[{"taxonomy":"product_brand","embeddable":true,"href":"https:\/\/www.largepillow.com\/hu\/wp-json\/wp\/v2\/product_brand?post=1307"},{"taxonomy":"product_cat","embeddable":true,"href":"https:\/\/www.largepillow.com\/hu\/wp-json\/wp\/v2\/product_cat?post=1307"},{"taxonomy":"product_tag","embeddable":true,"href":"https:\/\/www.largepillow.com\/hu\/wp-json\/wp\/v2\/product_tag?post=1307"}],"curies":[{"name":"wp","href":"https:\/\/api.w.org\/{rel}","templated":true}]}}