{"id":13105,"date":"2025-09-04T01:20:12","date_gmt":"2025-09-04T01:20:12","guid":{"rendered":"https:\/\/www.largepillow.com\/product\/ergonomic-zero-gravity-bean-bag-lounge-chair-curved-floor-sofa"},"modified":"2025-09-04T01:29:19","modified_gmt":"2025-09-04T01:29:19","slug":"ergonomikus-nulla-gravitacios-babzsakfotel-ivelt-padlokanape","status":"publish","type":"product","link":"https:\/\/www.largepillow.com\/hu\/product\/ergonomic-zero-gravity-bean-bag-lounge-chair-curved-floor-sofa","title":{"rendered":"Ergonomikus nulla gravit\u00e1ci\u00f3s babzs\u00e1kfotel, \u00edvelt padl\u00f3kanap\u00e9"},"content":{"rendered":"[zc_getpagecontent mb=&#8221;mb_aplus&#8221; apid=&#8221;143&#8243;]\n","protected":false},"excerpt":{"rendered":"<ul>\n<li>Ergonomikus, nulla gravit\u00e1ci\u00f3 ihlette \u00edvek: \u00dagy tervezt\u00e9k, hogy ut\u00e1nozza a test term\u00e9szetes testtart\u00e1s\u00e1t nulla gravit\u00e1ci\u00f3 eset\u00e9n, ez az egyed\u00fcl\u00e1ll\u00f3an \u00edvelt padl\u00f3kanap\u00e9 c\u00e9lzott t\u00e1maszt ny\u00fajt a nyaknak, a der\u00e9knak \u00e9s a l\u00e1baknak \u2013 el\u0151seg\u00edtve a teljes test ellazul\u00e1s\u00e1t \u00e9s a gerinc megfelel\u0151 be\u00e1ll\u00edt\u00e1s\u00e1t.<\/li>\n<li>L\u00e9legz\u0151 3D pl\u00fcss anyag: Puha, r\u00f6vid 3D pl\u00fcss anyaggal bor\u00edtott, a fel\u00fclet puha, m\u00e9gis l\u00e9legz\u0151, ny\u00e1ron h\u0171v\u00f6sen, t\u00e9len pedig k\u00e9nyelmesen tart. Ropog\u00f3s feh\u00e9r \u00e9s friss z\u00f6ld sz\u00ednben kaphat\u00f3, modern megjelen\u00e9st k\u00f6lcs\u00f6n\u00f6z b\u00e1rmilyen \u00e9lett\u00e9rnek, a minimalista st\u00edlust\u00f3l a boh\u00e9mig.<\/li>\n<li>T\u00f6k\u00e9letes m\u00e9ret sokoldal\u00fa terekhez: 165 cm (hossz\u00fas\u00e1g) \u00d7 85 cm (sz\u00e9less\u00e9g), 54 cm (maxim\u00e1lis magass\u00e1g), 23 cm (der\u00e9kmagass\u00e1g) \u00e9s 39 cm (l\u00e1bmagass\u00e1g), \u00edgy z\u00f6kken\u0151mentesen illeszkedik nappaliba, h\u00e1l\u00f3szob\u00e1ba vagy olvas\u00f3sarokba. Kompakt, m\u00e9gis el\u00e9g t\u00e1gas ahhoz, hogy 1-2 f\u0151 k\u00e9nyelmesen elf\u00e9rjen rajta.<\/li>\n<li>A kiv\u00e1l\u00f3 min\u0151s\u00e9g\u0171 PP pamuttal t\u00f6lt\u00f6tt kanap\u00e9 t\u00f6k\u00e9letes egyens\u00falyt k\u00edn\u00e1l a puhas\u00e1g \u00e9s a tart\u00e1s k\u00f6z\u00f6tt. K\u00f6nnyen hozz\u00e1adhatsz vagy elt\u00e1vol\u00edthatsz t\u00f6ltetet a k\u00edv\u00e1nt kem\u00e9nys\u00e9ghez igaz\u00edtva \u2013 ak\u00e1r a s\u00fcllyeszthet\u0151 \u00e9rzetet, ak\u00e1r a kem\u00e9nyebb tart\u00e1st kedveled, alkalmazkodik a szok\u00e1saidhoz.<\/li>\n<li>C\u00e9lzott der\u00e9kt\u00e1masz m\u00e9ly kont\u00fart\u00e1maszt\u00e1ssal: A s\u00fcllyesztett der\u00e9kz\u00f3na (25 cm magas) k\u00f6r\u00fcl\u00f6leli az als\u00f3 h\u00e1tat, hogy enyh\u00edtse a gerinc terhel\u00e9s\u00e9t. Ak\u00e1r szuny\u00f3k\u00e1lsz, olvasol, vagy sorozatot n\u00e9zel, tapasztald meg az ergonomikus k\u00e9nyelmet, amely alkalmazkodik hozz\u00e1d.<\/li>\n<\/ul>","protected":false},"featured_media":13091,"comment_status":"open","ping_status":"closed","template":"","meta":[],"product_brand":[],"product_cat":[228],"product_tag":[],"class_list":{"0":"post-13105","1":"product","2":"type-product","3":"status-publish","4":"has-post-thumbnail","6":"product_cat-cushions","8":"first","9":"instock","10":"sold-individually","11":"shipping-taxable","12":"purchasable","13":"product-type-simple"},"_links":{"self":[{"href":"https:\/\/www.largepillow.com\/hu\/wp-json\/wp\/v2\/product\/13105","targetHints":{"allow":["GET"]}}],"collection":[{"href":"https:\/\/www.largepillow.com\/hu\/wp-json\/wp\/v2\/product"}],"about":[{"href":"https:\/\/www.largepillow.com\/hu\/wp-json\/wp\/v2\/types\/product"}],"replies":[{"embeddable":true,"href":"https:\/\/www.largepillow.com\/hu\/wp-json\/wp\/v2\/comments?post=13105"}],"wp:featuredmedia":[{"embeddable":true,"href":"https:\/\/www.largepillow.com\/hu\/wp-json\/wp\/v2\/media\/13091"}],"wp:attachment":[{"href":"https:\/\/www.largepillow.com\/hu\/wp-json\/wp\/v2\/media?parent=13105"}],"wp:term":[{"taxonomy":"product_brand","embeddable":true,"href":"https:\/\/www.largepillow.com\/hu\/wp-json\/wp\/v2\/product_brand?post=13105"},{"taxonomy":"product_cat","embeddable":true,"href":"https:\/\/www.largepillow.com\/hu\/wp-json\/wp\/v2\/product_cat?post=13105"},{"taxonomy":"product_tag","embeddable":true,"href":"https:\/\/www.largepillow.com\/hu\/wp-json\/wp\/v2\/product_tag?post=13105"}],"curies":[{"name":"wp","href":"https:\/\/api.w.org\/{rel}","templated":true}]}}