{"id":1340,"date":"2022-09-19T06:06:05","date_gmt":"2022-09-19T06:06:05","guid":{"rendered":"https:\/\/www.largepillow.com\/product\/wedge-pillow-for-reading"},"modified":"2025-10-31T19:46:49","modified_gmt":"2025-10-31T19:46:49","slug":"ekparna-az-olvasashoz","status":"publish","type":"product","link":"https:\/\/www.largepillow.com\/hu\/product\/wedge-pillow-for-reading\/","title":{"rendered":"\u00c9kp\u00e1rna Olvas\u00e1shoz"},"content":{"rendered":"<p>K\u00e9nyelmes \u00e9s sokoldal\u00fa p\u00e1rn\u00e1t keres, hogy jav\u00edtsa olvas\u00e1si \u00e9lm\u00e9ny\u00e9t? Ne keressen tov\u00e1bb, mint a Wedge Pillow for Reading.<\/p>\n<p>Ezt az ergonomikus p\u00e1rn\u00e1t \u00fagy tervezt\u00e9k, hogy t\u00e1mogat\u00f3 \u00e9s k\u00e9nyelmes olvas\u00e1si \u00e9lm\u00e9nyt ny\u00fajtson. Kiv\u00e1l\u00f3 min\u0151s\u00e9g\u0171 anyagokb\u00f3l k\u00e9sz\u00fclt, bele\u00e9rtve a tart\u00f3s v\u00e1szonsz\u00f6vet huzatot \u00e9s a nagy rugalmass\u00e1g\u00fa poli\u00e9szter sz\u00e1lbet\u00e9tet, \u00edgy ez a p\u00e1rna el\u00e9g puha \u00e9s kem\u00e9ny ahhoz, hogy p\u00e1rn\u00e1z\u00e1st \u00e9s tart\u00e1st biztos\u00edtson.<\/p>\n<p>Ez az \u00edvelt form\u00e1j\u00fa p\u00e1rna nemcsak olvas\u00e1shoz kiv\u00e1l\u00f3, hanem bizonyos testr\u00e9szeit is megemeli, hogy enyh\u00edtse az olyan betegs\u00e9geket, mint a horkol\u00e1s vagy a savas reflux. A terhes n\u0151k is profit\u00e1lhatnak a haszn\u00e1lat\u00e1b\u00f3l, ha fenntartj\u00e1k az oldals\u00f3 alv\u00e1si poz\u00edci\u00f3t, vagy \u00e1gy\u00e9kp\u00e1rnak\u00e9nt haszn\u00e1lj\u00e1k az \u00e1gy\u00e9ki nyom\u00e1s cs\u00f6kkent\u00e9s\u00e9re.<\/p>\n<p>Kiv\u00e1l\u00f3 nyomatmint\u00e1j\u00e1nak k\u00f6sz\u00f6nhet\u0151en ez a poz\u00edcion\u00e1l\u00f3 p\u00e1rna sz\u00ednt \u00e9s st\u00edlust k\u00f6lcs\u00f6n\u00f6z h\u00e1l\u00f3szob\u00e1j\u00e1nak. V\u00e1lasszon a p\u00e1sztor st\u00edlus\u00fa \u201eerdei zene\u201d, a retro st\u00edlus\u00fa \u201er\u00e9gi \u00fajs\u00e1g\u201d, az irodalmi st\u00edlus\u00fa \u201ek\u00e9k pillang\u00f3\u201d vagy a val\u00f3s\u00e1gh\u0171 st\u00edlus\u00fa \u201etevet\u00e9rk\u00e9p\u201d k\u00f6z\u00fcl, hogy csak n\u00e9h\u00e1nyat eml\u00edts\u00fcnk. Ez a p\u00e1rna t\u00f6k\u00e9letes fi\u00fak \u00e9s l\u00e1nyok, valamint feln\u0151ttek sz\u00e1m\u00e1ra, \u00e9s nagyszer\u0171 aj\u00e1nd\u00e9k az olvasni szeret\u0151 gyermekek sz\u00e1m\u00e1ra.<\/p>\n<p>A levehet\u0151 p\u00e1rnahuzat l\u00e1thatatlan f\u00e9m cipz\u00e1rral rendelkezik a k\u00f6nny\u0171 elt\u00e1vol\u00edt\u00e1s \u00e9s tiszt\u00edt\u00e1s \u00e9rdek\u00e9ben. Mos\u00f3g\u00e9pben is moshat\u00f3, \u00e9s van egy k\u00e9nyelmes oldalzseb, ahol apr\u00f3 t\u00e1rgyakat, p\u00e9ld\u00e1ul mobiltelefonokat \u00e9s szem\u00fcvegeket t\u00e1rolhat.<\/p>\n<p>Ne csak a szavunkat fogadja el, \u00edme n\u00e9h\u00e1ny megjegyz\u00e9s az el\u00e9gedett v\u00e1s\u00e1rl\u00f3kt\u00f3l:<\/p>\n<p>\u201eMindig is k\u00fczd\u00f6ttem, hogy k\u00e9nyelmes poz\u00edci\u00f3t tal\u00e1ljak, mik\u00f6zben az \u00e1gyban olvasok, de ez az \u00e9kp\u00e1rna megv\u00e1ltoztatta a j\u00e1t\u00e9kot. Nagyon k\u00e9nyelmes \u00e9s megt\u00e1maszt\u00f3, az oldalzseb pedig kellemes tapint\u00e1s\u00fa.\u201d<\/p>\n<p>\u201eSavas refluxban szenvedek, \u00e9s ez a p\u00e1rna \u00e9letment\u0151 volt. Sokkal k\u00e9nyelmesebb, mint a szok\u00e1sos p\u00e1rn\u00e1kat egym\u00e1sra rakni, \u00e9s a diz\u00e1jn is nagyon aranyos.\u201d<\/p>\n<p>\u00d6sszess\u00e9g\u00e9ben a Wedge Pillow For Reading elengedhetetlen kell\u00e9ke mindenkinek, aki szeret az \u00e1gyban olvasni, vagy alv\u00e1s k\u00f6zben tov\u00e1bbi t\u00e1mogat\u00e1sra van sz\u00fcks\u00e9ge. Kiv\u00e1l\u00f3 min\u0151s\u00e9g\u0171 anyagainak, sokoldal\u00fa kialak\u00edt\u00e1s\u00e1nak \u00e9s st\u00edlusos nyomatainak k\u00f6sz\u00f6nhet\u0151en nem fog csal\u00f3dni ebben a v\u00e1s\u00e1rl\u00e1sban.<\/p>","protected":false},"excerpt":{"rendered":"<ul>\n<li><strong>Ergonomikus p\u00e1rna:<\/strong>\u00a0Ha \u00d6n \u00e9s bar\u00e1tai szeretnek az \u00e1gyban olvasni, de a helytelen testtart\u00e1s miatt k\u00fcl\u00f6nf\u00e9le kellemetlens\u00e9geket tapasztalnak: der\u00e9k- \u00e9s fels\u0151f\u00e1jdalmak, nyak- \u00e9s v\u00e1llprobl\u00e9m\u00e1k stb. Akkor k\u00e9rj\u00fck, haszn\u00e1lja ezt az ergonomikus p\u00e1rn\u00e1t, hogy seg\u00edtsen az olvas\u00e1s ergonomikus testtart\u00e1s\u00e1ban. Ez az olvas\u00f3p\u00e1rna nem csak puha \u00e9s k\u00e9nyelmes, hanem el\u00e9g szil\u00e1rd is ahhoz, hogy p\u00e1rn\u00e1z\u00e1st \u00e9s tart\u00e1st biztos\u00edtson.<\/li>\n<li><strong>Kiv\u00e1l\u00f3 min\u0151s\u00e9g\u0171 anyagok:<\/strong>\u00a0Az \u00e9kp\u00e1rnahuzat kiv\u00e1l\u00f3 min\u0151s\u00e9g\u0171 v\u00e1szonsz\u00f6vetb\u0151l k\u00e9sz\u00fclt, mely er\u0151s \u00e9s tart\u00f3s, nagyon j\u00f3 l\u00e9g\u00e1tereszt\u0151 k\u00e9pess\u00e9ggel rendelkezik; reakt\u00edv nyomtat\u00e1si \u00e9s fest\u00e9si technol\u00f3gi\u00e1t alkalmaz, amely nem fakul; a bels\u0151 mag kiv\u00e1l\u00f3 min\u0151s\u00e9g\u0171, elasztikus poli\u00e9szter sz\u00e1lbet\u00e9ttel van kit\u00f6ltve, amely stabil form\u00e1t tud megtartani an\u00e9lk\u00fcl, hogy \u00f6sszeesne.<\/li>\n<li><strong>T\u00f6bbfunkci\u00f3s haszn\u00e1lat:<\/strong>\u00a0Ez az \u00edvelt form\u00e1j\u00fa p\u00e1rna a test bizonyos r\u00e9szeit emelve tudja tartani. Ez\u00e9rt seg\u00edt bizonyos eg\u00e9szs\u00e9g\u00fcgyi \u00e1llapotok, p\u00e9ld\u00e1ul a horkol\u00e1s vagy a savas reflux enyh\u00edt\u00e9s\u00e9ben. Ezenk\u00edv\u00fcl seg\u00edthet a terhes n\u0151knek elker\u00fclni a megfordul\u00e1st, \u00e9s fenntartani az oldals\u00f3 alv\u00e1si poz\u00edci\u00f3t, vagy \u00e1gy\u00e9kp\u00e1rnak\u00e9nt haszn\u00e1lhatja az \u00e1gy\u00e9ki nyom\u00e1s cs\u00f6kkent\u00e9s\u00e9re. Ezt a h\u00e1tt\u00e1mla p\u00e1rn\u00e1t amellett, hogy az \u00e1gyon haszn\u00e1ljuk, kanap\u00e9n, j\u00e1tsz\u00f3t\u00e9r padl\u00f3j\u00e1n, kerti kerti b\u00fatoron is haszn\u00e1lhat\u00f3.<\/li>\n<li><strong>Kiv\u00e1l\u00f3 nyomtat\u00e1si tervez\u00e9s:<\/strong>\u00a0Ez az \u00e9l\u00e9nk sz\u00ednekkel d\u00edsz\u00edtett pozicion\u00e1l\u00f3 p\u00e1rnasorozat csillog\u00e1st k\u00f6lcs\u00f6n\u00f6z h\u00e1l\u00f3szob\u00e1j\u00e1nak. Pasztor\u00e1lis st\u00edlus\u00fa \u201eerdei zene\u201d, retro st\u00edlus\u00fa \u201er\u00e9gi \u00fajs\u00e1g\u201d, irodalmi st\u00edlus \u201ek\u00e9k pillang\u00f3\u201d, re\u00e1lis st\u00edlus\u00fa \u201etevet\u00e9rk\u00e9p\u201d, biztosan megtal\u00e1lja az egy\u00e9nis\u00e9g\u00e9hez ill\u0151 sz\u00ednt. J\u00f3 olvas\u00f3p\u00e1rna fi\u00faknak \u00e9s l\u00e1nyoknak vagy feln\u0151tteknek. Ez egy nagyszer\u0171 aj\u00e1nd\u00e9k azoknak a gyerekeknek is, akik szeretnek olvasni, \u00e9s h\u0171v\u00f6sebb\u00e9 var\u00e1zsolja szob\u00e1jukat.<\/li>\n<li><strong>Levehet\u0151 p\u00e1rnahuzat:<\/strong>\u00a0A l\u00e1thatatlan f\u00e9m cipz\u00e1rral ell\u00e1tott p\u00e1rnahuzat k\u00f6nnyen elt\u00e1vol\u00edthat\u00f3 \u00e9s a p\u00e1rn\u00e1ra szerelhet\u0151; k\u00f6nnyen tiszt\u00edthat\u00f3 \u00e9s g\u00e9pi mos\u00e1sra alkalmas; a k\u00e9nyelmes oldalzsebben b\u00e1rmikor elf\u00e9rnek apr\u00f3 t\u00e1rgyak, p\u00e9ld\u00e1ul mobiltelefonok \u00e9s szem\u00fcvegek.<\/li>\n<li><strong>M\u00e9ret:<\/strong>\u00a060x20x50 cm.<\/li>\n<\/ul>","protected":false},"featured_media":1332,"comment_status":"open","ping_status":"closed","template":"","meta":[],"product_brand":[],"product_cat":[29],"product_tag":[60,81,78,79,80,59,65],"class_list":{"0":"post-1340","1":"product","2":"type-product","3":"status-publish","4":"has-post-thumbnail","6":"product_cat-large-reading-pillow","7":"product_tag-backrest-pillow","8":"product_tag-curved-shape-pillow","9":"product_tag-ergonomic-pillow","10":"product_tag-lumbar-pillow","11":"product_tag-positioning-pillow","12":"product_tag-reading-pillow","13":"product_tag-wedge-pillow","15":"first","16":"instock","17":"featured","18":"shipping-taxable","19":"purchasable","20":"product-type-simple"},"_links":{"self":[{"href":"https:\/\/www.largepillow.com\/hu\/wp-json\/wp\/v2\/product\/1340","targetHints":{"allow":["GET"]}}],"collection":[{"href":"https:\/\/www.largepillow.com\/hu\/wp-json\/wp\/v2\/product"}],"about":[{"href":"https:\/\/www.largepillow.com\/hu\/wp-json\/wp\/v2\/types\/product"}],"replies":[{"embeddable":true,"href":"https:\/\/www.largepillow.com\/hu\/wp-json\/wp\/v2\/comments?post=1340"}],"wp:featuredmedia":[{"embeddable":true,"href":"https:\/\/www.largepillow.com\/hu\/wp-json\/wp\/v2\/media\/1332"}],"wp:attachment":[{"href":"https:\/\/www.largepillow.com\/hu\/wp-json\/wp\/v2\/media?parent=1340"}],"wp:term":[{"taxonomy":"product_brand","embeddable":true,"href":"https:\/\/www.largepillow.com\/hu\/wp-json\/wp\/v2\/product_brand?post=1340"},{"taxonomy":"product_cat","embeddable":true,"href":"https:\/\/www.largepillow.com\/hu\/wp-json\/wp\/v2\/product_cat?post=1340"},{"taxonomy":"product_tag","embeddable":true,"href":"https:\/\/www.largepillow.com\/hu\/wp-json\/wp\/v2\/product_tag?post=1340"}],"curies":[{"name":"wp","href":"https:\/\/api.w.org\/{rel}","templated":true}]}}