{"id":1403,"date":"2022-09-20T02:44:16","date_gmt":"2022-09-20T02:44:16","guid":{"rendered":"https:\/\/www.largepillow.com\/product\/huge-rock-pillows-pebble-pillows-living-pillows-living-stones-pillows-pre-filled-christmas-present-max-size-dark-gray-9002"},"modified":"2025-01-15T14:54:41","modified_gmt":"2025-01-15T14:54:41","slug":"sziklaparnak","status":"publish","type":"product","link":"https:\/\/www.largepillow.com\/hu\/product\/rock-pillows","title":{"rendered":"Sziklap\u00e1rn\u00e1k"},"content":{"rendered":"[zc_getpagecontent mb=&#8221;mb_aplus&#8221; apid=&#8221;21&#8243;]\n","protected":false},"excerpt":{"rendered":"<ul>\n<li><strong>Verisimil\u00e1ris 3D k\u00fclt\u00e9ri p\u00e1rna:<\/strong> Els\u0151 pillant\u00e1sra soha nem fogja azt hinni, hogy ez csak egy deco p\u00e1rna. A zseni\u00e1lis diz\u00e1jn r\u00e9v\u00e9n t\u00f6k\u00e9letesen kombin\u00e1ljuk a hangulatos p\u00e1rn\u00e1t \u00e9s a \u201ek\u00f6vet\u201d. Az ellipszis alaknak \u00e9s a v\u00e9kony \u00edvnek k\u00f6sz\u00f6nhet\u0151en val\u00f3di k\u00f6veknek t\u0171nnek. A s\u00f6t\u00e9t \u00e9s vil\u00e1gos sz\u00ednek kever\u00e9se \u00e9s p\u00e1ros\u00edt\u00e1sa gazdag vizu\u00e1lis v\u00e1ltoz\u00e1st k\u00f6lcs\u00f6n\u00f6zhet szob\u00e1j\u00e1nak, \u00e9s sz\u00f3rakoztat\u00f3v\u00e1 teheti azt. Ezek az \u00e9l\u00e9nk deco p\u00e1rn\u00e1k \u00e9rdekes helly\u00e9 teszik otthonunkat.<\/li>\n<li><strong>Dekorat\u00edv p\u00e1rn\u00e1k k\u00fcl\u00f6nb\u00f6z\u0151 alkalmakra:<\/strong> P\u00e1rn\u00e1ink t\u00f6bb alkalommal is haszn\u00e1lhat\u00f3k dekor\u00e1ci\u00f3k\u00e9nt, hogy megfeleljenek az \u00d6n k\u00fcl\u00f6nb\u00f6z\u0151 ig\u00e9nyeinek. Helyezze belt\u00e9rre, hogy term\u00e9szetes \u00edzt adjon a helyis\u00e9gnek. Tegye ki a kertbe, teraszra, medenc\u00e9be stb. Visszat\u00e9rhet az igazi, t\u00f6k\u00e9letes integr\u00e1ci\u00f3hoz, \u00e9s k\u00e9nyelmesen \u00e9rezheti mag\u00e1t; A gyerekszoba d\u00edsz\u00edt\u00e9s\u00e9re haszn\u00e1lhat\u00f3, j\u00e1tsz\u00f3parkot alak\u00edthat ki.<\/li>\n<li><strong>T\u00f6bbc\u00e9l\u00fa kreat\u00edv p\u00e1rn\u00e1k:<\/strong> B\u00faj\u00f3s p\u00e1rn\u00e1ink nemcsak dekorat\u00edv p\u00e1rnak\u00e9nt haszn\u00e1lhat\u00f3k a bels\u0151 t\u00e9r b\u00e1rmely sark\u00e1ban \/ k\u00fclt\u00e9ri p\u00e1rn\u00e1k k\u00fclt\u00e9ri haszn\u00e1latra, hanem gyermekj\u00e1t\u00e9kk\u00e9nt is haszn\u00e1lhat\u00f3k, \u00edgy a gyerekek kedv\u00fckre \u00e9s \u00e9rz\u00e9seik szerint j\u00e1tszhatnak b\u00faj\u00f3s p\u00e1rnak\u00e9nt. A nagy kanap\u00e9p\u00e1rn\u00e1k kreat\u00edv \u00fcl\u0151alkalmatoss\u00e1gk\u00e9nt \u00e9s a kis kanap\u00e9p\u00e1rn\u00e1k is haszn\u00e1lhat\u00f3k. A k\u00fcl\u00f6nb\u00f6z\u0151 form\u00e1j\u00fa deco p\u00e1rn\u00e1k fot\u00f3kell\u00e9knek is j\u00f3 v\u00e1laszt\u00e1s.<\/li>\n<li><strong>Kiv\u00e1l\u00f3 min\u0151s\u00e9g\u0171 szimul\u00e1ci\u00f3s k\u0151p\u00e1rna:<\/strong> V\u00e1logatott szuper puha r\u00f6vid b\u00e1rsony sz\u00f6vetek, puha \u00e9s k\u00e9nyelmes. A deco p\u00e1rn\u00e1k t\u00f6ltel\u00e9kkel (poli\u00e9szter t\u00f6ltel\u00e9k), mely pihe-puha, j\u00f3 rugalmass\u00e1g\u00fa. A l\u00e1thatatlan cipz\u00e1ras kialak\u00edt\u00e1snak k\u00f6sz\u00f6nhet\u0151en a p\u00e1rnahuzat k\u00f6nnyen sz\u00e9tszedhet\u0151. A reakt\u00edv nyomtat\u00e1si \u00e9s fest\u00e9si technol\u00f3gi\u00e1val, az anyagv\u00e1laszt\u00e1st\u00f3l a sz\u00ednr\u00f6gz\u00edt\u00e9sen, m\u00e9retez\u00e9sen, form\u00e1z\u00e1son \u00e1t a k\u00e9szterm\u00e9kig minden l\u00e9p\u00e9st szigor\u00faan v\u00e9grehajtanak.<\/li>\n<li><strong>Csomag \u00e9s m\u00e9ret:<\/strong> minden csomag 1 db 6 k\u00fcl\u00f6nb\u00f6z\u0151 m\u00e9ret\u0171 k\u00fclt\u00e9ri p\u00e1rn\u00e1t tartalmaz, amelyek szab\u00e1lytalan ov\u00e1lis form\u00e1j\u00faak, hogy ink\u00e1bb k\u00f6vek legyenek. A m\u00e9retek: 100 \u00d7 50 \/ 50 \u00d7 35 \/ 50 \u00d7 25 \/ 35 \u00d7 23 \/ 30 \u00d7 15 \/ 18 \u00d7 10 cm.<\/li>\n<\/ul>","protected":false},"featured_media":1391,"comment_status":"open","ping_status":"closed","template":"","meta":[],"product_brand":[],"product_cat":[30],"product_tag":[58,57,53,56,52,54,51,55,50],"class_list":{"0":"post-1403","1":"product","2":"type-product","3":"status-publish","4":"has-post-thumbnail","6":"product_cat-large-rock-pillow","7":"product_tag-floor-cushion","8":"product_tag-floor-pillow","9":"product_tag-livingstones","10":"product_tag-pebble-cushion","11":"product_tag-pebble-pillow","12":"product_tag-rock-cushion","13":"product_tag-rock-pillow","14":"product_tag-stone-cushion","15":"product_tag-stone-pillow","17":"first","18":"instock","19":"featured","20":"shipping-taxable","21":"purchasable","22":"product-type-variable","23":"has-default-attributes"},"_links":{"self":[{"href":"https:\/\/www.largepillow.com\/hu\/wp-json\/wp\/v2\/product\/1403","targetHints":{"allow":["GET"]}}],"collection":[{"href":"https:\/\/www.largepillow.com\/hu\/wp-json\/wp\/v2\/product"}],"about":[{"href":"https:\/\/www.largepillow.com\/hu\/wp-json\/wp\/v2\/types\/product"}],"replies":[{"embeddable":true,"href":"https:\/\/www.largepillow.com\/hu\/wp-json\/wp\/v2\/comments?post=1403"}],"wp:featuredmedia":[{"embeddable":true,"href":"https:\/\/www.largepillow.com\/hu\/wp-json\/wp\/v2\/media\/1391"}],"wp:attachment":[{"href":"https:\/\/www.largepillow.com\/hu\/wp-json\/wp\/v2\/media?parent=1403"}],"wp:term":[{"taxonomy":"product_brand","embeddable":true,"href":"https:\/\/www.largepillow.com\/hu\/wp-json\/wp\/v2\/product_brand?post=1403"},{"taxonomy":"product_cat","embeddable":true,"href":"https:\/\/www.largepillow.com\/hu\/wp-json\/wp\/v2\/product_cat?post=1403"},{"taxonomy":"product_tag","embeddable":true,"href":"https:\/\/www.largepillow.com\/hu\/wp-json\/wp\/v2\/product_tag?post=1403"}],"curies":[{"name":"wp","href":"https:\/\/api.w.org\/{rel}","templated":true}]}}