{"id":14837,"date":"2025-10-10T03:47:18","date_gmt":"2025-10-10T03:47:18","guid":{"rendered":"https:\/\/www.largepillow.com\/product\/large-bean-bag-chair-for-adults-with-filler-comfy-floor-sofa-couch"},"modified":"2025-10-10T03:58:04","modified_gmt":"2025-10-10T03:58:04","slug":"nagy-babzsakfotel-felnotteknek-toltoanyaggal-kenyelmes-padlokanape","status":"publish","type":"product","link":"https:\/\/www.largepillow.com\/hu\/product\/large-bean-bag-chair-for-adults-with-filler-comfy-floor-sofa-couch","title":{"rendered":"Nagy babzs\u00e1kfotel feln\u0151tteknek t\u00f6lt\u0151anyaggal, k\u00e9nyelmes padl\u00f3kanap\u00e9"},"content":{"rendered":"[zc_getpagecontent mb=&#8221;mb_aplus&#8221; apid=&#8221;145&#8243;]\n","protected":false},"excerpt":{"rendered":"<ul>\n<li>Maxim\u00e1lis k\u00e9nyelem \u00e9s tart\u00e1s: Ez a babzs\u00e1kfotel eleg\u00e1ns, soksz\u00f6glet\u0171 form\u00e1j\u00e1val modern megjelen\u00e9st k\u00f6lcs\u00f6n\u00f6z. Egyedi kialak\u00edt\u00e1sa teljes testes k\u00e9nyelmet biztos\u00edt er\u0151s nyak-, der\u00e9k- \u00e9s l\u00e1bt\u00e1maszt\u00e1ssal, valamint stabilit\u00e1st \u00e9s maxim\u00e1lis l\u00e1bszabads\u00e1got biztos\u00edt.<\/li>\n<li>Pr\u00e9mium anyag \u00e9s t\u00f6ltet: Textur\u00e1lt b\u00e1rsonyb\u00f3l k\u00e9sz\u00fclt a puha, b\u0151rbar\u00e1t tapint\u00e1s\u00e9rt. Kiv\u00e1l\u00f3 min\u0151s\u00e9g\u0171 PP pamuttal t\u00f6ltve ellen\u00e1ll\u00f3, tart\u00f3s \u00e9s puha, k\u00e9nyelmes \u00e9rzetet biztos\u00edt, amely hossz\u00fa t\u00e1von is k\u00e9nyelmes.<\/li>\n<li>T\u00falm\u00e9retezett \u00e9s stabil kialak\u00edt\u00e1s: 127 cm hossz\u00fa \u00d7 94 cm sz\u00e9les \u00d7 71 cm magas babzs\u00e1kfotel, amely ak\u00e1r k\u00e9t ember sz\u00e1m\u00e1ra is alkalmas. T\u00f6k\u00e9letes p\u00e1roknak vagy k\u00e9nyelmes egy\u00e9ni pihen\u00e9shez. Kiegyens\u00falyozott szerkezete stabilit\u00e1st biztos\u00edt an\u00e9lk\u00fcl, hogy a falnak d\u0151lne.<\/li>\n<li>Tart\u00f3s r\u00e9szletek \u00e9s egyszer\u0171 haszn\u00e1lat: Massz\u00edv cipz\u00e1rral, meger\u0151s\u00edtett varratokkal, k\u00f6nnyen hordozhat\u00f3 foganty\u00faval \u00e9s cs\u00fasz\u00e1smentes aljjal k\u00e9sz\u00fclt, ez a babzs\u00e1kfotel az \u00e1tgondolt r\u00e9szleteket a tart\u00f3ss\u00e1ggal \u00f6tv\u00f6zi a mindennapi haszn\u00e1latra.<\/li>\n<li>K\u00f6nny\u0171 karbantart\u00e1s \u00e9s \u00f6sszeszerel\u00e9s nem sz\u00fcks\u00e9ges: V\u00e1kuumcsomagolva \u00e9rkezik a k\u00e9nyelem \u00e9rdek\u00e9ben. Egyszer\u0171en csomagold ki, \u00e9s hagyd 24\u201348 \u00f3r\u00e1n \u00e1t t\u00e1gulni. Tiszt\u00edt\u00e1shoz csak t\u00f6r\u00f6ld \u00e1t a fel\u00fcletet enyhe tiszt\u00edt\u00f3szerrel, hogy friss \u00e9s \u00fajszer\u0171 maradjon.<\/li>\n<\/ul>","protected":false},"featured_media":14829,"comment_status":"open","ping_status":"closed","template":"","meta":[],"product_brand":[],"product_cat":[228],"product_tag":[],"class_list":{"0":"post-14837","1":"product","2":"type-product","3":"status-publish","4":"has-post-thumbnail","6":"product_cat-cushions","8":"first","9":"instock","10":"sold-individually","11":"shipping-taxable","12":"purchasable","13":"product-type-simple"},"_links":{"self":[{"href":"https:\/\/www.largepillow.com\/hu\/wp-json\/wp\/v2\/product\/14837","targetHints":{"allow":["GET"]}}],"collection":[{"href":"https:\/\/www.largepillow.com\/hu\/wp-json\/wp\/v2\/product"}],"about":[{"href":"https:\/\/www.largepillow.com\/hu\/wp-json\/wp\/v2\/types\/product"}],"replies":[{"embeddable":true,"href":"https:\/\/www.largepillow.com\/hu\/wp-json\/wp\/v2\/comments?post=14837"}],"wp:featuredmedia":[{"embeddable":true,"href":"https:\/\/www.largepillow.com\/hu\/wp-json\/wp\/v2\/media\/14829"}],"wp:attachment":[{"href":"https:\/\/www.largepillow.com\/hu\/wp-json\/wp\/v2\/media?parent=14837"}],"wp:term":[{"taxonomy":"product_brand","embeddable":true,"href":"https:\/\/www.largepillow.com\/hu\/wp-json\/wp\/v2\/product_brand?post=14837"},{"taxonomy":"product_cat","embeddable":true,"href":"https:\/\/www.largepillow.com\/hu\/wp-json\/wp\/v2\/product_cat?post=14837"},{"taxonomy":"product_tag","embeddable":true,"href":"https:\/\/www.largepillow.com\/hu\/wp-json\/wp\/v2\/product_tag?post=14837"}],"curies":[{"name":"wp","href":"https:\/\/api.w.org\/{rel}","templated":true}]}}