{"id":15372,"date":"2025-11-08T12:38:12","date_gmt":"2025-11-08T12:38:12","guid":{"rendered":"https:\/\/www.largepillow.com\/product\/ergonomic-reading-pillow-with-arm-rest-for-back-neck-shoulder-support"},"modified":"2025-11-09T08:50:23","modified_gmt":"2025-11-09T08:50:23","slug":"ergonomikus-olvasoparna-kartamasszal-a-hat-nyak-es-vall-megtamasztasara","status":"publish","type":"product","link":"https:\/\/www.largepillow.com\/hu\/product\/ergonomic-reading-pillow-with-arm-rest-for-back-neck-shoulder-support","title":{"rendered":"Ergonomikus olvas\u00f3p\u00e1rna kart\u00e1masszal a h\u00e1t, a nyak \u00e9s a v\u00e1ll megt\u00e1maszt\u00e1s\u00e1hoz"},"content":{"rendered":"[zc_getpagecontent mb=&#8221;mb_aplus&#8221; apid=&#8221;148&#8243;]\n","protected":false},"excerpt":{"rendered":"<ul>\n<li>H alak\u00fa, tov\u00e1bbfejlesztett v\u00e1ltozat: A H alak\u00fa oldalfekv\u0151 p\u00e1rna k\u00f6nnyebb \u00e9s rugalmasabb, mint az U alak\u00fa, mik\u00f6zben meg\u0151rzi alapvet\u0151 el\u0151nyeit. Megoldja az U alak\u00fa p\u00e1rn\u00e1k l\u00e9gz\u00e9si probl\u00e9m\u00e1j\u00e1t, amelyek nem \u00e1ll\u00edthat\u00f3k, r\u00e1ad\u00e1sul kevesebb magass\u00e1gkorl\u00e1ttal rendelkezik, \u00edgy minden felhaszn\u00e1l\u00f3 sz\u00e1m\u00e1ra illeszkedik, magass\u00e1gt\u00f3l \u00e9s testalkatt\u00f3l f\u00fcggetlen\u00fcl.<\/li>\n<li>3 az 1-ben oldalfekv\u00e9sre alkalmas p\u00e1rnarendszer: \u00c9k alak\u00fa t\u00e1maszt\u00f3alapot, H alak\u00fa p\u00e1rn\u00e1t \u00e9s rugalmas p\u00e1rn\u00e1t kombin\u00e1l. Az \u00e9k alak\u00fa p\u00e1rna megemeli a fels\u0151 h\u00e1tat a reflux elleni k\u00fczdelem \u00e9rdek\u00e9ben. A H alak\u00fa p\u00e1rna stabil tart\u00e1st biztos\u00edt eg\u00e9sz \u00e9jszaka, enyh\u00edtve a v\u00e1ll-, nyak- \u00e9s h\u00e1tf\u00e1j\u00e1st. A 3 az 1-ben hat\u00e9konyan be\u00e1ll\u00edtja az eg\u00e9sz testtart\u00e1st \u00e9s optimaliz\u00e1lja az alv\u00e1si szok\u00e1sokat.<\/li>\n<li>Extra k\u00e9nyelmes \u00e1gyp\u00e1rna: T\u00f6k\u00e9letes egyens\u00falyt teremt az ergon\u00f3mia \u00e9s a szem\u00e9lyre szabott k\u00e9nyelem k\u00f6z\u00f6tt, megt\u00e1masztja a h\u00e1ton, oldalt, v\u00e1llon \u00e9s hason alv\u00f3kat, seg\u00edtve abban, hogy a meg\u00e9rdemelt, boldog \u00e9jszakai alv\u00e1sban legyen r\u00e9szed.<\/li>\n<li>Moshat\u00f3 huzat: A term\u00e9k levehet\u0151 \u00e9s moshat\u00f3 kialak\u00edt\u00e1s\u00fa, amely k\u00f6nnyen elt\u00e1vol\u00edthat\u00f3, \u00edgy a por \u00e9s a foltok k\u00f6nnyen elt\u00e1vol\u00edthat\u00f3k, \u00edgy a term\u00e9k tiszta marad.<\/li>\n<\/ul>","protected":false},"featured_media":15392,"comment_status":"open","ping_status":"closed","template":"","meta":[],"product_brand":[],"product_cat":[228],"product_tag":[],"class_list":{"0":"post-15372","1":"product","2":"type-product","3":"status-publish","4":"has-post-thumbnail","6":"product_cat-cushions","8":"first","9":"instock","10":"sold-individually","11":"shipping-taxable","12":"purchasable","13":"product-type-variable","14":"has-default-attributes"},"_links":{"self":[{"href":"https:\/\/www.largepillow.com\/hu\/wp-json\/wp\/v2\/product\/15372","targetHints":{"allow":["GET"]}}],"collection":[{"href":"https:\/\/www.largepillow.com\/hu\/wp-json\/wp\/v2\/product"}],"about":[{"href":"https:\/\/www.largepillow.com\/hu\/wp-json\/wp\/v2\/types\/product"}],"replies":[{"embeddable":true,"href":"https:\/\/www.largepillow.com\/hu\/wp-json\/wp\/v2\/comments?post=15372"}],"wp:featuredmedia":[{"embeddable":true,"href":"https:\/\/www.largepillow.com\/hu\/wp-json\/wp\/v2\/media\/15392"}],"wp:attachment":[{"href":"https:\/\/www.largepillow.com\/hu\/wp-json\/wp\/v2\/media?parent=15372"}],"wp:term":[{"taxonomy":"product_brand","embeddable":true,"href":"https:\/\/www.largepillow.com\/hu\/wp-json\/wp\/v2\/product_brand?post=15372"},{"taxonomy":"product_cat","embeddable":true,"href":"https:\/\/www.largepillow.com\/hu\/wp-json\/wp\/v2\/product_cat?post=15372"},{"taxonomy":"product_tag","embeddable":true,"href":"https:\/\/www.largepillow.com\/hu\/wp-json\/wp\/v2\/product_tag?post=15372"}],"curies":[{"name":"wp","href":"https:\/\/api.w.org\/{rel}","templated":true}]}}