{"id":156,"date":"2022-09-15T06:26:18","date_gmt":"2022-09-15T06:26:18","guid":{"rendered":"https:\/\/www.largepillow.com\/product\/daybed-wedge-pillow"},"modified":"2025-11-05T02:15:25","modified_gmt":"2025-11-05T02:15:25","slug":"agyparna-parna","status":"publish","type":"product","link":"https:\/\/www.largepillow.com\/hu\/product\/bed-bolster-pillow","title":{"rendered":"Bed Bolster p\u00e1rna"},"content":{"rendered":"<p>Fedezze fel a t\u00f6k\u00e9letes k\u00e9nyelmet a Bed Bolster p\u00e1rn\u00e1val<\/p>\n<p>Eleged van abb\u00f3l, hogy k\u00e9nyelembe helyezed magad az \u00e1gyban olvas\u00e1s vagy t\u00e9v\u00e9n\u00e9z\u00e9s k\u00f6zben? Bemutatjuk a forradalmi Bed Bolster Pillow-t, a 3 az 1-ben t\u00f6bbfunkci\u00f3s p\u00e1rn\u00e1t, amely \u00faj magass\u00e1gokba emeli az elalv\u00e1s el\u0151tti pihen\u00e9st. <\/p>\n<p>A kiv\u00e1l\u00f3 min\u0151s\u00e9g\u0171 anyagokb\u00f3l k\u00e9sz\u00fclt h\u00e1romsz\u00f6g alak\u00fa p\u00e1rna ergonomikus der\u00e9kt\u00e1masszal rendelkezik, amely t\u00f6k\u00e9letesen illeszkedik a h\u00e1t\u00e1hoz \u00e9s a der\u00e9khoz. A l\u00e9g\u00e1tereszt\u0151 poli\u00e9szter huzat \u00e9s a rugalmas bels\u0151 p\u00e1rna \u00e9ppen a megfelel\u0151 mennyis\u00e9g\u0171 fesz\u00fclts\u00e9get biztos\u00edtja az \u00f3r\u00e1kon \u00e1t tart\u00f3 fesz\u00fclts\u00e9gmentes k\u00e9nyelem\u00e9rt. <\/p>\n<p>Az \u00fcgyfelek szeretik, hogy a Bed Bolster Pillow milyen sokoldal\u00fa:<\/p>\n<p>\u201eAz eny\u00e9met \u00e1ll\u00f3 helyzetben haszn\u00e1lom h\u00e1tt\u00e1mlak\u00e9nt, mik\u00f6zben fel\u00fcl\u00f6k az \u00e1gyban. Sokkal jobb, mintha lapos p\u00e1rn\u00e1kkal k\u00fcszk\u00f6dn\u00e9nk, amelyek folyamatosan lecs\u00fasznak.\u201d<\/p>\n<p>\u201eEz az \u00e9kp\u00e1rna csod\u00e1latos. Oldalt alv\u00f3 vagyok, \u00e9s az, hogy a l\u00e1bam al\u00e1 tettem, csod\u00e1kat tett a h\u00e1tf\u00e1j\u00e1sommal.\u201d  <\/p>\n<p>\u201eSzeretem kis kanap\u00e9p\u00e1rnak\u00e9nt haszn\u00e1lni. T\u00f6k\u00e9letes m\u00e9ret a l\u00e1nyommal ahhoz, hogy \u00f6sszeb\u00fajjunk \u00e9s egy\u00fctt olvashassunk.\u201d<\/p>\n<p>A 45 cm-t\u0151l a t\u00e1gas, 200 cm-es m\u00e9retig terjed\u0151 m\u00e9ret\u0171 Bed Bolster p\u00e1rna a szem\u00e9lyes haszn\u00e1latt\u00f3l a partnerrel val\u00f3 k\u00f6z\u00f6s alv\u00e1sig b\u00e1rmire alkalmas. A k\u00e9nyelmes oldalzsebek helyet biztos\u00edtanak a k\u00f6nyvek, t\u00e1vir\u00e1ny\u00edt\u00f3k, telefonok \u00e9s egyebek t\u00e1rol\u00e1s\u00e1ra, m\u00edg a cipz\u00e1ros, levehet\u0151 burkolat egyszer\u0171 mos\u00e1st tesz lehet\u0151v\u00e9. <\/p>\n<p>Emelje fel a relax\u00e1ci\u00f3t azzal az egyetlen p\u00e1rn\u00e1val, amely mindent megtesz. Hozd haza a Bed Bolster p\u00e1rn\u00e1t, \u00e9s fedezd fel a t\u00f6k\u00e9letes k\u00e9nyelmet m\u00e9g ma!<\/p>","protected":false},"excerpt":{"rendered":"<ul>\n<li><strong>Maxim\u00e1lis k\u00e9nyelem:<\/strong> Ez a fejt\u00e1mla p\u00e1rna kiv\u00e1l\u00f3 k\u00e9nyelmet biztos\u00edt h\u00e1romsz\u00f6g alak\u00fa kialak\u00edt\u00e1s\u00e1nak k\u00f6sz\u00f6nhet\u0151en. Az \u00e1gyt\u00e1masz p\u00e1rna sz\u00e9pen illeszkedik a h\u00e1thoz \u00e9s a der\u00e9khoz, minim\u00e1lisra cs\u00f6kkentve az \u00e1gy\u00e9ki\/h\u00e1tnyom\u00e1st. Ez az \u00e9kolvas\u00f3p\u00e1rna seg\u00edt abban, hogy fesz\u00fclts\u00e9gmentes maradjon az \u00e1gyban vagy a kanap\u00e9n, amely ide\u00e1lis \u00e9jszakai baglyok, k\u00f6nyvmolyok munk\u00e1hoz \u00e9s az \u00e1gyban val\u00f3 t\u00e9v\u00e9z\u00e9shez. Ez az extra nagy p\u00e1rna az egyetlen \u00e9k alak\u00fa fejt\u00e1mla p\u00e1rna, amely k\u00e9t szem\u00e9ly elsz\u00e1ll\u00e1sol\u00e1s\u00e1ra alkalmas.<\/li>\n<li><strong>3 az 1-ben nagy p\u00e1rna:<\/strong> A p\u00e1rn\u00e1t f\u00fcgg\u0151legesen haszn\u00e1lhatja h\u00e1tt\u00e1mla fejt\u00e1mlak\u00e9nt az \u00e1gyban \u00fclve, vagy az \u00e1gyra fektetve haszn\u00e1lhatja nagy \u00e9kp\u00e1rnak\u00e9nt, amikor a h\u00e1tadon vagy az oldaladon alszik, vagy l\u00e1bp\u00e1rnak\u00e9nt a l\u00e1bak megemel\u00e9s\u00e9re. Ha egy nagy fejt\u00e1mla p\u00e1rn\u00e1t szeretne, amely t\u00e1maszt ny\u00fajt \u00d6nnek \u00e9s h\u00e1zast\u00e1rs\u00e1nak is. Ez egy kiv\u00e1l\u00f3 alternat\u00edva.<\/li>\n<li><strong>T\u00f6bbfunkci\u00f3s kialak\u00edt\u00e1s:<\/strong> Vannak, akik a h\u00e1romsz\u00f6g alak\u00fa nagy p\u00e1rn\u00e1t fejt\u00e1mla p\u00e1rnak\u00e9nt, m\u00e1sok l\u00f6kh\u00e1r\u00edt\u00f3 p\u00e1rnak\u00e9nt haszn\u00e1lj\u00e1k, de lehet kanap\u00e9 vagy kanap\u00e9 h\u00e1tt\u00e1mla p\u00e1rna is. St\u00edlusos \u00e9s funkcion\u00e1lis, \u00edgy kiv\u00e1l\u00f3 kieg\u00e9sz\u00edt\u0151je b\u00e1rmely h\u00e1l\u00f3szob\u00e1nak.<\/li>\n<li><strong>Kiv\u00e1l\u00f3 kivitelez\u00e9s:<\/strong> A p\u00e1rnahuzat kordb\u00e1rsony megjelen\u00e9s\u0171, \u00f6sszet\u00e9tele 100% poli\u00e9szter. a fejt\u00e1mla p\u00e1rn\u00e1nk l\u00e9g\u00e1tereszt\u0151 \u00e9s kell\u0151en k\u00e9nyelmes ahhoz, hogy megtartsa form\u00e1j\u00e1t, \u00e9s ne vesz\u00edtse el alakj\u00e1t az id\u0151 m\u00fal\u00e1s\u00e1val. A mindk\u00e9t oldalon tal\u00e1lhat\u00f3 oldalzseb lehet\u0151v\u00e9 teszi a k\u00f6nyv vagy a telefon elcs\u00fasztat\u00e1s\u00e1t.<\/li>\n<li><strong>K\u00f6nnyen moshat\u00f3:<\/strong> Az olvas\u00f3p\u00e1rna huzata gombokkal r\u00f6gz\u00edthet\u0151 a p\u00e1rn\u00e1hoz, egyszer\u0171 cipz\u00e1rral k\u00f6nnyen elt\u00e1vol\u00edthat\u00f3. \u00cdgy a tiszt\u00edt\u00e1sa probl\u00e9mamentes. Csak vegye le a huzatot, \u00e9s gyorsan mosson g\u00e9pben, hogy p\u00e1rn\u00e1ja \u00fajszer\u0171 legyen.<\/li>\n<li><strong>M\u00e9ret:<\/strong> 45 cm (H 45 x SZ 20 x Ma 50 | 0 gomb), 60 cm (H 60 x SZ 20 x Ma 50 | 0 gomb), 80 cm (H 80 x SZ 20 x M 50 | 2 gomb), 100 cm (H 100 x SZ 20 x Ma 50 | 3 gomb), 120 cm ( 120 x 20 x 50 x 4 gomb, 140 cm (140 x 20 x 50 | 4 gomb), 160 cm (160 x 20 x 50 x 5 gomb), 180 cm (180 x 20 x 50 x 6 gomb), 200 x 20 cm W20 x H50 | 7 gomb).<\/li>\n<\/ul>","protected":false},"featured_media":137,"comment_status":"open","ping_status":"closed","template":"","meta":[],"product_brand":[],"product_cat":[15],"product_tag":[66,225,195,206,218,102,75,168,154,199,163,59],"class_list":{"0":"post-156","1":"product","2":"type-product","3":"status-publish","4":"has-post-thumbnail","6":"product_cat-large-wedge-pillow","7":"product_tag-back-support-pillow","8":"product_tag-bed-bolster-pillow","9":"product_tag-brown-pillow","10":"product_tag-bumper-pillow","11":"product_tag-corduroy-pillow","12":"product_tag-couch-pillow","13":"product_tag-daybed-pillow","14":"product_tag-headboard-pillow","15":"product_tag-large-body-pillow","16":"product_tag-large-wedge-pillow","17":"product_tag-leg-pillow","18":"product_tag-reading-pillow","20":"first","21":"instock","22":"featured","23":"shipping-taxable","24":"purchasable","25":"product-type-variable"},"_links":{"self":[{"href":"https:\/\/www.largepillow.com\/hu\/wp-json\/wp\/v2\/product\/156","targetHints":{"allow":["GET"]}}],"collection":[{"href":"https:\/\/www.largepillow.com\/hu\/wp-json\/wp\/v2\/product"}],"about":[{"href":"https:\/\/www.largepillow.com\/hu\/wp-json\/wp\/v2\/types\/product"}],"replies":[{"embeddable":true,"href":"https:\/\/www.largepillow.com\/hu\/wp-json\/wp\/v2\/comments?post=156"}],"wp:featuredmedia":[{"embeddable":true,"href":"https:\/\/www.largepillow.com\/hu\/wp-json\/wp\/v2\/media\/137"}],"wp:attachment":[{"href":"https:\/\/www.largepillow.com\/hu\/wp-json\/wp\/v2\/media?parent=156"}],"wp:term":[{"taxonomy":"product_brand","embeddable":true,"href":"https:\/\/www.largepillow.com\/hu\/wp-json\/wp\/v2\/product_brand?post=156"},{"taxonomy":"product_cat","embeddable":true,"href":"https:\/\/www.largepillow.com\/hu\/wp-json\/wp\/v2\/product_cat?post=156"},{"taxonomy":"product_tag","embeddable":true,"href":"https:\/\/www.largepillow.com\/hu\/wp-json\/wp\/v2\/product_tag?post=156"}],"curies":[{"name":"wp","href":"https:\/\/api.w.org\/{rel}","templated":true}]}}