{"id":16467,"date":"2026-02-08T03:00:06","date_gmt":"2026-02-08T03:00:06","guid":{"rendered":"https:\/\/www.largepillow.com\/product\/contemporary-ottoman-cube-multi-purpose-footstool-and-seating-pouf-stone-texture"},"modified":"2026-02-11T02:58:28","modified_gmt":"2026-02-11T02:58:28","slug":"modern-ottoman-kocka-alaku-tobbcelu-labtarto-es-ulopuff-ko-textura","status":"publish","type":"product","link":"https:\/\/www.largepillow.com\/hu\/product\/contemporary-ottoman-cube-multi-purpose-footstool-and-seating-pouf-stone-texture","title":{"rendered":"Modern Oszm\u00e1n Kocka T\u00f6bbc\u00e9l\u00fa L\u00e1btart\u00f3 \u00e9s \u00dcl\u0151puff (K\u0151 Text\u00fara)"},"content":{"rendered":"<p>Alak\u00edtsa \u00e1t \u00e9letter\u00e9t ezzel a sokoldal\u00fa \u00e9s st\u00edlusos, kocka alak\u00fa puffannal, amely funkcion\u00e1lis l\u00e1btart\u00f3k\u00e9nt \u00e9s dekorat\u00edv kieg\u00e9sz\u00edt\u0151k\u00e9nt is szolg\u00e1l. Leny\u0171g\u00f6z\u0151 mint\u00e1i luxus, term\u00e9szetes eszt\u00e9tik\u00e1t k\u00f6lcs\u00f6n\u00f6znek, ez a puff 55*55*40cm (22x22x17 h\u00fcvelyk) m\u00e9ret\u0171 \u2013 t\u00f6k\u00e9letes b\u00e1rmilyen helyis\u00e9gbe. A kocka diz\u00e1jn bonyolult, \u00f6rv\u00e9nyl\u0151 mint\u00e1kat mutat gazdag barna \u00e9s arany \u00e1rnyalatokban, \u00edgy minden darab egyedi. Kiv\u00e1l\u00f3 min\u0151s\u00e9g\u0171 habp\u00e1rn\u00e1val k\u00e9sz\u00fclt, k\u00e9nyelmes t\u00e1maszt ny\u00fajt, ak\u00e1r l\u00e1btart\u00f3k\u00e9nt, extra \u00fcl\u0151helyk\u00e9nt vagy kisasztalk\u00e9nt haszn\u00e1lj\u00e1k. A modern diz\u00e1jn k\u00f6nnyed\u00e9n kieg\u00e9sz\u00edti a kort\u00e1rst\u00f3l a rusztikusig terjed\u0151 k\u00fcl\u00f6nf\u00e9le bels\u0151\u00e9p\u00edt\u00e9szeti st\u00edlusokat. A jelent\u0151s m\u00e9ret ide\u00e1lis v\u00e1laszt\u00e1ss\u00e1 teszi mind a praktikus haszn\u00e1latra, mind otthoni dekor\u00e1ci\u00f3j\u00e1nak l\u00e1tv\u00e1nyos darabjak\u00e9nt. K\u00fcl\u00f6nb\u00f6z\u0151 mint\u00e1kban kaphat\u00f3, egyedi kialak\u00edt\u00e1s\u00fa opci\u00f3kkal, hogy megfeleljenek az \u00d6n eszt\u00e9tikai ig\u00e9nyeinek. A sokoldal\u00fa magass\u00e1g \u00e9s a massz\u00edv szerkezet biztos\u00edtja, hogy ez a puff t\u00f6bb c\u00e9lt is bet\u00f6lthessen, a k\u00e9nyelmes l\u00e1btart\u00f3t\u00f3l kezdve az improviz\u00e1lt doh\u00e1nyz\u00f3asztalon \u00e1t a vend\u00e9gek fogad\u00e1sakor haszn\u00e1lhat\u00f3 extra \u00fcl\u0151helyekig.<\/p>","protected":false},"excerpt":{"rendered":"<ul>\n<li>Sokoldal\u00fa diz\u00e1jn: Modern kocka alak\u00fa ottom\u00e1n, amely l\u00e1btart\u00f3k\u00e9nt, extra \u00fcl\u0151helyk\u00e9nt vagy dekorat\u00edv kieg\u00e9sz\u00edt\u0151k\u00e9nt funkcion\u00e1l felt\u0171n\u0151 erezetmint\u00e1val.<\/li>\n<li>Pr\u00e9mium m\u00e9ret: 55*55*40cm (22x22x17 h\u00fcvelyk), t\u00f6k\u00e9letes nappaliba, h\u00e1l\u00f3szob\u00e1ba vagy b\u00e1rmilyen olyan helyis\u00e9gbe, ahol st\u00edlusos funkcionalit\u00e1sra van sz\u00fcks\u00e9g.<\/li>\n<li>Egyedi opci\u00f3k: K\u00fcl\u00f6nb\u00f6z\u0151 mint\u00e1kban kaphat\u00f3, lehet\u0151s\u00e9g van egyedi mint\u00e1k k\u00e9sz\u00edt\u00e9s\u00e9re is, hogy megfeleljenek az \u00d6n egyedi bels\u0151\u00e9p\u00edt\u00e9szeti ig\u00e9nyeinek.<\/li>\n<li>K\u00e9nyelmes tart\u00e1s: Kiv\u00e1l\u00f3 min\u0151s\u00e9g\u0171 habp\u00e1rn\u00e1val k\u00e9sz\u00fclt az optim\u00e1lis k\u00e9nyelem \u00e9s tart\u00f3ss\u00e1g \u00e9rdek\u00e9ben, mik\u00f6zben meg\u0151rzi alakj\u00e1t.<\/li>\n<li>Kiemelked\u0151 darab: A jellegzetes t\u00f3nus\u00fa minta szemet gy\u00f6ny\u00f6rk\u00f6dtet\u0151 kieg\u00e9sz\u00edt\u0151je lehet b\u00e1rmely szoba dekor\u00e1ci\u00f3j\u00e1nak.<\/li>\n<\/ul>","protected":false},"featured_media":16460,"comment_status":"open","ping_status":"closed","template":"","meta":[],"product_brand":[],"product_cat":[228],"product_tag":[],"class_list":{"0":"post-16467","1":"product","2":"type-product","3":"status-publish","4":"has-post-thumbnail","6":"product_cat-cushions","8":"first","9":"instock","10":"shipping-taxable","11":"purchasable","12":"product-type-simple"},"_links":{"self":[{"href":"https:\/\/www.largepillow.com\/hu\/wp-json\/wp\/v2\/product\/16467","targetHints":{"allow":["GET"]}}],"collection":[{"href":"https:\/\/www.largepillow.com\/hu\/wp-json\/wp\/v2\/product"}],"about":[{"href":"https:\/\/www.largepillow.com\/hu\/wp-json\/wp\/v2\/types\/product"}],"replies":[{"embeddable":true,"href":"https:\/\/www.largepillow.com\/hu\/wp-json\/wp\/v2\/comments?post=16467"}],"wp:featuredmedia":[{"embeddable":true,"href":"https:\/\/www.largepillow.com\/hu\/wp-json\/wp\/v2\/media\/16460"}],"wp:attachment":[{"href":"https:\/\/www.largepillow.com\/hu\/wp-json\/wp\/v2\/media?parent=16467"}],"wp:term":[{"taxonomy":"product_brand","embeddable":true,"href":"https:\/\/www.largepillow.com\/hu\/wp-json\/wp\/v2\/product_brand?post=16467"},{"taxonomy":"product_cat","embeddable":true,"href":"https:\/\/www.largepillow.com\/hu\/wp-json\/wp\/v2\/product_cat?post=16467"},{"taxonomy":"product_tag","embeddable":true,"href":"https:\/\/www.largepillow.com\/hu\/wp-json\/wp\/v2\/product_tag?post=16467"}],"curies":[{"name":"wp","href":"https:\/\/api.w.org\/{rel}","templated":true}]}}