{"id":16515,"date":"2026-02-08T03:29:28","date_gmt":"2026-02-08T03:29:28","guid":{"rendered":"https:\/\/www.largepillow.com\/product\/versatile-ottoman-foot-stool-modern-cube-pouf-for-home-decor-seating-yellow-wood-grain"},"modified":"2026-02-11T02:58:28","modified_gmt":"2026-02-11T02:58:28","slug":"sokoldalu-oszman-labtarto-modern-kocka-alaku-puff-lakberendezeshez-ulogarnitura-sarga-faerezet","status":"publish","type":"product","link":"https:\/\/www.largepillow.com\/hu\/product\/versatile-ottoman-foot-stool-modern-cube-pouf-for-home-decor-seating-yellow-wood-grain","title":{"rendered":"Sokoldal\u00fa oszm\u00e1n l\u00e1btart\u00f3, modern kocka alak\u00fa puff lakberendez\u00e9shez \u00e9s \u00fcl\u0151helyekhez (s\u00e1rga faerezet)"},"content":{"rendered":"<p>Ennek a modern kocka alak\u00fa ottom\u00e1nnak a m\u00e9retei hozz\u00e1vet\u0151legesen 55*55*40 cm (22 h\u00fcvelyk hossz\u00fas\u00e1g\u00fa x 22 h\u00fcvelyk sz\u00e9les x 17 h\u00fcvelyk magas). Ez a kocka alak\u00fa ottom\u00e1n realisztikusabb megjelen\u00e9st k\u00f6lcs\u00f6n\u00f6z. Ez az ottom\u00e1n nem csak l\u00e1btart\u00f3, hanem haszn\u00e1lhat\u00f3 \u00fcl\u0151helyk\u00e9nt, doh\u00e1nyz\u00f3asztalk\u00e9nt, doh\u00e1nyz\u00f3asztalk\u00e9nt vagy \u00e9jjeliszekr\u00e9nyk\u00e9nt is, \u00edgy kellemes k\u00e9nyelmet biztos\u00edt a mindennapokban, \u00edgy egy sokoldal\u00fa kieg\u00e9sz\u00edt\u0151 darab, amely alkalmazkodik az \u00e9lettered ig\u00e9nyeihez.<\/p>","protected":false},"excerpt":{"rendered":"<ul>\n<li>Sokoldal\u00fa diz\u00e1jn: Modern kocka alak\u00fa ottom\u00e1n, amely l\u00e1btart\u00f3k\u00e9nt, extra \u00fcl\u0151helyk\u00e9nt vagy dekorat\u00edv kieg\u00e9sz\u00edt\u0151k\u00e9nt funkcion\u00e1l felt\u0171n\u0151 faerezetes mint\u00e1val.<\/li>\n<li>Pr\u00e9mium m\u00e9ret: 55*55*40cm (22 x 22 x 17 h\u00fcvelyk), t\u00f6k\u00e9letes nappaliba, h\u00e1l\u00f3szob\u00e1ba vagy b\u00e1rmilyen olyan helyis\u00e9gbe, ahol st\u00edlusos funkcionalit\u00e1sra van sz\u00fcks\u00e9g.<\/li>\n<li>K\u00e9nyelmes tart\u00e1s: Kiv\u00e1l\u00f3 min\u0151s\u00e9g\u0171 habp\u00e1rn\u00e1val k\u00e9sz\u00fclt az optim\u00e1lis k\u00e9nyelem \u00e9s tart\u00f3ss\u00e1g \u00e9rdek\u00e9ben, mik\u00f6zben meg\u0151rzi alakj\u00e1t.<\/li>\n<li>Kiemelked\u0151 darab: A s\u00f6t\u00e9t \u00e9s vil\u00e1gos \u00e1rnyalatokban pomp\u00e1z\u00f3, jellegzetes faerezetes minta szemet gy\u00f6ny\u00f6rk\u00f6dtet\u0151 kieg\u00e9sz\u00edt\u0151je lehet b\u00e1rmely szoba dekor\u00e1ci\u00f3j\u00e1nak.<\/li>\n<li>T\u00f6bb sz\u00ednben kaphat\u00f3, k\u00fcl\u00f6nf\u00e9le mint\u00e1kban, \u00edgy t\u00f6k\u00e9letesen illeszkedik az \u00d6n egyedi bels\u0151\u00e9p\u00edt\u00e9szeti ig\u00e9nyeihez.<\/li>\n<\/ul>","protected":false},"featured_media":16508,"comment_status":"open","ping_status":"closed","template":"","meta":[],"product_brand":[],"product_cat":[228],"product_tag":[],"class_list":{"0":"post-16515","1":"product","2":"type-product","3":"status-publish","4":"has-post-thumbnail","6":"product_cat-cushions","8":"first","9":"instock","10":"shipping-taxable","11":"purchasable","12":"product-type-simple"},"_links":{"self":[{"href":"https:\/\/www.largepillow.com\/hu\/wp-json\/wp\/v2\/product\/16515","targetHints":{"allow":["GET"]}}],"collection":[{"href":"https:\/\/www.largepillow.com\/hu\/wp-json\/wp\/v2\/product"}],"about":[{"href":"https:\/\/www.largepillow.com\/hu\/wp-json\/wp\/v2\/types\/product"}],"replies":[{"embeddable":true,"href":"https:\/\/www.largepillow.com\/hu\/wp-json\/wp\/v2\/comments?post=16515"}],"wp:featuredmedia":[{"embeddable":true,"href":"https:\/\/www.largepillow.com\/hu\/wp-json\/wp\/v2\/media\/16508"}],"wp:attachment":[{"href":"https:\/\/www.largepillow.com\/hu\/wp-json\/wp\/v2\/media?parent=16515"}],"wp:term":[{"taxonomy":"product_brand","embeddable":true,"href":"https:\/\/www.largepillow.com\/hu\/wp-json\/wp\/v2\/product_brand?post=16515"},{"taxonomy":"product_cat","embeddable":true,"href":"https:\/\/www.largepillow.com\/hu\/wp-json\/wp\/v2\/product_cat?post=16515"},{"taxonomy":"product_tag","embeddable":true,"href":"https:\/\/www.largepillow.com\/hu\/wp-json\/wp\/v2\/product_tag?post=16515"}],"curies":[{"name":"wp","href":"https:\/\/api.w.org\/{rel}","templated":true}]}}