{"id":16552,"date":"2026-02-08T07:50:38","date_gmt":"2026-02-08T07:50:38","guid":{"rendered":"https:\/\/www.largepillow.com\/product\/convertible-modular-floor-sofa-floor-pillow-couch-lounge-chair-for-home"},"modified":"2026-02-11T02:58:33","modified_gmt":"2026-02-11T02:58:33","slug":"atalakithato-modularis-padlokanape-padloparna-kanape-otthoni-hasznalatra","status":"publish","type":"product","link":"https:\/\/www.largepillow.com\/hu\/product\/convertible-modular-floor-sofa-floor-pillow-couch-lounge-chair-for-home","title":{"rendered":"\u00c1talak\u00edthat\u00f3 modul\u00e1ris padl\u00f3kanap\u00e9, padl\u00f3p\u00e1rna-kanap\u00e9, otthoni t\u00e1rsalg\u00f3"},"content":{"rendered":"[zc_getpagecontent mb=&#8221;mb_aplus&#8221; apid=&#8221;156&#8243;]\n","protected":false},"excerpt":{"rendered":"<ul>\n<li>Modul\u00e1ris \u00e9s helytakar\u00e9kos kialak\u00edt\u00e1s: Ez a 4 darabos \u00e1ll\u00f3kanap\u00e9-garnit\u00fara 2 t\u00falm\u00e9retezett \u00fcl\u0151p\u00e1rn\u00e1t \u00e9s 2 h\u00e1tt\u00e1ml\u00e1t tartalmaz \u2013 keret nem sz\u00fcks\u00e9ges! Szabadon kombin\u00e1lhatod \u0151ket \u00e1ll\u00f3kanap\u00e9k\u00e9nt a falhoz, haszn\u00e1lhatod nagym\u00e9ret\u0171 \u00e1ll\u00f3p\u00e1rn\u00e1k\u00e9nt, vagy \u00e1trendezheted \u0151ket nyug\u00e1gyk\u00e9nt, \u00fcl\u0151garnit\u00farak\u00e9nt vagy laza \u00fcl\u0151sarokk\u00e1, hogy illeszkedjen a teredhez. T\u00f6k\u00e9letes kis lak\u00e1sokba, koll\u00e9giumi szob\u00e1kba vagy hangulatos sarkokba, helyet takar\u00edt meg, mik\u00f6zben maxim\u00e1lis k\u00e9nyelmet biztos\u00edt.<\/li>\n<li>Pir\u00edt\u00f3s ihlette, k\u00e9nyelemre tervezve: A frissen s\u00fclt pir\u00edt\u00f3s puha, aranyl\u00f3 text\u00far\u00e1j\u00e1b\u00f3l ihletet mer\u00edt\u0151, ez a kanap\u00e9 meleg b\u00e9zs-arany sz\u00ednben \u00e9s ultrapuha t\u00f6lt\u0151anyaggal rendelkezik. Abban a pillanatban, hogy le\u00fcl, \u00fagy fogja \u00e9rezni, mintha a pihen\u00e9s felh\u0151j\u00e9be mer\u00fclne \u2013 ide\u00e1lis a nyugodt, otthonos l\u00e9gk\u00f6r megteremt\u00e9s\u00e9hez b\u00e1rmely szob\u00e1ban.<\/li>\n<li>Megford\u00edthat\u00f3 sz\u00ednek \u00e9s pr\u00e9mium sz\u00f6vet: A k\u00e9tsz\u00edn\u0171, megford\u00edthat\u00f3 huzatok (narancss\u00e1rga \u00e9s b\u00e9zs) puha holland b\u00e1rsonyb\u00f3l k\u00e9sz\u00fcltek, \u00edgy st\u00edlusos megjelen\u00e9st \u00e9s otthonos hangulatot biztos\u00edtanak, amely illeszkedik a dekor\u00e1ci\u00f3hoz.<\/li>\n<li>Felh\u0151szer\u0171, tart\u00e1st ad\u00f3 k\u00e9nyelem: Minden egyes \u00fcl\u0151p\u00e1rna b\u0151s\u00e9gesen p\u00e1rn\u00e1zott puha PP pamuttal, amely vastag, tart\u00e1st ad\u00f3 p\u00e1rn\u00e1z\u00e1st \u00e9s kiv\u00e1l\u00f3 rugalmass\u00e1got biztos\u00edt. Ak\u00e1r olvas, j\u00e1tszik, szuny\u00f3k\u00e1l vagy pihen, ez a padl\u00f3kanap\u00e9 a lehet\u0151 legjobb k\u00e9nyelmet ny\u00fajtja a f\u00f6ld\u00f6n.<\/li>\n<li>Rugalmas \u00e9s hordozhat\u00f3: K\u00f6nny\u0171 kialak\u00edt\u00e1s\u00e1nak \u00e9s rejtett h\u00faz\u00f3foganty\u00fainak k\u00f6sz\u00f6nhet\u0151en k\u00f6nnyen mozgathat\u00f3 \u00e9s \u00e1talak\u00edthat\u00f3. A modul\u00e1ris p\u00e1rn\u00e1k kreativit\u00e1st \u00e9s rugalmass\u00e1got k\u00f6lcs\u00f6n\u00f6znek az \u00e9letter\u00e9ben.<\/li>\n<li>K\u00f6nny\u0171 karbantart\u00e1s \u00e9s be\u00e1ll\u00edt\u00e1s: Levehet\u0151, moshat\u00f3 huzatokkal \u00e9rkezik a k\u00f6nny\u0171 tiszt\u00edt\u00e1s \u00e9rdek\u00e9ben. A k\u00e9szlet v\u00e1kuumcsomagolva, k\u00e9t k\u00fcl\u00f6n csomagban \u00e9rkezik; a kicsomagol\u00e1s ut\u00e1n 24-72 \u00f3r\u00e1t kell v\u00e1rni a teljes kit\u00e1gul\u00e1sra, hogy megtapasztalhassa az igazi puhas\u00e1g\u00e1t.<\/li>\n<\/ul>","protected":false},"featured_media":16535,"comment_status":"open","ping_status":"closed","template":"","meta":[],"product_brand":[],"product_cat":[228],"product_tag":[],"class_list":{"0":"post-16552","1":"product","2":"type-product","3":"status-publish","4":"has-post-thumbnail","6":"product_cat-cushions","8":"first","9":"outofstock","10":"sold-individually","11":"shipping-taxable","12":"purchasable","13":"product-type-simple"},"_links":{"self":[{"href":"https:\/\/www.largepillow.com\/hu\/wp-json\/wp\/v2\/product\/16552","targetHints":{"allow":["GET"]}}],"collection":[{"href":"https:\/\/www.largepillow.com\/hu\/wp-json\/wp\/v2\/product"}],"about":[{"href":"https:\/\/www.largepillow.com\/hu\/wp-json\/wp\/v2\/types\/product"}],"replies":[{"embeddable":true,"href":"https:\/\/www.largepillow.com\/hu\/wp-json\/wp\/v2\/comments?post=16552"}],"wp:featuredmedia":[{"embeddable":true,"href":"https:\/\/www.largepillow.com\/hu\/wp-json\/wp\/v2\/media\/16535"}],"wp:attachment":[{"href":"https:\/\/www.largepillow.com\/hu\/wp-json\/wp\/v2\/media?parent=16552"}],"wp:term":[{"taxonomy":"product_brand","embeddable":true,"href":"https:\/\/www.largepillow.com\/hu\/wp-json\/wp\/v2\/product_brand?post=16552"},{"taxonomy":"product_cat","embeddable":true,"href":"https:\/\/www.largepillow.com\/hu\/wp-json\/wp\/v2\/product_cat?post=16552"},{"taxonomy":"product_tag","embeddable":true,"href":"https:\/\/www.largepillow.com\/hu\/wp-json\/wp\/v2\/product_tag?post=16552"}],"curies":[{"name":"wp","href":"https:\/\/api.w.org\/{rel}","templated":true}]}}