{"id":16948,"date":"2026-03-01T01:52:59","date_gmt":"2026-03-01T01:52:59","guid":{"rendered":"https:\/\/www.largepillow.com\/product\/neo-livingstones-large-pebble-cushions-pebble-pillows-rock-pillows-set"},"modified":"2026-03-02T20:26:16","modified_gmt":"2026-03-02T20:26:16","slug":"neo-livingstones-nagy-kavicsos-parnak-kavicsos-parnak-koparna-szett","status":"publish","type":"product","link":"https:\/\/www.largepillow.com\/hu\/product\/neo-livingstones-large-pebble-cushions-pebble-pillows-rock-pillows-set","title":{"rendered":"Neo-LivingStones nagy kavicsp\u00e1rn\u00e1k kavicsp\u00e1rn\u00e1k sziklap\u00e1rna-szett"},"content":{"rendered":"[zc_getpagecontent mb=&#8221;mb_aplus&#8221; apid=&#8221;165&#8243;]\n","protected":false},"excerpt":{"rendered":"<ul>\n<li>M\u00e9retek kever\u00e9se: Hat k\u00fcl\u00f6nb\u00f6z\u0151 m\u00e9retben kaphat\u00f3k (20 cm-t\u0151l 95 cm-es hossz\u00fas\u00e1gig), a Soft Stone p\u00e1rn\u00e1k egym\u00e1sra rakhat\u00f3k, sz\u00e9tsz\u00f3rhat\u00f3k vagy csoportos\u00edthat\u00f3k, hogy szem\u00e9lyre szabott puha pihen\u0151sarkot hozzanak l\u00e9tre. Nagyszer\u0171ek puffk\u00e9nt, \u00fcl\u0151alkalmatoss\u00e1gk\u00e9nt vagy kieg\u00e9sz\u00edt\u0151 p\u00e1rn\u00e1k\u00e9nt.<\/li>\n<li>Min\u0151s\u00e9gi anyag: Puha, tart\u00e1st ad\u00f3 polipropil\u00e9n (PP) pamutb\u00f3l \u00e9s pr\u00e9mium kompozit, sz\u00e1lcsiszolt poli\u00e9szter k\u00f6t\u00f6tt anyagb\u00f3l k\u00e9sz\u00fcltek, ezek a p\u00e1rn\u00e1k t\u00f6k\u00e9letesek pihen\u00e9sre, \u00fcl\u00e9sre, hever\u00e9sre vagy ak\u00e1r fant\u00e1ziad\u00fas j\u00e1t\u00e9kra. Tart\u00f3sak, m\u00e9gis pl\u00fcssek.<\/li>\n<li>K\u00f6nny\u0171 karbantart\u00e1s \u00e9s be\u00e1ll\u00edt\u00e1s: \u00d6sszeszerel\u00e9smentes \u00e9s k\u00f6nny\u0171. Cs\u00fasz\u00e1smentes alj a biztons\u00e1g \u00e9rdek\u00e9ben. Egyszer\u0171en tiszt\u00edtsa meg nedves ruh\u00e1val. A cipz\u00e1rak gemkapoccsal kinyithat\u00f3k, ha hozz\u00e1f\u00e9r\u00e9sre van sz\u00fcks\u00e9g \u2013 l\u00e1sd a mell\u00e9kelt fot\u00f3s \u00fatmutat\u00f3t.<\/li>\n<li>Speci\u00e1lis gy\u00e1rt\u00e1stechnika: Term\u00e9keink k\u00fcls\u0151 kialak\u00edt\u00e1s\u00e1n\u00e1l fejlett panelvarr\u00e1s-technik\u00e1kat alkalmazunk, amelyek finom \u00e9s kifinomult megjelen\u00e9st biztos\u00edtanak.<\/li>\n<li>4 szettkombin\u00e1ci\u00f3ban kaphat\u00f3: V\u00e1lasszon n\u00e9gy v\u00e1logatott szett k\u00f6z\u00fcl \u2013 a pontos tartalmat l\u00e1sd a term\u00e9kk\u00e9peken; amit l\u00e1t, azt kapja.<\/li>\n<li>\u00daj term\u00e9k bevezet\u00e9se: 90 napos \u00e1rgarancia. Ha az \u00e1r 90 napon bel\u00fcl cs\u00f6kken, visszat\u00e9r\u00edtj\u00fck a k\u00fcl\u00f6nb\u00f6zetet.<\/li>\n<li>Visszak\u00fcld\u00e9si \u00e9s csere szab\u00e1lyzat: Visszak\u00fcld\u00e9s vagy csere eset\u00e9n a visszak\u00fcld\u00e9s sz\u00e1ll\u00edt\u00e1si k\u00f6lts\u00e9ge a v\u00e1s\u00e1rl\u00f3t terheli.<\/li>\n<\/ul>","protected":false},"featured_media":16930,"comment_status":"open","ping_status":"closed","template":"","meta":[],"product_brand":[],"product_cat":[30],"product_tag":[],"class_list":{"0":"post-16948","1":"product","2":"type-product","3":"status-publish","4":"has-post-thumbnail","6":"product_cat-large-rock-pillow","8":"first","9":"instock","10":"sold-individually","11":"shipping-taxable","12":"purchasable","13":"product-type-variable","14":"has-default-attributes"},"_links":{"self":[{"href":"https:\/\/www.largepillow.com\/hu\/wp-json\/wp\/v2\/product\/16948","targetHints":{"allow":["GET"]}}],"collection":[{"href":"https:\/\/www.largepillow.com\/hu\/wp-json\/wp\/v2\/product"}],"about":[{"href":"https:\/\/www.largepillow.com\/hu\/wp-json\/wp\/v2\/types\/product"}],"replies":[{"embeddable":true,"href":"https:\/\/www.largepillow.com\/hu\/wp-json\/wp\/v2\/comments?post=16948"}],"wp:featuredmedia":[{"embeddable":true,"href":"https:\/\/www.largepillow.com\/hu\/wp-json\/wp\/v2\/media\/16930"}],"wp:attachment":[{"href":"https:\/\/www.largepillow.com\/hu\/wp-json\/wp\/v2\/media?parent=16948"}],"wp:term":[{"taxonomy":"product_brand","embeddable":true,"href":"https:\/\/www.largepillow.com\/hu\/wp-json\/wp\/v2\/product_brand?post=16948"},{"taxonomy":"product_cat","embeddable":true,"href":"https:\/\/www.largepillow.com\/hu\/wp-json\/wp\/v2\/product_cat?post=16948"},{"taxonomy":"product_tag","embeddable":true,"href":"https:\/\/www.largepillow.com\/hu\/wp-json\/wp\/v2\/product_tag?post=16948"}],"curies":[{"name":"wp","href":"https:\/\/api.w.org\/{rel}","templated":true}]}}