{"id":185,"date":"2022-09-15T06:35:24","date_gmt":"2022-09-15T06:35:24","guid":{"rendered":"https:\/\/www.largepillow.com\/product\/triangle-bolster-pillow"},"modified":"2025-11-05T02:15:26","modified_gmt":"2025-11-05T02:15:26","slug":"haromszog-alaku-parna","status":"publish","type":"product","link":"https:\/\/www.largepillow.com\/hu\/product\/triangular-pillow\/","title":{"rendered":"H\u00e1romsz\u00f6g alak\u00fa p\u00e1rna"},"content":{"rendered":"<p>Fedezze fel a t\u00f6k\u00e9letes k\u00e9nyelmet a sokoldal\u00fa h\u00e1romsz\u00f6g alak\u00fa p\u00e1rn\u00e1val<\/p>\n<p>Engedje \u00e1t mag\u00e1t a p\u00e1ratlan k\u00e9nyelemnek az innovat\u00edv h\u00e1romsz\u00f6gp\u00e1rn\u00e1val, amelyet \u00fagy terveztek, hogy fokozza a pihen\u00e9st \u00e9s a t\u00e1mogat\u00e1s \u00e9lm\u00e9ny\u00e9t.<\/p>\n<p>P\u00e1ratlan k\u00e9nyelem \u00e9s t\u00e1mogat\u00e1s<\/p>\n<p>Ennek a fejt\u00e1mla p\u00e1rn\u00e1nak az ergonomikus h\u00e1romsz\u00f6g alak\u00fa form\u00e1ja t\u00f6k\u00e9letesen illeszkedik a h\u00e1t\u00e1hoz \u00e9s a derek\u00e1hoz, kiv\u00e9teles tart\u00e1st biztos\u00edtva \u00e9s minim\u00e1lisra cs\u00f6kkentve az \u00e1gy\u00e9ki nyom\u00e1st. Ak\u00e1r az \u00e1gyban t\u00e1maszkodik, hogy \u00f3r\u00e1kig olvasson, dolgozzon vagy t\u00e9v\u00e9zz, ez a p\u00e1rna fesz\u00fclts\u00e9gmentes \u00e9s nyugodt testhelyzetet biztos\u00edt.<\/p>\n<p>3 az 1-ben t\u00f6bbc\u00e9l\u00fa kialak\u00edt\u00e1s<\/p>\n<p>Ismerje meg a h\u00e1romsz\u00f6g alak\u00fa p\u00e1rna sokoldal\u00fas\u00e1g\u00e1t. Haszn\u00e1lja f\u00fcgg\u0151legesen t\u00e1maszt\u00f3 fejt\u00e1mlak\u00e9nt, laposan helyezze el a jobb alv\u00e1s \u00e9rdek\u00e9ben \u00e9kp\u00e1rnak\u00e9nt, vagy emelje fel a l\u00e1b\u00e1t a jobb kering\u00e9s \u00e9rdek\u00e9ben l\u00e1bp\u00e1rnak\u00e9nt. T\u00f6k\u00e9letes megold\u00e1s azoknak a p\u00e1roknak, akik maxim\u00e1lis k\u00e9nyelmet keresnek az \u00e1gyban.<\/p>\n<p>St\u00edlusos \u00e9s funkcion\u00e1lis<\/p>\n<p>A p\u00e1rnahuzat st\u00edlusos kordb\u00e1rsony megjelen\u00e9se \u00e9s puha poli\u00e9szter \u00f6sszet\u00e9tele eleganci\u00e1t \u00e1raszt, mik\u00f6zben l\u00e9g\u00e1tereszt\u0151t \u00e9s k\u00e9nyelmet biztos\u00edt. A p\u00e1rna meger\u0151ltet\u00e9s n\u00e9lk\u00fcl megtartja form\u00e1j\u00e1t, \u00edgy biztos\u00edtja a hosszan tart\u00f3 k\u00e9nyelmet \u00e9s tart\u00e1st. Az oldalzsebek mindk\u00e9t oldal\u00e1n k\u00e9nyelmesen elhelyezhetik telefonj\u00e1t vagy k\u00f6nyv\u00e9t.<\/p>\n<p>K\u00f6nny\u0171 karbantart\u00e1s<\/p>\n<p>A h\u00e1romsz\u00f6g alak\u00fa p\u00e1rna tiszt\u00edt\u00e1sa gyerekj\u00e1t\u00e9k. Levehet\u0151 huzata cipz\u00e1rral rendelkezik a probl\u00e9mamentes mos\u00e1s \u00e9rdek\u00e9ben. Egyszer\u0171en t\u00e1vol\u00edtsa el, \u00e9s dobja be a g\u00e9pbe, hogy alaposan megtiszt\u00edtsa, \u00edgy a p\u00e1rn\u00e1ja frissen \u00e9s h\u00edvogat\u00f3an n\u00e9z ki.<\/p>\n<p>V\u00e1s\u00e1rl\u00f3i besz\u00e1mol\u00f3k<\/p>\n<p>Ne csak sz\u00f3t fogadjon. \u00cdme, amit az el\u00e9gedett \u00fcgyfelek mondanak:<\/p>\n<p>&quot;Ez a p\u00e1rna csod\u00e1latos! Fejt\u00e1mla p\u00e1rnak\u00e9nt haszn\u00e1lom, annyira puha \u00e9s t\u00e1maszt\u00f3. Im\u00e1dom a kordb\u00e1rsony sz\u00edn\u00e9t, \u00e9s t\u00f6k\u00e9letes kieg\u00e9sz\u00edt\u0151je a h\u00e1l\u00f3szob\u00e1mnak.\u201d<br \/>\n\u2013 Oldalt alv\u00f3 vagyok, \u00e9s ez a p\u00e1rna \u00e9letment\u0151 volt. Egyben tartja a fejem \u00e9s a nyakam, \u00e9s \u00f3ri\u00e1si k\u00fcl\u00f6nbs\u00e9get vettem \u00e9szre az alv\u00e1smin\u0151s\u00e9gemben.\u201d<br \/>\n\u201eIm\u00e1dom ennek a p\u00e1rn\u00e1nak a sokoldal\u00fas\u00e1g\u00e1t. Nappal fejt\u00e1mla p\u00e1rnak\u00e9nt haszn\u00e1lom, majd lelap\u00edtom, hogy \u00e9kp\u00e1rnak\u00e9nt haszn\u00e1lhassam alv\u00e1shoz. Olyan k\u00e9nyelmes \u00e9s k\u00e9nyelmes.\u201d<\/p>\n<p>N\u00f6velje k\u00e9nyelm\u00e9t \u00e9s pihenjen m\u00e9g ma a h\u00e1romsz\u00f6g alak\u00fa p\u00e1rn\u00e1val. P\u00e1ratlan sokoldal\u00fas\u00e1ga, kiv\u00e1l\u00f3 kivitelez\u00e9se \u00e9s az \u00fcgyfelek \u00e1ltal j\u00f3v\u00e1hagyott min\u0151s\u00e9ge n\u00e9lk\u00fcl\u00f6zhetetlen kieg\u00e9sz\u00edt\u0151je minden h\u00e1l\u00f3szob\u00e1nak.<\/p>","protected":false},"excerpt":{"rendered":"<ul>\n<li><strong>Maxim\u00e1lis k\u00e9nyelem:<\/strong> Ez a fejt\u00e1mla p\u00e1rna kiv\u00e1l\u00f3 k\u00e9nyelmet biztos\u00edt h\u00e1romsz\u00f6g alak\u00fa kialak\u00edt\u00e1s\u00e1nak k\u00f6sz\u00f6nhet\u0151en. Az \u00e1gyt\u00e1masz p\u00e1rna sz\u00e9pen illeszkedik a h\u00e1thoz \u00e9s a der\u00e9khoz, minim\u00e1lisra cs\u00f6kkentve az \u00e1gy\u00e9ki\/h\u00e1tnyom\u00e1st. Ez az \u00e9kolvas\u00f3p\u00e1rna seg\u00edt abban, hogy fesz\u00fclts\u00e9gmentes maradjon az \u00e1gyban vagy a kanap\u00e9n, amely ide\u00e1lis \u00e9jszakai baglyok, k\u00f6nyvmolyok munk\u00e1hoz \u00e9s az \u00e1gyban val\u00f3 t\u00e9v\u00e9z\u00e9shez. Ez az extra nagy p\u00e1rna az egyetlen \u00e9k alak\u00fa fejt\u00e1mla p\u00e1rna, amely k\u00e9t szem\u00e9ly elsz\u00e1ll\u00e1sol\u00e1s\u00e1ra alkalmas.<\/li>\n<li><strong>3 az 1-ben nagy p\u00e1rna:<\/strong> A p\u00e1rn\u00e1t f\u00fcgg\u0151legesen haszn\u00e1lhatja h\u00e1tt\u00e1mla fejt\u00e1mlak\u00e9nt az \u00e1gyban \u00fclve, vagy az \u00e1gyra fektetve haszn\u00e1lhatja nagy \u00e9kp\u00e1rnak\u00e9nt, amikor a h\u00e1tadon vagy az oldaladon alszik, vagy l\u00e1bp\u00e1rnak\u00e9nt a l\u00e1bak megemel\u00e9s\u00e9re. Ha egy nagy fejt\u00e1mla p\u00e1rn\u00e1t szeretne, amely t\u00e1maszt ny\u00fajt \u00d6nnek \u00e9s h\u00e1zast\u00e1rs\u00e1nak is. Ez egy kiv\u00e1l\u00f3 alternat\u00edva.<\/li>\n<li><strong>T\u00f6bbfunkci\u00f3s kialak\u00edt\u00e1s:<\/strong> Vannak, akik a h\u00e1romsz\u00f6g alak\u00fa nagy p\u00e1rn\u00e1t fejt\u00e1mla p\u00e1rnak\u00e9nt, m\u00e1sok l\u00f6kh\u00e1r\u00edt\u00f3 p\u00e1rnak\u00e9nt haszn\u00e1lj\u00e1k, de lehet kanap\u00e9 vagy kanap\u00e9 h\u00e1tt\u00e1mla p\u00e1rna is. St\u00edlusos \u00e9s funkcion\u00e1lis, \u00edgy kiv\u00e1l\u00f3 kieg\u00e9sz\u00edt\u0151je b\u00e1rmely h\u00e1l\u00f3szob\u00e1nak.<\/li>\n<li><strong>Kiv\u00e1l\u00f3 kivitelez\u00e9s:<\/strong> A p\u00e1rnahuzat kordb\u00e1rsony megjelen\u00e9s\u0171, \u00f6sszet\u00e9tele 100% poli\u00e9szter. a fejt\u00e1mla p\u00e1rn\u00e1nk l\u00e9g\u00e1tereszt\u0151 \u00e9s kell\u0151en k\u00e9nyelmes ahhoz, hogy megtartsa form\u00e1j\u00e1t, \u00e9s ne vesz\u00edtse el alakj\u00e1t az id\u0151 m\u00fal\u00e1s\u00e1val. A mindk\u00e9t oldalon tal\u00e1lhat\u00f3 oldalzseb lehet\u0151v\u00e9 teszi a k\u00f6nyv vagy a telefon elcs\u00fasztat\u00e1s\u00e1t.<\/li>\n<li><strong>K\u00f6nnyen moshat\u00f3:<\/strong> Az olvas\u00f3p\u00e1rna huzata gombokkal r\u00f6gz\u00edthet\u0151 a p\u00e1rn\u00e1hoz, egyszer\u0171 cipz\u00e1rral k\u00f6nnyen elt\u00e1vol\u00edthat\u00f3. \u00cdgy a tiszt\u00edt\u00e1sa probl\u00e9mamentes. Csak vegye le a huzatot, \u00e9s gyorsan mosson g\u00e9pben, hogy p\u00e1rn\u00e1ja \u00fajszer\u0171 legyen.<\/li>\n<li><strong>M\u00e9ret:<\/strong> 45 cm (H 45 x SZ 20 x Ma 50 | 0 gomb), 60 cm (H 60 x SZ 20 x Ma 50 | 0 gomb), 80 cm (H 80 x SZ 20 x M 50 | 2 gomb), 100 cm (H 100 x SZ 20 x Ma 50 | 3 gomb), 120 cm ( 120 x 20 x 50 x 4 gomb, 140 cm (140 x 20 x 50 | 4 gomb), 160 cm (160 x 20 x 50 x 5 gomb), 180 cm (180 x 20 x 50 x 6 gomb), 200 x 20 cm W20 x H50 | 7 gomb).<\/li>\n<\/ul>","protected":false},"featured_media":166,"comment_status":"open","ping_status":"closed","template":"","meta":[],"product_brand":[],"product_cat":[15],"product_tag":[205,204,206,218,207,209,223,199,163,68],"class_list":{"0":"post-185","1":"product","2":"type-product","3":"status-publish","4":"has-post-thumbnail","6":"product_cat-large-wedge-pillow","7":"product_tag-back-support-headboard-pillow","8":"product_tag-bed-support-cushion","9":"product_tag-bumper-pillow","10":"product_tag-corduroy-pillow","11":"product_tag-daybed-backrest-bolster-pillow","12":"product_tag-extra-large-bolster-pillow","13":"product_tag-large-bolster","14":"product_tag-large-wedge-pillow","15":"product_tag-leg-pillow","16":"product_tag-wedge-reading-pillow","18":"first","19":"instock","20":"featured","21":"shipping-taxable","22":"purchasable","23":"product-type-variable"},"_links":{"self":[{"href":"https:\/\/www.largepillow.com\/hu\/wp-json\/wp\/v2\/product\/185","targetHints":{"allow":["GET"]}}],"collection":[{"href":"https:\/\/www.largepillow.com\/hu\/wp-json\/wp\/v2\/product"}],"about":[{"href":"https:\/\/www.largepillow.com\/hu\/wp-json\/wp\/v2\/types\/product"}],"replies":[{"embeddable":true,"href":"https:\/\/www.largepillow.com\/hu\/wp-json\/wp\/v2\/comments?post=185"}],"wp:featuredmedia":[{"embeddable":true,"href":"https:\/\/www.largepillow.com\/hu\/wp-json\/wp\/v2\/media\/166"}],"wp:attachment":[{"href":"https:\/\/www.largepillow.com\/hu\/wp-json\/wp\/v2\/media?parent=185"}],"wp:term":[{"taxonomy":"product_brand","embeddable":true,"href":"https:\/\/www.largepillow.com\/hu\/wp-json\/wp\/v2\/product_brand?post=185"},{"taxonomy":"product_cat","embeddable":true,"href":"https:\/\/www.largepillow.com\/hu\/wp-json\/wp\/v2\/product_cat?post=185"},{"taxonomy":"product_tag","embeddable":true,"href":"https:\/\/www.largepillow.com\/hu\/wp-json\/wp\/v2\/product_tag?post=185"}],"curies":[{"name":"wp","href":"https:\/\/api.w.org\/{rel}","templated":true}]}}