{"id":290,"date":"2022-09-15T22:35:06","date_gmt":"2022-09-15T22:35:06","guid":{"rendered":"https:\/\/www.largepillow.com\/product\/daybed-bolster-pillow"},"modified":"2025-11-05T02:15:26","modified_gmt":"2025-11-05T02:15:26","slug":"haromszog-alaku-ekparna","status":"publish","type":"product","link":"https:\/\/www.largepillow.com\/hu\/product\/triangular-wedge-pillow","title":{"rendered":"H\u00e1romsz\u00f6g alak\u00fa \u00e9kp\u00e1rna"},"content":{"rendered":"<p>Fedezze fel a maxim\u00e1lis k\u00e9nyelmet a h\u00e1romsz\u00f6g alak\u00fa \u00e9kp\u00e1rn\u00e1val<\/p>\n<p>Belef\u00e1radt, hogy meger\u0151lteti a h\u00e1t\u00e1t \u00e9s a nyak\u00e1t olvas\u00e1s vagy t\u00e9v\u00e9z\u00e9s k\u00f6zben az \u00e1gyban? Bemutatjuk a Triangular Wedge Pillow-t \u2013 a t\u00f6bbfunkci\u00f3s p\u00e1rn\u00e1t, amely magasabb szintre emeli az elalv\u00e1s el\u0151tti pihen\u00e9st. <\/p>\n<p>Kiv\u00e1l\u00f3 min\u0151s\u00e9g\u0171 anyagokb\u00f3l k\u00e9sz\u00fclt, ez a nagym\u00e9ret\u0171 p\u00e1rna kiv\u00e1l\u00f3 k\u00e9nyelemmel b\u00fcszk\u00e9lkedhet ergonomikus h\u00e1romsz\u00f6g alak\u00fa kialak\u00edt\u00e1s\u00e1nak k\u00f6sz\u00f6nhet\u0151en, amely \u00f6sszehangolja a h\u00e1t\u00e1t \u00e9s a derek\u00e1t. A l\u00e9legz\u0151 poli\u00e9szter huzat \u00e9s az alaktart\u00f3 t\u00f6ltet puha, m\u00e9gis szil\u00e1rd tart\u00e1st biztos\u00edt ak\u00e1r egyenesen \u00fclve, ak\u00e1r fekve.<\/p>\n<p>Az \u00fcgyfelek sz\u00edvesen haszn\u00e1lj\u00e1k t\u00f6bbf\u00e9le m\u00f3don:<\/p>\n<p>\u201eMinden este haszn\u00e1lom h\u00e1tt\u00e1mla p\u00e1rnak\u00e9nt. A der\u00e9kf\u00e1j\u00e1som jelent\u0151sen cs\u00f6kkent!\u201d<\/p>\n<p>\u201eEl\u00e9g sz\u00e9les ahhoz, hogy \u00e9n \u00e9s a feles\u00e9gem k\u00e9nyelmesen nekid\u0151lhess\u00fcnk. Nincs t\u00f6bb nyaki meger\u0151ltet\u00e9s!\u201d  <\/p>\n<p>\u201eA l\u00e1bam al\u00e1 teszem, hogy seg\u00edtsek a kering\u00e9si probl\u00e9m\u00e1kon. Olyan k\u00e9nyelmes!\u201d<\/p>\n<p>Kilenc m\u00e9ret \u00e1ll rendelkez\u00e9sre, \u00edgy biztosan megtal\u00e1lja az ig\u00e9nyeinek megfelel\u0151t. \u00c9lvezze a szem\u00e9lyre szabott k\u00e9nyelmet \u00e9s t\u00e1mogat\u00e1st olvas\u00e1shoz, munk\u00e1hoz, m\u0171sorok n\u00e9z\u00e9s\u00e9hez vagy csak az \u00e1gyban hever\u00e9sz\u00e9shez ezzel a 3 az 1-ben \u00e9kelt fejt\u00e1ml\u00e1val.  <\/p>\n<p>Vigye haza a multifunkcion\u00e1lis relax\u00e1ci\u00f3t m\u00e9g ma!<\/p>","protected":false},"excerpt":{"rendered":"<ul>\n<li><strong>Maxim\u00e1lis k\u00e9nyelem:<\/strong> Ez a fejt\u00e1mla p\u00e1rna kiv\u00e1l\u00f3 k\u00e9nyelmet biztos\u00edt h\u00e1romsz\u00f6g alak\u00fa kialak\u00edt\u00e1s\u00e1nak k\u00f6sz\u00f6nhet\u0151en. Az \u00e1gyt\u00e1masz p\u00e1rna sz\u00e9pen illeszkedik a h\u00e1thoz \u00e9s a der\u00e9khoz, minim\u00e1lisra cs\u00f6kkentve az \u00e1gy\u00e9ki\/h\u00e1tnyom\u00e1st. Ez az \u00e9kolvas\u00f3p\u00e1rna seg\u00edt abban, hogy fesz\u00fclts\u00e9gmentes maradjon az \u00e1gyban vagy a kanap\u00e9n, amely ide\u00e1lis \u00e9jszakai baglyok, k\u00f6nyvmolyok munk\u00e1hoz \u00e9s az \u00e1gyban val\u00f3 t\u00e9v\u00e9z\u00e9shez. Ez az extra nagy p\u00e1rna az egyetlen \u00e9k alak\u00fa fejt\u00e1mla p\u00e1rna, amely k\u00e9t szem\u00e9ly elsz\u00e1ll\u00e1sol\u00e1s\u00e1ra alkalmas.<\/li>\n<li><strong>3 az 1-ben nagy p\u00e1rna:<\/strong> A p\u00e1rn\u00e1t f\u00fcgg\u0151legesen haszn\u00e1lhatja h\u00e1tt\u00e1mla fejt\u00e1mlak\u00e9nt az \u00e1gyban \u00fclve, vagy az \u00e1gyra fektetve haszn\u00e1lhatja nagy \u00e9kp\u00e1rnak\u00e9nt, amikor a h\u00e1tadon vagy az oldaladon alszik, vagy l\u00e1bp\u00e1rnak\u00e9nt a l\u00e1bak megemel\u00e9s\u00e9re. Ha egy nagy fejt\u00e1mla p\u00e1rn\u00e1t szeretne, amely t\u00e1maszt ny\u00fajt \u00d6nnek \u00e9s h\u00e1zast\u00e1rs\u00e1nak is. Ez egy kiv\u00e1l\u00f3 alternat\u00edva.<\/li>\n<li><strong>T\u00f6bbfunkci\u00f3s kialak\u00edt\u00e1s:<\/strong> Vannak, akik a h\u00e1romsz\u00f6g alak\u00fa nagy p\u00e1rn\u00e1t fejt\u00e1mla p\u00e1rnak\u00e9nt, m\u00e1sok l\u00f6kh\u00e1r\u00edt\u00f3 p\u00e1rnak\u00e9nt haszn\u00e1lj\u00e1k, de lehet kanap\u00e9 vagy kanap\u00e9 h\u00e1tt\u00e1mla p\u00e1rna is. St\u00edlusos \u00e9s funkcion\u00e1lis, \u00edgy kiv\u00e1l\u00f3 kieg\u00e9sz\u00edt\u0151je b\u00e1rmely h\u00e1l\u00f3szob\u00e1nak.<\/li>\n<li><strong>Kiv\u00e1l\u00f3 kivitelez\u00e9s:<\/strong> A p\u00e1rnahuzat kordb\u00e1rsony megjelen\u00e9s\u0171, \u00f6sszet\u00e9tele 100% poli\u00e9szter. a fejt\u00e1mla p\u00e1rn\u00e1nk l\u00e9g\u00e1tereszt\u0151 \u00e9s kell\u0151en k\u00e9nyelmes ahhoz, hogy megtartsa form\u00e1j\u00e1t, \u00e9s ne vesz\u00edtse el alakj\u00e1t az id\u0151 m\u00fal\u00e1s\u00e1val. A mindk\u00e9t oldalon tal\u00e1lhat\u00f3 oldalzseb lehet\u0151v\u00e9 teszi a k\u00f6nyv vagy a telefon elcs\u00fasztat\u00e1s\u00e1t.<\/li>\n<li><strong>K\u00f6nnyen moshat\u00f3:<\/strong> Az olvas\u00f3p\u00e1rna huzata gombokkal r\u00f6gz\u00edthet\u0151 a p\u00e1rn\u00e1hoz, egyszer\u0171 cipz\u00e1rral k\u00f6nnyen elt\u00e1vol\u00edthat\u00f3. \u00cdgy a tiszt\u00edt\u00e1sa probl\u00e9mamentes. Csak vegye le a huzatot, \u00e9s gyorsan mosson g\u00e9pben, hogy p\u00e1rn\u00e1ja \u00fajszer\u0171 legyen.<\/li>\n<li><strong>M\u00e9ret:<\/strong> 45 cm (H 45 x SZ 20 x Ma 50 | 0 gomb), 60 cm (H 60 x SZ 20 x Ma 50 | 0 gomb), 80 cm (H 80 x SZ 20 x M 50 | 2 gomb), 100 cm (H 100 x SZ 20 x Ma 50 | 3 gomb), 120 cm ( 120 x 20 x 50 x 4 gomb, 140 cm (140 x 20 x 50 | 4 gomb), 160 cm (160 x 20 x 50 x 5 gomb), 180 cm (180 x 20 x 50 x 6 gomb), 200 x 20 cm W20 x H50 | 7 gomb).<\/li>\n<\/ul>","protected":false},"featured_media":271,"comment_status":"open","ping_status":"closed","template":"","meta":[],"product_brand":[],"product_cat":[15],"product_tag":[205,204,206,218,217,209,168,223,199,112,224,68],"class_list":{"0":"post-290","1":"product","2":"type-product","3":"status-publish","4":"has-post-thumbnail","6":"product_cat-large-wedge-pillow","7":"product_tag-back-support-headboard-pillow","8":"product_tag-bed-support-cushion","9":"product_tag-bumper-pillow","10":"product_tag-corduroy-pillow","11":"product_tag-daybed-backrest","12":"product_tag-extra-large-bolster-pillow","13":"product_tag-headboard-pillow","14":"product_tag-large-bolster","15":"product_tag-large-wedge-pillow","16":"product_tag-lumbar-support-pillow","17":"product_tag-red-pillow","18":"product_tag-wedge-reading-pillow","20":"first","21":"instock","22":"shipping-taxable","23":"purchasable","24":"product-type-variable"},"_links":{"self":[{"href":"https:\/\/www.largepillow.com\/hu\/wp-json\/wp\/v2\/product\/290","targetHints":{"allow":["GET"]}}],"collection":[{"href":"https:\/\/www.largepillow.com\/hu\/wp-json\/wp\/v2\/product"}],"about":[{"href":"https:\/\/www.largepillow.com\/hu\/wp-json\/wp\/v2\/types\/product"}],"replies":[{"embeddable":true,"href":"https:\/\/www.largepillow.com\/hu\/wp-json\/wp\/v2\/comments?post=290"}],"wp:featuredmedia":[{"embeddable":true,"href":"https:\/\/www.largepillow.com\/hu\/wp-json\/wp\/v2\/media\/271"}],"wp:attachment":[{"href":"https:\/\/www.largepillow.com\/hu\/wp-json\/wp\/v2\/media?parent=290"}],"wp:term":[{"taxonomy":"product_brand","embeddable":true,"href":"https:\/\/www.largepillow.com\/hu\/wp-json\/wp\/v2\/product_brand?post=290"},{"taxonomy":"product_cat","embeddable":true,"href":"https:\/\/www.largepillow.com\/hu\/wp-json\/wp\/v2\/product_cat?post=290"},{"taxonomy":"product_tag","embeddable":true,"href":"https:\/\/www.largepillow.com\/hu\/wp-json\/wp\/v2\/product_tag?post=290"}],"curies":[{"name":"wp","href":"https:\/\/api.w.org\/{rel}","templated":true}]}}