{"id":318,"date":"2022-09-15T22:37:09","date_gmt":"2022-09-15T22:37:09","guid":{"rendered":"https:\/\/www.largepillow.com\/product\/bed-bolster-wedge"},"modified":"2025-11-05T02:15:26","modified_gmt":"2025-11-05T02:15:26","slug":"hatparna-az-agyhoz","status":"publish","type":"product","link":"https:\/\/www.largepillow.com\/hu\/product\/back-pillow-for-bed","title":{"rendered":"H\u00e1ts\u00f3 p\u00e1rna \u00e1gyhoz"},"content":{"rendered":"<p>A Back Pillow For Bed \u2013 t\u00f6k\u00e9letes k\u00e9nyelmi kieg\u00e9sz\u00edt\u0151 azoknak, akik szeretnek olvasni, dolgozni vagy t\u00e9v\u00e9zni az \u00e1gyban!<\/p>\n<p>Ez a fejt\u00e1mla p\u00e1rna egyedi h\u00e1romsz\u00f6g alak\u00fa, kiv\u00e1l\u00f3 k\u00e9nyelmet \u00e9s t\u00e1maszt\u00e1st ny\u00fajt a h\u00e1tnak \u00e9s a derek\u00e1nak, minimaliz\u00e1lva az \u00e1gy\u00e9ki nyom\u00e1st. T\u00f6k\u00e9letes \u00e9jszakai baglyoknak, k\u00f6nyvmolyoknak \u00e9s mindenkinek, aki szeretne az \u00e1gyban pihenni.<\/p>\n<p>Ami ezt a p\u00e1rn\u00e1t m\u00e9g jobb\u00e1 teszi, az a multifunkcion\u00e1lis kialak\u00edt\u00e1s. Haszn\u00e1lhatod h\u00e1tt\u00e1mla fejt\u00e1mla p\u00e1rnak\u00e9nt az \u00e1gyban \u00fclve, lefektetve nagy \u00e9kp\u00e1rnak\u00e9nt haszn\u00e1lhatod ha a h\u00e1tadon vagy az oldaladon alszol, vagy ak\u00e1r l\u00e1bp\u00e1rnak\u00e9nt is megemelheted vele a l\u00e1baidat! Ez az egyetlen \u00e9k alak\u00fa fejt\u00e1mla p\u00e1rna, amely k\u00e9t szem\u00e9ly elsz\u00e1ll\u00e1sol\u00e1s\u00e1ra alkalmas.<\/p>\n<p>Kiv\u00e1l\u00f3 kivitelez\u00e9ssel k\u00e9sz\u00fclt, a p\u00e1rnahuzat kordb\u00e1rsony megjelen\u00e9s\u0171, \u00f6sszet\u00e9tele 100% poli\u00e9szter, \u00edgy l\u00e9g\u00e1tereszt\u0151v\u00e9 \u00e9s k\u00e9nyelmess\u00e9 teszi alakj\u00e1t az id\u0151 m\u00fal\u00e1s\u00e1val. A k\u00e9t oldal\u00e1n tal\u00e1lhat\u00f3 oldalzseb lehet\u0151v\u00e9 teszi a k\u00f6nyv vagy a telefon behelyez\u00e9s\u00e9t.<\/p>\n<p>Tiszt\u00edt\u00e1sa egyszer\u0171, mivel az olvas\u00f3p\u00e1rna huzata gombokkal van a p\u00e1rn\u00e1hoz r\u00f6gz\u00edtve, \u00edgy egy egyszer\u0171 cipz\u00e1rral k\u00f6nnyen elt\u00e1vol\u00edthat\u00f3. Csak vegye le a huzatot, \u00e9s gyorsan mosson g\u00e9pben, hogy p\u00e1rn\u00e1ja \u00fajszer\u0171 legyen.<\/p>\n<p>A k\u00fcl\u00f6nb\u00f6z\u0151 m\u00e9ret\u0171 \u00e1gyak elhelyez\u00e9s\u00e9hez ez a p\u00e1rna k\u00fcl\u00f6nb\u00f6z\u0151 m\u00e9retekben kaphat\u00f3 \u2013 45 cm, 60 cm, 80 cm, 100 cm, 120 cm, 140 cm, 160 cm, 180 cm \u00e9s 200 cm.<\/p>\n<p>Ne csak higgye el a szavunkat, \u00edme n\u00e9h\u00e1ny v\u00e9lem\u00e9ny el\u00e9gedett v\u00e1s\u00e1rl\u00f3inkt\u00f3l:<\/p>\n<p>&quot;Megvettem a lil\u00e1t, \u00e9s gy\u00f6ny\u00f6r\u0171! Anyaga puha \u00e9s k\u00e9nyelmes, m\u00e9rete pedig t\u00f6k\u00e9letes a queen m\u00e9ret\u0171 \u00e1gyamhoz. Minden este lefekv\u00e9s el\u0151tt olvasok vele, k\u00f6sz\u00f6n\u00f6m!\u201d<\/p>\n<p>&quot;A h\u00e1ts\u00f3 p\u00e1rna kiv\u00e1l\u00f3 min\u0151s\u00e9g\u0171. A f\u00e9rjemnek \u00e9s nekem vettem, mindkett\u0151nknek t\u00f6k\u00e9letesen megfelel. Nem t\u00fal kem\u00e9ny vagy t\u00fal puha, az anyaga pedig nagyon kellemes. Nagyon aj\u00e1nlom ezt a term\u00e9ket!\u201d<\/p>\n<p>&quot;Ez a term\u00e9k minden v\u00e1rakoz\u00e1somat fel\u00fclm\u00falta! Nagyon k\u00e9nyelmes \u00e9s hasznos a h\u00e1tam \u00e9s a l\u00e1bam t\u00e1maszt\u00e1s\u00e1ra. A kordb\u00e1rsony kin\u00e9zet\u0171 p\u00e1rnahuzat az \u00e9n \u00e1gyamnak is st\u00edlust ad!\u201d<\/p>\n<p>\u00d6sszefoglalva, a Back Pillow For Bed egy sokoldal\u00fa \u00e9s k\u00e9nyelmes kieg\u00e9sz\u00edt\u0151, amelyr\u0151l nem akar majd kimaradni. Akkor minek v\u00e1rni? Rendelje meg saj\u00e1tj\u00e1t m\u00e9g ma, \u00e9s \u00e9lvezze a t\u00f6k\u00e9letes k\u00e9nyelmet!<\/p>","protected":false},"excerpt":{"rendered":"<ul>\n<li><strong>Maxim\u00e1lis k\u00e9nyelem:<\/strong> Ez a fejt\u00e1mla p\u00e1rna kiv\u00e1l\u00f3 k\u00e9nyelmet biztos\u00edt h\u00e1romsz\u00f6g alak\u00fa kialak\u00edt\u00e1s\u00e1nak k\u00f6sz\u00f6nhet\u0151en. Az \u00e1gyt\u00e1masz p\u00e1rna sz\u00e9pen illeszkedik a h\u00e1thoz \u00e9s a der\u00e9khoz, minim\u00e1lisra cs\u00f6kkentve az \u00e1gy\u00e9ki\/h\u00e1tnyom\u00e1st. Ez az \u00e9kolvas\u00f3p\u00e1rna seg\u00edt abban, hogy fesz\u00fclts\u00e9gmentes maradjon az \u00e1gyban vagy a kanap\u00e9n, amely ide\u00e1lis \u00e9jszakai baglyok, k\u00f6nyvmolyok munk\u00e1hoz \u00e9s az \u00e1gyban val\u00f3 t\u00e9v\u00e9z\u00e9shez. Ez az extra nagy p\u00e1rna az egyetlen \u00e9k alak\u00fa fejt\u00e1mla p\u00e1rna, amely k\u00e9t szem\u00e9ly elsz\u00e1ll\u00e1sol\u00e1s\u00e1ra alkalmas.<\/li>\n<li><strong>3 az 1-ben nagy p\u00e1rna:<\/strong> A p\u00e1rn\u00e1t f\u00fcgg\u0151legesen haszn\u00e1lhatja h\u00e1tt\u00e1mla fejt\u00e1mlak\u00e9nt az \u00e1gyban \u00fclve, vagy az \u00e1gyra fektetve haszn\u00e1lhatja nagy \u00e9kp\u00e1rnak\u00e9nt, amikor a h\u00e1tadon vagy az oldaladon alszik, vagy l\u00e1bp\u00e1rnak\u00e9nt a l\u00e1bak megemel\u00e9s\u00e9re. Ha egy nagy fejt\u00e1mla p\u00e1rn\u00e1t szeretne, amely t\u00e1maszt ny\u00fajt \u00d6nnek \u00e9s h\u00e1zast\u00e1rs\u00e1nak is. Ez egy kiv\u00e1l\u00f3 alternat\u00edva.<\/li>\n<li><strong>T\u00f6bbfunkci\u00f3s kialak\u00edt\u00e1s:<\/strong> Vannak, akik a h\u00e1romsz\u00f6g alak\u00fa nagy p\u00e1rn\u00e1t fejt\u00e1mla p\u00e1rnak\u00e9nt, m\u00e1sok l\u00f6kh\u00e1r\u00edt\u00f3 p\u00e1rnak\u00e9nt haszn\u00e1lj\u00e1k, de lehet kanap\u00e9 vagy kanap\u00e9 h\u00e1tt\u00e1mla p\u00e1rna is. St\u00edlusos \u00e9s funkcion\u00e1lis, \u00edgy kiv\u00e1l\u00f3 kieg\u00e9sz\u00edt\u0151je b\u00e1rmely h\u00e1l\u00f3szob\u00e1nak.<\/li>\n<li><strong>Kiv\u00e1l\u00f3 kivitelez\u00e9s:<\/strong> A p\u00e1rnahuzat kordb\u00e1rsony megjelen\u00e9s\u0171, \u00f6sszet\u00e9tele 100% poli\u00e9szter. a fejt\u00e1mla p\u00e1rn\u00e1nk l\u00e9g\u00e1tereszt\u0151 \u00e9s kell\u0151en k\u00e9nyelmes ahhoz, hogy megtartsa form\u00e1j\u00e1t, \u00e9s ne vesz\u00edtse el alakj\u00e1t az id\u0151 m\u00fal\u00e1s\u00e1val. A mindk\u00e9t oldalon tal\u00e1lhat\u00f3 oldalzseb lehet\u0151v\u00e9 teszi a k\u00f6nyv vagy a telefon elcs\u00fasztat\u00e1s\u00e1t.<\/li>\n<li><strong>K\u00f6nnyen moshat\u00f3:<\/strong> Az olvas\u00f3p\u00e1rna huzata gombokkal r\u00f6gz\u00edthet\u0151 a p\u00e1rn\u00e1hoz, egyszer\u0171 cipz\u00e1rral k\u00f6nnyen elt\u00e1vol\u00edthat\u00f3. \u00cdgy a tiszt\u00edt\u00e1sa probl\u00e9mamentes. Csak vegye le a huzatot, \u00e9s gyorsan mosson g\u00e9pben, hogy p\u00e1rn\u00e1ja \u00fajszer\u0171 legyen.<\/li>\n<li><strong>M\u00e9ret:<\/strong> 45 cm (H 45 x SZ 20 x Ma 50 | 0 gomb), 60 cm (H 60 x SZ 20 x Ma 50 | 0 gomb), 80 cm (H 80 x SZ 20 x M 50 | 2 gomb), 100 cm (H 100 x SZ 20 x Ma 50 | 3 gomb), 120 cm ( 120 x 20 x 50 x 4 gomb, 140 cm (140 x 20 x 50 | 4 gomb), 160 cm (160 x 20 x 50 x 5 gomb), 180 cm (180 x 20 x 50 x 6 gomb), 200 x 20 cm W20 x H50 | 7 gomb).<\/li>\n<\/ul>","protected":false},"featured_media":300,"comment_status":"open","ping_status":"closed","template":"","meta":[],"product_brand":[],"product_cat":[15],"product_tag":[219,205,204,222,206,218,221,217,209,168,132,199,163,112,190,220,68],"class_list":{"0":"post-318","1":"product","2":"type-product","3":"status-publish","4":"has-post-thumbnail","6":"product_cat-large-wedge-pillow","7":"product_tag-back-pillow-for-bed","8":"product_tag-back-support-headboard-pillow","9":"product_tag-bed-support-cushion","10":"product_tag-breathable-pillow","11":"product_tag-bumper-pillow","12":"product_tag-corduroy-pillow","13":"product_tag-couch-backrest","14":"product_tag-daybed-backrest","15":"product_tag-extra-large-bolster-pillow","16":"product_tag-headboard-pillow","17":"product_tag-large-bolster-pillow","18":"product_tag-large-wedge-pillow","19":"product_tag-leg-pillow","20":"product_tag-lumbar-support-pillow","21":"product_tag-purple-pillow","22":"product_tag-wedge-headboard-pillow","23":"product_tag-wedge-reading-pillow","25":"first","26":"instock","27":"featured","28":"shipping-taxable","29":"purchasable","30":"product-type-variable"},"_links":{"self":[{"href":"https:\/\/www.largepillow.com\/hu\/wp-json\/wp\/v2\/product\/318","targetHints":{"allow":["GET"]}}],"collection":[{"href":"https:\/\/www.largepillow.com\/hu\/wp-json\/wp\/v2\/product"}],"about":[{"href":"https:\/\/www.largepillow.com\/hu\/wp-json\/wp\/v2\/types\/product"}],"replies":[{"embeddable":true,"href":"https:\/\/www.largepillow.com\/hu\/wp-json\/wp\/v2\/comments?post=318"}],"wp:featuredmedia":[{"embeddable":true,"href":"https:\/\/www.largepillow.com\/hu\/wp-json\/wp\/v2\/media\/300"}],"wp:attachment":[{"href":"https:\/\/www.largepillow.com\/hu\/wp-json\/wp\/v2\/media?parent=318"}],"wp:term":[{"taxonomy":"product_brand","embeddable":true,"href":"https:\/\/www.largepillow.com\/hu\/wp-json\/wp\/v2\/product_brand?post=318"},{"taxonomy":"product_cat","embeddable":true,"href":"https:\/\/www.largepillow.com\/hu\/wp-json\/wp\/v2\/product_cat?post=318"},{"taxonomy":"product_tag","embeddable":true,"href":"https:\/\/www.largepillow.com\/hu\/wp-json\/wp\/v2\/product_tag?post=318"}],"curies":[{"name":"wp","href":"https:\/\/api.w.org\/{rel}","templated":true}]}}