{"id":3222,"date":"2024-07-22T04:17:50","date_gmt":"2024-07-22T04:17:50","guid":{"rendered":"https:\/\/www.largepillow.com\/product\/car-seat-booster-seat-for-dogs-pet-travel-bed"},"modified":"2026-03-12T10:57:57","modified_gmt":"2026-03-12T10:57:57","slug":"autos-ulesmagasito-kutyanak-kisallat-utazoagy","status":"publish","type":"product","link":"https:\/\/www.largepillow.com\/hu\/product\/car-seat-booster-seat-for-dogs-pet-travel-bed","title":{"rendered":"Aut\u00f3s\u00fcl\u00e9s-magas\u00edt\u00f3\u00fcl\u00e9s kuty\u00e1knak, kis\u00e1llat utaz\u00f3\u00e1gy"},"content":{"rendered":"[zc_getpagecontent mb=&#8221;mb_aplus&#8221; apid=&#8221;37&#8243;]\n","protected":false},"excerpt":{"rendered":"<ul>\n<li><strong>Kiv\u00e1l\u00f3 min\u0151s\u00e9g\u0171 anyag<\/strong>: Kiv\u00e1l\u00f3 min\u0151s\u00e9g\u0171 pamutv\u00e1szonb\u00f3l k\u00e9sz\u00fclt, l\u00e9g\u00e1tereszt\u0151 \u00e9s k\u00e9nyelmes, harap\u00e1sg\u00e1tl\u00f3, tart\u00f3s \u00e9s k\u00f6nnyen tiszt\u00edthat\u00f3. Pr\u00e9mium poli\u00e9szterrel t\u00f6ltve, kiv\u00e1l\u00f3 min\u0151s\u00e9g\u0171 rugalmass\u00e1g, amely szil\u00e1rd al\u00e1t\u00e1maszt\u00e1st, k\u00e9nyelmet \u00e9s puhas\u00e1got biztos\u00edt. Meg\u0151rzi form\u00e1j\u00e1t \u00e9s szil\u00e1rds\u00e1g\u00e1t hossz\u00fa t\u00e1v\u00fa haszn\u00e1latra.<\/li>\n<li><strong>T\u00f6bbc\u00e9l\u00fa aut\u00f3s kutya\u00fcl\u00e9s<\/strong>: A kutya aut\u00f3s\u00fcl\u00e9s \u00e1ll\u00edthat\u00f3 csatja k\u00e9zi hevederk\u00e9nt is haszn\u00e1lhat\u00f3, ami k\u00e9nyelmesen hordozhat\u00f3 a szabadban, otthoni kutyafekhelynek is haszn\u00e1lhat\u00f3; a kanap\u00e9n is haszn\u00e1lhat\u00f3, hogy megv\u00e9dje a kanap\u00e9t a kuty\u00e1k \u00e1ltali s\u00e9r\u00fcl\u00e9sekt\u0151l.<\/li>\n<li><strong>K\u00f6nnyen telep\u00edthet\u0151<\/strong>: A kism\u00e9ret\u0171 aut\u00f3s kutya\u00fcl\u00e9s h\u00e1tt\u00e1mla cs\u00edkkal rendelkezik, csak r\u00f6gz\u00edtse a h\u00e1tt\u00e1ml\u00e1t az els\u0151 \u00fcl\u00e9s h\u00e1tt\u00e1ml\u00e1j\u00e1hoz, \u00e9s \u00e1ll\u00edtsa be a hevederek hossz\u00e1t. A k\u00f6zepes m\u00e9ret\u0171 kutya\u00fcl\u00e9st \u00fagy lehet beszerelni, hogy k\u00e9t \u00e1ll\u00edthat\u00f3 hordozhat\u00f3 foganty\u00fat akasztunk az aut\u00f3 els\u0151 \u00e9s h\u00e1ts\u00f3 \u00fcl\u00e9s\u00e9re, amelyek k\u00fcl\u00f6nf\u00e9le aut\u00f3t\u00edpusokhoz alkalmasak. A cs\u00fasz\u00e1smentes als\u00f3 r\u00e9sz megakad\u00e1lyozza, hogy a kis\u00e1llat-\u00fcl\u00e9smagas\u00edt\u00f3 elcs\u00fasszon az aut\u00f3ban, \u00edgy biztons\u00e1gosabb k\u00f6rnyezetet biztos\u00edt a h\u00e1zi\u00e1llatok sz\u00e1m\u00e1ra.<\/li>\n<li><strong>\u00dcl\u00e9s m\u00e9retei<\/strong>: Kicsi: 52 cm (hossz\u00fas\u00e1g) x 52 cm (sz\u00e9less\u00e9g) x 42 cm (magass\u00e1g), nagy: 76 cm (hossz\u00fas\u00e1g) x 52 cm (sz\u00e9less\u00e9g) x 39 cm (magass\u00e1g). Az S m\u00e9ret\u0171 kutya\u00fcl\u00e9s aut\u00f3k els\u0151 \u00fcl\u00e9s\u00e9re alkalmas. Az L m\u00e9ret\u0171 kutya aut\u00f3s\u00fcl\u00e9s minden t\u00edpus\u00fa aut\u00f3 h\u00e1ts\u00f3 \u00fcl\u00e9s\u00e9re felszerelhet\u0151. A kutya aut\u00f3s\u00fcl\u00e9s biztons\u00e1gi \u00f6vvel van felszerelve, hogy biztos\u00edtsa kedvence biztons\u00e1g\u00e1t, \u00e9s ne agg\u00f3djon, hogy kedvence zavarja \u00d6nt vezet\u00e9s k\u00f6zben.<\/li>\n<li><strong>K\u00f6nnyen tiszt\u00edthat\u00f3<\/strong>: Ez a kis\u00e1llat aut\u00f3s\u00fcl\u00e9s teljesen levehet\u0151, a 4 sark\u00e1n l\u00e1thatatlan cipz\u00e1r tal\u00e1lhat\u00f3, csak nyissa ki a cipz\u00e1rt \u00e9s vegye ki a PP pamutot, a kis\u00e1llat aut\u00f3s \u00fcl\u00e9s huzat\u00e1t tegy\u00fck be a mos\u00f3g\u00e9pbe tiszt\u00edt\u00e1shoz; porsz\u00edv\u00f3val is megtiszt\u00edthatja a kis\u00e1llat \u00fcl\u00e9smagas\u00edt\u00f3 fel\u00fcleti szennyez\u0151d\u00e9seit vagy sz\u0151r\u00e9t a napi takar\u00edt\u00e1s sor\u00e1n.<\/li>\n<li><strong>Meleg tippek<\/strong>: Az aut\u00f3s kutya\u00fcl\u00e9s v\u00e1kuumcsomagol\u00e1sa sz\u00e1ll\u00edt\u00e1shoz, \u00edgy t\u00f6bb t\u00f6lt\u0151anyagot adnak hozz\u00e1, hogy meg\u0151rizz\u00e9k az \u00fcl\u00e9s form\u00e1j\u00e1t, hogy biztos\u00edts\u00e1k annak tart\u00f3ss\u00e1g\u00e1t \u00e9s funkcionalit\u00e1s\u00e1t. Ha \u00fagy \u00e9rzi, hogy a kutya\u00fcl\u00e9s t\u00f6lt\u0151anyaga t\u00fal sok h\u00e1zi\u00e1llatok sz\u00e1m\u00e1ra, saj\u00e1t maga is elt\u00e1vol\u00edthat n\u00e9h\u00e1ny t\u00f6lt\u0151anyagot, hogy el\u00e9rje kedvence k\u00e9nyelm\u00e9t. K\u00e9rj\u00fck, v\u00e1rjon 24-48 \u00f3r\u00e1t, am\u00edg a kicsomagol\u00e1s ut\u00e1n visszanyeri eredeti vastags\u00e1g\u00e1t \u00e9s alakj\u00e1t<\/li>\n<\/ul>","protected":false},"featured_media":3569,"comment_status":"open","ping_status":"closed","template":"","meta":[],"product_brand":[],"product_cat":[227],"product_tag":[],"class_list":{"0":"post-3222","1":"product","2":"type-product","3":"status-publish","4":"has-post-thumbnail","6":"product_cat-pet-supplies","8":"first","9":"instock","10":"shipping-taxable","11":"purchasable","12":"product-type-variable","13":"has-default-attributes"},"_links":{"self":[{"href":"https:\/\/www.largepillow.com\/hu\/wp-json\/wp\/v2\/product\/3222","targetHints":{"allow":["GET"]}}],"collection":[{"href":"https:\/\/www.largepillow.com\/hu\/wp-json\/wp\/v2\/product"}],"about":[{"href":"https:\/\/www.largepillow.com\/hu\/wp-json\/wp\/v2\/types\/product"}],"replies":[{"embeddable":true,"href":"https:\/\/www.largepillow.com\/hu\/wp-json\/wp\/v2\/comments?post=3222"}],"wp:featuredmedia":[{"embeddable":true,"href":"https:\/\/www.largepillow.com\/hu\/wp-json\/wp\/v2\/media\/3569"}],"wp:attachment":[{"href":"https:\/\/www.largepillow.com\/hu\/wp-json\/wp\/v2\/media?parent=3222"}],"wp:term":[{"taxonomy":"product_brand","embeddable":true,"href":"https:\/\/www.largepillow.com\/hu\/wp-json\/wp\/v2\/product_brand?post=3222"},{"taxonomy":"product_cat","embeddable":true,"href":"https:\/\/www.largepillow.com\/hu\/wp-json\/wp\/v2\/product_cat?post=3222"},{"taxonomy":"product_tag","embeddable":true,"href":"https:\/\/www.largepillow.com\/hu\/wp-json\/wp\/v2\/product_tag?post=3222"}],"curies":[{"name":"wp","href":"https:\/\/api.w.org\/{rel}","templated":true}]}}