{"id":3233,"date":"2024-07-22T08:58:05","date_gmt":"2024-07-22T08:58:05","guid":{"rendered":"https:\/\/www.largepillow.com\/product\/dog-car-seat-for-largemedium-dogs-booster-bed-with-storage"},"modified":"2025-10-10T03:53:41","modified_gmt":"2025-10-10T03:53:41","slug":"autos-kutyaules-nagymeretu-kozepes-meretu-kutyak-szamara-taroloval","status":"publish","type":"product","link":"https:\/\/www.largepillow.com\/hu\/product\/dog-car-seat-for-largemedium-dogs-booster-bed-with-storage","title":{"rendered":"Kutya aut\u00f3s\u00fcl\u00e9s nagy\/k\u00f6zepes m\u00e9ret\u0171 kuty\u00e1k sz\u00e1m\u00e1ra \u2013 Magas\u00edt\u00f3 t\u00e1rol\u00f3val"},"content":{"rendered":"[zc_getpagecontent mb=&#8221;mb_aplus&#8221; apid=&#8221;70&#8243;]\n","protected":false},"excerpt":{"rendered":"<ul>\n<li>Biztons\u00e1gos \u00e9s stabil kialak\u00edt\u00e1s: Az aut\u00f3s kutya\u00fcl\u00e9s cs\u00fasz\u00e1smentes aljzattal \u00e9s biztons\u00e1gi \u00f6vekkel van felszerelve, ami biztos\u00edtja, hogy biztons\u00e1gosan a hely\u00e9n maradjon, \u00e9s megakad\u00e1lyozza az \u00fcl\u00e9s elcs\u00fasz\u00e1s\u00e1t vagy lees\u00e9s\u00e9t. Biztons\u00e1gos \u00e9s stabil pihen\u0151helyet biztos\u00edt kedvence sz\u00e1m\u00e1ra. Ezenk\u00edv\u00fcl tartalmaz egy biztons\u00e1gi p\u00e1ntot, amely az aut\u00f3 \u00e1gy\u00e1hoz r\u00f6gz\u00edthet\u0151, lehet\u0151v\u00e9 t\u00e9ve, hogy \u00f6sszekapcsolja a kuty\u00e1j\u00e1val.<\/li>\n<li>K\u00e9nyelmes \u00e9s l\u00e9g\u00e1tereszt\u0151 anyag: Az aut\u00f3s kutya\u00fcl\u00e9s kiv\u00e1l\u00f3 min\u0151s\u00e9g\u0171 anyagokb\u00f3l k\u00e9sz\u00fclt, er\u0151s menetvarratokkal, amelyek kiv\u00e1l\u00f3 tart\u00f3ss\u00e1got \u00e9s ellen\u00e1ll\u00f3s\u00e1got biztos\u00edtanak a szakad\u00e1s \u00e9s sz\u00e9tv\u00e1l\u00e1s ellen m\u00e9g er\u0151teljes h\u00faz\u00e1s k\u00f6zben is. Az \u00fcl\u00e9s l\u00e9g\u00e1tereszt\u0151 anyagb\u00f3l k\u00e9sz\u00fclt, amely kellemes \u00e9lm\u00e9nyt ny\u00fajt, olyan, mintha egy pl\u00fcss p\u00e1rn\u00e1n pihenne. Ez az anyag optim\u00e1lis k\u00e9nyelmet biztos\u00edt kedvence sz\u00e1m\u00e1ra az aut\u00f3z\u00e1s sor\u00e1n, lehet\u0151v\u00e9 t\u00e9ve sz\u00e1mukra a pihen\u00e9st \u00e9s az utaz\u00e1s \u00e9lvezet\u00e9t.<\/li>\n<li>Sokoldal\u00fa kialak\u00edt\u00e1s: Ez az aut\u00f3s \u00fcl\u0151magas\u00edt\u00f3 \u00e1gy otthon is haszn\u00e1lhat\u00f3, ismer\u0151s \u00e9s k\u00e9nyelmes fekhelyet biztos\u00edtva kuty\u00e1j\u00e1nak. Hordozhat\u00f3 kis\u00e1llathordoz\u00f3k\u00e9nt haszn\u00e1lhat\u00f3 kis \u00e9s k\u00f6zepes m\u00e9ret\u0171 macsk\u00e1k sz\u00e1m\u00e1ra. Nagytest\u0171 kuty\u00e1k sz\u00e1ll\u00edt\u00e1sa azonban nem aj\u00e1nlott kis\u00e1llat utaz\u00e1si hordoz\u00f3k\u00e9nt, a tulajdonos biztons\u00e1ga \u00e9rdek\u00e9ben. Ehelyett kis\u00e1llat-tartoz\u00e9kok t\u00e1rol\u00f3t\u00e1skak\u00e9nt is haszn\u00e1lhat\u00f3.<\/li>\n<li>K\u00f6nnyen felszerelhet\u0151: \u00c1ll\u00edthat\u00f3 csatos kialak\u00edt\u00e1s, a kuty\u00e1k aut\u00f3s\u00fcl\u00e9se egyszer\u0171en felszerelhet\u0151. Csak r\u00f6gz\u00edtse a csatot az \u00fcl\u00e9s tetej\u00e9n \u00e9s h\u00e1tulj\u00e1n, \u00e9s \u00e1ll\u00edtsa be a hevederek hossz\u00e1t. \u00c9s a legt\u00f6bb aut\u00f3\u00fcl\u00e9shez \u00e9s aut\u00f3t\u00edpushoz illeszkedik. A Kutya\u00e1gy kett\u0151s felhaszn\u00e1l\u00e1s\u00fa aut\u00f3ra \u00e9s otthonra is, rendk\u00edv\u00fcl puha \u00e9s k\u00e9nyelmes neki, \u00e9s k\u00f6nnyen felszerelhet\u0151!<\/li>\n<li>Kezel\u00e9si \u00fatmutat\u00f3: A kutya\u00e1gy sarkait cipz\u00e1rral \u00e9s t\u00e9p\u0151z\u00e1rral l\u00e1ttuk el, hogy elt\u00e1vol\u00edtsuk a bels\u0151 teret kit\u00f6lt\u0151 p\u00e1rn\u00e1kat. A kutya aut\u00f3\u00fcl\u00e9s huzat\u00e1t egyszer\u0171en bedobhatod a mos\u00f3g\u00e9pbe. Ha \u00fagy \u00e9rzi, hogy az \u00fcl\u00e9s t\u00falt\u00f6m\u00f6tt, egyszer\u0171en h\u00fazza ki a cipz\u00e1rt, \u00e9s t\u00e1vol\u00edtson el n\u00e9h\u00e1ny t\u00f6m\u00e9st, hogy \u00edzl\u00e9se szerint \u00e1ll\u00edtsa be a szil\u00e1rds\u00e1got.<\/li>\n<\/ul>","protected":false},"featured_media":3225,"comment_status":"open","ping_status":"closed","template":"","meta":[],"product_brand":[],"product_cat":[227],"product_tag":[],"class_list":{"0":"post-3233","1":"product","2":"type-product","3":"status-publish","4":"has-post-thumbnail","6":"product_cat-pet-supplies","8":"first","9":"instock","10":"sale","11":"shipping-taxable","12":"purchasable","13":"product-type-simple"},"_links":{"self":[{"href":"https:\/\/www.largepillow.com\/hu\/wp-json\/wp\/v2\/product\/3233","targetHints":{"allow":["GET"]}}],"collection":[{"href":"https:\/\/www.largepillow.com\/hu\/wp-json\/wp\/v2\/product"}],"about":[{"href":"https:\/\/www.largepillow.com\/hu\/wp-json\/wp\/v2\/types\/product"}],"replies":[{"embeddable":true,"href":"https:\/\/www.largepillow.com\/hu\/wp-json\/wp\/v2\/comments?post=3233"}],"wp:featuredmedia":[{"embeddable":true,"href":"https:\/\/www.largepillow.com\/hu\/wp-json\/wp\/v2\/media\/3225"}],"wp:attachment":[{"href":"https:\/\/www.largepillow.com\/hu\/wp-json\/wp\/v2\/media?parent=3233"}],"wp:term":[{"taxonomy":"product_brand","embeddable":true,"href":"https:\/\/www.largepillow.com\/hu\/wp-json\/wp\/v2\/product_brand?post=3233"},{"taxonomy":"product_cat","embeddable":true,"href":"https:\/\/www.largepillow.com\/hu\/wp-json\/wp\/v2\/product_cat?post=3233"},{"taxonomy":"product_tag","embeddable":true,"href":"https:\/\/www.largepillow.com\/hu\/wp-json\/wp\/v2\/product_tag?post=3233"}],"curies":[{"name":"wp","href":"https:\/\/api.w.org\/{rel}","templated":true}]}}