{"id":3243,"date":"2024-07-22T11:29:58","date_gmt":"2024-07-22T11:29:58","guid":{"rendered":"https:\/\/www.largepillow.com\/product\/u-shaped-side-sleeper-pillow-with-arm-hole-for-pain-relief"},"modified":"2026-03-05T22:26:27","modified_gmt":"2026-03-05T22:26:27","slug":"u-alaku-oldalso-alvoparna-kar-lyukkal-a-fajdalom-csillapitasara","status":"publish","type":"product","link":"https:\/\/www.largepillow.com\/hu\/product\/u-shaped-side-sleeper-pillow-with-arm-hole-for-pain-relief","title":{"rendered":"U-alak\u00fa oldals\u00f3 alv\u00f3p\u00e1rna karfurattal a f\u00e1jdalomcsillap\u00edt\u00e1s \u00e9rdek\u00e9ben"},"content":{"rendered":"[zc_getpagecontent mb=&#8221;mb_aplus&#8221; apid=&#8221;67&#8243;]\nSide Sleeper Pillow with arm Hole for Adults, Large U-Shaped Shoulder Pillow Body Pillow for Neck and Shoulder Pain Relief, Acid Reflux and GERD Pillow, Ergonomic Support Pillows<\/p>\n","protected":false},"excerpt":{"rendered":"<ul>\n<li><strong>2 az 1-ben \u00e9kp\u00e1rna k\u00e9szlet:<\/strong> Az oldals\u00f3 alv\u00f3p\u00e1rna garnit\u00fara egy h\u00e1romsz\u00f6g alak\u00fa p\u00e1rna\u00e9ket \u00e9s egy f\u00e9lholdas p\u00e1rn\u00e1t tartalmaz, az oldals\u00f3 alv\u00f3p\u00e1rna hossza sz\u00e9less\u00e9ge magass\u00e1ga 116 x 76 x 30 cm. Az U alak\u00fa testp\u00e1rna kialak\u00edt\u00e1sa m\u00e1s kis p\u00e1rn\u00e1kat helyettes\u00edt az \u00e1gyban. Ez az U alak\u00fa testp\u00e1rna k\u00f6veti a test kont\u00farj\u00e1t, \u00e9s seg\u00edt megt\u00e1masztani a testet, p\u00e9ld\u00e1ul a h\u00e1tat, a hasat, a cs\u00edp\u0151t \u00e9s a t\u00e9rd\u00e9t.<\/li>\n<li><strong>Min\u0151s\u00e9gi anyag:<\/strong> Az oldals\u00f3 h\u00e1l\u00f3p\u00e1rna min\u0151s\u00e9gi r\u00f6vid pl\u00fcss anyagb\u00f3l k\u00e9sz\u00fclt, puhas\u00e1ga \u00e9s tart\u00f3ss\u00e1ga miatt kiv\u00e1l\u00f3 v\u00e1laszt\u00e1s oldals\u00f3 alv\u00f3p\u00e1rn\u00e1nak. R\u00f6vid sz\u00e1lai kellemes \u00e9s k\u00e9nyelmes \u00e9rzetet k\u00f6lcs\u00f6n\u00f6znek a b\u0151rnek, szoros sz\u00f6v\u00e9se pedig kiv\u00e1l\u00f3 tart\u00e1st biztos\u00edt a fejnek \u00e9s a nyaknak. A huzat g\u00e9pben moshat\u00f3.<\/li>\n<li><strong>Kar kont\u00far kialak\u00edt\u00e1sa:<\/strong>\u00a0Az oldals\u00f3 alv\u00f3p\u00e1rna nyak- \u00e9s v\u00e1llf\u00e1jdalmak p\u00e1rn\u00e1ja A kar kont\u00far kialak\u00edt\u00e1sa megfelel az oldals\u00f3 alv\u00e1si szok\u00e1soknak, enyh\u00edtheti a v\u00e1llakra \u00e9s a karokra nehezed\u0151 nyom\u00e1st, elker\u00fclheti a kar zsibbad\u00e1s\u00e1t a v\u00e9rkering\u00e9s hi\u00e1nya miatt.<\/li>\n<li><strong>Ergonomikus komfort p\u00e1rna:<\/strong> Az U-alak\u00fa d\u00edszp\u00e1rna hajl\u00edtott kialak\u00edt\u00e1sa, hogy illeszkedjen az \u00d6n test\u00e9hez, k\u00e9nyelmes tart\u00e1st biztos\u00edtva. Lehet\u0151v\u00e9 teszi, hogy hanyatt, oldalt vagy hason aludjon, mik\u00f6zben seg\u00edti a gerinc\u00e9t a helyes oldalfekv\u00e9shez igaz\u00edtani a nyugtat\u00f3 k\u00e9nyelem \u00e9rdek\u00e9ben, puha, hosszan tart\u00f3, kellemes \u00f6lel\u00e9st biztos\u00edt, \u00edgy mindig a megfelel\u0151 poz\u00edci\u00f3ban lesz. \u00e9jszakai alv\u00e1s.<\/li>\n<li><strong>Ide\u00e1lis alv\u00e1si poz\u00edci\u00f3:<\/strong> Az oldals\u00f3 alv\u00f3p\u00e1rna enyh\u00edti a nyom\u00e1st a lefel\u00e9 tart\u00f3 karban\/v\u00e1llban, \u00e9s hat\u00e9konyan t\u00e1mogatja a testet, az alv\u00e1st, a pihen\u00e9st \u00e9s a relax\u00e1ci\u00f3t, a m\u0171t\u00e9t ut\u00e1ni fel\u00e9p\u00fcl\u00e9st, a savas refluxot, a horkol\u00e1sg\u00e1tl\u00f3t \u00e9s a f\u00e1jdalomcsillap\u00edt\u00e1st, hogy k\u00e9nyelmes \u00e9s pihentet\u0151 \u00e9jszakai alv\u00e1st biztos\u00edtson ide\u00e1lis k\u00f6r\u00fclm\u00e9nyek k\u00f6z\u00f6tt. a term\u00e9szetes reflux enyh\u00edt\u00e9s\u00e9re szolg\u00e1l\u00f3 poz\u00edci\u00f3, amely lehet\u0151v\u00e9 teszi, hogy hajnalig aludjon.<\/li>\n<\/ul>","protected":false},"featured_media":3236,"comment_status":"open","ping_status":"closed","template":"","meta":[],"product_brand":[],"product_cat":[228],"product_tag":[],"class_list":{"0":"post-3243","1":"product","2":"type-product","3":"status-publish","4":"has-post-thumbnail","6":"product_cat-cushions","8":"first","9":"instock","10":"featured","11":"shipping-taxable","12":"purchasable","13":"product-type-simple"},"_links":{"self":[{"href":"https:\/\/www.largepillow.com\/hu\/wp-json\/wp\/v2\/product\/3243","targetHints":{"allow":["GET"]}}],"collection":[{"href":"https:\/\/www.largepillow.com\/hu\/wp-json\/wp\/v2\/product"}],"about":[{"href":"https:\/\/www.largepillow.com\/hu\/wp-json\/wp\/v2\/types\/product"}],"replies":[{"embeddable":true,"href":"https:\/\/www.largepillow.com\/hu\/wp-json\/wp\/v2\/comments?post=3243"}],"wp:featuredmedia":[{"embeddable":true,"href":"https:\/\/www.largepillow.com\/hu\/wp-json\/wp\/v2\/media\/3236"}],"wp:attachment":[{"href":"https:\/\/www.largepillow.com\/hu\/wp-json\/wp\/v2\/media?parent=3243"}],"wp:term":[{"taxonomy":"product_brand","embeddable":true,"href":"https:\/\/www.largepillow.com\/hu\/wp-json\/wp\/v2\/product_brand?post=3243"},{"taxonomy":"product_cat","embeddable":true,"href":"https:\/\/www.largepillow.com\/hu\/wp-json\/wp\/v2\/product_cat?post=3243"},{"taxonomy":"product_tag","embeddable":true,"href":"https:\/\/www.largepillow.com\/hu\/wp-json\/wp\/v2\/product_tag?post=3243"}],"curies":[{"name":"wp","href":"https:\/\/api.w.org\/{rel}","templated":true}]}}