{"id":3314,"date":"2024-07-23T00:29:50","date_gmt":"2024-07-23T00:29:50","guid":{"rendered":"https:\/\/www.largepillow.com\/product\/bed-wedge-pillow-set-for-surgery-recovery-neck-and-back-support"},"modified":"2024-12-22T22:37:56","modified_gmt":"2024-12-22T22:37:56","slug":"ekparna-szett-a-mutet-helyreallitasahoz-nyak-es-hattamasz","status":"publish","type":"product","link":"https:\/\/www.largepillow.com\/hu\/product\/bed-wedge-pillow-set-for-surgery-recovery-neck-and-back-support\/","title":{"rendered":"Bed Wedge p\u00e1rnak\u00e9szlet m\u0171t\u00e9ti helyre\u00e1ll\u00edt\u00e1shoz, nyak- \u00e9s h\u00e1tt\u00e1mogat\u00e1shoz"},"content":{"rendered":"","protected":false},"excerpt":{"rendered":"<ul>\n<li><strong>Testreszabhat\u00f3 k\u00e9nyelem:<\/strong> \u00c1ll\u00edthat\u00f3 \u00e9kp\u00e1rn\u00e1nk k\u00e9t, \u00edvelt fel\u00fclettel \u00f6sszekapcsolt r\u00e9szb\u0151l \u00e1ll, \u00edgy k\u00f6nnyed\u00e9n be\u00e1ll\u00edthatja a d\u0151l\u00e9ssz\u00f6get a k\u00edv\u00e1nt k\u00e9nyelem szintj\u00e9re. Mondjon b\u00facs\u00fat a r\u00f6gz\u00edtett 30 \u00e9s 60 fokos sz\u00f6gek korl\u00e1tainak, \u00e9s szabja testre a sz\u00f6get magass\u00e1g\u00e1nak \u00e9s ig\u00e9nyeinek megfelel\u0151en.<\/li>\n<li><strong>Teljes k\u00e9nyelem:<\/strong> Nyakp\u00e1rn\u00e1nk \u00e9s \u00e9kp\u00e1rna k\u00e9szlet\u00fcnk teljes t\u00e1maszt\u00e1st \u00e9s k\u00e9nyelmet ny\u00fajt nyak\u00e1nak \u00e9s h\u00e1t\u00e1nak. Az \u00e9kp\u00e1rna alkalmazkodik a test \u00edveihez, m\u00edg a nyakp\u00e1rna c\u00e9lzott t\u00e1maszt\u00e1st ny\u00fajt. Az \u00e9kp\u00e1rna oldalain k\u00e9t k\u00fcl\u00f6nb\u00f6z\u0151 magass\u00e1gban t\u00e9p\u0151z\u00e1r tal\u00e1lhat\u00f3 a fejt\u00e1mla egyszer\u0171 be\u00e1ll\u00edt\u00e1s\u00e1hoz.<\/li>\n<li><strong>Karfa \u00e9s l\u00e1bp\u00e1rna:<\/strong> Az \u00e9kp\u00e1rn\u00e1nkra t\u00e1maszkodva t\u00e1maszkodjon karjait mindk\u00e9t oldalon a karfap\u00e1rn\u00e1kra, \u00e9s hagyja, hogy term\u00e9szetes m\u00f3don l\u00f3gjanak le a karfa \u00edv\u00e9n\u00e9l, ak\u00e1rcsak az \u00e1gyon \u00fcl\u0151 \u00e1gysz\u00e9kn\u00e9l. A 2 karfa t\u00e9p\u0151z\u00e1rral is \u00f6sszekapcsolhat\u00f3, \u00edgy l\u00e1bp\u00e1rn\u00e1t lehet l\u00e9trehozni a megemelt l\u00e1bt\u00e1maszhoz.<\/li>\n<li><strong>T\u00f6bbfunkci\u00f3s \u00e9kp\u00e1rna:<\/strong> \u00d6ssze\u00e1ll\u00edthat\u00f3 kialak\u00edt\u00e1sa k\u00f6r\u00fclbel\u00fcl 12 felhaszn\u00e1l\u00e1si m\u00f3dot tesz lehet\u0151v\u00e9. Haszn\u00e1lja magas sz\u00f6gben a h\u00e1t megt\u00e1maszt\u00e1s\u00e1ra olvas\u00e1s vagy munka k\u00f6zben, vagy v\u00e1lasszon fokozatos lejt\u0151t az alv\u00e1shoz, hogy enyh\u00edtse a horkol\u00e1st, a m\u0171t\u00e9t ut\u00e1ni k\u00e9nyelmetlens\u00e9get \u00e9s a savas refluxot.<\/li>\n<\/ul>","protected":false},"featured_media":3299,"comment_status":"open","ping_status":"closed","template":"","meta":[],"product_brand":[],"product_cat":[228],"product_tag":[],"class_list":{"0":"post-3314","1":"product","2":"type-product","3":"status-publish","4":"has-post-thumbnail","6":"product_cat-cushions","8":"first","9":"outofstock","10":"featured","11":"shipping-taxable","12":"purchasable","13":"product-type-simple"},"_links":{"self":[{"href":"https:\/\/www.largepillow.com\/hu\/wp-json\/wp\/v2\/product\/3314","targetHints":{"allow":["GET"]}}],"collection":[{"href":"https:\/\/www.largepillow.com\/hu\/wp-json\/wp\/v2\/product"}],"about":[{"href":"https:\/\/www.largepillow.com\/hu\/wp-json\/wp\/v2\/types\/product"}],"replies":[{"embeddable":true,"href":"https:\/\/www.largepillow.com\/hu\/wp-json\/wp\/v2\/comments?post=3314"}],"wp:featuredmedia":[{"embeddable":true,"href":"https:\/\/www.largepillow.com\/hu\/wp-json\/wp\/v2\/media\/3299"}],"wp:attachment":[{"href":"https:\/\/www.largepillow.com\/hu\/wp-json\/wp\/v2\/media?parent=3314"}],"wp:term":[{"taxonomy":"product_brand","embeddable":true,"href":"https:\/\/www.largepillow.com\/hu\/wp-json\/wp\/v2\/product_brand?post=3314"},{"taxonomy":"product_cat","embeddable":true,"href":"https:\/\/www.largepillow.com\/hu\/wp-json\/wp\/v2\/product_cat?post=3314"},{"taxonomy":"product_tag","embeddable":true,"href":"https:\/\/www.largepillow.com\/hu\/wp-json\/wp\/v2\/product_tag?post=3314"}],"curies":[{"name":"wp","href":"https:\/\/api.w.org\/{rel}","templated":true}]}}