{"id":3344,"date":"2024-07-23T00:52:32","date_gmt":"2024-07-23T00:52:32","guid":{"rendered":"https:\/\/www.largepillow.com\/product\/versatile-and-durable-travel-dog-crate-for-medium-dogs"},"modified":"2024-10-03T16:31:25","modified_gmt":"2024-10-03T16:31:25","slug":"sokoldalu-es-tartos-utazo-kutyalada-kozepes-meretu-kutyak-szamara","status":"publish","type":"product","link":"https:\/\/www.largepillow.com\/hu\/product\/versatile-and-durable-travel-dog-crate-for-medium-dogs\/","title":{"rendered":"Sokoldal\u00fa \u00e9s tart\u00f3s utaz\u00f3kutyal\u00e1da k\u00f6zepes m\u00e9ret\u0171 kuty\u00e1k sz\u00e1m\u00e1ra"},"content":{"rendered":"[zc_getpagecontent mb=&#8221;mb_aplus&#8221; apid=&#8221;62&#8243;]\n","protected":false},"excerpt":{"rendered":"<ul>\n<li>GYORS, 20 M\u00c1SODPERCES \u00d6SSZESZEREL\u00c9S: A k\u00f6zepes m\u00e9ret\u0171 kuty\u00e1knak sz\u00e1nt travek t\u00f6lcs\u00e9r\u00fcnk probl\u00e9mamentes, minden az egyben kialak\u00edt\u00e1ssal rendelkezik, amely sz\u00fcks\u00e9gtelenn\u00e9 teszi a bonyolult telep\u00edt\u00e9st. Mondjon b\u00facs\u00fat az \u00f6sszeszerel\u00e9ssel j\u00e1r\u00f3 frusztr\u00e1ci\u00f3nak, \u00e9s \u00e9lvezze az egyszer\u0171 be\u00e1ll\u00edt\u00e1s \u00e9s t\u00e1rol\u00e1s k\u00e9nyelm\u00e9t.<\/li>\n<li>SOKOLDAL\u00da F\u00dcGG\u00d6NYTERVEZ\u00c9S: a funkcionalit\u00e1st szem el\u0151tt tartva tervezett kutyaketrec, utaz\u00f3kutya l\u00e1d\u00e1nk f\u00fcgg\u00f6nnyel rendelkezik, amely a k\u00fcl\u00f6nb\u00f6z\u0151 \u00e9vszakokhoz igaz\u00edthat\u00f3. T\u00e9len \u00f3vja kedvenc\u00e9t a hideg sz\u00e9lt\u0151l, a ny\u00e1ri h\u00f3napokban pedig tekerje fel az optim\u00e1lis szell\u0151z\u00e9s \u00e9s k\u00e9nyelem \u00e9rdek\u00e9ben.<\/li>\n<li>T\u00d6BB FELHASZN\u00c1L\u00c1S: Ez az \u00f6sszecsukhat\u00f3 kutyarekesz hihetetlen\u00fcl sokoldal\u00fa, hangulatos otthona lehet sz\u0151r\u00f6s bar\u00e1tj\u00e1nak, biztons\u00e1gos kis\u00e1llatsz\u00e1ll\u00edt\u00f3 aut\u00f3s utaz\u00e1sokhoz, k\u00e9nyelmes sz\u00fcl\u00e9si s\u00e1tor vagy hordozhat\u00f3 k\u00fclt\u00e9ri menhely a kalandokhoz. \u00c9lvezze az \u00e1ltala ny\u00fajtott k\u00e9nyelmet \u00e9s k\u00e9nyelmet, b\u00e1rhov\u00e1 is megy.<\/li>\n<li>PREMIUM MIN\u0150S\u00c9G\u0170 ANYAGOK: Ez a k\u00f6zepes, tart\u00f3s, v\u00edz\u00e1ll\u00f3 oxford sz\u00f6vetb\u0151l k\u00e9sz\u00fclt kutyal\u00e1da, \u00f6sszecsukhat\u00f3 kutyal\u00e1d\u00e1nk \u00fagy k\u00e9sz\u00fclt, hogy ellen\u00e1lljon a k\u00fcl\u00f6nb\u00f6z\u0151 id\u0151j\u00e1r\u00e1si viszonyoknak. A meger\u0151s\u00edtett sarkok meghosszabb\u00edtj\u00e1k a term\u00e9k \u00e9lettartam\u00e1t, m\u00edg a cs\u00fasz\u00e1smentes als\u00f3 r\u00e9sz tov\u00e1bbi stabilit\u00e1st \u00e9s biztons\u00e1got ny\u00fajt.<\/li>\n<li>K\u00c9NYELMES OLDALZSEB: A k\u00fcls\u0151 kutyakennel egy praktikus oldalzsebbel van felszerelve, amely lehet\u0151v\u00e9 teszi kedvence kulacs\u00e1nak, nassolnival\u00f3inak, j\u00e1t\u00e9kainak \u00e9s egy\u00e9b alapvet\u0151 dolgoknak a k\u00f6nny\u0171 sz\u00e1ll\u00edt\u00e1s\u00e1t a szabadt\u00e9ri utaz\u00e1sok sor\u00e1n. Maradjon szervezett \u00e9s k\u00e9sz\u00fclj\u00f6n fel minden kalandra ezzel az \u00e1tgondolt tervez\u00e9si funkci\u00f3val.<\/li>\n<\/ul>","protected":false},"featured_media":3331,"comment_status":"open","ping_status":"closed","template":"","meta":[],"product_brand":[],"product_cat":[227],"product_tag":[],"class_list":{"0":"post-3344","1":"product","2":"type-product","3":"status-publish","4":"has-post-thumbnail","6":"product_cat-pet-supplies","8":"first","9":"outofstock","10":"featured","11":"shipping-taxable","12":"purchasable","13":"product-type-simple"},"_links":{"self":[{"href":"https:\/\/www.largepillow.com\/hu\/wp-json\/wp\/v2\/product\/3344","targetHints":{"allow":["GET"]}}],"collection":[{"href":"https:\/\/www.largepillow.com\/hu\/wp-json\/wp\/v2\/product"}],"about":[{"href":"https:\/\/www.largepillow.com\/hu\/wp-json\/wp\/v2\/types\/product"}],"replies":[{"embeddable":true,"href":"https:\/\/www.largepillow.com\/hu\/wp-json\/wp\/v2\/comments?post=3344"}],"wp:featuredmedia":[{"embeddable":true,"href":"https:\/\/www.largepillow.com\/hu\/wp-json\/wp\/v2\/media\/3331"}],"wp:attachment":[{"href":"https:\/\/www.largepillow.com\/hu\/wp-json\/wp\/v2\/media?parent=3344"}],"wp:term":[{"taxonomy":"product_brand","embeddable":true,"href":"https:\/\/www.largepillow.com\/hu\/wp-json\/wp\/v2\/product_brand?post=3344"},{"taxonomy":"product_cat","embeddable":true,"href":"https:\/\/www.largepillow.com\/hu\/wp-json\/wp\/v2\/product_cat?post=3344"},{"taxonomy":"product_tag","embeddable":true,"href":"https:\/\/www.largepillow.com\/hu\/wp-json\/wp\/v2\/product_tag?post=3344"}],"curies":[{"name":"wp","href":"https:\/\/api.w.org\/{rel}","templated":true}]}}