{"id":3379,"date":"2024-07-23T01:30:58","date_gmt":"2024-07-23T01:30:58","guid":{"rendered":"https:\/\/www.largepillow.com\/product\/large-couch-dog-bed-with-supportive-foam-soft-cotton"},"modified":"2025-05-30T13:36:37","modified_gmt":"2025-05-30T13:36:37","slug":"nagy-kanapeagyu-puha-pamut-habszivaccsal","status":"publish","type":"product","link":"https:\/\/www.largepillow.com\/hu\/product\/large-couch-dog-bed-with-supportive-foam-soft-cotton\/","title":{"rendered":"Nagym\u00e9ret\u0171 kanap\u00e9 kutya\u00e1gy t\u00e1maszt\u00f3 habbal \u00e9s puha pamuttal"},"content":{"rendered":"[zc_getpagecontent mb=&#8221;mb_aplus&#8221; apid=&#8221;74&#8243;]\n","protected":false},"excerpt":{"rendered":"<ul>\n<li>Nyugtat\u00f3 kutya\u00e1gy: Nyugtat\u00f3 nagy kutya\u00e1gyunk alja k\u00e9t r\u00e9tegre van osztva, amelyek k\u00f6r\u00fclbel\u00fcl 3 h\u00fcvelyk nagy s\u0171r\u0171s\u00e9g\u0171 habb\u00f3l \u00e9s 3 h\u00fcvelyk puha pamut t\u00f6ltel\u00e9kb\u0151l \u00e1llnak. Ez hat\u00e9konyan t\u00e1mogatja kedvence test\u00e9t, mik\u00f6zben p\u00e1ratlan k\u00e9nyelmet biztos\u00edt.<\/li>\n<li>Anti Anxiety Deep Dog Bed: Tapasztalja meg a p\u00e1ratlan k\u00e9nyelmet \u00e9s mag\u00e1n\u00e9letet a 16 h\u00fcvelykes m\u00e9ly kutya\u00e1gyunkkal. Kuty\u00e1ja tiszta el\u00e9gedetts\u00e9get fog tal\u00e1lni, ahogy \u00f6sszeg\u00f6mb\u00f6ly\u00f6dve elmer\u00fcl ennek a kiv\u00e9teles mened\u00e9khelynek a f\u00e9ny\u0171z\u0151 m\u00e9lys\u00e9geibe. A z\u00e1rt kialak\u00edt\u00e1s biztons\u00e1gos \u00e9s f\u00e9lrees\u0151 mened\u00e9ket k\u00edn\u00e1l, lehet\u0151v\u00e9 t\u00e9ve, hogy kuty\u00e1ja megszak\u00edt\u00e1s n\u00e9lk\u00fcl \u00e9lvezze a szem\u00e9lyes teret. Enyh\u00edtse kuty\u00e1ja szorong\u00e1s\u00e1t ezzel a m\u00e9ly \u00f6lelhet\u0151 kutya\u00e1ggyal.<\/li>\n<li>K\u00e9nyelmes hozz\u00e1f\u00e9r\u00e9s: A nagytest\u0171 kuty\u00e1knak sz\u00e1nt nyugtat\u00f3 \u00e1gyunk okos, f\u00e9lig z\u00e1rt kialak\u00edt\u00e1s\u00fa, amely lehet\u0151v\u00e9 teszi kuty\u00e1ja k\u00f6nny\u0171 be- \u00e9s kisz\u00e1ll\u00e1s\u00e1t, mik\u00f6zben megfelel\u0151 magass\u00e1got biztos\u00edt a biztons\u00e1g\u00e9rzet \u00e9rdek\u00e9ben. Kuty\u00e1ja szabadon be- \u00e9s kil\u00e9phet a kutyanyugtat\u00f3 \u00e1gyba, a f\u00e9lig z\u00e1rt t\u00e1maszt\u00e9kok pedig mag\u00e1n\u00e9letet \u00e9s elk\u00fcl\u00f6n\u00fcl\u00e9st biztos\u00edtanak, lehet\u0151v\u00e9 t\u00e9ve sz\u00e1mukra, hogy nyugodt k\u00f6rnyezetben \u00e9lvezhess\u00e9k a nyugodt alv\u00e1st. Ez a kialak\u00edt\u00e1s meleg \u00e9s biztons\u00e1gos teret biztos\u00edt, amely el\u0151seg\u00edti a nyugalmat \u00e9s a kikapcsol\u00f3d\u00e1st.<\/li>\n<li>T\u00e1gas kialak\u00edt\u00e1s minden m\u00e9rethez: Nagy szorong\u00e1scsillap\u00edt\u00f3 kutya\u00e1gyunk t\u00e1gas \u00e9s k\u00e9nyelmes, b\u00e1rmilyen m\u00e9ret\u0171 kutya sz\u00e1m\u00e1ra alkalmas. Legyen sz\u00f3 kicsi vagy nagy fajt\u00e1r\u00f3l, szabadon terpeszkedhetnek, kiny\u00fajthatj\u00e1k v\u00e9gtagjaikat \u00e9s teljesen ellazulhatnak. A nagym\u00e9ret\u0171 kutyanyugtat\u00f3 \u00e1gy t\u00e1gas m\u00e9retei b\u0151s\u00e9ges pihen\u0151teret biztos\u00edtanak, lehet\u0151v\u00e9 t\u00e9ve kedvence sz\u00e1m\u00e1ra, hogy a lehet\u0151 legnagyobb k\u00e9nyelemben \u00e9lvezhesse az \u00e1ll\u00e1sid\u0151t.<\/li>\n<li>K\u00e9nyelmes \u00e9s k\u00f6nnyen tiszt\u00edthat\u00f3 \u2013 A nyugtat\u00f3 \u00e1gy a nagytest\u0171 kuty\u00e1k belsej\u00e9nek l\u00e9g\u00e1tereszt\u0151 \u00e9s puha b\u00e1rsony sz\u00f6vettel rendelkezik, amely gyeng\u00e9d \u00e9s k\u00e9nyelmes \u00e9rz\u00e9st biztos\u00edt. A k\u00fcls\u0151 r\u00e9teg Oxford sz\u00f6vetb\u0151l k\u00e9sz\u00fclt, amelyet a hosszan tart\u00f3 teljes\u00edtm\u00e9nyre terveztek, biztos\u00edtva a mindennapi kop\u00e1ssal szembeni ellen\u00e1ll\u00f3 k\u00e9pess\u00e9g\u00e9t. A cs\u00fasz\u00e1smentes als\u00f3 r\u00e9sz stabilit\u00e1st biztos\u00edt b\u00e1rmilyen fel\u00fcleten. A nyugtat\u00f3 kutya\u00e1gy levehet\u0151 huzattal \u00e9s k\u00e9tr\u00e9teg\u0171 cipz\u00e1rral van felszerelve, amely lehet\u0151v\u00e9 teszi a k\u00f6nny\u0171 mos\u00e1st.<\/li>\n<\/ul>","protected":false},"featured_media":3370,"comment_status":"open","ping_status":"closed","template":"","meta":[],"product_brand":[],"product_cat":[227],"product_tag":[],"class_list":{"0":"post-3379","1":"product","2":"type-product","3":"status-publish","4":"has-post-thumbnail","6":"product_cat-pet-supplies","8":"first","9":"instock","10":"shipping-taxable","11":"purchasable","12":"product-type-simple"},"_links":{"self":[{"href":"https:\/\/www.largepillow.com\/hu\/wp-json\/wp\/v2\/product\/3379","targetHints":{"allow":["GET"]}}],"collection":[{"href":"https:\/\/www.largepillow.com\/hu\/wp-json\/wp\/v2\/product"}],"about":[{"href":"https:\/\/www.largepillow.com\/hu\/wp-json\/wp\/v2\/types\/product"}],"replies":[{"embeddable":true,"href":"https:\/\/www.largepillow.com\/hu\/wp-json\/wp\/v2\/comments?post=3379"}],"wp:featuredmedia":[{"embeddable":true,"href":"https:\/\/www.largepillow.com\/hu\/wp-json\/wp\/v2\/media\/3370"}],"wp:attachment":[{"href":"https:\/\/www.largepillow.com\/hu\/wp-json\/wp\/v2\/media?parent=3379"}],"wp:term":[{"taxonomy":"product_brand","embeddable":true,"href":"https:\/\/www.largepillow.com\/hu\/wp-json\/wp\/v2\/product_brand?post=3379"},{"taxonomy":"product_cat","embeddable":true,"href":"https:\/\/www.largepillow.com\/hu\/wp-json\/wp\/v2\/product_cat?post=3379"},{"taxonomy":"product_tag","embeddable":true,"href":"https:\/\/www.largepillow.com\/hu\/wp-json\/wp\/v2\/product_tag?post=3379"}],"curies":[{"name":"wp","href":"https:\/\/api.w.org\/{rel}","templated":true}]}}