{"id":3413,"date":"2024-07-23T03:06:14","date_gmt":"2024-07-23T03:06:14","guid":{"rendered":"https:\/\/www.largepillow.com\/product\/ergonomic-wedge-pillow-with-arm-hole-for-shoulder-pain-relief"},"modified":"2025-04-29T06:10:15","modified_gmt":"2025-04-29T06:10:15","slug":"ergonomikus-ekparna-karfurattal-a-vallfajdalmak-enyhitesere","status":"publish","type":"product","link":"https:\/\/www.largepillow.com\/hu\/product\/ergonomic-wedge-pillow-with-arm-hole-for-shoulder-pain-relief\/","title":{"rendered":"Ergonomikus \u00e9kp\u00e1rna karfurattal a v\u00e1llf\u00e1jdalmak enyh\u00edt\u00e9s\u00e9re"},"content":{"rendered":"","protected":false},"excerpt":{"rendered":"<ul>\n<li><strong>\u00c1ll\u00edthat\u00f3 kont\u00far\u00fa habp\u00e1rna:<\/strong> Oldals\u00f3 alv\u00f3p\u00e1rn\u00e1nk U-alak\u00fa fejt\u00e1ml\u00e1ja \u00e9s lejt\u0151s puffere semlegesen tartja a gerincet az oldals\u00f3 alv\u00e1si poz\u00edci\u00f3 hat\u00e9kony be\u00e1ll\u00edt\u00e1s\u00e1val \u00e9s korrig\u00e1l\u00e1s\u00e1val, enyh\u00edti a v\u00e1llakra, karokra \u00e9s h\u00e1tra nehezed\u0151 nyom\u00e1st, \u00e9s t\u00f6bb pihen\u0151teret szabad\u00edt fel a v\u00e1llak sz\u00e1m\u00e1ra. mindk\u00e9t oldalon k\u00e9nyelmesen aludhat<\/li>\n<li><strong>V\u00e1llkont\u00far \u00e9kp\u00e1rna:<\/strong> A v\u00e1llpihen\u0151 r\u00e9sz tudom\u00e1nyosan kialak\u00edtott bar\u00e1zd\u00e1i alkalmasak az oldalukon alv\u00f3 emberek sz\u00e1m\u00e1ra. Cs\u00f6kkenthetik a v\u00e1llra nehezed\u0151 nyom\u00e1st oldalt fekve alv\u00e1skor, \u00e9s elker\u00fclhetik a g\u00f6rnyedt alv\u00e1si testhelyzeteket. Az \u00e9kp\u00e1rna el\u00e9g sz\u00e9les ahhoz, hogy elhelyezze a karokat, \u00edgy a karok nem \u00e9rzik magukat felf\u00fcggesztettnek, amikor oldalt alszik. M\u00e9rete: 55*60*19cm<\/li>\n<li><strong>Hajl\u00edtott fejt\u00e1mla:<\/strong> Alv\u00f3p\u00e1rn\u00e1nk U-alak\u00fa kialak\u00edt\u00e1st kapott. A kont\u00far alakja szil\u00e1rdan t\u00e1masztja meg nyaki gerinc\u00e9t, fej\u00e9t, \u00e9s term\u00e9szetesen illeszkedik a fejtart\u00e1shoz, amikor oldalt \u00e9s h\u00e1ton alszik. hogy nyak\u00e1t megfelel\u0151en egy vonalban tartsa test\u00e9nek t\u00f6bbi r\u00e9sz\u00e9vel, csillap\u00edtsa a nyaki \u00e9s v\u00e1llf\u00e1jdalmakat. Az alv\u00f3p\u00e1rna jobb tart\u00e1st biztos\u00edt a fejnek \u00e9s a nyaknak. M\u00e9rete: 20*39*10cm<\/li>\n<li><strong>T\u00f6lt\u00f6tt \u00e9s sz\u00f6vet:<\/strong> A feh\u00e9r r\u00e9sze l\u00e9g\u00e1tereszt\u0151 k\u00f6t\u00f6tt anyag, b\u0151rbar\u00e1t \u00e9s nem f\u00fclledt, minden \u00e9vszakra alkalmas. A b\u00e9zs r\u00e9sz puha matt b\u00e1rsony anyagb\u00f3l k\u00e9sz\u00fclt. Az \u00e9ktest\u0171 p\u00e1rna nagy s\u0171r\u0171s\u00e9g\u0171 habbal van t\u00f6ltve, \u00edgy hosszantart\u00f3 \u00e9s hat\u00e9kony al\u00e1t\u00e1maszt\u00e1st biztos\u00edt, er\u0151s teherb\u00edr\u00f3 k\u00e9pess\u00e9ggel rendelkezik \u00e9s nem deform\u00e1l\u00f3dik k\u00f6nnyen. A fejt\u00e1mla pr\u00e9mium, lass\u00fa visszapattan\u00e1s\u00fa mem\u00f3riahabb\u00f3l k\u00e9sz\u00fclt, amely egyenletesen nyeli el az \u00fct\u00e9si er\u0151t \u00e9s eloszlatja a nyom\u00e1st, \u00e9s kiegyens\u00falyozott puhas\u00e1ggal rendelkezik.<\/li>\n<li><strong>Sz\u00e9lesk\u00f6r\u0171 alkalmaz\u00e1s:<\/strong> Ez a nyakt\u00e1maszt\u00f3 p\u00e1rna kiv\u00e1l\u00f3an alkalmas id\u0151sek, irodai dolgoz\u00f3k, tan\u00e1rok \u00e9s alv\u00e1szavarokkal k\u00fczd\u0151k sz\u00e1m\u00e1ra. Ha id\u0151r\u0151l id\u0151re \u00fagy \u00e9rzi, hogy a h\u00e9tk\u00f6znapi alv\u00e1s nem tudja enyh\u00edteni a v\u00e1llak \u00e9s a nyak f\u00e1jdalm\u00e1t \u00e9s f\u00e1radts\u00e1g\u00e1t, ez az ergonomikus t\u00e1maszt\u00f3p\u00e1rna lesz a legjobb v\u00e1laszt\u00e1s. A tudom\u00e1nyosan megtervezett sz\u00f6g \u00e9s kont\u00far k\u00e9nyelmes alv\u00e1st \u00e9s megk\u00f6nnyebb\u00fcl\u00e9st biztos\u00edt a v\u00e1llf\u00e1jdalmak ellen.<\/li>\n<li><strong>Ide\u00e1lis alv\u00e1si poz\u00edci\u00f3:<\/strong>\u00a0A helyes alv\u00e1si testtart\u00e1s jav\u00edtja az alv\u00e1s min\u0151s\u00e9g\u00e9t \u00e9s gyorsan oldja a fizikai f\u00e1radts\u00e1got \u00e9s a ment\u00e1lis stresszt. Megtervezett kont\u00farp\u00e1rn\u00e1nk hat\u00e9konyan enyh\u00edti a nyak-, v\u00e1ll-, h\u00e1t- \u00e9s der\u00e9kf\u00e1j\u00e1st.<\/li>\n<\/ul>","protected":false},"featured_media":3405,"comment_status":"open","ping_status":"closed","template":"","meta":[],"product_brand":[],"product_cat":[228],"product_tag":[],"class_list":{"0":"post-3413","1":"product","2":"type-product","3":"status-publish","4":"has-post-thumbnail","6":"product_cat-cushions","8":"first","9":"outofstock","10":"featured","11":"shipping-taxable","12":"purchasable","13":"product-type-simple"},"_links":{"self":[{"href":"https:\/\/www.largepillow.com\/hu\/wp-json\/wp\/v2\/product\/3413","targetHints":{"allow":["GET"]}}],"collection":[{"href":"https:\/\/www.largepillow.com\/hu\/wp-json\/wp\/v2\/product"}],"about":[{"href":"https:\/\/www.largepillow.com\/hu\/wp-json\/wp\/v2\/types\/product"}],"replies":[{"embeddable":true,"href":"https:\/\/www.largepillow.com\/hu\/wp-json\/wp\/v2\/comments?post=3413"}],"wp:featuredmedia":[{"embeddable":true,"href":"https:\/\/www.largepillow.com\/hu\/wp-json\/wp\/v2\/media\/3405"}],"wp:attachment":[{"href":"https:\/\/www.largepillow.com\/hu\/wp-json\/wp\/v2\/media?parent=3413"}],"wp:term":[{"taxonomy":"product_brand","embeddable":true,"href":"https:\/\/www.largepillow.com\/hu\/wp-json\/wp\/v2\/product_brand?post=3413"},{"taxonomy":"product_cat","embeddable":true,"href":"https:\/\/www.largepillow.com\/hu\/wp-json\/wp\/v2\/product_cat?post=3413"},{"taxonomy":"product_tag","embeddable":true,"href":"https:\/\/www.largepillow.com\/hu\/wp-json\/wp\/v2\/product_tag?post=3413"}],"curies":[{"name":"wp","href":"https:\/\/api.w.org\/{rel}","templated":true}]}}