{"id":3491,"date":"2024-07-25T03:29:02","date_gmt":"2024-07-25T03:29:02","guid":{"rendered":"https:\/\/www.largepillow.com\/product\/big-gray-bed-reading-pillow-with-arms-lumbar-support"},"modified":"2024-10-03T16:31:25","modified_gmt":"2024-10-03T16:31:25","slug":"nagy-szurke-agy-olvasoparna-karok-derektamasszal","status":"publish","type":"product","link":"https:\/\/www.largepillow.com\/hu\/product\/big-gray-bed-reading-pillow-with-arms-lumbar-support\/","title":{"rendered":"Nagy sz\u00fcrke \u00e1gy olvas\u00f3p\u00e1rna kar- \u00e9s der\u00e9kt\u00e1masszal"},"content":{"rendered":"[zc_getpagecontent mb=&#8221;mb_aplus&#8221; apid=&#8221;68&#8243;]\n","protected":false},"excerpt":{"rendered":"<ul>\n<li>Puha b\u00e1rsonysz\u00f6vet: Ez a kiv\u00e1l\u00f3 min\u0151s\u00e9g\u0171 \u00e1gysz\u00e9k olvas\u00f3p\u00e1rna kiv\u00e1l\u00f3 min\u0151s\u00e9g\u0171 PP pamuttal van t\u00f6ltve, amely puha \u00e9s rugalmas, \u00edgy hihetetlen\u00fcl k\u00e9nyelmesen \u00e9rzi mag\u00e1t. A p\u00e1rnahuzat sima holland b\u00e1rsony anyagb\u00f3l k\u00e9sz\u00fclt, finom \u00e9s b\u0151rbar\u00e1t tapint\u00e1ssal. A pl\u00fcss p\u00e1rnahuzatok levehet\u0151k \u00e9s mos\u00f3g\u00e9pben moshat\u00f3k.<\/li>\n<li>M\u00e9ret: A p\u00e1rna 56 cm magas \u00e9s 89 cm sz\u00e9les, \u00edgy szil\u00e1rd, b\u0151s\u00e9ges h\u00e1tt\u00e1maszt biztos\u00edt. Mindegyik kar 19 cm vastag a v\u00e1llak \u00e9s a nyak megt\u00e1maszt\u00e1s\u00e1ra, enyh\u00edti az izomfesz\u00fclts\u00e9get \u00e9s ellaz\u00edtja a testet. S\u00faly: 2,9 kg. Mos\u00e1s: Mos\u00f3g\u00e9pben k\u00fcl\u00f6n moshat\u00f3 hidegen a k\u00f6nnyebb \u00e1pol\u00e1s \u00e9rdek\u00e9ben.<\/li>\n<li>Cipz\u00e1rak: A p\u00e1rnahuzat alja egy sz\u00ednben passzol\u00f3 l\u00e1thatatlan cipz\u00e1r, az eleg\u00e1ns megjelen\u00e9s, a k\u00f6nny\u0171 behelyez\u00e9s \u00e9s mos\u00e1s \u00e9rdek\u00e9ben. K\u00e9tr\u00e9teg\u0171 v\u00e9delem a p\u00e1rnahuzatokhoz \u00e9s a b\u00e9l\u00e9shez, egyszer\u0171en h\u00fazza ki a bels\u0151 b\u00e9l\u00e9s cipz\u00e1rj\u00e1t, hogy szem\u00e9lyre szabott k\u00e9nyelmi szintre \u00e1ll\u00edtsa a t\u00f6ltel\u00e9ket, sz\u00fcks\u00e9g szerint elosztva a c\u00e9lzott t\u00e1mogat\u00e1s \u00e9rdek\u00e9ben. Ha extra t\u00f6ltel\u00e9kre van sz\u00fcks\u00e9ge, sz\u00edvesen adunk tov\u00e1bbi pp-pamutot.<\/li>\n<li>Az er\u0151s kart\u00e1masz\u00fa olvas\u00f3p\u00e1rna bizonyos magass\u00e1gban megt\u00e1masztja a k\u00f6ny\u00f6k helyzet\u00e9t. A puha \u00e9s vastag h\u00e1tt\u00e1mla hosszan tart\u00f3 rugalmass\u00e1ggal, 2 dekorat\u00edv gombbal, meger\u0151s\u00edtett varr\u00e1ssal \u00e9s t\u00f6m\u00edt\u00e9ssel rendelkezik, amely teljes \u00e9s teljes megjelen\u00e9st k\u00f6lcs\u00f6n\u00f6z az ergonomikusabb h\u00e1t relax\u00e1ci\u00f3s g\u00f6rb\u00e9nek. Olvas\u00f3p\u00e1rn\u00e1nk nemcsak k\u00e9nyelmes \u00e9s aranyos, hanem vil\u00e1gos \u00e9s sz\u00ednes diz\u00e1jnnal is rendelkezik, amely sz\u00ednpomp\u00e1t k\u00f6lcs\u00f6n\u00f6z minden helyis\u00e9gnek.<\/li>\n<li>Csomagolja ki, \u00e9lvezze: Az \u00e1gyon \u00fcl\u0151 h\u00e1ts\u00f3 p\u00e1rna sz\u00e1ll\u00edt\u00e1s k\u00f6zben \u00f6sszenyom\u00f3dik. Egyszer\u0171en csomagolja ki, \u00e9s v\u00e1rjon 24-48 \u00f3r\u00e1t a teljes kib\u0151v\u00edt\u00e9shez.<\/li>\n<\/ul>","protected":false},"featured_media":3482,"comment_status":"open","ping_status":"closed","template":"","meta":[],"product_brand":[],"product_cat":[228],"product_tag":[],"class_list":{"0":"post-3491","1":"product","2":"type-product","3":"status-publish","4":"has-post-thumbnail","6":"product_cat-cushions","8":"first","9":"outofstock","10":"shipping-taxable","11":"purchasable","12":"product-type-simple"},"_links":{"self":[{"href":"https:\/\/www.largepillow.com\/hu\/wp-json\/wp\/v2\/product\/3491","targetHints":{"allow":["GET"]}}],"collection":[{"href":"https:\/\/www.largepillow.com\/hu\/wp-json\/wp\/v2\/product"}],"about":[{"href":"https:\/\/www.largepillow.com\/hu\/wp-json\/wp\/v2\/types\/product"}],"replies":[{"embeddable":true,"href":"https:\/\/www.largepillow.com\/hu\/wp-json\/wp\/v2\/comments?post=3491"}],"wp:featuredmedia":[{"embeddable":true,"href":"https:\/\/www.largepillow.com\/hu\/wp-json\/wp\/v2\/media\/3482"}],"wp:attachment":[{"href":"https:\/\/www.largepillow.com\/hu\/wp-json\/wp\/v2\/media?parent=3491"}],"wp:term":[{"taxonomy":"product_brand","embeddable":true,"href":"https:\/\/www.largepillow.com\/hu\/wp-json\/wp\/v2\/product_brand?post=3491"},{"taxonomy":"product_cat","embeddable":true,"href":"https:\/\/www.largepillow.com\/hu\/wp-json\/wp\/v2\/product_cat?post=3491"},{"taxonomy":"product_tag","embeddable":true,"href":"https:\/\/www.largepillow.com\/hu\/wp-json\/wp\/v2\/product_tag?post=3491"}],"curies":[{"name":"wp","href":"https:\/\/api.w.org\/{rel}","templated":true}]}}