{"id":3516,"date":"2024-07-25T03:42:01","date_gmt":"2024-07-25T03:42:01","guid":{"rendered":"https:\/\/www.largepillow.com\/product\/ear-piercing-pillow-for-side-sleepers-memory-foam-with-holes"},"modified":"2026-04-06T12:03:16","modified_gmt":"2026-04-06T12:03:16","slug":"fullyukaszto-parna-oldalt-alvokhoz-memoriahab-lyukakkal","status":"publish","type":"product","link":"https:\/\/www.largepillow.com\/hu\/product\/ear-piercing-pillow-for-side-sleepers-memory-foam-with-holes\/","title":{"rendered":"F\u00fcllyukaszt\u00f3 p\u00e1rna oldals\u00f3 talpf\u00e1hoz mem\u00f3riahab lyukakkal"},"content":{"rendered":"[zc_getpagecontent mb=&#8221;mb_aplus&#8221; apid=&#8221;65&#8243;]\n","protected":false},"excerpt":{"rendered":"<ul>\n<li><strong>M\u00e9ret r\u00e9szletei:<\/strong> a f\u00fclp\u00e1rna \u00e1tm\u00e9r\u0151je kb. 54*35*10cm hossz\u00fa sz\u00e9less\u00e9gben \u00e9s vastags\u00e1gban, a f\u00fcllyuk bels\u0151 \u00e1tm\u00e9r\u0151je kb 15*10cm hossz\u00fas\u00e1gban \u00e9s sz\u00e9less\u00e9g\u0171, a k\u00e9t nagy lyuk k\u00e9nyelmesebb, p\u00e1rn\u00e1nk szinte semmilyen nyom\u00e1st nem gyakorol f\u00fcle, hagyja teljesen ellazulni a nyak\u00e1t \u00e9s a fej\u00e9t, \u00e9s megsz\u00fcnteti a fesz\u00fclts\u00e9get \u00e9s stresszt, \u00edgy gyorsan alv\u00f3 \u00e1llapotba ker\u00fclhet, mik\u00f6zben el\u00e9g nagy ahhoz, hogy fejhallgat\u00f3 is elf\u00e9rjen benne a nagyobb k\u00e9nyelem \u00e9s k\u00e9nyelem \u00e9rdek\u00e9ben<\/li>\n<li><strong>Maxim\u00e1lis f\u00fclk\u00e9nyelem:<\/strong> a f\u00fcllyukaszt\u00f3 p\u00e1rna Memory Foam Pillow Core anyagb\u00f3l k\u00e9sz\u00fclt, mely puha \u00e9s t\u00e1maszt\u00f3 j\u00f3 tulajdons\u00e1gokkal rendelkezik, \u00fagy alszik, mint a felh\u0151n. A p\u00e1rnahuzat l\u00e9gr\u00e9teg\u0171 pamutsz\u00f6vetb\u0151l k\u00e9sz\u00fclt, mely puha, l\u00e9g\u00e1tereszt\u0151 \u00e9s h\u0171s\u00edt\u0151. Minden anyag b\u0151rbar\u00e1t \u00e9s biztons\u00e1gos, \u00edgy reggelente ragyog\u00f3 arccal \u00e9bredsz<\/li>\n<li><strong>F\u00fclf\u00e1jdalomcsillap\u00edt\u00e1s:<\/strong> a f\u00fcllyukaszt\u00f3 p\u00e1rna nagyon hasznos a f\u00fclf\u00e1jdalmak enyh\u00edt\u00e9s\u00e9ben alv\u00e1s k\u00f6zben. ha f\u00fclsz\u00far\u00e1st vagy f\u00fcls\u00e9r\u00fcl\u00e9st szenved, Ha megszokta, hogy f\u00fcldug\u00f3t vagy fejhallgat\u00f3t hordjon alv\u00e1s k\u00f6zben, t\u00e1vol a zajt\u00f3l vagy partnere horkol, ez a f\u00fcllyuk\u00fa p\u00e1rna k\u00fcl\u00f6nleges meglepet\u00e9st jelent sz\u00e1modra, csendes alv\u00e1st biztos\u00edt, vagy zen\u00e9re elalszol. f\u00fclf\u00e1jdalmak n\u00e9lk\u00fcl<\/li>\n<li><strong>Sokoldal\u00fa kialak\u00edt\u00e1s:<\/strong> a dupla f\u00fcllyuk\u00fa kialak\u00edt\u00e1s\u00fa piercing p\u00e1rna oldals\u00f3 alv\u00f3r\u00e9sze a f\u00fcllyukaszt\u00f3t \u00e9s fejhallgat\u00f3t visel\u0151 oldals\u00f3 alv\u00f3k sz\u00e1m\u00e1ra seg\u00edt enyh\u00edteni a f\u00fclf\u00e1j\u00e1st. A h\u00e1ts\u00f3 alv\u00f3r\u00e9sz pedig megt\u00e1masztja a nyak\u00e1t az eg\u00e9sz \u00e9jszakai \u00e9des alv\u00e1shoz. Az \u00edvelt kont\u00far kialak\u00edt\u00e1sa ergonomikusabb illeszked\u00e9st biztos\u00edt a nyak \u00e9s a v\u00e1llak k\u00f6r\u00fcl, a p\u00e1rna k\u00f6zep\u00e9n l\u00e9v\u0151 kis lyuk t\u00f6k\u00e9letesen illeszkedik a f\u00fcl\u00e9hez, kellemes alv\u00e1si \u00e9lm\u00e9nyt biztos\u00edt<\/li>\n<li><strong>Sz\u00e9lesk\u00f6r\u0171 alkalmaz\u00e1s:<\/strong> a f\u00fcllyukaszt\u00f3 p\u00e1rna t\u00f6bb, mint egy p\u00e1rna; ez egy komplett megold\u00e1s. A nagy f\u00fclny\u00edl\u00e1s k\u00e9nyelmesen elhelyezi a f\u00fclbeval\u00f3t, a hall\u00f3k\u00e9sz\u00fcl\u00e9keket, a zajsz\u0171r\u0151s f\u00fcldug\u00f3kat \u00e9s a fejhallgat\u00f3kat, \u00edgy ide\u00e1lis v\u00e1laszt\u00e1s azok sz\u00e1m\u00e1ra, akik k\u00fcl\u00f6nf\u00e9le f\u00fclig\u00e9nyekkel rendelkeznek.<\/li>\n<\/ul>","protected":false},"featured_media":3509,"comment_status":"open","ping_status":"closed","template":"","meta":[],"product_brand":[],"product_cat":[228],"product_tag":[],"class_list":{"0":"post-3516","1":"product","2":"type-product","3":"status-publish","4":"has-post-thumbnail","6":"product_cat-cushions","8":"first","9":"instock","10":"shipping-taxable","11":"purchasable","12":"product-type-simple"},"_links":{"self":[{"href":"https:\/\/www.largepillow.com\/hu\/wp-json\/wp\/v2\/product\/3516","targetHints":{"allow":["GET"]}}],"collection":[{"href":"https:\/\/www.largepillow.com\/hu\/wp-json\/wp\/v2\/product"}],"about":[{"href":"https:\/\/www.largepillow.com\/hu\/wp-json\/wp\/v2\/types\/product"}],"replies":[{"embeddable":true,"href":"https:\/\/www.largepillow.com\/hu\/wp-json\/wp\/v2\/comments?post=3516"}],"wp:featuredmedia":[{"embeddable":true,"href":"https:\/\/www.largepillow.com\/hu\/wp-json\/wp\/v2\/media\/3509"}],"wp:attachment":[{"href":"https:\/\/www.largepillow.com\/hu\/wp-json\/wp\/v2\/media?parent=3516"}],"wp:term":[{"taxonomy":"product_brand","embeddable":true,"href":"https:\/\/www.largepillow.com\/hu\/wp-json\/wp\/v2\/product_brand?post=3516"},{"taxonomy":"product_cat","embeddable":true,"href":"https:\/\/www.largepillow.com\/hu\/wp-json\/wp\/v2\/product_cat?post=3516"},{"taxonomy":"product_tag","embeddable":true,"href":"https:\/\/www.largepillow.com\/hu\/wp-json\/wp\/v2\/product_tag?post=3516"}],"curies":[{"name":"wp","href":"https:\/\/api.w.org\/{rel}","templated":true}]}}