{"id":3541,"date":"2024-07-25T04:17:47","date_gmt":"2024-07-25T04:17:47","guid":{"rendered":"https:\/\/www.largepillow.com\/product\/dog-car-seat-and-pet-carrier-for-small-and-medium-dogs"},"modified":"2024-12-04T22:51:12","modified_gmt":"2024-12-04T22:51:12","slug":"autos-kutyaules-es-kisallathordozo-kis-es-kozepes-kutyak-szamara","status":"publish","type":"product","link":"https:\/\/www.largepillow.com\/hu\/product\/dog-car-seat-and-pet-carrier-for-small-and-medium-dogs","title":{"rendered":"Kutya aut\u00f3s\u00fcl\u00e9s \u00e9s kis\u00e1llathordoz\u00f3 kis \u00e9s k\u00f6zepes kuty\u00e1k sz\u00e1m\u00e1ra"},"content":{"rendered":"[zc_getpagecontent mb=&#8221;mb_aplus&#8221; apid=&#8221;63&#8243;]\n","protected":false},"excerpt":{"rendered":"<ul>\n<li><strong>Kutya aut\u00f3\u00fcl\u00e9s vezet\u00e9shez:<\/strong> A kistest\u0171 kuty\u00e1k aut\u00f3s\u00fcl\u00e9se a biztons\u00e1got helyezi el\u0151t\u00e9rbe. A biztons\u00e1gi \u00f6v szil\u00e1rdan a hely\u00e9n tartja a hordozhat\u00f3 aut\u00f3s\u00fcl\u00e9st, \u00e9s megakad\u00e1lyozza annak elcs\u00fasz\u00e1s\u00e1t az aut\u00f3ban. H\u00e1zi kedvence nem zavarja \u00d6nt vezet\u00e9s k\u00f6zben. Az \u00e1ll\u00edthat\u00f3 hevederek a legt\u00f6bb aut\u00f3hoz, aut\u00f3hoz \u00e9s SUV-hoz illeszkednek. A hevederkamp\u00f3k tov\u00e1bbi biztons\u00e1gi r\u00e9teget adnak, hogy megakad\u00e1lyozz\u00e1k kedvence kiugr\u00e1s\u00e1t.<\/li>\n<li><strong>3 az 1-ben t\u00f6bbc\u00e9l\u00fa kialak\u00edt\u00e1s:<\/strong> A kis\u00e1llatt\u00e1ska nem csak kis\u00e1llathordoz\u00f3, hanem k\u00e9nyelmes kis\u00e1llat\u00e1gy \u00e9s kutyakocsi\u00fcl\u00e9s is! Egyszer\u0171en hajtsa \u00f6ssze a t\u00f6bbfunkci\u00f3s kialak\u00edt\u00e1st, \u00e9s alak\u00edtsa \u00e1t hangulatos kis\u00e1llat \u00e1ggy\u00e1.<\/li>\n<li><strong>Puha oldal\u00fa kutyahordoz\u00f3:<\/strong> A 45*30*34 cm (HxSzxM) m\u00e9ret\u0171, puha oldal\u00fa kutyahordoz\u00f3 kis \u00e9s k\u00f6zepes m\u00e9ret\u0171 kuty\u00e1k vagy nagy macsk\u00e1k sz\u00e1m\u00e1ra k\u00e9sz\u00fclt. K\u00f6nny\u0171 \u00e9s hordozhat\u00f3 utaz\u00e1shoz, s\u00e9t\u00e1hoz \u00e9s edz\u00e9shez. A mell\u00e9kelt p\u00e1rn\u00e1z\u00e1s maxim\u00e1lis k\u00e9nyelmet biztos\u00edt.<\/li>\n<li><strong>Ig\u00e9nyes diz\u00e1jn:<\/strong> A k\u00f6zepes m\u00e9ret\u0171 kuty\u00e1k sz\u00e1m\u00e1ra k\u00e9sz\u00fclt kutyahordoz\u00f3 luxus kialak\u00edt\u00e1s\u00fa, kifejezetten kis h\u00e1zi kedvencek, p\u00e9ld\u00e1ul macsk\u00e1k \u00e9s kuty\u00e1k sz\u00e1m\u00e1ra k\u00e9sz\u00fclt. Ennek a macskat\u00e1skahordoz\u00f3nak a m\u0171b\u0151r foganty\u00faja kiemeli ennek a macskahordoz\u00f3nak a divatos elem\u00e9t.<\/li>\n<li><strong>K\u00e9toldalas p\u00e1rna:<\/strong> Ez a k\u00f6zepes m\u00e9ret\u0171 kuty\u00e1knak val\u00f3 kutyahordoz\u00f3 az egyik oldalon pl\u00fcss anyagb\u00f3l, a m\u00e1sikon l\u00e9g\u00e1tereszt\u0151 anyagb\u00f3l k\u00e9sz\u00fclt, ez a macskatart\u00f3 az \u00e9vszaknak \u00e9s az id\u0151j\u00e1r\u00e1snak megfelel\u0151en \u00e1ll\u00edthat\u00f3.<\/li>\n<li><strong>Praktikus \u00e9s t\u00f6bbfunkci\u00f3s:<\/strong> Amellett, hogy kis kutyahord\u00f3 t\u00e1skak\u00e9nt szolg\u00e1l k\u00fclt\u00e9ri kir\u00e1ndul\u00e1sokhoz, ez a kiskuty\u00e1knak val\u00f3 kiskutya hordoz\u00f3 is haszn\u00e1lhat\u00f3 kutyakocsi-\u00fcl\u00e9sk\u00e9nt kistest\u0171 kuty\u00e1k sz\u00e1m\u00e1ra az aut\u00f3ban, k\u00e9nyelmes helyet biztos\u00edtva a kis\u00e1llatoknak v\u00e1s\u00e1rl\u00e1s, utaz\u00e1s vagy ak\u00e1r aut\u00f3z\u00e1s k\u00f6zben. utaz\u00e1s.<\/li>\n<li><strong>Kiv\u00e1l\u00f3 min\u0151s\u00e9g\u0171 anyag:<\/strong> A k\u00e9nyelmes, l\u00e9g\u00e1tereszt\u0151 anyag \u00e9s a szil\u00e1rd, t\u00e1maszt\u00f3 PP pamut t\u00f6ltet haszn\u00e1lata a kistest\u0171 kuty\u00e1knak sz\u00e1nt kutyahordoz\u00f3 t\u00e1sk\u00e1ban nem csak st\u00edlusos szerkezetet \u00e9s hangulatot k\u00f6lcs\u00f6n\u00f6z a kutyatart\u00f3 t\u00e1sk\u00e1nak, hanem biztos\u00edtja annak k\u00e9nyelm\u00e9t is.<\/li>\n<li><strong>Ide\u00e1lis aj\u00e1nd\u00e9k:<\/strong> A kiskuty\u00e1knak val\u00f3 kiskutya t\u00e1ska az otthoni k\u00e9nyelmet k\u00edn\u00e1lja kedvenceinek a szabadt\u00e9ri tev\u00e9kenys\u00e9gek sor\u00e1n. Rendk\u00edv\u00fcl praktikus kir\u00e1ndul\u00e1sokhoz, v\u00e1s\u00e1rl\u00e1shoz, \u00e1llatorvosi l\u00e1togat\u00e1sokhoz vagy s\u00e9t\u00e1khoz.<\/li>\n<li><strong>Kezel\u00e9si \u00fatmutat\u00f3:<\/strong> Egyszer\u0171en v\u00e1lassza le a p\u00e1rn\u00e1t a t\u00e1sk\u00e1r\u00f3l, \u00e9s tegye be a mos\u00f3g\u00e9pbe, nincs t\u00f6bb t\u00f6r\u00f6tt cipz\u00e1r az \u00e1gytakar\u00f3 elt\u00e1vol\u00edt\u00e1sakor, a p\u00e1rna k\u00e9toldalas \u00e9s levehet\u0151, \u00edgy nyugodtan adja hozz\u00e1 kuty\u00e1ja kedvenc \u00e1gynem\u0171j\u00e9t.<\/li>\n<li><strong>Jegyzet:<\/strong> A kis\u00e1llat aut\u00f3sz\u0151nyeg v\u00e1kuum-s\u0171r\u00edtett csomagol\u00e1sban van, enyh\u00e9n deform\u00e1l\u00f3dhat, amikor csak kinyitod, ami norm\u00e1lis \u00e9s nem min\u0151s\u00e9gi probl\u00e9ma.<\/li>\n<\/ul>","protected":false},"featured_media":3527,"comment_status":"open","ping_status":"closed","template":"","meta":[],"product_brand":[],"product_cat":[227],"product_tag":[],"class_list":{"0":"post-3541","1":"product","2":"type-product","3":"status-publish","4":"has-post-thumbnail","6":"product_cat-pet-supplies","8":"first","9":"outofstock","10":"shipping-taxable","11":"purchasable","12":"product-type-simple"},"_links":{"self":[{"href":"https:\/\/www.largepillow.com\/hu\/wp-json\/wp\/v2\/product\/3541","targetHints":{"allow":["GET"]}}],"collection":[{"href":"https:\/\/www.largepillow.com\/hu\/wp-json\/wp\/v2\/product"}],"about":[{"href":"https:\/\/www.largepillow.com\/hu\/wp-json\/wp\/v2\/types\/product"}],"replies":[{"embeddable":true,"href":"https:\/\/www.largepillow.com\/hu\/wp-json\/wp\/v2\/comments?post=3541"}],"wp:featuredmedia":[{"embeddable":true,"href":"https:\/\/www.largepillow.com\/hu\/wp-json\/wp\/v2\/media\/3527"}],"wp:attachment":[{"href":"https:\/\/www.largepillow.com\/hu\/wp-json\/wp\/v2\/media?parent=3541"}],"wp:term":[{"taxonomy":"product_brand","embeddable":true,"href":"https:\/\/www.largepillow.com\/hu\/wp-json\/wp\/v2\/product_brand?post=3541"},{"taxonomy":"product_cat","embeddable":true,"href":"https:\/\/www.largepillow.com\/hu\/wp-json\/wp\/v2\/product_cat?post=3541"},{"taxonomy":"product_tag","embeddable":true,"href":"https:\/\/www.largepillow.com\/hu\/wp-json\/wp\/v2\/product_tag?post=3541"}],"curies":[{"name":"wp","href":"https:\/\/api.w.org\/{rel}","templated":true}]}}