{"id":3555,"date":"2024-07-25T04:27:49","date_gmt":"2024-07-25T04:27:49","guid":{"rendered":"https:\/\/www.largepillow.com\/product\/modern-fluffy-cat-small-dog-bed-with-washable-cover"},"modified":"2025-07-15T08:12:33","modified_gmt":"2025-07-15T08:12:33","slug":"modern-bolyhos-macska-kis-kutyaagy-moshato-huzattal","status":"publish","type":"product","link":"https:\/\/www.largepillow.com\/hu\/product\/modern-fluffy-cat-small-dog-bed-with-washable-cover\/","title":{"rendered":"Modern bolyhos macska- \u00e9s kiskutya\u00e1gy moshat\u00f3 huzattal"},"content":{"rendered":"[zc_getpagecontent mb=&#8221;mb_aplus&#8221; apid=&#8221;61&#8243;]\n","protected":false},"excerpt":{"rendered":"<ul>\n<li>Egyedi diz\u00e1jn: Modern kis\u00e1llat-kanap\u00e9, n\u00e9lk\u00fcl\u00f6zhetetlen v\u00e1laszt\u00e1s \u00e1llatb\u00fatorokhoz \u00e9s st\u00edlusos akcentusa otthon\u00e1nak. Divatos diz\u00e1jnja \u00e9s l\u00e1gy sz\u00ednv\u00e1laszt\u00e9ka t\u00f6k\u00e9letesen kieg\u00e9sz\u00edti b\u00e1rmely otthoni dekor\u00e1ci\u00f3t.<\/li>\n<li>Pr\u00e9mium anyagok: A kukoricaszem b\u00e1rsony el\u0151nyei \u2013 l\u00e9g\u00e1tereszt\u0151, puha, k\u00e9nyelmes \u00e9s tart\u00f3s. PP pamut t\u00f6ltettel bolyhos kutya\u00e1gyhoz. A cs\u00fasz\u00e1smentes als\u00f3 kialak\u00edt\u00e1s megakad\u00e1lyozza a mozg\u00e1st.<\/li>\n<li>K\u00f6nnyen elt\u00e1vol\u00edthat\u00f3 tiszt\u00edt\u00e1shoz: Az alja cipz\u00e1ras kialak\u00edt\u00e1s\u00fa, \u00edgy nagyon k\u00f6nnyen elt\u00e1vol\u00edthat\u00f3 \u00e9s tiszt\u00edthat\u00f3. K\u00f6zvetlen\u00fcl mos\u00f3g\u00e9pben moshat\u00f3 a probl\u00e9mamentes tiszt\u00edt\u00e1s \u00e9rdek\u00e9ben. A babzs\u00e1kos kutya\u00e1gy bels\u0151 t\u00f6ltete 2 kivehet\u0151 r\u00e9szre van osztva, \u00edgy a huzat k\u00f6nnyen moshat\u00f3. Az \u00f6sszeszerel\u00e9s is egyszer\u0171, az \u00f6sszeszerel\u00e9si vide\u00f3 is el\u00e9rhet\u0151.<\/li>\n<li>T\u00f6bb h\u00e1zi kedvencnek is megfelel: Legyen sz\u00f3 kis kuty\u00e1r\u00f3l, j\u00e1t\u00e9kos macsk\u00e1r\u00f3l vagy ak\u00e1r nyuszir\u00f3l, macskakanap\u00e9nk 30 font alatti kedvencek sz\u00e1m\u00e1ra is megfelel\u0151. T\u00e1gas pihen\u0151ter\u00fclet\u00e9vel \u00e9s massz\u00edv szerkezet\u00e9vel k\u00e9nyelmesen elb\u00edrja kedvence s\u00faly\u00e1t, mik\u00f6zben hangulatos pihen\u0151helyet biztos\u00edt.<\/li>\n<li>Eg\u00e9sz \u00e9vszakos haszn\u00e1lat: A macska nyug\u00e1gy figyelembe veszi a k\u00fcl\u00f6nb\u00f6z\u0151 szezon\u00e1lis ig\u00e9nyeket, hogy kedvence sz\u00e1m\u00e1ra mindig a legjobb alv\u00e1si \u00e9lm\u00e9nyt ny\u00fajtsa, legyen sz\u00f3 hideg t\u00e9li napokr\u00f3l vagy meleg ny\u00e1rr\u00f3l \u2013 eg\u00e9sz \u00e9vben haszn\u00e1lhat\u00f3. \u00c9s a kutya kanap\u00e9\u00e1gyunk v\u00e1kuumcsomagol\u00e1sban van egy dobozban. Haszn\u00e1lat el\u0151tt a macska squishmallow \u00e1gyat \u00fct\u00f6get\u00e9ssel \u00f6bl\u00edtse le teljesen, \u00e9s haszn\u00e1lat ut\u00e1n v\u00e1rjon 48 \u00f3r\u00e1t, miel\u0151tt finom r\u00e1z\u00e1ssal visszanyeri eredeti form\u00e1j\u00e1t.<\/li>\n<\/ul>","protected":false},"featured_media":3542,"comment_status":"open","ping_status":"closed","template":"","meta":[],"product_brand":[],"product_cat":[227],"product_tag":[],"class_list":{"0":"post-3555","1":"product","2":"type-product","3":"status-publish","4":"has-post-thumbnail","6":"product_cat-pet-supplies","8":"first","9":"instock","10":"shipping-taxable","11":"purchasable","12":"product-type-simple"},"_links":{"self":[{"href":"https:\/\/www.largepillow.com\/hu\/wp-json\/wp\/v2\/product\/3555","targetHints":{"allow":["GET"]}}],"collection":[{"href":"https:\/\/www.largepillow.com\/hu\/wp-json\/wp\/v2\/product"}],"about":[{"href":"https:\/\/www.largepillow.com\/hu\/wp-json\/wp\/v2\/types\/product"}],"replies":[{"embeddable":true,"href":"https:\/\/www.largepillow.com\/hu\/wp-json\/wp\/v2\/comments?post=3555"}],"wp:featuredmedia":[{"embeddable":true,"href":"https:\/\/www.largepillow.com\/hu\/wp-json\/wp\/v2\/media\/3542"}],"wp:attachment":[{"href":"https:\/\/www.largepillow.com\/hu\/wp-json\/wp\/v2\/media?parent=3555"}],"wp:term":[{"taxonomy":"product_brand","embeddable":true,"href":"https:\/\/www.largepillow.com\/hu\/wp-json\/wp\/v2\/product_brand?post=3555"},{"taxonomy":"product_cat","embeddable":true,"href":"https:\/\/www.largepillow.com\/hu\/wp-json\/wp\/v2\/product_cat?post=3555"},{"taxonomy":"product_tag","embeddable":true,"href":"https:\/\/www.largepillow.com\/hu\/wp-json\/wp\/v2\/product_tag?post=3555"}],"curies":[{"name":"wp","href":"https:\/\/api.w.org\/{rel}","templated":true}]}}