{"id":3563,"date":"2024-07-25T05:38:21","date_gmt":"2024-07-25T05:38:21","guid":{"rendered":"https:\/\/www.largepillow.com\/product\/self-supporting-wedge-backrest-cushion-for-reading"},"modified":"2025-04-20T21:59:31","modified_gmt":"2025-04-20T21:59:31","slug":"onhordo-ekes-hattamla-parna-az-olvasashoz","status":"publish","type":"product","link":"https:\/\/www.largepillow.com\/hu\/product\/self-supporting-wedge-backrest-cushion-for-reading\/","title":{"rendered":"\u00d6nt\u00e1maszt\u00f3 \u00e9kes h\u00e1tt\u00e1mla p\u00e1rna az olvas\u00e1shoz"},"content":{"rendered":"[zc_getpagecontent mb=&#8221;mb_aplus&#8221; apid=&#8221;58&#8243;]\n","protected":false},"excerpt":{"rendered":"<ul>\n<li>Min\u0151s\u00e9gi anyag: az \u00f6nhord\u00f3 h\u00e1tt\u00e1mla p\u00e1rna \u00e9k alak\u00fa t\u00e1maszb\u00f3l \u00e9s h\u00e1tt\u00e1mla p\u00e1rn\u00e1b\u00f3l \u00e1ll, amelyek szivacstart\u00f3b\u00f3l \u00e9s PP pamut t\u00f6lt\u00e9s\u0171 p\u00e1rn\u00e1b\u00f3l k\u00e9sz\u00fclnek, a cipz\u00e1r k\u00f6zepe, a szivacs alja cs\u00fasz\u00e1sg\u00e1tl\u00f3val n\u00f6veli az ellen\u00e1ll\u00e1st , a p\u00e1rna nem ig\u00e9nyel tov\u00e1bbi t\u00e1maszt\u00e9kot fel lehet \u00e1llni, az \u00e9kt\u00e1masz p\u00e1rn\u00e1ra t\u00e1maszkodva nagyobb szil\u00e1rds\u00e1g\u00fa a stabilabb \u00e9s pihentet\u0151bb<\/li>\n<li>M\u00e9retr\u00e9szlet: az olvas\u00f3p\u00e1rna 75 \u00d7 58 \u00d7 55 cm hossz\u00fas\u00e1g\u00fa, sz\u00e9less\u00e9ge \u00e9s magass\u00e1ga, \u00edgy szil\u00e1rd h\u00e1tt\u00e1maszt biztos\u00edt. A gerincet al\u00e1t\u00e1maszt\u00f3 szivacsos \u00edv, PP pamut p\u00e1rna illeszkedik a testedhez, amikor a h\u00e1tt\u00e1ml\u00e1ra t\u00e1maszkodsz, a k\u00e9t oldal befel\u00e9 form\u00e1ja nagy \u00f6lel\u00e9sk\u00e9nt \u00f6lel, k\u00f6rk\u00f6r\u00f6sen megt\u00e1masztja a h\u00e1tat, t\u00e1maszt\u00f3 \u00e9s puha \u00e9s k\u00e9nyelmes<\/li>\n<li>Ergonomikus kialak\u00edt\u00e1s: az \u00e1gy melletti kanap\u00e9 p\u00e1rna h\u00e1tt\u00e1ml\u00e1j\u00e1t kifejezetten \u00fagy tervezt\u00e9k, hogy ut\u00e1nozza az emberi gerinc term\u00e9szetes \u00edv\u00e9t, \u00edgy elegend\u0151 t\u00e1maszt \u00e9s ellazul\u00e1st biztos\u00edt a hossz\u00fa \u00f3r\u00e1kon \u00e1t tart\u00f3 \u00fcl\u00e9s vagy d\u0151l\u00e9s sor\u00e1n. Mondjon b\u00facs\u00fat a h\u00e1t- \u00e9s nyaki k\u00e9nyelmetlens\u00e9gnek t\u00e1maszt\u00f3 \u00e9s k\u00e9nyelmes olvas\u00f3p\u00e1rn\u00e1inkkal az \u00e1gyban \u00fcl\u0151 feln\u0151ttek sz\u00e1m\u00e1ra<\/li>\n<li>\u00d6nhord\u00f3 kialak\u00edt\u00e1s: Az \u00f6nhord\u00f3 h\u00e1romsz\u00f6g\u0171 p\u00e1rna \u00e9k alak\u00fa als\u00f3 kialak\u00edt\u00e1ssal rendelkezik, cs\u00fasz\u00e1smentes alj\u00e1val a nagyobb ellen\u00e1ll\u00e1s \u00e9rdek\u00e9ben. A h\u00e1romsz\u00f6g alak\u00fa p\u00e1rn\u00e1nak nem kell a falnak t\u00e1maszkodnia, hogy stabil al\u00e1t\u00e1maszt\u00e1st biztos\u00edtson, \u00e9s min\u00e9l jobban nekid\u0151l, ann\u00e1l stabilabb lesz a p\u00e1rna. Az \u00f6nhord\u00f3 h\u00e1romsz\u00f6g alak\u00fa p\u00e1rn\u00e1k a forgat\u00f3k\u00f6nyvek korl\u00e1toz\u00e1sa n\u00e9lk\u00fcl haszn\u00e1lhat\u00f3k kanap\u00e9kon, \u00e1gyakon \u00e9s padl\u00f3kon, \u00edgy rugalmasabbak.<\/li>\n<li>Sokoldal\u00fa haszn\u00e1lat: az \u00e1gy melletti kanap\u00e9 p\u00e1rnat\u00e1ml\u00e1ja nem csak \u00e1gyakhoz val\u00f3. Haszn\u00e1lhat\u00f3 kanap\u00e9kon \u00e9s padl\u00f3n. Kiv\u00e1l\u00f3 nyaktart\u00e1st, h\u00e1tt\u00e1maszt, valamint der\u00e9k- \u00e9s cs\u00edp\u0151t\u00e1maszt biztos\u00edt, \u00edgy t\u00f6k\u00e9letes kieg\u00e9sz\u00edt\u0151je minden szabadid\u0151s tev\u00e9kenys\u00e9gnek. Ez a fejt\u00e1mla \u00e9kp\u00e1rna nagyszer\u0171 aj\u00e1nd\u00e9k lesz a szerelmes bar\u00e1toknak, sz\u00fcl\u0151knek minden fesztiv\u00e1lon<\/li>\n<\/ul>","protected":false},"featured_media":3556,"comment_status":"open","ping_status":"closed","template":"","meta":[],"product_brand":[],"product_cat":[228],"product_tag":[],"class_list":{"0":"post-3563","1":"product","2":"type-product","3":"status-publish","4":"has-post-thumbnail","6":"product_cat-cushions","8":"first","9":"outofstock","10":"shipping-taxable","11":"purchasable","12":"product-type-simple"},"_links":{"self":[{"href":"https:\/\/www.largepillow.com\/hu\/wp-json\/wp\/v2\/product\/3563","targetHints":{"allow":["GET"]}}],"collection":[{"href":"https:\/\/www.largepillow.com\/hu\/wp-json\/wp\/v2\/product"}],"about":[{"href":"https:\/\/www.largepillow.com\/hu\/wp-json\/wp\/v2\/types\/product"}],"replies":[{"embeddable":true,"href":"https:\/\/www.largepillow.com\/hu\/wp-json\/wp\/v2\/comments?post=3563"}],"wp:featuredmedia":[{"embeddable":true,"href":"https:\/\/www.largepillow.com\/hu\/wp-json\/wp\/v2\/media\/3556"}],"wp:attachment":[{"href":"https:\/\/www.largepillow.com\/hu\/wp-json\/wp\/v2\/media?parent=3563"}],"wp:term":[{"taxonomy":"product_brand","embeddable":true,"href":"https:\/\/www.largepillow.com\/hu\/wp-json\/wp\/v2\/product_brand?post=3563"},{"taxonomy":"product_cat","embeddable":true,"href":"https:\/\/www.largepillow.com\/hu\/wp-json\/wp\/v2\/product_cat?post=3563"},{"taxonomy":"product_tag","embeddable":true,"href":"https:\/\/www.largepillow.com\/hu\/wp-json\/wp\/v2\/product_tag?post=3563"}],"curies":[{"name":"wp","href":"https:\/\/api.w.org\/{rel}","templated":true}]}}