{"id":3766,"date":"2024-09-03T04:14:57","date_gmt":"2024-09-03T04:14:57","guid":{"rendered":"https:\/\/www.largepillow.com\/product\/3d-planet-throw-pillows-solar-system-decor-soft-cushion-moon"},"modified":"2025-10-04T12:01:35","modified_gmt":"2025-10-04T12:01:35","slug":"3d-bolygo-diszparnak-naprendszer-dekoracio-puha-parna-hold","status":"publish","type":"product","link":"https:\/\/www.largepillow.com\/hu\/product\/3d-planet-throw-pillows-solar-system-decor-soft-cushion-moon","title":{"rendered":"3D bolyg\u00f3dob\u00f3 p\u00e1rn\u00e1k, napelemes dekor\u00e1ci\u00f3, puha p\u00e1rna (Hold)"},"content":{"rendered":"","protected":false},"excerpt":{"rendered":"<ul>\n<li><strong>Bolyg\u00f3 t\u00e9m\u00e1j\u00fa tervez\u00e9s:<\/strong>\u00a0K\u00e9sz\u00edtsen egyedi lakberendez\u00e9st otthon\u00e1ban ezzel a napelemes p\u00e1rn\u00e1val, amelyen a Nap, a F\u00f6ld, a Hold, a V\u00e9nusz, a Jupiter, a Merk\u00far, a Mars, a Szaturnusz, az Ur\u00e1nusz, a Neptunusz \u00e9s a Pl\u00fat\u00f3 l\u00e1that\u00f3. Mindegyik v\u00e1z egyedi bolyg\u00f3kialak\u00edt\u00e1ssal rendelkezik, amely szabads\u00e1got biztos\u00edt a szem\u00e9lyre szabott megjelen\u00e9s \u00e9rdek\u00e9ben.<\/li>\n<li><strong>Praktikus padl\u00f3p\u00e1rna:<\/strong> Ezek a bolyg\u00f3p\u00e1rn\u00e1k sokoldal\u00fa kell\u00e9kk\u00e9nt haszn\u00e1lhat\u00f3k egy fot\u00f3st\u00fadi\u00f3ban, vagy k\u00e9nyelmes padl\u00f3p\u00e1rn\u00e1kk\u00e9nt, d\u00edszp\u00e1rn\u00e1kk\u00e9nt, kanap\u00e9p\u00e1rn\u00e1kk\u00e9nt, \u00e9kp\u00e1rn\u00e1kk\u00e9nt \u00e9s kanap\u00e9p\u00e1rn\u00e1kk\u00e9nt haszn\u00e1lhat\u00f3k otthona, kertje \u00e9s \u00f3vod\u00e1ja d\u00edsz\u00edt\u00e9s\u00e9re. K\u00e9nyelmes p\u00e1rn\u00e1t k\u00edn\u00e1lnak a fejnek vagy a h\u00e1tnak, mik\u00f6zben \u00d6n ellazul \u00e9s laz\u00edt, \u00edgy t\u00f6k\u00e9letes dekor\u00e1ci\u00f3k\u00e9nt vagy extra \u00fcl\u0151helyk\u00e9nt haszn\u00e1lhat\u00f3. J\u00f3g\u00e1hoz vagy medit\u00e1ci\u00f3hoz is kiv\u00e1l\u00f3ak.<\/li>\n<li><strong>Dekorat\u00edv padl\u00f3p\u00e1rna:<\/strong> Ezek a bolyg\u00f3p\u00e1rn\u00e1k t\u00f6k\u00e9letesek arra, hogy egy csipetnyi eleganci\u00e1t \u00e9s k\u00e9nyelmet var\u00e1zsoljanak h\u00e1l\u00f3szob\u00e1j\u00e1ba, nappalij\u00e1ba vagy otthona b\u00e1rmely m\u00e1s ter\u00e9be. Az \u00e9l\u00e9nk sz\u00ednek \u00e9s az egyedi kialak\u00edt\u00e1sok besz\u00e9lget\u00e9sind\u00edt\u00f3v\u00e1 var\u00e1zsolj\u00e1k \u0151ket, \u00e9s k\u00f6nnyen p\u00e1ros\u00edthat\u00f3k m\u00e1s dekor\u00e1ci\u00f3s elemekkel az \u00f6sszetartoz\u00f3 megjelen\u00e9s \u00e9rdek\u00e9ben. K\u00fcl\u00f6nb\u00f6z\u0151 st\u00edlusok kever\u00e9s\u00e9vel egy\u00e9ni, t\u00e9r t\u00e9m\u00e1j\u00fa dekor\u00e1ci\u00f3t hozhat l\u00e9tre, amely t\u00fckr\u00f6zi szem\u00e9lyis\u00e9g\u00e9t \u00e9s st\u00edlus\u00e1t.<\/li>\n<li><strong>Aj\u00e1nd\u00e9kba:<\/strong> A bolyg\u00f3 t\u00e9m\u00e1j\u00fa p\u00e1rna kiv\u00e1l\u00f3 aj\u00e1nd\u00e9k mindenkinek, aki szereti az \u0171rkutat\u00e1st, a csillag\u00e1szatot vagy a tudom\u00e1nyt. T\u00f6k\u00e9letes gyerekeknek, tin\u00e9dzsereknek, f\u0151iskolai hallgat\u00f3knak vagy feln\u0151tteknek, akik sz\u00f3rakoztat\u00f3 \u00e9s funkcion\u00e1lis elemet szeretn\u00e9nek var\u00e1zsolni szob\u00e1jukba. K\u00fcl\u00f6nleges alkalmakra is aj\u00e1nd\u00e9kozhatja, p\u00e9ld\u00e1ul sz\u00fclet\u00e9snapra, kar\u00e1csonyra vagy ballag\u00e1sra.<\/li>\n<li><strong>Mos\u00e1si \u00fatmutat\u00f3:<\/strong> A bolyg\u00f3p\u00e1rna kiv\u00e1l\u00f3 min\u0151s\u00e9g\u0171 vastag Velvet anyagb\u00f3l k\u00e9sz\u00fclt, amely biztos\u00edtja a tart\u00f3ss\u00e1got \u00e9s a min\u0151s\u00e9get. Cipz\u00e1rral rendelkezik, amely megk\u00f6nny\u00edti a tiszt\u00edt\u00e1st, \u00edgy a karbantart\u00e1s gyerekj\u00e1t\u00e9k. A t\u00f6ltet 100% poli\u00e9szter a kiv\u00e9teles rugalmass\u00e1g \u00e9rdek\u00e9ben. G\u00e9pi mos\u00e1s egyed\u00fcl hidegen, csak k\u00edm\u00e9l\u0151 ciklusban, ne feh\u00e9r\u00edtse, sz\u00e1r\u00edt\u00f3g\u00e9pben sz\u00e1r\u00edtsa alacsonyan, sz\u00e1r\u00edt\u00f3g\u00e9pben sz\u00e1r\u00edtsa, ha sz\u00fcks\u00e9ges. A b\u0151rbar\u00e1t \u00e9s puha anyag a legjobb v\u00e1laszt\u00e1s csal\u00e1d, bar\u00e1tok \u00e9s gyerekek sz\u00e1m\u00e1ra.<\/li>\n<li><strong>M\u00e9ret:<\/strong>\u00a0Nagy (16 \u00d7 16 h\u00fcvelyk | 41 \u00d7 41 cm), k\u00f6zepes (10 \u00d7 10 h\u00fcvelyk | 25 \u00d7 25 cm)<\/li>\n<\/ul>","protected":false},"featured_media":3757,"comment_status":"open","ping_status":"closed","template":"","meta":[],"product_brand":[],"product_cat":[231],"product_tag":[],"class_list":{"0":"post-3766","1":"product","2":"type-product","3":"status-publish","4":"has-post-thumbnail","6":"product_cat-throw-pillows","8":"first","9":"instock","10":"shipping-taxable","11":"purchasable","12":"product-type-variable","13":"has-default-attributes"},"_links":{"self":[{"href":"https:\/\/www.largepillow.com\/hu\/wp-json\/wp\/v2\/product\/3766","targetHints":{"allow":["GET"]}}],"collection":[{"href":"https:\/\/www.largepillow.com\/hu\/wp-json\/wp\/v2\/product"}],"about":[{"href":"https:\/\/www.largepillow.com\/hu\/wp-json\/wp\/v2\/types\/product"}],"replies":[{"embeddable":true,"href":"https:\/\/www.largepillow.com\/hu\/wp-json\/wp\/v2\/comments?post=3766"}],"wp:featuredmedia":[{"embeddable":true,"href":"https:\/\/www.largepillow.com\/hu\/wp-json\/wp\/v2\/media\/3757"}],"wp:attachment":[{"href":"https:\/\/www.largepillow.com\/hu\/wp-json\/wp\/v2\/media?parent=3766"}],"wp:term":[{"taxonomy":"product_brand","embeddable":true,"href":"https:\/\/www.largepillow.com\/hu\/wp-json\/wp\/v2\/product_brand?post=3766"},{"taxonomy":"product_cat","embeddable":true,"href":"https:\/\/www.largepillow.com\/hu\/wp-json\/wp\/v2\/product_cat?post=3766"},{"taxonomy":"product_tag","embeddable":true,"href":"https:\/\/www.largepillow.com\/hu\/wp-json\/wp\/v2\/product_tag?post=3766"}],"curies":[{"name":"wp","href":"https:\/\/api.w.org\/{rel}","templated":true}]}}