{"id":3792,"date":"2024-09-03T04:31:56","date_gmt":"2024-09-03T04:31:56","guid":{"rendered":"https:\/\/www.largepillow.com\/product\/y-shaped-reading-pillow-with-arm-rests-memory-foam-support"},"modified":"2025-05-05T18:57:03","modified_gmt":"2025-05-05T18:57:03","slug":"y-alaku-olvasoparna-kartamasz-memoriahab-tamasztekkal","status":"publish","type":"product","link":"https:\/\/www.largepillow.com\/hu\/product\/y-shaped-reading-pillow-with-arm-rests-memory-foam-support","title":{"rendered":"Y-alak\u00fa olvas\u00f3p\u00e1rna kart\u00e1maszokkal \u00e9s mem\u00f3riahabtart\u00f3val"},"content":{"rendered":"[zc_getpagecontent mb=&#8221;mb_aplus&#8221; apid=&#8221;87&#8243;]\n","protected":false},"excerpt":{"rendered":"<ul>\n<li><strong>Innovat\u00edv tervez\u00e9s:<\/strong> Az \u00fajonnan tov\u00e1bbfejlesztett Y-alak\u00fa olvas\u00f3p\u00e1rna feln\u0151tt \u00e1gyban, innovat\u00edv kialak\u00edt\u00e1ssal rendelkezik, amely az alapvet\u0151 jellemz\u0151ihez egy hajlamos funkci\u00f3t ad. Kialak\u00edtottunk egy kar elhelyez\u00e9si ter\u00fcletet, amely lehet\u0151v\u00e9 teszi, hogy Ha r\u00e1hajol, kezei \u00e1thaladhatnak az \u00e1gy olvas\u00f3p\u00e1rn\u00e1n. Ak\u00e1r olvas, ak\u00e1r tanul, ak\u00e1r j\u00e1tszik a mobiltelefonj\u00e1val, a karjai ellazulhatnak, \u00e9s a nyaki k\u00e9nyelmetlens\u00e9g minim\u00e1lisra cs\u00f6kkenthet\u0151. b\u00e1rmikor k\u00e9nyelmes poz\u00edci\u00f3ba v\u00e1lthat<\/li>\n<li><strong>Maxim\u00e1lis k\u00e9nyelem:<\/strong> Ennek a h\u00e1tt\u00e1mla p\u00e1rn\u00e1nak az \u00edvelt kialak\u00edt\u00e1sa alkalmazkodik teste term\u00e9szetes \u00edveihez, kiv\u00e9teles k\u00e9nyelmet \u00e9s tart\u00e1st biztos\u00edtva h\u00e1t\u00e1nak, derek\u00e1nak \u00e9s nyak\u00e1nak. Ak\u00e1r olvas, t\u00e9v\u00e9zik vagy dolgozik, ez a p\u00e1rna k\u00e9nyelmesebb \u00e9lm\u00e9nyt ny\u00fajt.<\/li>\n<li><strong>T\u00f6bbfunkci\u00f3s t\u00e1mogat\u00e1s:<\/strong> Ez a sokoldal\u00fa p\u00e1rna \u00e1tfog\u00f3 t\u00e1mogat\u00e1st ny\u00fajt a nyaknak, a h\u00e1tnak, a derek\u00e1nak \u00e9s a l\u00e1baknak. Haszn\u00e1lhat\u00f3 h\u00e1tt\u00e1masz p\u00e1rnak\u00e9nt, arccal lefel\u00e9 ford\u00edthat\u00f3 p\u00e1rnak\u00e9nt, \u00e1gy\u00e9kp\u00e1rnak\u00e9nt \u00e9s l\u00e1bp\u00e1rnak\u00e9nt, \u00edgy remek v\u00e1laszt\u00e1s k\u00fcl\u00f6nf\u00e9le tev\u00e9kenys\u00e9gekhez \u00e9s eg\u00e9szs\u00e9g\u00fcgyi ig\u00e9nyekhez.<\/li>\n<li><strong>Pr\u00e9mium min\u0151s\u00e9g\u0171 anyagok:<\/strong> Ez a nagy s\u0171r\u0171s\u00e9g\u0171, lassan visszapattan\u00f3 mem\u00f3riahabb\u00f3l k\u00e9sz\u00fclt p\u00e1rna stabil tart\u00e1st biztos\u00edt, mik\u00f6zben meg\u0151rzi eredeti form\u00e1j\u00e1t \u00e9s s\u0171r\u0171s\u00e9g\u00e9t. A kompresszi\u00f3 sz\u00e1ll\u00edt\u00e1sa ut\u00e1n 24-48 \u00f3r\u00e1n bel\u00fcl visszanyeri teljes alakj\u00e1t.<\/li>\n<li><strong>K\u00f6nnyen tiszt\u00edthat\u00f3:<\/strong> A levehet\u0151 p\u00e1rnahuzat puha, k\u00e9nyelmes sz\u00f6vetb\u0151l k\u00e9sz\u00fclt, h\u00e1l\u00f3s fel\u00fclettel, \u00edgy tart\u00f3s \u00e9s k\u00f6nnyen tiszt\u00edthat\u00f3. Egyszer\u0171en h\u00fazza ki a p\u00e1rnahuzatot, \u00e9s vegye le a mem\u00f3riahabos p\u00e1rn\u00e1r\u00f3l, ha mosni kell.<\/li>\n<\/ul>","protected":false},"featured_media":3784,"comment_status":"open","ping_status":"closed","template":"","meta":[],"product_brand":[],"product_cat":[228],"product_tag":[],"class_list":{"0":"post-3792","1":"product","2":"type-product","3":"status-publish","4":"has-post-thumbnail","6":"product_cat-cushions","8":"first","9":"instock","10":"shipping-taxable","11":"purchasable","12":"product-type-variable","13":"has-default-attributes"},"_links":{"self":[{"href":"https:\/\/www.largepillow.com\/hu\/wp-json\/wp\/v2\/product\/3792","targetHints":{"allow":["GET"]}}],"collection":[{"href":"https:\/\/www.largepillow.com\/hu\/wp-json\/wp\/v2\/product"}],"about":[{"href":"https:\/\/www.largepillow.com\/hu\/wp-json\/wp\/v2\/types\/product"}],"replies":[{"embeddable":true,"href":"https:\/\/www.largepillow.com\/hu\/wp-json\/wp\/v2\/comments?post=3792"}],"wp:featuredmedia":[{"embeddable":true,"href":"https:\/\/www.largepillow.com\/hu\/wp-json\/wp\/v2\/media\/3784"}],"wp:attachment":[{"href":"https:\/\/www.largepillow.com\/hu\/wp-json\/wp\/v2\/media?parent=3792"}],"wp:term":[{"taxonomy":"product_brand","embeddable":true,"href":"https:\/\/www.largepillow.com\/hu\/wp-json\/wp\/v2\/product_brand?post=3792"},{"taxonomy":"product_cat","embeddable":true,"href":"https:\/\/www.largepillow.com\/hu\/wp-json\/wp\/v2\/product_cat?post=3792"},{"taxonomy":"product_tag","embeddable":true,"href":"https:\/\/www.largepillow.com\/hu\/wp-json\/wp\/v2\/product_tag?post=3792"}],"curies":[{"name":"wp","href":"https:\/\/api.w.org\/{rel}","templated":true}]}}