{"id":3919,"date":"2024-09-05T03:12:00","date_gmt":"2024-09-05T03:12:00","guid":{"rendered":"https:\/\/www.largepillow.com\/product\/plush-reading-pillow-for-bed-sofa-dorm-with-back-support"},"modified":"2025-12-07T17:34:58","modified_gmt":"2025-12-07T17:34:58","slug":"pluss-olvasoparna-ulogarniturahoz-hattamlaval","status":"publish","type":"product","link":"https:\/\/www.largepillow.com\/hu\/product\/plush-reading-pillow-for-bed-sofa-dorm-with-back-support","title":{"rendered":"Pl\u00fcss olvas\u00f3p\u00e1rna \u00e1gyra, kanap\u00e9ra \u00e9s h\u00e1l\u00f3terembe, h\u00e1tt\u00e1ml\u00e1val"},"content":{"rendered":"[zc_getpagecontent mb=&#8221;mb_aplus&#8221; apid=&#8221;88&#8243;]\n","protected":false},"excerpt":{"rendered":"<ul>\n<li><strong>Fix m\u00e9ret:<\/strong> 95 x 45 x 25 cm-es fejt\u00e1mla p\u00e1rna testt\u00e1maszt\u00f3 h\u00e1tt\u00e1mla p\u00e1rna, h\u00e1rom sz\u00ednben kaphat\u00f3: fekete, s\u00e1rga \u00e9s feh\u00e9r. A nyomat nem fakul ki. Nincsenek gombok.<\/li>\n<li><strong>Anyagfriss\u00edt\u00e9s:<\/strong> (pp pamut t\u00f6lt\u0151anyaggal) Szemcs\u00e9s b\u00e1rsonyb\u00f3l k\u00e9sz\u00fclt, puha \u00e9s k\u00e9nyelmes. Ezt a sz\u00f6vetet gondosan v\u00e1lasztott\u00e1k ki min\u0151s\u00e9ge \u00e9s haszn\u00e1lhat\u00f3s\u00e1ga, az extra szil\u00e1rds\u00e1g \u00e9s tart\u00f3ss\u00e1g \u00e9rdek\u00e9ben. A r\u00f6vid pl\u00fcss anyag n\u00f6veli a b\u0151r k\u00e9nyelm\u00e9t \u00e9s a p\u00e1rna puhas\u00e1g\u00e1t, \u00edgy remek p\u00e1rna a testt\u00e1ml\u00e1khoz \u00e9s az \u00e1gyd\u00edszekhez.<\/li>\n<li><strong>K\u00f6zepes vastags\u00e1g\u00fa p\u00e1rna:<\/strong> A k\u00f6zepes vastags\u00e1g nem foglalja el az \u00e1gy \u00e9s a kanap\u00e9 nagy r\u00e9sz\u00e9t, \u00edgy elegend\u0151 \u00fcl\u0151helyet biztos\u00edt. A fejt\u00e1mla p\u00e1rna optim\u00e1lisan megemeli a fels\u0151testet, seg\u00edt megel\u0151zni sz\u00e1mos eg\u00e9szs\u00e9g\u00fcgyi \u00e1llapotot. V\u00e1ltozatos m\u00e9retek alkalmasak k\u00fcl\u00f6nb\u00f6z\u0151 jelenetekre, \u00e1lmatlans\u00e1g \u00e9s v\u00e1zizomf\u00e1jdalmak enyh\u00edt\u00e9s\u00e9re, valamint ny\u00fajt\u00f3 gyakorlatokkal seg\u00edtik a visszeres id\u0151seket \u00e9s a j\u00f3ga szerelmeseit.<\/li>\n<li><strong>T\u00f6k\u00e9letes aj\u00e1nd\u00e9k meglepet\u00e9s:<\/strong> A Plush Twin Size fejt\u00e1mla p\u00e1rna fokozza a h\u00e1romdimenzi\u00f3s \u00e9rzetet, \u00e9s t\u00f6k\u00e9letesen t\u00fckr\u00f6zi az ergon\u00f3mia szempontj\u00e1t. T\u00f6k\u00e9letes vastags\u00e1g \u00e9s t\u00e1maszt\u00e9k az \u00e1gyban val\u00f3 fel\u00fcl\u00e9shez \u00e9s olvas\u00e1shoz, valamint k\u00e9nyelmes alv\u00e1s, olvas\u00e1s \u00e9s t\u00e9v\u00e9z\u00e9s k\u00f6zben. A \u201eJ\u00d3\u201d szavak, amelyek nem fakulnak el jobban, ellaz\u00edtj\u00e1k a hangulatot.<\/li>\n<li><strong>Gy\u00f6ny\u00f6r\u0171 \u00e9s praktikus p\u00e1rna:<\/strong> A fejt\u00e1mla p\u00e1rn\u00e1nk divatos lak\u00e1sdekor\u00e1ci\u00f3, alkalmas \u00e1gyra, kanap\u00e9ra, tatamira, padra, fekv\u0151re, ablak\u00fcl\u00e9sre, h\u00e1l\u00f3szob\u00e1ra, \u00f6b\u00f6lre, minden \u00e9vszakos szob\u00e1kra, koll\u00e9giumi \u00e1gy di\u00e1k\u00e1gy gyerek\u00e1gy fejt\u00e1ml\u00e1ra stb.<\/li>\n<\/ul>","protected":false},"featured_media":3899,"comment_status":"open","ping_status":"closed","template":"","meta":[],"product_brand":[],"product_cat":[228],"product_tag":[],"class_list":{"0":"post-3919","1":"product","2":"type-product","3":"status-publish","4":"has-post-thumbnail","6":"product_cat-cushions","8":"first","9":"instock","10":"shipping-taxable","11":"purchasable","12":"product-type-variable","13":"has-default-attributes"},"_links":{"self":[{"href":"https:\/\/www.largepillow.com\/hu\/wp-json\/wp\/v2\/product\/3919","targetHints":{"allow":["GET"]}}],"collection":[{"href":"https:\/\/www.largepillow.com\/hu\/wp-json\/wp\/v2\/product"}],"about":[{"href":"https:\/\/www.largepillow.com\/hu\/wp-json\/wp\/v2\/types\/product"}],"replies":[{"embeddable":true,"href":"https:\/\/www.largepillow.com\/hu\/wp-json\/wp\/v2\/comments?post=3919"}],"wp:featuredmedia":[{"embeddable":true,"href":"https:\/\/www.largepillow.com\/hu\/wp-json\/wp\/v2\/media\/3899"}],"wp:attachment":[{"href":"https:\/\/www.largepillow.com\/hu\/wp-json\/wp\/v2\/media?parent=3919"}],"wp:term":[{"taxonomy":"product_brand","embeddable":true,"href":"https:\/\/www.largepillow.com\/hu\/wp-json\/wp\/v2\/product_brand?post=3919"},{"taxonomy":"product_cat","embeddable":true,"href":"https:\/\/www.largepillow.com\/hu\/wp-json\/wp\/v2\/product_cat?post=3919"},{"taxonomy":"product_tag","embeddable":true,"href":"https:\/\/www.largepillow.com\/hu\/wp-json\/wp\/v2\/product_tag?post=3919"}],"curies":[{"name":"wp","href":"https:\/\/api.w.org\/{rel}","templated":true}]}}