{"id":3949,"date":"2024-09-05T03:59:06","date_gmt":"2024-09-05T03:59:06","guid":{"rendered":"https:\/\/www.largepillow.com\/product\/large-wedge-reading-pillow-for-bed-daybed-bolster-backrest-white"},"modified":"2025-01-12T17:18:10","modified_gmt":"2025-01-12T17:18:10","slug":"nagymeretu-ek-alaku-olvasoparna-agyhoz-hevero-hattamla-feher","status":"publish","type":"product","link":"https:\/\/www.largepillow.com\/hu\/product\/large-wedge-reading-pillow-for-bed-daybed-bolster-backrest-white","title":{"rendered":"Nagym\u00e9ret\u0171, \u00e9k alak\u00fa olvas\u00f3p\u00e1rna \u00e1gyhoz, nyug\u00e1gyt\u00e1maszt\u00f3 h\u00e1tt\u00e1mla feh\u00e9r"},"content":{"rendered":"","protected":false},"excerpt":{"rendered":"<ul>\n<li>Maxim\u00e1lis k\u00e9nyelem: Ez az xl fejt\u00e1mla p\u00e1rna kiv\u00e1l\u00f3 k\u00e9nyelmet biztos\u00edt h\u00e1romsz\u00f6g alak\u00fa kialak\u00edt\u00e1s\u00e1nak k\u00f6sz\u00f6nhet\u0151en. Az \u00e1gyt\u00e1masz p\u00e1rna sz\u00e9pen illeszkedik a h\u00e1thoz \u00e9s a der\u00e9khoz, minim\u00e1lisra cs\u00f6kkentve az \u00e1gy\u00e9ki\/h\u00e1tnyom\u00e1st. Ez az olvas\u00f3p\u00e1rna seg\u00edt abban, hogy fesz\u00fclts\u00e9gmentesen tudjon maradni az \u00e1gyban vagy a kanap\u00e9n, amely ide\u00e1lis \u00e9jszakai baglyok, k\u00f6nyvmolyok munk\u00e1hoz \u00e9s az \u00e1gyban val\u00f3 t\u00e9v\u00e9z\u00e9shez. Ez az extra nagy p\u00e1rna az egyetlen \u00e9k alak\u00fa fejt\u00e1mla p\u00e1rna, amely k\u00e9t szem\u00e9ly elsz\u00e1ll\u00e1sol\u00e1s\u00e1ra alkalmas.<\/li>\n<li>3 az 1-ben nagy p\u00e1rna: A p\u00e1rn\u00e1t f\u00fcgg\u0151legesen haszn\u00e1lhatja h\u00e1tt\u00e1mla fejt\u00e1mla p\u00e1rnak\u00e9nt az \u00e1gyban \u00fclve, vagy az \u00e1gyra fektetve haszn\u00e1lhatja nagy \u00e9kp\u00e1rnak\u00e9nt, ha a h\u00e1tadon vagy oldalt alszik, vagy l\u00e1bk\u00e9nt p\u00e1rna a l\u00e1bad felemel\u00e9s\u00e9hez. Ha egy nagy fejt\u00e1mla p\u00e1rn\u00e1t szeretne, amely t\u00e1maszt ny\u00fajt \u00d6nnek \u00e9s h\u00e1zast\u00e1rs\u00e1nak is. Ez egy kiv\u00e1l\u00f3 alternat\u00edva.<\/li>\n<li>T\u00f6bbfunkci\u00f3s kialak\u00edt\u00e1s: Vannak, akik a h\u00e1romsz\u00f6g alak\u00fa nagy p\u00e1rn\u00e1t fejt\u00e1mla p\u00e1rnak\u00e9nt, m\u00edg m\u00e1sok l\u00f6kh\u00e1r\u00edt\u00f3 p\u00e1rnak\u00e9nt haszn\u00e1lj\u00e1k, de lehet kanap\u00e9 vagy kanap\u00e9 h\u00e1tt\u00e1mla p\u00e1rna is. St\u00edlusos \u00e9s funkcion\u00e1lis, \u00edgy kiv\u00e1l\u00f3 kieg\u00e9sz\u00edt\u0151je b\u00e1rmely h\u00e1l\u00f3szob\u00e1nak.<\/li>\n<li>Kiv\u00e1l\u00f3 kivitelez\u00e9s: A p\u00e1rnahuzat kordb\u00e1rsony megjelen\u00e9s\u0171, \u00f6sszet\u00e9tele 100% poli\u00e9szter. a fejt\u00e1mla p\u00e1rn\u00e1nk l\u00e9g\u00e1tereszt\u0151 \u00e9s kell\u0151en k\u00e9nyelmes ahhoz, hogy megtartsa form\u00e1j\u00e1t, \u00e9s ne vesz\u00edtse el alakj\u00e1t az id\u0151 m\u00fal\u00e1s\u00e1val. A mindk\u00e9t oldalon tal\u00e1lhat\u00f3 oldalzseb lehet\u0151v\u00e9 teszi a k\u00f6nyv vagy a telefon elcs\u00fasztat\u00e1s\u00e1t.<\/li>\n<li>K\u00f6nnyen moshat\u00f3: Az olvas\u00f3p\u00e1rna huzata gombokkal csatlakozik a p\u00e1rn\u00e1hoz, \u00e9s egy egyszer\u0171 cipz\u00e1rral k\u00f6nnyen elt\u00e1vol\u00edthat\u00f3. \u00cdgy a tiszt\u00edt\u00e1sa probl\u00e9mamentes. Csak vegye le a huzatot, \u00e9s gyorsan mosson g\u00e9pben, hogy p\u00e1rn\u00e1ja \u00fajszer\u0171 legyen.<\/li>\n<li><strong>M\u00e9ret:<\/strong> 60cm (60*20*50cm, 2 gomb), 80cm (80*20*50cm, 2 gomb), 100cm (100*20*50cm, 3 gomb), 120cm (120*20*50cm, 4 gomb), 140cm ( 140 * 20 * 50 cm, 4 gomb, 160 cm (160 * 20 * 50 cm, 5 gomb), 180 cm (180 * 20 * 50 cm, 6 gomb), 200 cm (200 * 20 * 50 cm, 7 gomb)<\/li>\n<\/ul>","protected":false},"featured_media":3933,"comment_status":"open","ping_status":"closed","template":"","meta":[],"product_brand":[],"product_cat":[15],"product_tag":[],"class_list":{"0":"post-3949","1":"product","2":"type-product","3":"status-publish","4":"has-post-thumbnail","6":"product_cat-large-wedge-pillow","8":"first","9":"instock","10":"shipping-taxable","11":"purchasable","12":"product-type-variable","13":"has-default-attributes"},"_links":{"self":[{"href":"https:\/\/www.largepillow.com\/hu\/wp-json\/wp\/v2\/product\/3949","targetHints":{"allow":["GET"]}}],"collection":[{"href":"https:\/\/www.largepillow.com\/hu\/wp-json\/wp\/v2\/product"}],"about":[{"href":"https:\/\/www.largepillow.com\/hu\/wp-json\/wp\/v2\/types\/product"}],"replies":[{"embeddable":true,"href":"https:\/\/www.largepillow.com\/hu\/wp-json\/wp\/v2\/comments?post=3949"}],"wp:featuredmedia":[{"embeddable":true,"href":"https:\/\/www.largepillow.com\/hu\/wp-json\/wp\/v2\/media\/3933"}],"wp:attachment":[{"href":"https:\/\/www.largepillow.com\/hu\/wp-json\/wp\/v2\/media?parent=3949"}],"wp:term":[{"taxonomy":"product_brand","embeddable":true,"href":"https:\/\/www.largepillow.com\/hu\/wp-json\/wp\/v2\/product_brand?post=3949"},{"taxonomy":"product_cat","embeddable":true,"href":"https:\/\/www.largepillow.com\/hu\/wp-json\/wp\/v2\/product_cat?post=3949"},{"taxonomy":"product_tag","embeddable":true,"href":"https:\/\/www.largepillow.com\/hu\/wp-json\/wp\/v2\/product_tag?post=3949"}],"curies":[{"name":"wp","href":"https:\/\/api.w.org\/{rel}","templated":true}]}}