{"id":4160,"date":"2024-09-12T03:12:48","date_gmt":"2024-09-12T03:12:48","guid":{"rendered":"https:\/\/www.largepillow.com\/product\/headboard-pillow-white-plush-large-wedge-reading-pillow"},"modified":"2025-08-27T10:53:28","modified_gmt":"2025-08-27T10:53:28","slug":"fejtamla-parna-feher-pluss-nagy-ekparna-olvasoparna","status":"publish","type":"product","link":"https:\/\/www.largepillow.com\/hu\/product\/headboard-pillow-white-plush-large-wedge-reading-pillow","title":{"rendered":"Fejt\u00e1mla p\u00e1rna feh\u00e9r pl\u00fcss nagy \u00e9kp\u00e1rna olvas\u00f3p\u00e1rna"},"content":{"rendered":"","protected":false},"excerpt":{"rendered":"<ul>\n<li><strong>MULTIFUNKCIONALIT\u00c1S:<\/strong> T\u00f6bb, mint egy fejt\u00e1mla p\u00e1rna, \u00e9k alak\u00fa \u00e1gyp\u00e1rn\u00e1nk sokf\u00e9le felhaszn\u00e1l\u00e1st t\u00e1mogat, \u00e9s ide\u00e1lis seg\u00e9deszk\u00f6zk\u00e9nt haszn\u00e1lhat\u00f3 a h\u00e1t megt\u00e1maszt\u00e1s\u00e1hoz, a l\u00e1b megemel\u00e9s\u00e9hez, az olvas\u00e1shoz, a t\u00e9v\u00e9n\u00e9z\u00e9shez \u00e9s sok m\u00e1s testhelyzethez, hogy megfeleljen az \u00d6n t\u00f6bbf\u00e9le ig\u00e9nyeinek.<\/li>\n<li><strong>ERGONOMIKUS TERVEZ\u00c9S:<\/strong> intim \u00e1pol\u00e1s, ergonomikus tal\u00e1l\u00e9konys\u00e1g. Biztos\u00edtsa a legk\u00e9nyelmesebb t\u00e1maszt, cs\u00f6kkentse a nyaki \u00e9s \u00e1gy\u00e9ki csigoly\u00e1kra nehezed\u0151 nyom\u00e1st, \u00e9lvezze a k\u00e9nyelem \u00e9s a k\u00e9nyelem minden pillanat\u00e1t.<\/li>\n<li><strong>K\u00c9NYELMESS\u00c9G:<\/strong> A nagy h\u00e1romsz\u00f6g alak\u00fa \u00e9kp\u00e1rna kiv\u00e1l\u00f3 min\u0151s\u00e9g\u0171 anyagokb\u00f3l \u00e9s finom feldolgoz\u00e1si technol\u00f3gi\u00e1b\u00f3l k\u00e9sz\u00fclt, hogy biztos\u00edtsa az \u00e9kfejt\u00e1mla p\u00e1rna puhas\u00e1g\u00e1t \u00e9s k\u00e9nyelm\u00e9t, \u00edgy \u00e9lvezheti az intim illeszked\u00e9st, a meleg \u00e9s k\u00e9nyelmes \u00e9rz\u00e9st.<\/li>\n<li><strong>ANYAG:<\/strong> A nap\u00e1gy h\u00e1tt\u00e1mla p\u00e1rn\u00e1i kiv\u00e1l\u00f3 min\u0151s\u00e9g\u0171 sz\u00f6veteket v\u00e1lasztanak, puha \u00e9s b\u0151rbar\u00e1t, r\u00e1nc- \u00e9s kop\u00e1s\u00e1ll\u00f3ak, k\u00e9nyelmes tapint\u00e1st \u00e9s kiv\u00e1l\u00f3 l\u00e9g\u00e1tereszt\u0151 k\u00e9pess\u00e9get biztos\u00edtanak, sz\u00e1razon \u00e9s k\u00e9nyelmesen tartva.<\/li>\n<li><strong>K\u00d6NNYEN TISZT\u00cdTHAT\u00d3:<\/strong> Az \u00e9k\u00e1gyas p\u00e1rna levehet\u0151 \u00e9s moshat\u00f3 huzattal rendelkezik a k\u00f6nny\u0171 gondoz\u00e1s \u00e9rdek\u00e9ben, \u00edgy mindig friss, rendezett pihen\u0151k\u00f6rnyezetben lesz r\u00e9sze.<\/li>\n<li><strong>M\u00e9ret:<\/strong> 60cm (60*20*50cm), 80cm (80*20*50cm), 100cm (100*20*50cm), 120cm (120*20*50cm), 140cm (140*20*50cm), 160cm (160*20) *50cm), 180cm (180*20*50cm), 200cm (200*20*50cm)<\/li>\n<\/ul>","protected":false},"featured_media":4148,"comment_status":"open","ping_status":"closed","template":"","meta":[],"product_brand":[],"product_cat":[15],"product_tag":[],"class_list":{"0":"post-4160","1":"product","2":"type-product","3":"status-publish","4":"has-post-thumbnail","6":"product_cat-large-wedge-pillow","8":"first","9":"instock","10":"shipping-taxable","11":"purchasable","12":"product-type-variable","13":"has-default-attributes"},"_links":{"self":[{"href":"https:\/\/www.largepillow.com\/hu\/wp-json\/wp\/v2\/product\/4160","targetHints":{"allow":["GET"]}}],"collection":[{"href":"https:\/\/www.largepillow.com\/hu\/wp-json\/wp\/v2\/product"}],"about":[{"href":"https:\/\/www.largepillow.com\/hu\/wp-json\/wp\/v2\/types\/product"}],"replies":[{"embeddable":true,"href":"https:\/\/www.largepillow.com\/hu\/wp-json\/wp\/v2\/comments?post=4160"}],"wp:featuredmedia":[{"embeddable":true,"href":"https:\/\/www.largepillow.com\/hu\/wp-json\/wp\/v2\/media\/4148"}],"wp:attachment":[{"href":"https:\/\/www.largepillow.com\/hu\/wp-json\/wp\/v2\/media?parent=4160"}],"wp:term":[{"taxonomy":"product_brand","embeddable":true,"href":"https:\/\/www.largepillow.com\/hu\/wp-json\/wp\/v2\/product_brand?post=4160"},{"taxonomy":"product_cat","embeddable":true,"href":"https:\/\/www.largepillow.com\/hu\/wp-json\/wp\/v2\/product_cat?post=4160"},{"taxonomy":"product_tag","embeddable":true,"href":"https:\/\/www.largepillow.com\/hu\/wp-json\/wp\/v2\/product_tag?post=4160"}],"curies":[{"name":"wp","href":"https:\/\/api.w.org\/{rel}","templated":true}]}}