{"id":4182,"date":"2024-09-12T03:55:25","date_gmt":"2024-09-12T03:55:25","guid":{"rendered":"https:\/\/www.largepillow.com\/product\/triangular-headboard-pillow-for-sleeping-with-side-pocket"},"modified":"2024-10-03T16:31:33","modified_gmt":"2024-10-03T16:31:33","slug":"haromszog-alaku-fejtamla-parna-alvashoz-oldalzsebekkel","status":"publish","type":"product","link":"https:\/\/www.largepillow.com\/hu\/product\/triangular-headboard-pillow-for-sleeping-with-side-pocket","title":{"rendered":"H\u00e1romsz\u00f6g alak\u00fa fejt\u00e1mla p\u00e1rna oldals\u00f3 zsebbel az alv\u00e1shoz"},"content":{"rendered":"","protected":false},"excerpt":{"rendered":"<ul>\n<li><strong>Kiv\u00e1l\u00f3 min\u0151s\u00e9g\u0171 kivitelez\u00e9s:<\/strong> A h\u00e1tp\u00e1rn\u00e1k t\u00f6k\u00e9letesebb \u00e9s harmonikusabb megjelen\u00e9se \u00e9rdek\u00e9ben a tervez\u0151 a p\u00e1rnahuzattal megegyez\u0151 sz\u00edn\u0171 dekorat\u00edv gombot v\u00e1lasztott. A p\u00e1rnahuzat sima \u00e9s tart\u00f3s, az \u00e9kp\u00e1rna pedig puha \u00e9s rugalmas. Alul cipz\u00e1r tal\u00e1lhat\u00f3, a t\u00f6ltel\u00e9k pamut p\u00e1rn\u00e1zott r\u00e9tegbe van csomagolva. PP pamut hozz\u00e1adhat\u00f3 vagy cs\u00f6kkenthet\u0151 haszn\u00e1lat k\u00f6zben saj\u00e1t \u00e9rz\u00e9se szerint.<\/li>\n<li><strong>Anyag:<\/strong> Nyomtatott \u00e9kp\u00e1rnahuzat 100% pamutb\u00f3l. A t\u00f6ltel\u00e9k poli\u00e9szter sz\u00e1lb\u00f3l (PP pamut) k\u00e9sz\u00fclt. Puha tapint\u00e1s\u00fa, k\u00f6rnyezetbar\u00e1t m\u00f3don festett, nem foltosodik, nem fakul. A finom nyomatok jobban d\u00edsz\u00edtik a belt\u00e9ri k\u00f6rnyezetet.<\/li>\n<li><strong>Funkci\u00f3:<\/strong>\u00a0Funkcion\u00e1lis t\u00e1maszt\u00f3p\u00e1rn\u00e1ink megt\u00e1masztj\u00e1k a h\u00e1t\u00e1t, amikor dolgozik vagy olvas, \u00edgy nem \u00e9rzi mag\u00e1t annyira f\u00e1radtnak. Csak vigye haza, \u00e9s a szok\u00e1sos kanap\u00e9k \u00e9s \u00e1gyak kifinomultabbak lesznek. Ezen k\u00edv\u00fcl a mint\u00e1s pl\u00fcss fejt\u00e1mla p\u00e1rn\u00e1nk friss \u00e9s st\u00edlusos megjelen\u00e9st k\u00f6lcs\u00f6n\u00f6zhet belt\u00e9ri nappali erk\u00e9lyeknek \u00e9s k\u00fclt\u00e9ri kerti sz\u00e9keknek. A p\u00e1rn\u00e1k oldalzsebeiben mobiltelefonok vagy egy\u00e9b mindennapi sz\u00fcks\u00e9gletek t\u00e1rolhat\u00f3k.<\/li>\n<li><strong>M\u00e9ret:<\/strong> 60 cm (60 * 20 * 50 cm), 140 cm (140 * 20 * 50 cm), 180 cm (180 * 20 * 50 cm)<\/li>\n<li>K\u00e9rj\u00fck, vegye figyelembe, hogy a gombok nem elt\u00e1vol\u00edthat\u00f3k, \u00e9s szil\u00e1rdan a p\u00e1rnamagba vannak varrva. Minden gomb alatt van egy lyuk, amelyet sz\u00e1nd\u00e9kosan hagytak h\u00e1tra, hogy megk\u00f6nny\u00edts\u00e9k a p\u00e1rnahuzat elt\u00e1vol\u00edt\u00e1s\u00e1t.<\/li>\n<\/ul>","protected":false},"featured_media":4169,"comment_status":"open","ping_status":"closed","template":"","meta":[],"product_brand":[],"product_cat":[15],"product_tag":[],"class_list":{"0":"post-4182","1":"product","2":"type-product","3":"status-publish","4":"has-post-thumbnail","6":"product_cat-large-wedge-pillow","8":"first","9":"instock","10":"shipping-taxable","11":"purchasable","12":"product-type-variable","13":"has-default-attributes"},"_links":{"self":[{"href":"https:\/\/www.largepillow.com\/hu\/wp-json\/wp\/v2\/product\/4182","targetHints":{"allow":["GET"]}}],"collection":[{"href":"https:\/\/www.largepillow.com\/hu\/wp-json\/wp\/v2\/product"}],"about":[{"href":"https:\/\/www.largepillow.com\/hu\/wp-json\/wp\/v2\/types\/product"}],"replies":[{"embeddable":true,"href":"https:\/\/www.largepillow.com\/hu\/wp-json\/wp\/v2\/comments?post=4182"}],"wp:featuredmedia":[{"embeddable":true,"href":"https:\/\/www.largepillow.com\/hu\/wp-json\/wp\/v2\/media\/4169"}],"wp:attachment":[{"href":"https:\/\/www.largepillow.com\/hu\/wp-json\/wp\/v2\/media?parent=4182"}],"wp:term":[{"taxonomy":"product_brand","embeddable":true,"href":"https:\/\/www.largepillow.com\/hu\/wp-json\/wp\/v2\/product_brand?post=4182"},{"taxonomy":"product_cat","embeddable":true,"href":"https:\/\/www.largepillow.com\/hu\/wp-json\/wp\/v2\/product_cat?post=4182"},{"taxonomy":"product_tag","embeddable":true,"href":"https:\/\/www.largepillow.com\/hu\/wp-json\/wp\/v2\/product_tag?post=4182"}],"curies":[{"name":"wp","href":"https:\/\/api.w.org\/{rel}","templated":true}]}}