{"id":4212,"date":"2024-09-13T00:40:09","date_gmt":"2024-09-13T00:40:09","guid":{"rendered":"https:\/\/www.largepillow.com\/product\/space-themed-backrest-cushion-for-kids-headboard-pillow-moon"},"modified":"2024-10-03T16:31:23","modified_gmt":"2024-10-03T16:31:23","slug":"ter-temaju-hattamla-parna-gyerekeknek-fejtamla-parna-hold","status":"publish","type":"product","link":"https:\/\/www.largepillow.com\/hu\/product\/space-themed-backrest-cushion-for-kids-headboard-pillow-moon\/","title":{"rendered":"T\u00e9r t\u00e9m\u00e1j\u00fa h\u00e1tt\u00e1mla p\u00e1rna gyerekeknek \u2013 fejt\u00e1mla p\u00e1rna (Hold)"},"content":{"rendered":"[zc_getpagecontent mb=&#8221;mb_aplus&#8221; apid=&#8221;90&#8243;]\n","protected":false},"excerpt":{"rendered":"<ul>\n<li><strong>Term\u00e9k m\u00e9rete:<\/strong>\u00a03 f\u00e9le bolyg\u00f3 h\u00e1tt\u00e1maszt\u00f3 p\u00e1rn\u00e1nk \u00e1ll rendelkez\u00e9sre, ezek a f\u00f6ld, a hold \u00e9s a Jupiter, k\u00f6r\u00fclbel\u00fcl 39 x 19,6 h\u00fcvelyk m\u00e9ret\u0171ek, \u00edgy kiv\u00e1laszthatod kedvenc p\u00e1rn\u00e1id megjelen\u00e9s\u00e9t hangulatodnak megfelel\u0151en; Hozz l\u00e9tre \u00e1lmodoz\u00f3 \u00e9s \u00f6tletes h\u00e1l\u00f3szob\u00e1t ezzel az im\u00e1dnival\u00f3 bolyg\u00f3p\u00e1rn\u00e1val, amelyet \u00fagy terveztek, hogy inspir\u00e1lja kicsinye \u0171rkutat\u00e1si \u00e1lmait.<\/li>\n<li><strong>Puha \u00e9s k\u00e9nyelmes:<\/strong>\u00a0A bolyg\u00f3olvas\u00f3 p\u00e1rna r\u00f6vid pl\u00fcss anyagb\u00f3l k\u00e9sz\u00fclt, puha \u00e9s k\u00e9nyelmes, sima, meleg \u00e9s kellemes text\u00far\u00e1t k\u00edn\u00e1l \u00d6nnek; a bels\u0151 anyaga PP pamut, puha \u00e9s al\u00e1t\u00e1masztott, \u00e1gyra vagy kanap\u00e9ra fektethet\u0151, h\u00e1tat ny\u00fajt. elegend\u0151 t\u00e1mogat\u00e1st ny\u00fajt, de jav\u00edtja a testtart\u00e1st \u00e9s enyh\u00edti a mechanikai h\u00e1tf\u00e1j\u00e1st.<\/li>\n<li><strong>\u00c9l\u00e9nk \u00e9s \u00e9leth\u0171 design:<\/strong>\u00a0Bolyg\u00f3ink fejt\u00e1mla p\u00e1rn\u00e1ja a k\u00e9toldalas nyomtatott diz\u00e1jn a csod\u00e1latos Outer Space Universe Galaxy Planet t\u00e9m\u00e1val. A gyerekek textur\u00e1lt r\u00e9szletekkel ismerkedhetnek meg az egyes bolyg\u00f3kkal, \u00e9s \u00f6sszehasonl\u00edthatj\u00e1k m\u00e9reteiket, mik\u00f6zben k\u00e9nyelmes p\u00e1rn\u00e1kon hever\u00e9sznek, amelyek t\u00f6k\u00e9letesek a fant\u00e1ziad\u00fas j\u00e1t\u00e9khoz. Ezek a klassz vil\u00e1g\u0171rgalaxis-dekor\u00e1ci\u00f3k egy kis galaktikus hangulatot k\u00f6lcs\u00f6n\u00f6znek galaxisod lakberendez\u00e9s\u00e9nek, egyedi \u0171rhaj\u00f3s bolyg\u00f3t d\u00edsz\u00edt\u0151 h\u00e1l\u00f3szob\u00e1t hozhatsz l\u00e9tre. fi\u00fak, l\u00e1nyok.<\/li>\n<li><strong>Sokoldal\u00fa felhaszn\u00e1l\u00e1s:<\/strong>\u00a0A 3D szimul\u00e1lt bolyg\u00f3 h\u00e1tt\u00e1mla p\u00e1rna Vivid k\u00e9toldalas nyomtat\u00e1si mint\u00e1val, ezek a p\u00e1rn\u00e1k nemcsak jellegzetes lakberendez\u00e9si dekor\u00e1ci\u00f3k\u00e9nt haszn\u00e1lhat\u00f3k a padl\u00f3n, h\u00e1l\u00f3szob\u00e1n, kanap\u00e9n, nappaliban \u00e9s b\u00fatorokon, hanem egy \u00e9rdekes \u00f6lel\u0151 d\u00edszp\u00e1rnak\u00e9nt is haszn\u00e1lhat\u00f3k csal\u00e1dja sz\u00e1m\u00e1ra, sok hely megjelen\u00e9s\u00e9t jav\u00edtva.<\/li>\n<li><strong>Rejtett cipz\u00e1ras kialak\u00edt\u00e1s:<\/strong>\u00a0Minden bolyg\u00f3 p\u00e1rnahuzat rejtett cipz\u00e1rral van kialak\u00edtva, amely z\u00f6kken\u0151mentes \u00e9s finom megjelen\u00e9st k\u00f6lcs\u00f6n\u00f6z; Ezenk\u00edv\u00fcl a p\u00e1rn\u00e1k elt\u00e1vol\u00edt\u00e1s\u00e1t \u00e9s behelyez\u00e9s\u00e9t teszi lehet\u0151v\u00e9 a tiszt\u00edt\u00e1shoz vagy a szell\u0151 cser\u00e9j\u00e9hez, ez egy k\u00fcl\u00f6nleges var\u00e1zslatos sz\u00fclet\u00e9snapi kar\u00e1csonyi aj\u00e1nd\u00e9k fi\u00faknak \u00e9s l\u00e1nyoknak.<\/li>\n<\/ul>","protected":false},"featured_media":4204,"comment_status":"open","ping_status":"closed","template":"","meta":[],"product_brand":[],"product_cat":[228],"product_tag":[],"class_list":{"0":"post-4212","1":"product","2":"type-product","3":"status-publish","4":"has-post-thumbnail","6":"product_cat-cushions","8":"first","9":"instock","10":"shipping-taxable","11":"purchasable","12":"product-type-simple"},"_links":{"self":[{"href":"https:\/\/www.largepillow.com\/hu\/wp-json\/wp\/v2\/product\/4212","targetHints":{"allow":["GET"]}}],"collection":[{"href":"https:\/\/www.largepillow.com\/hu\/wp-json\/wp\/v2\/product"}],"about":[{"href":"https:\/\/www.largepillow.com\/hu\/wp-json\/wp\/v2\/types\/product"}],"replies":[{"embeddable":true,"href":"https:\/\/www.largepillow.com\/hu\/wp-json\/wp\/v2\/comments?post=4212"}],"wp:featuredmedia":[{"embeddable":true,"href":"https:\/\/www.largepillow.com\/hu\/wp-json\/wp\/v2\/media\/4204"}],"wp:attachment":[{"href":"https:\/\/www.largepillow.com\/hu\/wp-json\/wp\/v2\/media?parent=4212"}],"wp:term":[{"taxonomy":"product_brand","embeddable":true,"href":"https:\/\/www.largepillow.com\/hu\/wp-json\/wp\/v2\/product_brand?post=4212"},{"taxonomy":"product_cat","embeddable":true,"href":"https:\/\/www.largepillow.com\/hu\/wp-json\/wp\/v2\/product_cat?post=4212"},{"taxonomy":"product_tag","embeddable":true,"href":"https:\/\/www.largepillow.com\/hu\/wp-json\/wp\/v2\/product_tag?post=4212"}],"curies":[{"name":"wp","href":"https:\/\/api.w.org\/{rel}","templated":true}]}}