{"id":4365,"date":"2024-09-13T03:28:21","date_gmt":"2024-09-13T03:28:21","guid":{"rendered":"https:\/\/www.largepillow.com\/product\/large-headboard-reading-pillow-bolster-body-pillow-gray"},"modified":"2024-10-03T16:31:33","modified_gmt":"2024-10-03T16:31:33","slug":"nagy-fejtamla-olvasoparna-tamasztek-testparna-szurke","status":"publish","type":"product","link":"https:\/\/www.largepillow.com\/hu\/product\/large-headboard-reading-pillow-bolster-body-pillow-gray","title":{"rendered":"Nagy fejt\u00e1mla olvas\u00f3p\u00e1rna, testp\u00e1rna, sz\u00fcrke"},"content":{"rendered":"[zc_getpagecontent mb=&#8221;mb_aplus&#8221; apid=&#8221;60&#8243;]\n","protected":false},"excerpt":{"rendered":"<ul>\n<li>Modern diz\u00e1jn: A bojtos gombokkal \u00e9s varrott r\u00e9szletekkel tervezve, a hengerelt \u00e9lek extra dekorat\u00edv hangulatot adnak. Ez a nagym\u00e9ret\u0171 der\u00e9kp\u00e1rna b\u0151s\u00e9ges t\u00f6ltettel extra k\u00e9nyelmet biztos\u00edt, \u00e9s biztos\u00edtja a legjobb t\u00e1maszt, mik\u00f6zben h\u00e1trad\u0151l \u00e9s pihen. Haszn\u00e1lja \u00f6nmag\u00e1ban kiemel\u0151 elemk\u00e9nt, vagy keverje \u00f6ssze m\u00e1s szabv\u00e1nyos nyomtatott\/massz\u00edv vagy m\u00e1s h\u00edmzett p\u00e1rn\u00e1kkal az \u00f6sszehangolt megjelen\u00e9s \u00e9rdek\u00e9ben.<\/li>\n<li>Nagyszer\u0171 h\u00e1tt\u00e1maszt\u00f3 p\u00e1rna: Ez a nagym\u00e9ret\u0171 d\u00edszp\u00e1rna jobban megt\u00e1maszt, mint a norm\u00e1l m\u00e9ret\u0171 bolyhos d\u00edszp\u00e1rn\u00e1k, budo\u00e1rp\u00e1rn\u00e1k vagy europ\u00e1rn\u00e1k, \u00e9s stabilan megtartja a form\u00e1j\u00e1t. Ez a t\u00falm\u00e9retezett fejt\u00e1mla p\u00e1rna nagylelk\u0171 t\u00f6ltettel \u00e9s k\u00e9nyelmes matraccal p\u00e1ros\u00edtva biztos\u00edtja, hogy a legjobb tart\u00e1st kapja h\u00e1trad\u0151lve \u00e9s ellazulva. Ez a modern nagy h\u00e1tt\u00e1mla p\u00e1rna pedig azt a probl\u00e9m\u00e1t is megoldja, hogy az \u00e1gyp\u00e1rn\u00e1k a matrac \u00e9s a fejt\u00e1mla k\u00f6z\u00e9 cs\u00fasszanak.<\/li>\n<li>T\u00f6bbsz\u00f6r\u00f6sen haszn\u00e1lhat\u00f3: Haszn\u00e1lja ezt a nagy h\u00e1tt\u00e1mla p\u00e1rn\u00e1t fejt\u00e1mla alternat\u00edv\u00e1jak\u00e9nt vagy kanap\u00e9t\u00e1mlak\u00e9nt, vagy helyezze egy padra, hogy \u00faj kanap\u00e9t kapjon. Ez a hossz\u00fa \u00e1gyp\u00e1rna nagy testp\u00e1rnak\u00e9nt is haszn\u00e1lhat\u00f3, hogy j\u00f3 \u00e9jszakai alv\u00e1st biztos\u00edtson. Ez a k\u00e1rpitozott fejt\u00e1mla p\u00e1rna gy\u00f6ny\u00f6r\u0171, kiv\u00e1l\u00f3 min\u0151s\u00e9g\u0171, \u00e9s rendk\u00edv\u00fcl k\u00e9nyelmes nekit\u00e1maszkodni. Ugyanakkor j\u00f3l passzol a lakberendez\u00e9s k\u00fcl\u00f6nf\u00e9le st\u00edlusaihoz, meleg \u00e9s k\u00e9nyelmes \u00e9rz\u00e9st k\u00f6lcs\u00f6n\u00f6zve a h\u00e1l\u00f3szob\u00e1nak.<\/li>\n<li>Kiv\u00e1l\u00f3 kivitelez\u00e9s: A 100% poli\u00e9szter k\u00e9zm\u0171ves hossz\u00fa d\u00edszp\u00e1rna rendk\u00edv\u00fcl puha \u00e9s k\u00e9nyelmes \u00e9lm\u00e9nyt ny\u00fajt a b\u0151rnek. A hagyom\u00e1nyos d\u00edszp\u00e1rn\u00e1k hajlamosak az id\u0151 m\u00fal\u00e1s\u00e1val megereszkedni, de ez az olvas\u00f3p\u00e1rna bojtos gombjai nemcsak modern st\u00edlust biztos\u00edtanak, hanem megtartj\u00e1k a t\u00f6ltel\u00e9ket is. hely a tart\u00f3ss\u00e1g\u00e9rt. A patchwork varr\u00e1s \u00e9s a karim\u00e1s \u00e9lek szint\u00e9n extra dekor\u00e1ci\u00f3t adnak.<\/li>\n<li>A p\u00e1rnahuzat \u00e1pol\u00e1si \u00fatmutat\u00f3ja: A p\u00e1rnahuzatok levehet\u0151ek, nem fakulnak vagy kopnak, k\u00f6nnyen kezelhet\u0151k \u00e9s mos\u00f3g\u00e9pben moshat\u00f3k a tincses gombos kialak\u00edt\u00e1snak \u00e9s a l\u00e1thatatlan cipz\u00e1rnak k\u00f6sz\u00f6nhet\u0151en.<\/li>\n<\/ul>","protected":false},"featured_media":4347,"comment_status":"open","ping_status":"closed","template":"","meta":[],"product_brand":[],"product_cat":[28],"product_tag":[],"class_list":{"0":"post-4365","1":"product","2":"type-product","3":"status-publish","4":"has-post-thumbnail","6":"product_cat-large-body-pillow","8":"first","9":"instock","10":"shipping-taxable","11":"purchasable","12":"product-type-variable","13":"has-default-attributes"},"_links":{"self":[{"href":"https:\/\/www.largepillow.com\/hu\/wp-json\/wp\/v2\/product\/4365","targetHints":{"allow":["GET"]}}],"collection":[{"href":"https:\/\/www.largepillow.com\/hu\/wp-json\/wp\/v2\/product"}],"about":[{"href":"https:\/\/www.largepillow.com\/hu\/wp-json\/wp\/v2\/types\/product"}],"replies":[{"embeddable":true,"href":"https:\/\/www.largepillow.com\/hu\/wp-json\/wp\/v2\/comments?post=4365"}],"wp:featuredmedia":[{"embeddable":true,"href":"https:\/\/www.largepillow.com\/hu\/wp-json\/wp\/v2\/media\/4347"}],"wp:attachment":[{"href":"https:\/\/www.largepillow.com\/hu\/wp-json\/wp\/v2\/media?parent=4365"}],"wp:term":[{"taxonomy":"product_brand","embeddable":true,"href":"https:\/\/www.largepillow.com\/hu\/wp-json\/wp\/v2\/product_brand?post=4365"},{"taxonomy":"product_cat","embeddable":true,"href":"https:\/\/www.largepillow.com\/hu\/wp-json\/wp\/v2\/product_cat?post=4365"},{"taxonomy":"product_tag","embeddable":true,"href":"https:\/\/www.largepillow.com\/hu\/wp-json\/wp\/v2\/product_tag?post=4365"}],"curies":[{"name":"wp","href":"https:\/\/api.w.org\/{rel}","templated":true}]}}