{"id":4391,"date":"2024-09-13T04:14:15","date_gmt":"2024-09-13T04:14:15","guid":{"rendered":"https:\/\/www.largepillow.com\/product\/giant-dog-beds-for-adult-humans-large-floor-bed-mattress"},"modified":"2024-10-03T16:31:23","modified_gmt":"2024-10-03T16:31:23","slug":"orias-kutyaagyak-felnott-emberek-szamara-nagy-padlos-agymatrac","status":"publish","type":"product","link":"https:\/\/www.largepillow.com\/hu\/product\/giant-dog-beds-for-adult-humans-large-floor-bed-mattress\/","title":{"rendered":"\u00d3ri\u00e1s kutya\u00e1gyak feln\u0151tt emberek sz\u00e1m\u00e1ra, nagy padl\u00f3s \u00e1gymatrac"},"content":{"rendered":"[zc_getpagecontent mb=&#8221;mb_aplus&#8221; apid=&#8221;41&#8243;]\n","protected":false},"excerpt":{"rendered":"<ul>\n<li><strong>V\u00e9gs\u0151 relax\u00e1ci\u00f3<\/strong>: K\u00e9sz\u00fclj\u00f6n fel a t\u00f6k\u00e9letes k\u00e9nyelemre a kutya\u00e1gyunkban \u2013 a t\u00f6k\u00e9letes hely a kikapcsol\u00f3d\u00e1sra sz\u0151r\u00f6s legjobb bar\u00e1tj\u00e1val! T\u00e1gas kialak\u00edt\u00e1s\u00e1nak \u00e9s k\u00e9nyelmes anyagainak k\u00f6sz\u00f6nhet\u0151en soha nem akar majd elmenni.<\/li>\n<li><strong>Rendk\u00edv\u00fcl biztons\u00e1gos<\/strong>: Ember m\u00e9ret\u0171 kutya\u00e1gyunk egyedi h\u00faz\u00f3zsin\u00f3rral k\u00e9sz\u00fclt, \u00edgy \u00d6nnek \u00e9s sz\u0151r\u00f6s bar\u00e1tj\u00e1nak p\u00e1ratlan biztons\u00e1g- \u00e9s k\u00e9nyelem\u00e9rzetet ny\u00fajt. B\u00fajjatok \u00f6ssze, \u00e9s \u00e9lj\u00e9tek \u00e1t azt az \u00e9rz\u00e9st, amikor egy meleg, bar\u00e1ts\u00e1gos \u00f6lel\u00e9sbe burkol\u00f3znak \u2013 ak\u00e1rcsak az anya karj\u00e1ban pihen\u0151 megnyugtat\u00f3 \u00e9rz\u00e9s.<\/li>\n<li><strong>K\u00e9nyelmes \u00e9s k\u00f6nnyen tiszt\u00edthat\u00f3<\/strong>: Ez az emberi kutya\u00e1gy puha b\u00e1rsony anyagb\u00f3l k\u00e9sz\u00fclt, k\u00f6nnyen tiszt\u00edthat\u00f3 az \u00e1llatsz\u0151r is. A pr\u00e9mium min\u0151s\u00e9g\u0171 poli\u00e9szter sz\u00e1las t\u00f6ltet \u00e9ppen a megfelel\u0151 t\u00e1mogat\u00e1st ny\u00fajtja kedvenc\u00e9nek a pihen\u00e9shez \u00e9s a felt\u00f6lt\u0151d\u00e9shez. Ak\u00e1r szuny\u00f3k\u00e1lnak, ak\u00e1r egy hangulatos helyet keresnek az \u00f6sszeb\u00faj\u00e1shoz, ez a babzs\u00e1kos \u00e1gy t\u00f6k\u00e9letes \u00d6nnek \u00e9s kedvenc\u00e9nek.<\/li>\n<li><strong>K\u00e9nyelmes t\u00e1rolni<\/strong>: Hatalmas kis\u00e1llat\u00e1gyunkat a maxim\u00e1lis k\u00e9nyelemre tervezt\u00e9k levehet\u0151 funkci\u00f3j\u00e1val. A f\u0151matrac \u00e9s a h\u00faz\u00f3zsin\u00f3ros ker\u00edt\u00e9s k\u00f6nnyen \u00f6sszekapcsolhat\u00f3 kiv\u00e1l\u00f3 min\u0151s\u00e9g\u0171 cipz\u00e1rral, ami lehet\u0151v\u00e9 teszi a gyors \u00e9s egyszer\u0171 \u00f6sszeszerel\u00e9st. Ha nincs haszn\u00e1latban, egyszer\u0171en v\u00e1lassza le a k\u00e9t r\u00e9szt, \u00e9s tekerje fel az \u00e1gyat a kompakt t\u00e1rol\u00e1s \u00e9rdek\u00e9ben. Felh\u00edvjuk figyelm\u00e9t, hogy a k\u00e9pen l\u00e1that\u00f3 takar\u00f3t nem tartalmazza.<\/li>\n<li><strong>Ide\u00e1lis ideiglenes \u00e1gymatrac<\/strong>: Emberi kutya\u00e1gyunk nem csak kellemes pihen\u0151hely sz\u0151r\u00f6s bar\u00e1tj\u00e1nak, de t\u00f6k\u00e9letes helyettes\u00edti a hagyom\u00e1nyos felf\u00fajhat\u00f3 l\u00e9gmatracokat is. A neh\u00e9zkes l\u00e9g\u00e1gyakkal ellent\u00e9tben ez a kis\u00e1llat\u00e1gy pl\u00fcss \u00e9s k\u00e9nyelmes t\u00f6ltetet k\u00edn\u00e1l, amely biztos\u00edtja, hogy kedvence megkapja a sz\u00fcks\u00e9ges pihen\u00e9st. Kiv\u00e1l\u00f3an alkalmas kempingez\u00e9shez, utaz\u00e1shoz, vagy egyszer\u0171en csak \u00e1tmeneti megold\u00e1sra van sz\u00fcks\u00e9ge kedvence k\u00e9nyelm\u00e9\u00e9rt.<\/li>\n<\/ul>","protected":false},"featured_media":4372,"comment_status":"open","ping_status":"closed","template":"","meta":[],"product_brand":[],"product_cat":[228],"product_tag":[],"class_list":{"0":"post-4391","1":"product","2":"type-product","3":"status-publish","4":"has-post-thumbnail","6":"product_cat-cushions","8":"first","9":"outofstock","10":"shipping-taxable","11":"purchasable","12":"product-type-simple"},"_links":{"self":[{"href":"https:\/\/www.largepillow.com\/hu\/wp-json\/wp\/v2\/product\/4391","targetHints":{"allow":["GET"]}}],"collection":[{"href":"https:\/\/www.largepillow.com\/hu\/wp-json\/wp\/v2\/product"}],"about":[{"href":"https:\/\/www.largepillow.com\/hu\/wp-json\/wp\/v2\/types\/product"}],"replies":[{"embeddable":true,"href":"https:\/\/www.largepillow.com\/hu\/wp-json\/wp\/v2\/comments?post=4391"}],"wp:featuredmedia":[{"embeddable":true,"href":"https:\/\/www.largepillow.com\/hu\/wp-json\/wp\/v2\/media\/4372"}],"wp:attachment":[{"href":"https:\/\/www.largepillow.com\/hu\/wp-json\/wp\/v2\/media?parent=4391"}],"wp:term":[{"taxonomy":"product_brand","embeddable":true,"href":"https:\/\/www.largepillow.com\/hu\/wp-json\/wp\/v2\/product_brand?post=4391"},{"taxonomy":"product_cat","embeddable":true,"href":"https:\/\/www.largepillow.com\/hu\/wp-json\/wp\/v2\/product_cat?post=4391"},{"taxonomy":"product_tag","embeddable":true,"href":"https:\/\/www.largepillow.com\/hu\/wp-json\/wp\/v2\/product_tag?post=4391"}],"curies":[{"name":"wp","href":"https:\/\/api.w.org\/{rel}","templated":true}]}}