{"id":4405,"date":"2024-09-14T02:18:37","date_gmt":"2024-09-14T02:18:37","guid":{"rendered":"https:\/\/www.largepillow.com\/product\/large-floor-loveseat-cozy-chair-for-home-spaces"},"modified":"2024-12-12T09:14:40","modified_gmt":"2024-12-12T09:14:40","slug":"nagy-padlos-kenyelmes-szek-otthoni-terekbe","status":"publish","type":"product","link":"https:\/\/www.largepillow.com\/hu\/product\/large-floor-loveseat-cozy-chair-for-home-spaces","title":{"rendered":"Large Floor Loveseat \u2013 k\u00e9nyelmes sz\u00e9k otthoni helyis\u00e9gekbe"},"content":{"rendered":"[zc_getpagecontent mb=&#8221;mb_aplus&#8221; apid=&#8221;96&#8243;]\n","protected":false},"excerpt":{"rendered":"<ul>\n<li><strong>TELJES K\u00c9NYELEM:<\/strong> \u00c9lvezze a p\u00e1ratlan k\u00e9nyelmet a kanap\u00e9val. Ez a ny\u00falpr\u00e9mes bevonattal \u00e9s nagy rugalmass\u00e1g\u00fa habp\u00e1rn\u00e1val ell\u00e1tott kanap\u00e9 maxim\u00e1lis k\u00e9nyelmet biztos\u00edt, ak\u00e1r le\u00fclsz k\u00f6nyvet olvasni, t\u00e9v\u00e9zni, vagy csak pihenni egy f\u00e1raszt\u00f3 nap ut\u00e1n.<\/li>\n<li><strong>LEGJOBB K\u00c9ZM\u0170V\u00c9DELEM:<\/strong> Ez a keret n\u00e9lk\u00fcli kanap\u00e9 bozontos kordb\u00e1rsony huzattal \u00e9s PP pamut h\u00e1tlappal rendelkezik, amely a praktikum \u00e9s a k\u00e9nyelem kombin\u00e1ci\u00f3j\u00e1t biztos\u00edtja a f\u00e9ny\u0171z\u0151 \u00e9s tart\u00f3s \u00e9lm\u00e9ny \u00e9rdek\u00e9ben. K\u00f6nnyen sz\u00e9t- \u00e9s \u00f6sszeszerelhet\u0151, \u00edgy minden helyis\u00e9gben tart\u00f3s eleganci\u00e1t biztos\u00edt.<\/li>\n<li><strong>STABIL T\u00c1MOGAT\u00c1S:<\/strong> \u00c9lvezze a b\u00e9k\u00e9s kikapcsol\u00f3d\u00e1st padl\u00f3kanap\u00e9val. A nagy s\u0171r\u0171s\u00e9g\u0171 hab kiv\u00e1l\u00f3 tart\u00e1st \u00e9s p\u00e1rn\u00e1z\u00e1st biztos\u00edt, amely \u00e1t\u00f6leli a test \u00edveit \u00e9s enyh\u00edti a nyom\u00e1spontokat. A kih\u00fazhat\u00f3 kanap\u00e9 stabilit\u00e1sa biztos\u00edtja a biztons\u00e1got \u00e9s a megb\u00edzhat\u00f3s\u00e1got.<\/li>\n<li><strong>EGYEDI KIALAK\u00cdT\u00c1S \u00c9S K\u00d6NNYEN TISZT\u00cdTHAT\u00d3:<\/strong> Ez a kanap\u00e9 nemcsak k\u00e9nyelmes, hanem k\u00f6nnyen tiszt\u00e1n tarthat\u00f3 is. A l\u00e1thatatlan cipz\u00e1ras kialak\u00edt\u00e1s k\u00f6nnyen elt\u00e1vol\u00edthat\u00f3 \u00e9s tiszt\u00edthat\u00f3, \u00edgy a kanap\u00e9 rendben van. Hagyja, hogy k\u00e9nyelmesen t\u00f6ltse szabadidej\u00e9t.<\/li>\n<li><strong>IDE\u00c1LIS M\u00c9RET A K\u00c9NYELM\u00c9RT:<\/strong> Belt\u00e9ri hever\u0151nk m\u00e9rete 122*122*27 cm, ami ide\u00e1lis m\u00e9ret egy fotelhez, k\u00f6nnyen t\u00e1rolhat\u00f3 \u00e9s helytakar\u00e9kos.<\/li>\n<\/ul>","protected":false},"featured_media":4393,"comment_status":"open","ping_status":"closed","template":"","meta":[],"product_brand":[],"product_cat":[228],"product_tag":[],"class_list":{"0":"post-4405","1":"product","2":"type-product","3":"status-publish","4":"has-post-thumbnail","6":"product_cat-cushions","8":"first","9":"outofstock","10":"shipping-taxable","11":"purchasable","12":"product-type-simple"},"_links":{"self":[{"href":"https:\/\/www.largepillow.com\/hu\/wp-json\/wp\/v2\/product\/4405","targetHints":{"allow":["GET"]}}],"collection":[{"href":"https:\/\/www.largepillow.com\/hu\/wp-json\/wp\/v2\/product"}],"about":[{"href":"https:\/\/www.largepillow.com\/hu\/wp-json\/wp\/v2\/types\/product"}],"replies":[{"embeddable":true,"href":"https:\/\/www.largepillow.com\/hu\/wp-json\/wp\/v2\/comments?post=4405"}],"wp:featuredmedia":[{"embeddable":true,"href":"https:\/\/www.largepillow.com\/hu\/wp-json\/wp\/v2\/media\/4393"}],"wp:attachment":[{"href":"https:\/\/www.largepillow.com\/hu\/wp-json\/wp\/v2\/media?parent=4405"}],"wp:term":[{"taxonomy":"product_brand","embeddable":true,"href":"https:\/\/www.largepillow.com\/hu\/wp-json\/wp\/v2\/product_brand?post=4405"},{"taxonomy":"product_cat","embeddable":true,"href":"https:\/\/www.largepillow.com\/hu\/wp-json\/wp\/v2\/product_cat?post=4405"},{"taxonomy":"product_tag","embeddable":true,"href":"https:\/\/www.largepillow.com\/hu\/wp-json\/wp\/v2\/product_tag?post=4405"}],"curies":[{"name":"wp","href":"https:\/\/api.w.org\/{rel}","templated":true}]}}