{"id":459,"date":"2022-09-16T02:19:51","date_gmt":"2022-09-16T02:19:51","guid":{"rendered":"https:\/\/www.largepillow.com\/product\/large-bolster-cushion"},"modified":"2025-11-05T02:15:31","modified_gmt":"2025-11-05T02:15:31","slug":"agyparna","status":"publish","type":"product","link":"https:\/\/www.largepillow.com\/hu\/product\/bed-bolster","title":{"rendered":"Bed Bolster"},"content":{"rendered":"<p>Fedezze fel a t\u00f6k\u00e9letes k\u00e9nyelmet az \u00e1gyp\u00e1rn\u00e1val: az \u00d6n t\u00f6k\u00e9letes, t\u00f6bbsz\u00f6r\u00f6sen haszn\u00e1lhat\u00f3 p\u00e1rn\u00e1ja<\/p>\n<p>A mai rohan\u00f3 vil\u00e1gban soha nem volt ennyire fontos a kikapcsol\u00f3d\u00e1s \u00e9s az otthoni k\u00e9nyelem. Legyen sz\u00f3 k\u00f6nyvmolyr\u00f3l, k\u00e9s\u0151i \u00f3r\u00e1kban dolgoz\u00f3 \u00e9jszakai bagolyr\u00f3l vagy valakir\u0151l, aki szereti a kedvenc sorozatait az \u00e1gyban n\u00e9zni, a Bed Bolster itt van, hogy \u00e1talak\u00edtsa \u00e9lm\u00e9ny\u00e9t. Ez a fejt\u00e1mla p\u00e1rna innovat\u00edv kialak\u00edt\u00e1s\u00e1val \u00e9s t\u00f6bbfunkci\u00f3s haszn\u00e1lat\u00e1val gondoskodik arr\u00f3l, hogy a k\u00e9nyelem soha ne s\u00e9r\u00fclj\u00f6n. N\u00e9zz\u00fck meg, mi teszi a Bed Bolstert minden modern otthon k\u00f6telez\u0151 elem\u00e9v\u00e9.<\/p>\n<p>Maxim\u00e1lis k\u00e9nyelem h\u00e1romsz\u00f6g alak\u00fa kialak\u00edt\u00e1ssal<\/p>\n<p>Az \u00d6n maxim\u00e1lis k\u00e9nyelm\u00e9t szem el\u0151tt tartva tervezett Bed Bolster nem egy k\u00f6z\u00f6ns\u00e9ges p\u00e1rna. Egyed\u00fcl\u00e1ll\u00f3 h\u00e1romsz\u00f6g alak\u00fa form\u00e1ja kifejezetten \u00fagy lett kialak\u00edtva, hogy t\u00f6k\u00e9letesen illeszkedjen a h\u00e1t\u00e1hoz \u00e9s a derek\u00e1hoz, p\u00e1ratlan tart\u00e1st biztos\u00edtva, valamint hat\u00e9konyan cs\u00f6kkenti az \u00e1gy\u00e9ki \u00e9s a h\u00e1tnyom\u00e1st. Ezt az extra m\u00e9ret\u0171 p\u00e1rn\u00e1t k\u00e9t szem\u00e9ly elsz\u00e1ll\u00e1sol\u00e1s\u00e1ra tervezt\u00e9k, \u00edgy ez az egyetlen \u00e9k alak\u00fa fejt\u00e1mla p\u00e1rna, amelyre sz\u00fcks\u00e9ge lesz egy fesz\u00fclts\u00e9gmentes pihen\u00e9shez az \u00e1gyon vagy a kanap\u00e9n.<\/p>\n<p>Sokoldal\u00fas\u00e1g a jav\u00e1b\u00f3l: 3 az 1-ben nagy p\u00e1rna<\/p>\n<p>A Bed Bolster \u00fajradefini\u00e1lja a sokoldal\u00fas\u00e1got. Haszn\u00e1lja f\u00fcgg\u0151legesen h\u00e1tt\u00e1mla fejt\u00e1mla p\u00e1rnak\u00e9nt, mik\u00f6zben fel\u00fcl az \u00e1gyban, fektesse le laposan nagy \u00e9kp\u00e1rnak\u00e9nt h\u00e1ton vagy oldalt alv\u00e1shoz, vagy ak\u00e1r l\u00e1bp\u00e1rnak\u00e9nt, hogy megemelje a l\u00e1b\u00e1t a jobb kering\u00e9s \u00e9rdek\u00e9ben. T\u00f6k\u00e9letes v\u00e1laszt\u00e1s azoknak a p\u00e1roknak, akik egy nagy fejp\u00e1rn\u00e1t keresnek, amely egyszerre ny\u00fajt t\u00e1maszt \u00e9s k\u00e9nyelmet mindk\u00e9t szem\u00e9ly sz\u00e1m\u00e1ra.<\/p>\n<p>Multifunkcion\u00e1lis kialak\u00edt\u00e1s minden ig\u00e9nyhez<\/p>\n<p>Amellett, hogy fejt\u00e1mla p\u00e1rnak\u00e9nt szolg\u00e1l, a Bed Bolster l\u00f6kh\u00e1r\u00edt\u00f3 p\u00e1rnak\u00e9nt \u00e9s st\u00edlusos kanap\u00e9k\u00e9nt vagy hever\u0151 h\u00e1tt\u00e1ml\u00e1jak\u00e9nt is haszn\u00e1lhat\u00f3. T\u00f6bbfunkci\u00f3s kialak\u00edt\u00e1sa biztos\u00edtja, hogy z\u00f6kken\u0151mentesen illeszkedjen b\u00e1rmely h\u00e1l\u00f3szob\u00e1ba vagy nappaliba, funkcionalit\u00e1st \u00e9s st\u00edlust adva.<\/p>\n<p>K\u00e9zm\u0171ves mesters\u00e9g, amely sokat mond<\/p>\n<p>A Bed Bolster kiv\u00e1l\u00f3 kivitelez\u00e9ssel b\u00fcszk\u00e9lkedhet 100% poli\u00e9szter b\u00e1rsony p\u00e1rnahuzat\u00e1val \u2013 puha, eleg\u00e1ns \u00e9s kellemes tapint\u00e1s\u00fa. Nagy s\u0171r\u0171s\u00e9g\u0171, kiv\u00e1l\u00f3 min\u0151s\u00e9g\u0171 poli\u00e9szter sz\u00e1lakkal t\u00f6ltve, hosszan tart\u00f3 haszn\u00e1lat ut\u00e1n is tart\u00f3ss\u00e1got \u00e9s k\u00e9nyelmet \u00edg\u00e9r megereszked\u00e9s n\u00e9lk\u00fcl. Ezenk\u00edv\u00fcl a k\u00e9nyelmes oldalzsebek praktikus helyet k\u00edn\u00e1lnak a k\u00f6nyv vagy a telefon t\u00e1rol\u00e1s\u00e1ra, \u00edgy a legfontosabb dolgok el\u00e9rhet\u0151ek.<\/p>\n<p>Probl\u00e9mamentes karbantart\u00e1s<\/p>\n<p>A Bed Bolster tiszt\u00e1n tart\u00e1sa a lehet\u0151 legegyszer\u0171bb. Az egyszer\u0171 cipz\u00e1rral felszerelt olvas\u00f3p\u00e1rna huzata k\u00f6nnyed\u00e9n elt\u00e1vol\u00edthat\u00f3 \u00e9s mos\u00f3g\u00e9pben moshat\u00f3, \u00edgy a p\u00e1rna mindig friss \u00e9s h\u00edvogat\u00f3 marad.<\/p>\n<p>Helyre szabva<\/p>\n<p>A 45 cm-t\u0151l 200 cm-ig terjed\u0151 m\u00e9ret\u0171, \u00e9s ak\u00e1r 7 gombbal is felszerelve az egyszer\u0171 be\u00e1ll\u00edt\u00e1s \u00e9s t\u00e1mogat\u00e1s \u00e9rdek\u00e9ben, a Bed Bolstert \u00fagy tervezt\u00e9k, hogy b\u00e1rmilyen helyre t\u00f6k\u00e9letesen illeszkedjen. V\u00e1lassza ki az ig\u00e9nyeinek legink\u00e1bb megfelel\u0151 m\u00e9retet, \u00e9s \u00e9lvezze az egy\u00e9ni k\u00e9nyelem \u00e9s t\u00e1mogat\u00e1s \u00e9rz\u00e9s\u00e9t.<\/p>\n<p>Amit az \u00fcgyfelek mondanak<\/p>\n<p>Az \u00e1rucikkekkel kapcsolatos megjegyz\u00e9sekb\u0151l egy\u00e9rtelm\u0171en kit\u0171nik, hogy a v\u00e1s\u00e1rl\u00f3k nagyon \u00f6r\u00fclnek a v\u00e1s\u00e1rl\u00e1snak. Sokan kiemelik a \u201eh\u00e1romsz\u00f6g alak\u00fa t\u00e1maszt\u00f3p\u00e1rn\u00e1t\u201d kiv\u00e9teles k\u00e9nyelm\u00e9\u00e9rt \u00e9s tart\u00e1s\u00e1\u00e9rt, m\u00edg m\u00e1sok a \u201eb\u00e1rsonyot\u201d l\u00e1gys\u00e1g\u00e1\u00e9rt \u00e9s f\u00e9ny\u0171z\u0151 \u00e9rzet\u00e9\u00e9rt dics\u00e9rik. \u00dagy t\u0171nik, hogy a \u201ek\u00e1v\u00e9\u201d sz\u00edn a v\u00e1s\u00e1rl\u00f3k kedvence, egy csipetnyi eleganci\u00e1t k\u00f6lcs\u00f6n\u00f6z minden helyis\u00e9gnek.<\/p>\n<p>Becsomagol\u00e1s<\/p>\n<p>A Bed Bolster t\u00f6bb, mint egy p\u00e1rna; megv\u00e1ltoztatja az otthoni pihen\u00e9st \u00e9s k\u00e9nyelm\u00e9t. T\u00f6bbfunkci\u00f3s kialak\u00edt\u00e1sa, kiv\u00e9teles kivitelez\u00e9se \u00e9s egyszer\u0171 karbantart\u00e1sa kiemelked\u0151 term\u00e9kk\u00e9 teszi. Ak\u00e1r olvas, ak\u00e1r dolgozik, vagy egyszer\u0171en csak laz\u00edt egy hossz\u00fa nap ut\u00e1n, a Bed Bolster t\u00f6k\u00e9letes t\u00e1rsnak \u00edg\u00e9rkezik. Ne csak sz\u00f3t fogadjon; pr\u00f3b\u00e1lja ki \u00e9s tapasztalja meg a t\u00f6k\u00e9letes k\u00e9nyelmet!<\/p>","protected":false},"excerpt":{"rendered":"<ul>\n<li><strong>Maxim\u00e1lis k\u00e9nyelem:<\/strong> Ez a fejt\u00e1mla p\u00e1rna kiv\u00e1l\u00f3 k\u00e9nyelmet biztos\u00edt h\u00e1romsz\u00f6g alak\u00fa kialak\u00edt\u00e1s\u00e1nak k\u00f6sz\u00f6nhet\u0151en. Az \u00e1gyt\u00e1masz p\u00e1rna sz\u00e9pen illeszkedik a h\u00e1thoz \u00e9s a der\u00e9khoz, minim\u00e1lisra cs\u00f6kkentve az \u00e1gy\u00e9ki\/h\u00e1tnyom\u00e1st. Ez az \u00e9kolvas\u00f3p\u00e1rna seg\u00edt abban, hogy fesz\u00fclts\u00e9gmentes maradjon az \u00e1gyban vagy a kanap\u00e9n, amely ide\u00e1lis \u00e9jszakai baglyok, k\u00f6nyvmolyok munk\u00e1hoz \u00e9s az \u00e1gyban val\u00f3 t\u00e9v\u00e9z\u00e9shez. Ez az extra nagy p\u00e1rna az egyetlen \u00e9k alak\u00fa fejt\u00e1mla p\u00e1rna, amely k\u00e9t szem\u00e9ly elsz\u00e1ll\u00e1sol\u00e1s\u00e1ra alkalmas.<\/li>\n<li><strong>3 az 1-ben nagy p\u00e1rna:<\/strong> A p\u00e1rn\u00e1t f\u00fcgg\u0151legesen haszn\u00e1lhatja h\u00e1tt\u00e1mla fejt\u00e1mlak\u00e9nt az \u00e1gyban \u00fclve, vagy az \u00e1gyra fektetve haszn\u00e1lhatja nagy \u00e9kp\u00e1rnak\u00e9nt, amikor a h\u00e1tadon vagy az oldaladon alszik, vagy l\u00e1bp\u00e1rnak\u00e9nt a l\u00e1bak megemel\u00e9s\u00e9re. Ha egy nagy fejt\u00e1mla p\u00e1rn\u00e1t szeretne, amely t\u00e1maszt ny\u00fajt \u00d6nnek \u00e9s h\u00e1zast\u00e1rs\u00e1nak is. Ez egy kiv\u00e1l\u00f3 alternat\u00edva.<\/li>\n<li><strong>T\u00f6bbfunkci\u00f3s kialak\u00edt\u00e1s:<\/strong> Vannak, akik a h\u00e1romsz\u00f6g alak\u00fa nagy p\u00e1rn\u00e1t fejt\u00e1mla p\u00e1rnak\u00e9nt, m\u00e1sok l\u00f6kh\u00e1r\u00edt\u00f3 p\u00e1rnak\u00e9nt haszn\u00e1lj\u00e1k, de lehet kanap\u00e9 vagy kanap\u00e9 h\u00e1tt\u00e1mla p\u00e1rna is. St\u00edlusos \u00e9s funkcion\u00e1lis, \u00edgy kiv\u00e1l\u00f3 kieg\u00e9sz\u00edt\u0151je b\u00e1rmely h\u00e1l\u00f3szob\u00e1nak.<\/li>\n<li><strong>Kiv\u00e1l\u00f3 kivitelez\u00e9s:<\/strong> P\u00e1rnahuzatunk 100% poli\u00e9szter b\u00e1rsonyb\u00f3l k\u00e9sz\u00fclt, mely puha, eleg\u00e1ns \u00e9s k\u00e9nyelmes tapint\u00e1s\u00fa. A p\u00e1rn\u00e1z\u00e1s nagy s\u0171r\u0171s\u00e9g\u0171, kiv\u00e1l\u00f3 min\u0151s\u00e9g\u0171 poli\u00e9szter sz\u00e1lakb\u00f3l k\u00e9sz\u00fclt, amelyek m\u00e9g t\u00f6bb h\u00f3napos haszn\u00e1lat ut\u00e1n is megakad\u00e1lyozz\u00e1k a megereszked\u00e9st. Ezenk\u00edv\u00fcl oldalzsebekkel rendelkezik, amelyekben t\u00e1rolhatja k\u00f6nyv\u00e9t vagy telefonj\u00e1t.<\/li>\n<li><strong>K\u00f6nnyen tiszt\u00edthat\u00f3:<\/strong> Az olvas\u00f3p\u00e1rna huzata gombokkal r\u00f6gz\u00edthet\u0151 a p\u00e1rn\u00e1hoz, egyszer\u0171 cipz\u00e1rral k\u00f6nnyen elt\u00e1vol\u00edthat\u00f3. \u00cdgy a tiszt\u00edt\u00e1sa probl\u00e9mamentes. Csak vegye le a huzatot, \u00e9s gyorsan mosson g\u00e9pben, hogy p\u00e1rn\u00e1ja \u00fajszer\u0171 legyen.<\/li>\n<li><strong>M\u00e9ret:<\/strong> 45 cm (H 45 x SZ 20 x Ma 50 | 0 gomb), 60 cm (H 60 x SZ 20 x Ma 50 | 0 gomb), 80 cm (H 80 x SZ 20 x M 50 | 2 gomb), 100 cm (H 100 x SZ 20 x Ma 50 | 3 gomb), 120 cm ( 120 x 20 x 50 x 4 gomb, 140 cm (140 x 20 x 50 | 4 gomb), 160 cm (160 x 20 x 50 x 5 gomb), 180 cm (180 x 20 x 50 x 6 gomb), 200 x 20 cm W20 x H50 | 7 gomb).<\/li>\n<\/ul>","protected":false},"featured_media":442,"comment_status":"open","ping_status":"closed","template":"","meta":[],"product_brand":[],"product_cat":[15],"product_tag":[66,210,206,102,75,168,132,163,143,59,120,65],"class_list":{"0":"post-459","1":"product","2":"type-product","3":"status-publish","4":"has-post-thumbnail","6":"product_cat-large-wedge-pillow","7":"product_tag-back-support-pillow","8":"product_tag-bed-bolster","9":"product_tag-bumper-pillow","10":"product_tag-couch-pillow","11":"product_tag-daybed-pillow","12":"product_tag-headboard-pillow","13":"product_tag-large-bolster-pillow","14":"product_tag-leg-pillow","15":"product_tag-multifunctional-pillow","16":"product_tag-reading-pillow","17":"product_tag-velvet-pillow","18":"product_tag-wedge-pillow","20":"first","21":"instock","22":"shipping-taxable","23":"purchasable","24":"product-type-variable"},"_links":{"self":[{"href":"https:\/\/www.largepillow.com\/hu\/wp-json\/wp\/v2\/product\/459","targetHints":{"allow":["GET"]}}],"collection":[{"href":"https:\/\/www.largepillow.com\/hu\/wp-json\/wp\/v2\/product"}],"about":[{"href":"https:\/\/www.largepillow.com\/hu\/wp-json\/wp\/v2\/types\/product"}],"replies":[{"embeddable":true,"href":"https:\/\/www.largepillow.com\/hu\/wp-json\/wp\/v2\/comments?post=459"}],"wp:featuredmedia":[{"embeddable":true,"href":"https:\/\/www.largepillow.com\/hu\/wp-json\/wp\/v2\/media\/442"}],"wp:attachment":[{"href":"https:\/\/www.largepillow.com\/hu\/wp-json\/wp\/v2\/media?parent=459"}],"wp:term":[{"taxonomy":"product_brand","embeddable":true,"href":"https:\/\/www.largepillow.com\/hu\/wp-json\/wp\/v2\/product_brand?post=459"},{"taxonomy":"product_cat","embeddable":true,"href":"https:\/\/www.largepillow.com\/hu\/wp-json\/wp\/v2\/product_cat?post=459"},{"taxonomy":"product_tag","embeddable":true,"href":"https:\/\/www.largepillow.com\/hu\/wp-json\/wp\/v2\/product_tag?post=459"}],"curies":[{"name":"wp","href":"https:\/\/api.w.org\/{rel}","templated":true}]}}