{"id":4670,"date":"2024-11-05T04:13:37","date_gmt":"2024-11-05T04:13:37","guid":{"rendered":"https:\/\/www.largepillow.com\/product\/wood-log-ottoman-pouf-cushion-foam-removable-cover"},"modified":"2025-11-24T01:41:33","modified_gmt":"2025-11-24T01:41:33","slug":"fa-ronk-oszman-puff-parna-hab-leveheto-huzat","status":"publish","type":"product","link":"https:\/\/www.largepillow.com\/hu\/product\/wood-log-ottoman-pouf-cushion-foam-removable-cover","title":{"rendered":"Fa r\u00f6nk oszm\u00e1n puff p\u00e1rna \u2013 habszivacs \u00e9s levehet\u0151 huzat"},"content":{"rendered":"[zc_getpagecontent mb=&#8221;mb_aplus&#8221; apid=&#8221;101&#8243;]\n","protected":false},"excerpt":{"rendered":"<ul>\n<li>Megk\u00fcl\u00f6nb\u00f6ztet\u0151 famint\u00e1zat: kreat\u00edv t\u00f6rzsmint\u00e1zattal ez az innovat\u00edv fa oszm\u00e1n st\u00edlust sug\u00e1roz, \u00e9s vizu\u00e1lis \u00e9s funkcion\u00e1lis dr\u00e1mais\u00e1got is k\u00f6lcs\u00f6n\u00f6z ter\u00e9nek. \u00c9l\u00e9nk sz\u00ednei \u00e9s sokoldal\u00fa felhaszn\u00e1l\u00e1si lehet\u0151s\u00e9gei minden b\u00fatorelrendez\u00e9s kiemelked\u0151 kieg\u00e9sz\u00edt\u0151j\u00e9v\u00e9 teszik, emelve az \u00e1ltal\u00e1nos eszt\u00e9tik\u00e1t.<\/li>\n<li>T\u00f6bbfunkci\u00f3s \u00e9s st\u00edlusos: Ez a st\u00edlusos kombin\u00e1lt l\u00e1bsz\u00e9k minden helyis\u00e9gben eleganci\u00e1t k\u00f6lcs\u00f6n\u00f6z k\u00fcl\u00f6nf\u00e9le helyeknek, p\u00e9ld\u00e1ul a h\u00e1l\u00f3szoba mosd\u00f3ja el\u0151tt, extra \u00fcl\u0151helyk\u00e9nt vagy l\u00e1btart\u00f3k\u00e9nt. Haszn\u00e1lja doh\u00e1nyz\u00f3asztalk\u00e9nt t\u00e1lc\u00e1s dekor\u00e1ci\u00f3val, \u00edgy sokoldal\u00fa dekor\u00e1ci\u00f3s darab.<\/li>\n<li>K\u00e9nyelem \u00e9s min\u0151s\u00e9g: Puha b\u00e1rsony huzattal k\u00e9sz\u00fclt \u00e9s nagy s\u0171r\u0171s\u00e9g\u0171 habszivaccsal t\u00f6ltve ez a geometrikus zs\u00e1moly k\u00e9nyelmes \u00e9s megt\u00e1maszt\u00f3 \u00fcl\u00e9s\u00e9lm\u00e9nyt k\u00edn\u00e1l. B\u0151rbar\u00e1t anyagainak \u00e9s massz\u00edv fel\u00e9p\u00edt\u00e9s\u00e9nek k\u00f6sz\u00f6nhet\u0151en az oszm\u00e1n ide\u00e1lisan illeszkedik b\u00e1rmilyen lakberendez\u00e9si st\u00edlushoz.<\/li>\n<li>K\u00e9nyelmes karbantart\u00e1s: Belt\u00e9ri haszn\u00e1latra tervezt\u00e9k, ez a puff oszm\u00e1n t\u00f6ltel\u00e9k sima cipz\u00e1rral rendelkezik, amely megk\u00f6nny\u00edti a burkolat elt\u00e1vol\u00edt\u00e1s\u00e1t a tiszt\u00edt\u00e1shoz. K\u00f6nny\u0171 \u00e9s k\u00f6nnyen mozgathat\u00f3 a szob\u00e1k k\u00f6z\u00f6tt, probl\u00e9mamentes karbantart\u00e1st biztos\u00edt, hogy a hely friss \u00e9s rendezett legyen.<\/li>\n<li>Hat\u00e9kony sz\u00e1ll\u00edt\u00e1s \u00e9s kibont\u00e1s: A biztons\u00e1gos \u00e9s hat\u00e9kony sz\u00e1ll\u00edt\u00e1si folyamat garant\u00e1l\u00e1sa \u00e9rdek\u00e9ben az oszm\u00e1n l\u00e1bt\u00e1maszunk v\u00e1kuumcsomagolt. Egyszer\u0171en csak hagyja \u0151ket 24-48 \u00f3r\u00e1n kereszt\u00fcl kibontakozni \u00e9rkez\u00e9skor a legjobb \u00e9lm\u00e9ny \u00e9rdek\u00e9ben, \u00edgy biztos\u00edtva, hogy geometrikus puffja k\u00e9szen \u00e1ll arra, hogy st\u00edlusoss\u00e1 \u00e9s k\u00e9nyelmess\u00e9 tegye a teret.<\/li>\n<\/ul>","protected":false},"featured_media":4659,"comment_status":"open","ping_status":"closed","template":"","meta":[],"product_brand":[],"product_cat":[228],"product_tag":[],"class_list":{"0":"post-4670","1":"product","2":"type-product","3":"status-publish","4":"has-post-thumbnail","6":"product_cat-cushions","8":"first","9":"instock","10":"shipping-taxable","11":"purchasable","12":"product-type-variable","13":"has-default-attributes"},"_links":{"self":[{"href":"https:\/\/www.largepillow.com\/hu\/wp-json\/wp\/v2\/product\/4670","targetHints":{"allow":["GET"]}}],"collection":[{"href":"https:\/\/www.largepillow.com\/hu\/wp-json\/wp\/v2\/product"}],"about":[{"href":"https:\/\/www.largepillow.com\/hu\/wp-json\/wp\/v2\/types\/product"}],"replies":[{"embeddable":true,"href":"https:\/\/www.largepillow.com\/hu\/wp-json\/wp\/v2\/comments?post=4670"}],"wp:featuredmedia":[{"embeddable":true,"href":"https:\/\/www.largepillow.com\/hu\/wp-json\/wp\/v2\/media\/4659"}],"wp:attachment":[{"href":"https:\/\/www.largepillow.com\/hu\/wp-json\/wp\/v2\/media?parent=4670"}],"wp:term":[{"taxonomy":"product_brand","embeddable":true,"href":"https:\/\/www.largepillow.com\/hu\/wp-json\/wp\/v2\/product_brand?post=4670"},{"taxonomy":"product_cat","embeddable":true,"href":"https:\/\/www.largepillow.com\/hu\/wp-json\/wp\/v2\/product_cat?post=4670"},{"taxonomy":"product_tag","embeddable":true,"href":"https:\/\/www.largepillow.com\/hu\/wp-json\/wp\/v2\/product_tag?post=4670"}],"curies":[{"name":"wp","href":"https:\/\/api.w.org\/{rel}","templated":true}]}}