{"id":4773,"date":"2024-11-14T01:17:16","date_gmt":"2024-11-14T01:17:16","guid":{"rendered":"https:\/\/www.largepillow.com\/product\/toddler-foam-climbing-tower-slide-5-pieces-non-slip"},"modified":"2025-11-04T09:58:38","modified_gmt":"2025-11-04T09:58:38","slug":"totyogo-hab-maszotorony-csuszda-5-db-csuszasmentes","status":"publish","type":"product","link":"https:\/\/www.largepillow.com\/hu\/product\/toddler-foam-climbing-tower-slide-5-pieces-non-slip","title":{"rendered":"Totyog\u00f3 hab m\u00e1sz\u00f3torony \u00e9s cs\u00faszda, 5 darab, cs\u00fasz\u00e1smentes"},"content":{"rendered":"[zc_getpagecontent mb=&#8221;mb_aplus&#8221; apid=&#8221;89&#8243;]\n","protected":false},"excerpt":{"rendered":"<ul>\n<li><strong>Biztons\u00e1gos \u00e9s gyermekbar\u00e1t anyagok:<\/strong> A puha PU b\u0151rb\u0151l \u00e9s biztons\u00e1gos habszivacsb\u00f3l k\u00e9sz\u00fclt kisgyermek m\u00e1sz\u00f3j\u00e1t\u00e9kaink gyermekbar\u00e1t anyagokb\u00f3l k\u00e9sz\u00fcltek, \u00edgy nyugalmat biztos\u00edtanak a sz\u00fcl\u0151knek. Az alacsony \u00fct\u00e9s\u00e1ll\u00f3 fel\u00fclet biztons\u00e1gos k\u00f6rnyezetet biztos\u00edt az 1-3 \u00e9ves gyerk\u0151c\u00f6k sz\u00e1m\u00e1ra a tipeg\u00e9shez \u00e9s a teker\u00e9shez.<\/li>\n<li><strong>Innovat\u00edv tervez\u00e9s a k\u00e9szs\u00e9gfejleszt\u00e9shez:<\/strong> A kisgyermekek sz\u00e1m\u00e1ra k\u00e9sz\u00fclt habszivacs m\u00e1sz\u00f3blokkjaink vil\u00e1gos \u00e9s sz\u00ednes fel\u00fcletekkel \u00e9s form\u00e1kkal rendelkeznek, serkentik a gyermekek sz\u00ednfelismer\u00e9si k\u00e9szs\u00e9geit. Az innovat\u00edv form\u00e1k \u00e9s alkatr\u00e9szek \u00f6szt\u00f6nzik a motoros k\u00e9szs\u00e9gek fejleszt\u00e9s\u00e9t \u00e9s jav\u00edtj\u00e1k a koordin\u00e1ci\u00f3t. A gyerekek \u00e1trendezhetik \u00e9s \u00f6ssze\u00e1ll\u00edthatj\u00e1k a k\u00fcl\u00f6nb\u00f6z\u0151 konfigur\u00e1ci\u00f3kat, el\u0151seg\u00edtve a k\u00e9pzeletbeli j\u00e1t\u00e9kid\u0151t.<\/li>\n<li><strong>K\u00f6nny\u0171, egym\u00e1sra rakhat\u00f3 \u00e9s helytakar\u00e9kos:<\/strong> K\u00f6nny\u0171 \u00e9s egym\u00e1sra rakhat\u00f3 kialak\u00edt\u00e1s\u00fa habszivacs m\u00e1sz\u00f3blokkjaink k\u00f6nnyen mozgathat\u00f3k \u00e9s t\u00e1rolhat\u00f3k. Minim\u00e1lis helyet foglalnak el, \u00e9s a szoba vagy a j\u00e1tsz\u00f3szoba egyik sark\u00e1ban is elhelyezhet\u0151k. A fel\u00fclet k\u00f6nnyen tiszt\u00edthat\u00f3, a napi karbantart\u00e1shoz csak egy nedves ruh\u00e1val t\u00f6rt\u00e9n\u0151 \u00e1tt\u00f6rl\u00e9s sz\u00fcks\u00e9ges.<\/li>\n<li><strong>Biztons\u00e1gos \u00e9s stabil fel\u00e9p\u00edt\u00e9s:<\/strong> A kisgyermekek l\u00e1gyj\u00e1t\u00e9kos m\u00e1sz\u00f3k\u00e1ja t\u00e9p\u0151z\u00e1ras csatlakoz\u00e1sokkal van felszerelve, \u00edgy a sz\u00fcl\u0151k k\u00f6nnyed\u00e9n csatlakoztathatnak k\u00fcl\u00f6nf\u00e9le alkatr\u00e9szeket. A blokkok alja cs\u00fasz\u00e1sg\u00e1tl\u00f3 funkci\u00f3val rendelkezik, amely biztos\u00edtja a biztons\u00e1got \u00e9s a stabilit\u00e1st j\u00e1t\u00e9k k\u00f6zben. A tervez\u00e9s sor\u00e1n a r\u00e9szletekre val\u00f3 odafigyel\u00e9s biztons\u00e1gos k\u00f6rnyezetet garant\u00e1l gyermeke sz\u00e1m\u00e1ra.<\/li>\n<li><strong>Ide\u00e1lis aj\u00e1nd\u00e9k n\u00f6vekv\u0151 kisgyermekek sz\u00e1m\u00e1ra:<\/strong> M\u00e1sz\u00f3blokk k\u00e9szlet\u00fcnk kiemelkedik, mivel a piacon l\u00e9v\u0151 t\u00f6bbi k\u00e9szlethez k\u00e9pest nagyobb m\u00e9retet k\u00edn\u00e1l. Feln\u0151tt fel\u00fcgyelete mellett 1 \u00e9s 3 \u00e9ves kor k\u00f6z\u00f6tti gyermekek sz\u00e1m\u00e1ra alkalmas ez a kisgyermekek sz\u00e1m\u00e1ra k\u00e9sz\u00fclt habblokk, kiv\u00e1l\u00f3 sz\u00fclet\u00e9snapi aj\u00e1nd\u00e9k csecsem\u0151knek, kisgyermekeknek \u00e9s \u00f3vod\u00e1soknak. El\u0151seg\u00edti az akt\u00edv j\u00e1t\u00e9kot \u00e9s \u00f6szt\u00f6nzi a kreativit\u00e1st, mik\u00f6zben biztos\u00edtja a biztons\u00e1gos \u00e9s \u00e9lvezetes \u00e9lm\u00e9nyt.<\/li>\n<\/ul>","protected":false},"featured_media":4755,"comment_status":"open","ping_status":"closed","template":"","meta":[],"product_brand":[],"product_cat":[228],"product_tag":[],"class_list":{"0":"post-4773","1":"product","2":"type-product","3":"status-publish","4":"has-post-thumbnail","6":"product_cat-cushions","8":"first","9":"instock","10":"shipping-taxable","11":"purchasable","12":"product-type-simple"},"_links":{"self":[{"href":"https:\/\/www.largepillow.com\/hu\/wp-json\/wp\/v2\/product\/4773","targetHints":{"allow":["GET"]}}],"collection":[{"href":"https:\/\/www.largepillow.com\/hu\/wp-json\/wp\/v2\/product"}],"about":[{"href":"https:\/\/www.largepillow.com\/hu\/wp-json\/wp\/v2\/types\/product"}],"replies":[{"embeddable":true,"href":"https:\/\/www.largepillow.com\/hu\/wp-json\/wp\/v2\/comments?post=4773"}],"wp:featuredmedia":[{"embeddable":true,"href":"https:\/\/www.largepillow.com\/hu\/wp-json\/wp\/v2\/media\/4755"}],"wp:attachment":[{"href":"https:\/\/www.largepillow.com\/hu\/wp-json\/wp\/v2\/media?parent=4773"}],"wp:term":[{"taxonomy":"product_brand","embeddable":true,"href":"https:\/\/www.largepillow.com\/hu\/wp-json\/wp\/v2\/product_brand?post=4773"},{"taxonomy":"product_cat","embeddable":true,"href":"https:\/\/www.largepillow.com\/hu\/wp-json\/wp\/v2\/product_cat?post=4773"},{"taxonomy":"product_tag","embeddable":true,"href":"https:\/\/www.largepillow.com\/hu\/wp-json\/wp\/v2\/product_tag?post=4773"}],"curies":[{"name":"wp","href":"https:\/\/api.w.org\/{rel}","templated":true}]}}