{"id":512,"date":"2022-09-16T02:23:30","date_gmt":"2022-09-16T02:23:30","guid":{"rendered":"https:\/\/www.largepillow.com\/product\/large-bed-pillow"},"modified":"2025-11-05T02:15:31","modified_gmt":"2025-11-05T02:15:31","slug":"nagyagyas-ekparna","status":"publish","type":"product","link":"https:\/\/www.largepillow.com\/hu\/product\/large-bed-wedge-pillow","title":{"rendered":"Nagy \u00e1gy \u00e9kp\u00e1rna"},"content":{"rendered":"<p>T\u00f6k\u00e9letes k\u00e9nyelmi megold\u00e1s: Nagym\u00e9ret\u0171 \u00e1gy\u00e9kp\u00e1rn\u00e1nk<\/p>\n<p>Engedje \u00e1t mag\u00e1t a p\u00e1ratlan k\u00e9nyelemnek forradalmian \u00faj nagy\u00e1gyas \u00e9kp\u00e1rn\u00e1nkkal, amelyet \u00fagy terveztek, hogy minden ig\u00e9nyt kiel\u00e9g\u00edt\u0151 t\u00e1maszt \u00e9s kikapcsol\u00f3d\u00e1st ny\u00fajtson. H\u00e1romsz\u00f6g alak\u00fa form\u00e1ja t\u00f6k\u00e9letesen illeszkedik a h\u00e1t\u00e1hoz \u00e9s a derek\u00e1hoz, enyh\u00edti az \u00e1gy\u00e9ki \u00e9s h\u00e1tnyom\u00e1st, biztos\u00edtva a boldog \u00e9jszakai alv\u00e1st vagy a kellemes olvas\u00e1st.<\/p>\n<p>Sokoldal\u00fa 3 az 1-ben p\u00e1rna a maxim\u00e1lis k\u00e9nyelem\u00e9rt<\/p>\n<p>Ez a sokoldal\u00fa p\u00e1rna v\u00e9gtelen lehet\u0151s\u00e9geket k\u00edn\u00e1l: haszn\u00e1lja f\u00fcgg\u0151legesen fejt\u00e1mlak\u00e9nt, hogy k\u00e9nyelmesen \u00fclj\u00f6n az \u00e1gyban, fektesse le laposan nagy \u00e9kp\u00e1rnak\u00e9nt oldalt vagy h\u00e1tul alv\u00e1shoz, vagy emelje meg l\u00e1b\u00e1t ergonomikus l\u00e1bp\u00e1rn\u00e1nkkal. Legyen sz\u00f3 lelkes olvas\u00f3r\u00f3l, \u00e9jszakai bagolyr\u00f3l, vagy egyszer\u0171en csak \u00e9lvezi a pihen\u00e9st az \u00e1gyban, ez a p\u00e1rna t\u00f6k\u00e9letes t\u00e1rs.<\/p>\n<p>Kiv\u00e9teles kivitelez\u00e9s a p\u00e1ratlan k\u00e9nyelem\u00e9rt<\/p>\n<p>Ultrapuha \u00e9s pl\u00fcss p\u00e1rnahuzatunk 100% poli\u00e9szter b\u00e1rsonyb\u00f3l k\u00e9sz\u00fclt, eleg\u00e1ns \u00e9s h\u00edvogat\u00f3 hat\u00e1st biztos\u00edtva. A nagy s\u0171r\u0171s\u00e9g\u0171 poli\u00e9sztersz\u00e1las p\u00e1rn\u00e1z\u00e1s optim\u00e1lis tart\u00e1st biztos\u00edt \u00e9s megakad\u00e1lyozza a megereszked\u00e9st, \u00edgy ez a p\u00e1rna tart\u00f3s befektet\u00e9s az \u00d6n k\u00e9nyelm\u00e9be. R\u00e1ad\u00e1sul a k\u00e9nyelmes oldalzsebeknek k\u00f6sz\u00f6nhet\u0151en k\u00f6nnyen el\u00e9rhet\u0151 a k\u00f6nyv vagy a telefon.<\/p>\n<p>K\u00f6nny\u0171 karbantart\u00e1s a tart\u00f3s frissess\u00e9g\u00e9rt<\/p>\n<p>A p\u00e1rna karbantart\u00e1sa nem is lehetne egyszer\u0171bb. A kivehet\u0151 p\u00e1rnahuzat egyszer\u0171 cipz\u00e1rral \u00e9s gombokkal van felszerelve, \u00edgy k\u00f6nnyed\u00e9n moshat\u00f3 a mos\u00f3g\u00e9pben, \u00e9s meg\u0151rizheti tiszta megjelen\u00e9s\u00e9t.<\/p>\n<p>V\u00e1s\u00e1rl\u00f3i visszajelz\u00e9sek sokat mondanak<\/p>\n<p>\u201eEz a p\u00e1rna megv\u00e1ltoztatja a j\u00e1t\u00e9kot! Elk\u00e9peszt\u0151 t\u00e1mogat\u00e1st ny\u00fajt a h\u00e1tam als\u00f3 r\u00e9sz\u00e9nek, \u00e9s sokkal \u00e9lvezetesebb\u00e9 teszi az \u00e1gyban val\u00f3 olvas\u00e1st.\u201d \u2013 El\u00e9gedett v\u00e1s\u00e1rl\u00f3<\/p>\n<p>\u201eSzeretem, hogy t\u00f6bbf\u00e9lek\u00e9ppen haszn\u00e1lhatom. T\u00f6k\u00e9letes fejt\u00e1mla p\u00e1rn\u00e1nak vagy l\u00e1bemel\u0151nek. Er\u0151sen aj\u00e1nlott!&quot; \u2013 Lelkes felhaszn\u00e1l\u00f3<\/p>\n<p>Az \u00d6n ig\u00e9nyeinek megfelel\u0151 m\u00e9retek sz\u00e9les v\u00e1laszt\u00e9k\u00e1ban kaphat\u00f3<\/p>\n<p>V\u00e1lasszon sz\u00e9les m\u00e9retv\u00e1laszt\u00e9kunkb\u00f3l, hogy megtal\u00e1lja az \u00e1gy\u00e1hoz vagy kanap\u00e9j\u00e1hoz t\u00f6k\u00e9letesen ill\u0151t:<\/p>\n<p>* 45 cm (H45 x SZ20 x M50 | 0 gomb)<br \/>\n* 60 cm (H60 x SZ20 x H50 | 0 gomb)<br \/>\n* 80 cm (H80 x SZ20 x H50 | 2 gomb)<br \/>\n* 100 cm (H100 x SZ20 x H50 | 3 gomb)<br \/>\n* 120 cm (H 120 x SZ20 x H50 | 4 gomb)<br \/>\n* 140 cm (H 140 x SZ20 x H50 | 4 gomb)<br \/>\n* 160 cm (H 160 x SZ20 x H50 | 5 gomb)<br \/>\n* 180 cm (H180 x SZ20 x H50 | 6 gomb)<br \/>\n* 200 cm (H 200 x SZ20 x H50 | 7 gomb)<\/p>\n<p>Emelje k\u00e9nyelm\u00e9t a k\u00f6vetkez\u0151 szintre a nagy\u00e1gyas \u00e9kp\u00e1rn\u00e1nkkal m\u00e9g ma!<\/p>","protected":false},"excerpt":{"rendered":"<ul>\n<li><strong>Maxim\u00e1lis k\u00e9nyelem:<\/strong> Ez a fejt\u00e1mla p\u00e1rna kiv\u00e1l\u00f3 k\u00e9nyelmet biztos\u00edt h\u00e1romsz\u00f6g alak\u00fa kialak\u00edt\u00e1s\u00e1nak k\u00f6sz\u00f6nhet\u0151en. Az \u00e1gyt\u00e1masz p\u00e1rna sz\u00e9pen illeszkedik a h\u00e1thoz \u00e9s a der\u00e9khoz, minim\u00e1lisra cs\u00f6kkentve az \u00e1gy\u00e9ki\/h\u00e1tnyom\u00e1st. Ez az \u00e9kolvas\u00f3p\u00e1rna seg\u00edt abban, hogy fesz\u00fclts\u00e9gmentes maradjon az \u00e1gyban vagy a kanap\u00e9n, amely ide\u00e1lis \u00e9jszakai baglyok, k\u00f6nyvmolyok munk\u00e1hoz \u00e9s az \u00e1gyban val\u00f3 t\u00e9v\u00e9z\u00e9shez. Ez az extra nagy p\u00e1rna az egyetlen \u00e9k alak\u00fa fejt\u00e1mla p\u00e1rna, amely k\u00e9t szem\u00e9ly elsz\u00e1ll\u00e1sol\u00e1s\u00e1ra alkalmas.<\/li>\n<li><strong>3 az 1-ben nagy p\u00e1rna:<\/strong> A p\u00e1rn\u00e1t f\u00fcgg\u0151legesen haszn\u00e1lhatja h\u00e1tt\u00e1mla fejt\u00e1mlak\u00e9nt az \u00e1gyban \u00fclve, vagy az \u00e1gyra fektetve haszn\u00e1lhatja nagy \u00e9kp\u00e1rnak\u00e9nt, amikor a h\u00e1tadon vagy az oldaladon alszik, vagy l\u00e1bp\u00e1rnak\u00e9nt a l\u00e1bak megemel\u00e9s\u00e9re. Ha egy nagy fejt\u00e1mla p\u00e1rn\u00e1t szeretne, amely t\u00e1maszt ny\u00fajt \u00d6nnek \u00e9s h\u00e1zast\u00e1rs\u00e1nak is. Ez egy kiv\u00e1l\u00f3 alternat\u00edva.<\/li>\n<li><strong>T\u00f6bbfunkci\u00f3s kialak\u00edt\u00e1s:<\/strong> Vannak, akik a h\u00e1romsz\u00f6g alak\u00fa nagy p\u00e1rn\u00e1t fejt\u00e1mla p\u00e1rnak\u00e9nt, m\u00e1sok l\u00f6kh\u00e1r\u00edt\u00f3 p\u00e1rnak\u00e9nt haszn\u00e1lj\u00e1k, de lehet kanap\u00e9 vagy kanap\u00e9 h\u00e1tt\u00e1mla p\u00e1rna is. St\u00edlusos \u00e9s funkcion\u00e1lis, \u00edgy kiv\u00e1l\u00f3 kieg\u00e9sz\u00edt\u0151je b\u00e1rmely h\u00e1l\u00f3szob\u00e1nak.<\/li>\n<li><strong>Kiv\u00e1l\u00f3 kivitelez\u00e9s:<\/strong> P\u00e1rnahuzatunk 100% poli\u00e9szter b\u00e1rsonyb\u00f3l k\u00e9sz\u00fclt, mely puha, eleg\u00e1ns \u00e9s k\u00e9nyelmes tapint\u00e1s\u00fa. A p\u00e1rn\u00e1z\u00e1s nagy s\u0171r\u0171s\u00e9g\u0171, kiv\u00e1l\u00f3 min\u0151s\u00e9g\u0171 poli\u00e9szter sz\u00e1lakb\u00f3l k\u00e9sz\u00fclt, amelyek m\u00e9g t\u00f6bb h\u00f3napos haszn\u00e1lat ut\u00e1n is megakad\u00e1lyozz\u00e1k a megereszked\u00e9st. Ezenk\u00edv\u00fcl oldalzsebekkel rendelkezik, amelyekben t\u00e1rolhatja k\u00f6nyv\u00e9t vagy telefonj\u00e1t.<\/li>\n<li><strong>K\u00f6nnyen tiszt\u00edthat\u00f3:<\/strong> Az olvas\u00f3p\u00e1rna huzata gombokkal r\u00f6gz\u00edthet\u0151 a p\u00e1rn\u00e1hoz, egyszer\u0171 cipz\u00e1rral k\u00f6nnyen elt\u00e1vol\u00edthat\u00f3. \u00cdgy a tiszt\u00edt\u00e1sa probl\u00e9mamentes. Csak vegye le a huzatot, \u00e9s gyorsan mosson g\u00e9pben, hogy p\u00e1rn\u00e1ja \u00fajszer\u0171 legyen.<\/li>\n<li><strong>M\u00e9ret:<\/strong> 45 cm (H 45 x SZ 20 x Ma 50 | 0 gomb), 60 cm (H 60 x SZ 20 x Ma 50 | 0 gomb), 80 cm (H 80 x SZ 20 x M 50 | 2 gomb), 100 cm (H 100 x SZ 20 x Ma 50 | 3 gomb), 120 cm ( 120 x 20 x 50 x 4 gomb, 140 cm (140 x 20 x 50 | 4 gomb), 160 cm (160 x 20 x 50 x 5 gomb), 180 cm (180 x 20 x 50 x 6 gomb), 200 x 20 cm W20 x H50 | 7 gomb).<\/li>\n<\/ul>","protected":false},"featured_media":498,"comment_status":"open","ping_status":"closed","template":"","meta":[],"product_brand":[],"product_cat":[15],"product_tag":[205,204,206,207,168,203,132,199,163,68],"class_list":{"0":"post-512","1":"product","2":"type-product","3":"status-publish","4":"has-post-thumbnail","6":"product_cat-large-wedge-pillow","7":"product_tag-back-support-headboard-pillow","8":"product_tag-bed-support-cushion","9":"product_tag-bumper-pillow","10":"product_tag-daybed-backrest-bolster-pillow","11":"product_tag-headboard-pillow","12":"product_tag-large-bed-wedge-pillow","13":"product_tag-large-bolster-pillow","14":"product_tag-large-wedge-pillow","15":"product_tag-leg-pillow","16":"product_tag-wedge-reading-pillow","18":"first","19":"instock","20":"shipping-taxable","21":"purchasable","22":"product-type-variable"},"_links":{"self":[{"href":"https:\/\/www.largepillow.com\/hu\/wp-json\/wp\/v2\/product\/512","targetHints":{"allow":["GET"]}}],"collection":[{"href":"https:\/\/www.largepillow.com\/hu\/wp-json\/wp\/v2\/product"}],"about":[{"href":"https:\/\/www.largepillow.com\/hu\/wp-json\/wp\/v2\/types\/product"}],"replies":[{"embeddable":true,"href":"https:\/\/www.largepillow.com\/hu\/wp-json\/wp\/v2\/comments?post=512"}],"wp:featuredmedia":[{"embeddable":true,"href":"https:\/\/www.largepillow.com\/hu\/wp-json\/wp\/v2\/media\/498"}],"wp:attachment":[{"href":"https:\/\/www.largepillow.com\/hu\/wp-json\/wp\/v2\/media?parent=512"}],"wp:term":[{"taxonomy":"product_brand","embeddable":true,"href":"https:\/\/www.largepillow.com\/hu\/wp-json\/wp\/v2\/product_brand?post=512"},{"taxonomy":"product_cat","embeddable":true,"href":"https:\/\/www.largepillow.com\/hu\/wp-json\/wp\/v2\/product_cat?post=512"},{"taxonomy":"product_tag","embeddable":true,"href":"https:\/\/www.largepillow.com\/hu\/wp-json\/wp\/v2\/product_tag?post=512"}],"curies":[{"name":"wp","href":"https:\/\/api.w.org\/{rel}","templated":true}]}}