{"id":538,"date":"2022-09-16T02:24:42","date_gmt":"2022-09-16T02:24:42","guid":{"rendered":"https:\/\/www.largepillow.com\/product\/large-bolster-pillow"},"modified":"2025-11-05T02:15:31","modified_gmt":"2025-11-05T02:15:31","slug":"nagy-ekparna-parna","status":"publish","type":"product","link":"https:\/\/www.largepillow.com\/hu\/product\/large-wedge-bolster-pillow","title":{"rendered":"Nagy \u00e9kp\u00e1rna"},"content":{"rendered":"<p>K\u00e9nyeztesse mag\u00e1t az Ultimate Large Wedge Bolster p\u00e1rn\u00e1val<\/p>\n<p>Olyan fejp\u00e1rn\u00e1t keresel, amely kiv\u00e9teles k\u00e9nyelmet \u00e9s tart\u00e1st biztos\u00edt? Ne keressen tov\u00e1bb, mint a Large Wedge Bolster Pillow. Ez a sokoldal\u00fa p\u00e1rna sz\u00e1mos olyan el\u0151nyt k\u00edn\u00e1l, amelyek igaz\u00e1n \u00e9lvezett\u00e9 var\u00e1zsolj\u00e1k az \u00e1gyban vagy a kanap\u00e9n t\u00f6lt\u00f6tt id\u0151t.<\/p>\n<p>Maxim\u00e1lis k\u00e9nyelem \u00e9s t\u00e1mogat\u00e1s<\/p>\n<p>A Large Wedge Bolster Pillow h\u00e1romsz\u00f6g alak\u00fa kialak\u00edt\u00e1sa t\u00f6k\u00e9letesen illeszkedik a h\u00e1t \u00e9s a der\u00e9k k\u00f6rvonal\u00e1hoz, minim\u00e1lisra cs\u00f6kkentve az \u00e1gy\u00e9ki \u00e9s a h\u00e1tnyom\u00e1st. Ak\u00e1r k\u00f6nyvet olvas, ak\u00e1r k\u00e9s\u0151n dolgozik, ak\u00e1r t\u00e9v\u00e9t n\u00e9z, ez a p\u00e1rna fesz\u00fclts\u00e9gmentesen \u00e9s k\u00e9nyelmesen tartja mag\u00e1t. K\u00e9t szem\u00e9ly elsz\u00e1ll\u00e1sol\u00e1s\u00e1ra is el\u00e9g nagy, \u00edgy t\u00f6k\u00e9letes v\u00e1laszt\u00e1s p\u00e1rok sz\u00e1m\u00e1ra.<\/p>\n<p>3 az 1-ben sokoldal\u00fas\u00e1g<\/p>\n<p>A Large Wedge Bolster Pillow nem csak egy fejt\u00e1mla p\u00e1rna. Ez is egy sokoldal\u00fa kieg\u00e9sz\u00edt\u0151, amely haszn\u00e1lhat\u00f3 \u00e9kp\u00e1rnak\u00e9nt alv\u00e1shoz, l\u00e1bp\u00e1rnak\u00e9nt az emelked\u00e9shez, vagy ak\u00e1r l\u00f6kh\u00e1r\u00edt\u00f3 p\u00e1rnak\u00e9nt is a nagyobb k\u00e9nyelem \u00e9rdek\u00e9ben. A lehet\u0151s\u00e9gek v\u00e9gtelenek!<\/p>\n<p>Kiv\u00e1l\u00f3 kivitelez\u00e9s \u00e9s tervez\u00e9s<\/p>\n<p>A r\u00e9szletekre val\u00f3 apr\u00f3l\u00e9kos odafigyel\u00e9ssel k\u00e9sz\u00fclt Large Wedge Bolster Pillow kiv\u00e1l\u00f3 min\u0151s\u00e9g\u0171 anyagokb\u00f3l k\u00e9sz\u00fclt. A puha, eleg\u00e1ns b\u00e1rsonyhuzat k\u00edm\u00e9letes tapint\u00e1s\u00fa, m\u00edg a nagy s\u0171r\u0171s\u00e9g\u0171 poli\u00e9szter sz\u00e1las t\u00f6ltet kiv\u00e9teles al\u00e1t\u00e1maszt\u00e1st biztos\u00edt, amely id\u0151vel nem ereszkedik meg. R\u00e1ad\u00e1sul az oldalzsebek k\u00e9nyelmes t\u00e1rol\u00e1st biztos\u00edtanak k\u00f6nyve vagy telefonja sz\u00e1m\u00e1ra.<\/p>\n<p>K\u00f6nny\u0171 karbantart\u00e1s<\/p>\n<p>A Large Wedge Bolster p\u00e1rna karbantart\u00e1sa gyerekj\u00e1t\u00e9k. A p\u00e1rnahuzat gombokkal levehet\u0151, \u00e9s rejtett cipz\u00e1rral rendelkezik a k\u00f6nny\u0171 tiszt\u00edt\u00e1s \u00e9rdek\u00e9ben. Egyszer\u0171en vegye le a fedelet, \u00e9s dobja be a mos\u00f3g\u00e9pbe a gyors friss\u00edt\u00e9s \u00e9rdek\u00e9ben.<\/p>\n<p>V\u00e1s\u00e1rl\u00f3i besz\u00e1mol\u00f3k<\/p>\n<p>\u201eEz a p\u00e1rna megv\u00e1ltoztatja a j\u00e1t\u00e9kot! Mindig is gondjaim voltak olyan fejt\u00e1mla p\u00e1rn\u00e1val, amely megfelel\u0151 t\u00e1maszt ny\u00fajt, de ez t\u00f6k\u00e9letes. Nagyon k\u00e9nyelmes, \u00e9s val\u00f3ban seg\u00edtett a testtart\u00e1som jav\u00edt\u00e1s\u00e1ban.\u201d \u2013 Karen, el\u00e9gedett v\u00e1s\u00e1rl\u00f3<\/p>\n<p>\u201eIm\u00e1dom ennek a p\u00e1rn\u00e1nak a sokoldal\u00fas\u00e1g\u00e1t. Remek fejt\u00e1mla p\u00e1rna, de \u00e9kp\u00e1rnak\u00e9nt is haszn\u00e1lom alv\u00e1skor \u00e9s l\u00e1bp\u00e1rn\u00e1nak, amikor pihenek. A min\u0151s\u00e9g elk\u00e9peszt\u0151, \u00e9s t\u00f6bb h\u00f3napos haszn\u00e1lat ut\u00e1n is j\u00f3l b\u00edrja.\u201d \u2013 Sarah, egy m\u00e1sik boldog v\u00e1s\u00e1rl\u00f3<\/p>\n<p>K\u00f6vetkeztet\u00e9s<\/p>\n<p>A Large Wedge Bolster Pillow t\u00f6k\u00e9letes v\u00e1laszt\u00e1s mindenkinek, aki k\u00e9nyelmes, t\u00e1maszt\u00f3 \u00e9s sokoldal\u00fa p\u00e1rn\u00e1t keres. Kiv\u00e1l\u00f3 kivitelez\u00e9s\u00e9nek, 3 az 1-ben funkcionalit\u00e1s\u00e1nak \u00e9s egyszer\u0171 karbantart\u00e1s\u00e1nak k\u00f6sz\u00f6nhet\u0151en ez egy olyan befektet\u00e9s, amely hossz\u00fa \u00e9vekig jav\u00edtja a pihen\u00e9st. Rendelje meg saj\u00e1tj\u00e1t m\u00e9g ma, \u00e9s tapasztalja meg a t\u00f6k\u00e9letes k\u00e9nyelmet \u00e9s t\u00e1mogat\u00e1st!<\/p>","protected":false},"excerpt":{"rendered":"<ul>\n<li><strong>Maxim\u00e1lis k\u00e9nyelem:<\/strong> Ez a fejt\u00e1mla p\u00e1rna kiv\u00e1l\u00f3 k\u00e9nyelmet biztos\u00edt h\u00e1romsz\u00f6g alak\u00fa kialak\u00edt\u00e1s\u00e1nak k\u00f6sz\u00f6nhet\u0151en. Az \u00e1gyt\u00e1masz p\u00e1rna sz\u00e9pen illeszkedik a h\u00e1thoz \u00e9s a der\u00e9khoz, minim\u00e1lisra cs\u00f6kkentve az \u00e1gy\u00e9ki\/h\u00e1tnyom\u00e1st. Ez az \u00e9kolvas\u00f3p\u00e1rna seg\u00edt abban, hogy fesz\u00fclts\u00e9gmentes maradjon az \u00e1gyban vagy a kanap\u00e9n, amely ide\u00e1lis \u00e9jszakai baglyok, k\u00f6nyvmolyok munk\u00e1hoz \u00e9s az \u00e1gyban val\u00f3 t\u00e9v\u00e9z\u00e9shez. Ez az extra nagy p\u00e1rna az egyetlen \u00e9k alak\u00fa fejt\u00e1mla p\u00e1rna, amely k\u00e9t szem\u00e9ly elsz\u00e1ll\u00e1sol\u00e1s\u00e1ra alkalmas.<\/li>\n<li><strong>3 az 1-ben nagy p\u00e1rna:<\/strong> A p\u00e1rn\u00e1t f\u00fcgg\u0151legesen haszn\u00e1lhatja h\u00e1tt\u00e1mla fejt\u00e1mlak\u00e9nt az \u00e1gyban \u00fclve, vagy az \u00e1gyra fektetve haszn\u00e1lhatja nagy \u00e9kp\u00e1rnak\u00e9nt, amikor a h\u00e1tadon vagy az oldaladon alszik, vagy l\u00e1bp\u00e1rnak\u00e9nt a l\u00e1bak megemel\u00e9s\u00e9re. Ha egy nagy fejt\u00e1mla p\u00e1rn\u00e1t szeretne, amely t\u00e1maszt ny\u00fajt \u00d6nnek \u00e9s h\u00e1zast\u00e1rs\u00e1nak is. Ez egy kiv\u00e1l\u00f3 alternat\u00edva.<\/li>\n<li><strong>T\u00f6bbfunkci\u00f3s kialak\u00edt\u00e1s:<\/strong> Vannak, akik a h\u00e1romsz\u00f6g alak\u00fa nagy p\u00e1rn\u00e1t fejt\u00e1mla p\u00e1rnak\u00e9nt, m\u00e1sok l\u00f6kh\u00e1r\u00edt\u00f3 p\u00e1rnak\u00e9nt haszn\u00e1lj\u00e1k, de lehet kanap\u00e9 vagy kanap\u00e9 h\u00e1tt\u00e1mla p\u00e1rna is. St\u00edlusos \u00e9s funkcion\u00e1lis, \u00edgy kiv\u00e1l\u00f3 kieg\u00e9sz\u00edt\u0151je b\u00e1rmely h\u00e1l\u00f3szob\u00e1nak.<\/li>\n<li><strong>Kiv\u00e1l\u00f3 kivitelez\u00e9s:<\/strong> P\u00e1rnahuzatunk 100% poli\u00e9szter b\u00e1rsonyb\u00f3l k\u00e9sz\u00fclt, mely puha, eleg\u00e1ns \u00e9s k\u00e9nyelmes tapint\u00e1s\u00fa. A p\u00e1rn\u00e1z\u00e1s nagy s\u0171r\u0171s\u00e9g\u0171, kiv\u00e1l\u00f3 min\u0151s\u00e9g\u0171 poli\u00e9szter sz\u00e1lakb\u00f3l k\u00e9sz\u00fclt, amelyek m\u00e9g t\u00f6bb h\u00f3napos haszn\u00e1lat ut\u00e1n is megakad\u00e1lyozz\u00e1k a megereszked\u00e9st. Ezenk\u00edv\u00fcl oldalzsebekkel rendelkezik, amelyekben t\u00e1rolhatja k\u00f6nyv\u00e9t vagy telefonj\u00e1t.<\/li>\n<li><strong>K\u00f6nnyen tiszt\u00edthat\u00f3:<\/strong> Az olvas\u00f3p\u00e1rna huzata gombokkal r\u00f6gz\u00edthet\u0151 a p\u00e1rn\u00e1hoz, egyszer\u0171 cipz\u00e1rral k\u00f6nnyen elt\u00e1vol\u00edthat\u00f3. \u00cdgy a tiszt\u00edt\u00e1sa probl\u00e9mamentes. Csak vegye le a huzatot, \u00e9s gyorsan mosson g\u00e9pben, hogy p\u00e1rn\u00e1ja \u00fajszer\u0171 legyen.<\/li>\n<li><strong>M\u00e9ret:<\/strong> 45 cm (H 45 x SZ 20 x Ma 50 | 0 gomb), 60 cm (H 60 x SZ 20 x Ma 50 | 0 gomb), 80 cm (H 80 x SZ 20 x M 50 | 2 gomb), 100 cm (H 100 x SZ 20 x Ma 50 | 3 gomb), 120 cm ( 120 x 20 x 50 x 4 gomb, 140 cm (140 x 20 x 50 | 4 gomb), 160 cm (160 x 20 x 50 x 5 gomb), 180 cm (180 x 20 x 50 x 6 gomb), 200 x 20 cm W20 x H50 | 7 gomb).<\/li>\n<\/ul>","protected":false},"featured_media":522,"comment_status":"open","ping_status":"closed","template":"","meta":[],"product_brand":[],"product_cat":[15],"product_tag":[66,70,102,75,168,202,163,112,143,59],"class_list":{"0":"post-538","1":"product","2":"type-product","3":"status-publish","4":"has-post-thumbnail","6":"product_cat-large-wedge-pillow","7":"product_tag-back-support-pillow","8":"product_tag-bed-wedge-pillow","9":"product_tag-couch-pillow","10":"product_tag-daybed-pillow","11":"product_tag-headboard-pillow","12":"product_tag-large-wedge-bolster-pillow","13":"product_tag-leg-pillow","14":"product_tag-lumbar-support-pillow","15":"product_tag-multifunctional-pillow","16":"product_tag-reading-pillow","18":"first","19":"instock","20":"featured","21":"shipping-taxable","22":"purchasable","23":"product-type-variable"},"_links":{"self":[{"href":"https:\/\/www.largepillow.com\/hu\/wp-json\/wp\/v2\/product\/538","targetHints":{"allow":["GET"]}}],"collection":[{"href":"https:\/\/www.largepillow.com\/hu\/wp-json\/wp\/v2\/product"}],"about":[{"href":"https:\/\/www.largepillow.com\/hu\/wp-json\/wp\/v2\/types\/product"}],"replies":[{"embeddable":true,"href":"https:\/\/www.largepillow.com\/hu\/wp-json\/wp\/v2\/comments?post=538"}],"wp:featuredmedia":[{"embeddable":true,"href":"https:\/\/www.largepillow.com\/hu\/wp-json\/wp\/v2\/media\/522"}],"wp:attachment":[{"href":"https:\/\/www.largepillow.com\/hu\/wp-json\/wp\/v2\/media?parent=538"}],"wp:term":[{"taxonomy":"product_brand","embeddable":true,"href":"https:\/\/www.largepillow.com\/hu\/wp-json\/wp\/v2\/product_brand?post=538"},{"taxonomy":"product_cat","embeddable":true,"href":"https:\/\/www.largepillow.com\/hu\/wp-json\/wp\/v2\/product_cat?post=538"},{"taxonomy":"product_tag","embeddable":true,"href":"https:\/\/www.largepillow.com\/hu\/wp-json\/wp\/v2\/product_tag?post=538"}],"curies":[{"name":"wp","href":"https:\/\/api.w.org\/{rel}","templated":true}]}}