{"id":5691,"date":"2025-01-09T03:00:25","date_gmt":"2025-01-09T03:00:25","guid":{"rendered":"https:\/\/www.largepillow.com\/product\/soft-small-teddy-bear-birthday-gift-cuddly-stuffed-animal-toy-pink"},"modified":"2025-10-16T01:37:17","modified_gmt":"2025-10-16T01:37:17","slug":"puha-kis-macko-szuletesnapi-ajandek-bujos-plussallatos-jatek-rozsaszin","status":"publish","type":"product","link":"https:\/\/www.largepillow.com\/hu\/product\/soft-small-teddy-bear-birthday-gift-cuddly-stuffed-animal-toy-pink","title":{"rendered":"Puha kis mack\u00f3 sz\u00fclet\u00e9snapi aj\u00e1nd\u00e9k ennival\u00f3, kit\u00f6m\u00f6tt \u00e1llati j\u00e1t\u00e9k r\u00f3zsasz\u00edn"},"content":{"rendered":"[zc_getpagecontent mb=&#8221;mb_aplus&#8221; apid=&#8221;15&#8243;]\n","protected":false},"excerpt":{"rendered":"<ul>\n<li>Teddy mack\u00f3nk teljes m\u00e9ret\u0171 \u00e9s kell\u0151en tele van, biztosak lehet\u00fcnk benne, hogy a kapott t\u00e1rgy megegyezik a k\u00e9pekkel; Kiv\u00e1l\u00f3 min\u0151s\u00e9g\u0171 mack\u00f3nk ide\u00e1lis aj\u00e1nd\u00e9k szeretteinek, \u00e9s nagyon n\u00e9pszer\u0171 aj\u00e1nd\u00e9k olyan \u00fcnnepekre, mint a kar\u00e1csony vagy a Valentin nap.<\/li>\n<li>\u00d3ri\u00e1s mack\u00f3 rendk\u00edv\u00fcl puha pl\u00fcss anyaggal, nagyon bolyhos, cs\u00fasz\u00f3s \u00e9rzetet kelt, \u00edgy szuper\u00fcl alkalmazkodik az \u00f6lel\u00e9shez \u00e9s az \u00f6lelkez\u00e9shez.<\/li>\n<li>A hatalmas, 25 cm-es (10 h\u00fcvelykes) mack\u00f3 h\u00e1tulj\u00e1n gyermekbiztos cipz\u00e1rral rendelkezik, \u00edgy biztons\u00e1gos \u00e9s k\u00f6nnyen moshat\u00f3.<\/li>\n<li>Ez a mack\u00f3 a t\u00e9nyleges m\u00e9ret\u00e9n\u00e9l kisebb csomagba van \u00f6sszenyomva, \u00e9s a csomagol\u00f3zs\u00e1k elt\u00e1vol\u00edt\u00e1sa ut\u00e1n gyorsan kit\u00e1gul.<\/li>\n<li>T\u00f6k\u00e9letes mack\u00f3 \u00f6lel\u00e9shez \u00e9s \u00f6lelkez\u00e9shez. Ez az aranyos mack\u00f3 elk\u00eds\u00e9rhet k\u00f6nyvek olvas\u00e1sa, t\u00e9v\u00e9z\u00e9s \u00e9s sz\u00f3rakoz\u00e1s k\u00f6zben. J\u00f3 t\u00e1rs lehet! Az aranyos pl\u00fcssj\u00e1t\u00e9k hamar szeretett t\u00e1rsa lesz kicsiknek \u00e9s nagyoknak egyar\u00e1nt.<\/li>\n<li>A mack\u00f3 annyira elb\u0171v\u00f6l\u0151, hogy ak\u00e1r egy h\u00e1l\u00f3szob\u00e1t vagy a j\u00e1tsz\u00f3szob\u00e1t is d\u00edsz\u00edtheti. Puha p\u00e1rnak\u00e9nt hozz\u00e1b\u00fajhatsz ehhez a macihoz. A gyerekek j\u00e1tszhatnak ezzel a macival, ami egyben nagyon \u00e9rdekes alkalom lehet a csal\u00e1di sz\u00f3rakoz\u00e1sra is.<\/li>\n<li>Ide\u00e1lis v\u00e1laszt\u00e1s bab\u00e1knak, gyerekeknek vagy bar\u00e1toknak. Ez lesz a legjobb aj\u00e1nd\u00e9k k\u00fcl\u00f6nleges napokra, p\u00e9ld\u00e1ul h\u00e1laad\u00e1sra, Valentin-napra, kar\u00e1csonyra, sz\u00fclet\u00e9snapra vagy b\u00e1rmilyen \u00e9vfordul\u00f3ra.<\/li>\n<li>Ez a mack\u00f3 nagyon puha. A gombszemek nagyon t\u00f6m\u00f6rek. A pl\u00fcss \u00e9s a t\u00f6ltel\u00e9k mind kiv\u00e1l\u00f3 min\u0151s\u00e9g\u0171ek.<\/li>\n<li>A pl\u00fcss \u00e9s a p\u00e1rn\u00e1z\u00e1s mind j\u00f3 min\u0151s\u00e9g\u0171. Minden medv\u00e9t szigor\u00fa min\u0151s\u00e9gellen\u0151rz\u00e9s ut\u00e1n sz\u00e1ll\u00edtanak. A pl\u00fcsst egy erre felhatalmazott min\u0151s\u00e9g\u00fcgyi szervezet ellen\u0151rzi, \u00e9s megkapja a CE tan\u00fas\u00edtv\u00e1nyt.<\/li>\n<\/ul>","protected":false},"featured_media":5674,"comment_status":"open","ping_status":"closed","template":"","meta":[],"product_brand":[],"product_cat":[235],"product_tag":[],"class_list":{"0":"post-5691","1":"product","2":"type-product","3":"status-publish","4":"has-post-thumbnail","6":"product_cat-plush-toys","8":"first","9":"outofstock","10":"shipping-taxable","11":"purchasable","12":"product-type-simple"},"_links":{"self":[{"href":"https:\/\/www.largepillow.com\/hu\/wp-json\/wp\/v2\/product\/5691","targetHints":{"allow":["GET"]}}],"collection":[{"href":"https:\/\/www.largepillow.com\/hu\/wp-json\/wp\/v2\/product"}],"about":[{"href":"https:\/\/www.largepillow.com\/hu\/wp-json\/wp\/v2\/types\/product"}],"replies":[{"embeddable":true,"href":"https:\/\/www.largepillow.com\/hu\/wp-json\/wp\/v2\/comments?post=5691"}],"wp:featuredmedia":[{"embeddable":true,"href":"https:\/\/www.largepillow.com\/hu\/wp-json\/wp\/v2\/media\/5674"}],"wp:attachment":[{"href":"https:\/\/www.largepillow.com\/hu\/wp-json\/wp\/v2\/media?parent=5691"}],"wp:term":[{"taxonomy":"product_brand","embeddable":true,"href":"https:\/\/www.largepillow.com\/hu\/wp-json\/wp\/v2\/product_brand?post=5691"},{"taxonomy":"product_cat","embeddable":true,"href":"https:\/\/www.largepillow.com\/hu\/wp-json\/wp\/v2\/product_cat?post=5691"},{"taxonomy":"product_tag","embeddable":true,"href":"https:\/\/www.largepillow.com\/hu\/wp-json\/wp\/v2\/product_tag?post=5691"}],"curies":[{"name":"wp","href":"https:\/\/api.w.org\/{rel}","templated":true}]}}