{"id":5959,"date":"2025-02-02T13:23:53","date_gmt":"2025-02-02T13:23:53","guid":{"rendered":"https:\/\/www.largepillow.com\/product\/side-sleeper-pillow-with-arm-hole-foam-wedge-for-neck-and-shoulder-pain"},"modified":"2025-11-23T05:21:48","modified_gmt":"2025-11-23T05:21:48","slug":"oldalso-alvoparna-kar-lyuku-hab-ekkel-nyak-es-vallfajdalmakra","status":"publish","type":"product","link":"https:\/\/www.largepillow.com\/hu\/product\/side-sleeper-pillow-with-arm-hole-foam-wedge-for-neck-and-shoulder-pain","title":{"rendered":"Oldals\u00f3 h\u00e1l\u00f3p\u00e1rna karlyukkal \u00e9s habszivacs \u00e9kkel nyak- \u00e9s v\u00e1llf\u00e1jdalmakra"},"content":{"rendered":"[zc_getpagecontent mb=&#8221;mb_aplus&#8221; apid=&#8221;116&#8243;]\n","protected":false},"excerpt":{"rendered":"<ul>\n<li>Fejlett diz\u00e1jn: A v\u00e1llf\u00e1jdalmak elleni \u00faj verzi\u00f3j\u00fa oldals\u00f3 alv\u00f3p\u00e1rn\u00e1nk h\u00e1rom alapvet\u0151 r\u00e9szb\u0151l \u00e1ll: egy habszivacs \u00e9kp\u00e1rn\u00e1b\u00f3l a stabil tart\u00e1s\u00e9rt, egy kis fejt\u00e1ml\u00e1b\u00f3l \u00e9s egy k\u00e9nyelmes H-alak\u00fa testp\u00e1rn\u00e1b\u00f3l. Ez a forradalmi kialak\u00edt\u00e1s jelent\u0151s funkcion\u00e1lis fejleszt\u00e9seket k\u00edn\u00e1l a hagyom\u00e1nyos U-alak\u00fa testp\u00e1rn\u00e1khoz k\u00e9pest, lehet\u0151v\u00e9 t\u00e9ve az alv\u00e1s k\u00f6zbeni k\u00f6nnyed oldalcser\u00e9t.<\/li>\n<li>Tov\u00e1bbfejlesztett funkcionalit\u00e1s: A hagyom\u00e1nyos U alak\u00fa oldals\u00f3 alv\u00f3p\u00e1rn\u00e1kkal ellent\u00e9tben, amelyek akad\u00e1lyozz\u00e1k a mozg\u00e1st alv\u00e1s k\u00f6zben, a H-alak\u00fa testp\u00e1rn\u00e1nk \u00e9s a k\u00fcl\u00f6n\u00e1ll\u00f3 fejt\u00e1mla kialak\u00edt\u00e1sa lehet\u0151v\u00e9 teszi a karok k\u00f6nny\u0171 mozgat\u00e1s\u00e1t \u00e9s oldalcser\u00e9j\u00e9t. Az \u00e9kp\u00e1rna optimaliz\u00e1lt lejt\u00e9se gyeng\u00e9d al\u00e1t\u00e1maszt\u00e1st biztos\u00edt, kiel\u00e9g\u00edtve az oldals\u00f3 talpf\u00e1k v\u00e1ltozatos ig\u00e9nyeit.<\/li>\n<li>Karnyom\u00e1scs\u00f6kkent\u00e9s: \u00d6leljen ki p\u00e1ratlan k\u00e9nyelmet a habszivacs \u00e9kp\u00e1rna okosan megtervezett duplakaros lyuk funkci\u00f3j\u00e1val. Ez a kialak\u00edt\u00e1s enyh\u00edti a kar nyom\u00e1s\u00e1t, el\u0151seg\u00edti a jobb v\u00e9rkering\u00e9st, \u00e9s pihentet\u0151 \u00e9jszakai alv\u00e1st biztos\u00edt a l\u00f3g\u00f3 karok okozta k\u00e9nyelmetlens\u00e9g n\u00e9lk\u00fcl.<\/li>\n<li>Maxim\u00e1lis k\u00e9nyelem: A puha \u00e9s bolyhos poli\u00e9szter sz\u00e1lb\u00f3l k\u00e9sz\u00fclt H alak\u00fa testp\u00e1rna \u00e9s fejt\u00e1mla maxim\u00e1lis k\u00e9nyelmet biztos\u00edt alv\u00e1s k\u00f6zben. A p\u00e1rnahuzat l\u00e9legz\u0151 anyaga nyugodt \u00e9jszakai alv\u00e1st biztos\u00edt. Az ergonomikus habszivacs p\u00e1rna megemeli a fels\u0151testet, hat\u00e9konyan enyh\u00edti a h\u00e1tf\u00e1j\u00e1st, a savas refluxot \u00e9s a gyomor\u00e9g\u00e9st. Ez a p\u00e1rna nagy s\u0171r\u0171s\u00e9g\u0171 habbal t\u00f6ltve a hosszan tart\u00f3 stabilit\u00e1s \u00e9rdek\u00e9ben szil\u00e1rd tart\u00e1st biztos\u00edt az \u00e9jszaka folyam\u00e1n, seg\u00edtve az oldalt alv\u00f3kat a gyorsabb fel\u00e9p\u00fcl\u00e9sben.<\/li>\n<li>\u00c1tfog\u00f3 t\u00e1mogat\u00e1s: \u00c9lvezze a teljes test al\u00e1t\u00e1maszt\u00e1s\u00e1t a H-alak\u00fa ergonomikus p\u00e1rnaoldali alv\u00f3 megny\u00fajtott fels\u0151 r\u00e9sz\u00e9vel, amely a fejt\u0151l a l\u00e1big terjed. Legyen sz\u00f3 a cs\u00edp\u0151r\u0151l, a h\u00e1tr\u00f3l, a nyakr\u00f3l vagy a hasr\u00f3l, amely ellazul\u00e1st ig\u00e9nyel, ez a testp\u00e1rna testreszabott t\u00e1maszt ny\u00fajt. A testp\u00e1rna k\u00f6zep\u00e9n tal\u00e1lhat\u00f3 csatlakoz\u00e1si kialak\u00edt\u00e1s biztos\u00edtja, hogy a feln\u0151ttek oldals\u00f3 alv\u00f3p\u00e1rn\u00e1k ne tekerjenek a test k\u00f6r\u00e9, amikor megfordul.<\/li>\n<\/ul>","protected":false},"featured_media":5945,"comment_status":"open","ping_status":"closed","template":"","meta":[],"product_brand":[],"product_cat":[228],"product_tag":[],"class_list":{"0":"post-5959","1":"product","2":"type-product","3":"status-publish","4":"has-post-thumbnail","6":"product_cat-cushions","8":"first","9":"instock","10":"shipping-taxable","11":"purchasable","12":"product-type-variable","13":"has-default-attributes"},"_links":{"self":[{"href":"https:\/\/www.largepillow.com\/hu\/wp-json\/wp\/v2\/product\/5959","targetHints":{"allow":["GET"]}}],"collection":[{"href":"https:\/\/www.largepillow.com\/hu\/wp-json\/wp\/v2\/product"}],"about":[{"href":"https:\/\/www.largepillow.com\/hu\/wp-json\/wp\/v2\/types\/product"}],"replies":[{"embeddable":true,"href":"https:\/\/www.largepillow.com\/hu\/wp-json\/wp\/v2\/comments?post=5959"}],"wp:featuredmedia":[{"embeddable":true,"href":"https:\/\/www.largepillow.com\/hu\/wp-json\/wp\/v2\/media\/5945"}],"wp:attachment":[{"href":"https:\/\/www.largepillow.com\/hu\/wp-json\/wp\/v2\/media?parent=5959"}],"wp:term":[{"taxonomy":"product_brand","embeddable":true,"href":"https:\/\/www.largepillow.com\/hu\/wp-json\/wp\/v2\/product_brand?post=5959"},{"taxonomy":"product_cat","embeddable":true,"href":"https:\/\/www.largepillow.com\/hu\/wp-json\/wp\/v2\/product_cat?post=5959"},{"taxonomy":"product_tag","embeddable":true,"href":"https:\/\/www.largepillow.com\/hu\/wp-json\/wp\/v2\/product_tag?post=5959"}],"curies":[{"name":"wp","href":"https:\/\/api.w.org\/{rel}","templated":true}]}}