{"id":614,"date":"2022-09-16T03:33:52","date_gmt":"2022-09-16T03:33:52","guid":{"rendered":"https:\/\/www.largepillow.com\/product\/bed-wedge-pillow-2"},"modified":"2026-04-11T08:10:25","modified_gmt":"2026-04-11T08:10:25","slug":"nagy-hatparna-agynak","status":"publish","type":"product","link":"https:\/\/www.largepillow.com\/hu\/product\/large-back-pillow-for-bed","title":{"rendered":"Nagy h\u00e1tp\u00e1rna \u00e1gyhoz"},"content":{"rendered":"<p>Tapasztalja meg a kimagasl\u00f3 k\u00e9nyelmet a pr\u00e9mium, nagy \u00e1gyat\u00e1mp\u00e1rn\u00e1nkkal<\/p>\n<p>Engedje \u00e1t mag\u00e1t a p\u00e1ratlan k\u00e9nyelemnek luxus nagy h\u00e1tp\u00e1rn\u00e1nkkal, amelyet \u00fagy terveztek, hogy jav\u00edtsa lefekv\u00e9si \u00e9lm\u00e9ny\u00e9t. Legyen sz\u00f3 mes\u00e9ben elt\u00e9vedt k\u00f6nyvmolyr\u00f3l, mozirajong\u00f3r\u00f3l, vagy egyszer\u0171en csak k\u00e9nyelmes h\u00e1tt\u00e1ml\u00e1ra v\u00e1gyik, a fejt\u00e1mla p\u00e1rn\u00e1nk gondoskodik r\u00f3la.<\/p>\n<p>Sokoldal\u00fa \u00e9s multifunkcion\u00e1lis<\/p>\n<p>P\u00e1rn\u00e1nk sokoldal\u00fas\u00e1ga nem ismer hat\u00e1rokat. Haszn\u00e1lja t\u00e1maszt\u00f3 h\u00e1tt\u00e1mlak\u00e9nt olvas\u00e1shoz, hossz\u00fa \u00e9kp\u00e1rnak\u00e9nt a nagyobb k\u00e9nyelem \u00e9rdek\u00e9ben, vagy ak\u00e1r l\u00e1bp\u00e1rnak\u00e9nt a f\u00e1radt izmok megnyugtat\u00e1s\u00e1ra. St\u00edlusos kialak\u00edt\u00e1s\u00e1nak k\u00f6sz\u00f6nhet\u0151en b\u00e1rmely h\u00e1l\u00f3szoba dekor\u00e1ci\u00f3j\u00e1nak \u00f6rvendetes kieg\u00e9sz\u00edt\u0151je.<\/p>\n<p>Pr\u00e9mium anyagok, rend\u00edthetetlen t\u00e1mogat\u00e1s<\/p>\n<p>A pr\u00e9mium 100% poli\u00e9szter \u00e9s v\u00e1szon kever\u00e9k\u00e9b\u0151l k\u00e9sz\u00fclt p\u00e1rnahuzatunk \u00f6sszefon\u00f3dott text\u00far\u00e1val \u00e9s kiv\u00e1l\u00f3 \u00f6lt\u00e9sekkel b\u00fcszk\u00e9lkedhet, amelyek tart\u00f3ss\u00e1got sug\u00e1roznak. A nagy s\u0171r\u0171s\u00e9g\u0171, kiv\u00e1l\u00f3 min\u0151s\u00e9g\u0171 poli\u00e9sztersz\u00e1las p\u00e1rn\u00e1z\u00e1s kiv\u00e9teles tart\u00e1st biztos\u00edt, megakad\u00e1lyozva a megereszked\u00e9st m\u00e9g hosszabb haszn\u00e1lat ut\u00e1n is.<\/p>\n<p>K\u00f6nny\u0171 karbantart\u00e1s<\/p>\n<p>A fejt\u00e1mla p\u00e1rn\u00e1ink kifog\u00e1stalan \u00e1llapot\u00e1nak meg\u0151rz\u00e9se gyerekj\u00e1t\u00e9k. Egyszer\u0171en h\u00fazza ki a p\u00e1rnahuzatot a k\u00f6nnyen hozz\u00e1f\u00e9rhet\u0151 cipz\u00e1rral, \u00e9s dobja be a mos\u00f3g\u00e9pbe a k\u00f6nny\u0171 tiszt\u00edt\u00e1s \u00e9rdek\u00e9ben. Ennyire egyszer\u0171!<\/p>\n<p>K\u00e9nyelmes t\u00e1rol\u00f3 zseb<\/p>\n<p>Soha t\u00f6bb\u00e9 ne vesz\u00edtse el t\u00e1vir\u00e1ny\u00edt\u00f3j\u00e1t! A fejt\u00e1mla p\u00e1rn\u00e1nk egy okos oldalzsebbel rendelkezik, amely biztons\u00e1gos \u00e9s k\u00e9nyelmes helyet biztos\u00edt a legfontosabb dolgok t\u00e1rol\u00e1s\u00e1ra.<\/p>\n<p>V\u00e1s\u00e1rl\u00f3i besz\u00e1mol\u00f3k<\/p>\n<p>&quot;Ez a p\u00e1rna hihetetlen\u00fcl k\u00e9nyelmes! Olvas\u00e1sra haszn\u00e1lom az \u00e1gyban, \u00e9s sokkal \u00e9lvezetesebb\u00e9 tette az \u00e9jszakai rutinom.\u201d \u2013 Sarah J.<\/p>\n<p>\u201eIm\u00e1dom ennek a p\u00e1rn\u00e1nak a sokoldal\u00fas\u00e1g\u00e1t. Pihen\u00e9shez \u00e9s alv\u00e1shoz egyar\u00e1nt t\u00f6k\u00e9letes. A t\u00e1rol\u00f3zseb fantasztikus b\u00f3nusz!\u201d \u2013 Emily B.<\/p>\n<p>El\u00e9rhet\u0151 m\u00e9retek<\/p>\n<p>Nagy h\u00e1tp\u00e1rn\u00e1nk t\u00f6bbf\u00e9le m\u00e9retben kaphat\u00f3, hogy megfeleljen az \u00d6n ig\u00e9nyeinek:<\/p>\n<p>* 45 cm (H45 x SZ20 x H50)<br \/>\n* 60 cm (H60 x SZ20 x H50)<br \/>\n* 80 cm (H80 x SZ20 x H50)<br \/>\n* 100 cm (hossz 100 x sz\u00e9less\u00e9g 20 x ma 50)<br \/>\n* 120 cm (hossz 120 x sz\u00e9less\u00e9g 20 x ma 50)<br \/>\n* 140 cm (hossz 140 x sz\u00e9less\u00e9g 20 x ma 50)<br \/>\n* 160 cm (H160 x SZ20 x H50)<br \/>\n* 180 cm (hossz 180 x sz\u00e9less\u00e9g 20 x ma 50)<br \/>\n* 200 cm (H 200 x SZ20 x Ma 50)<\/p>\n<p>N\u00f6velje alv\u00e1si \u00e9s hever\u00e9sz\u00e9si \u00e9lm\u00e9ny\u00e9t a nagy \u00e1gyakhoz haszn\u00e1lhat\u00f3 h\u00e1tp\u00e1rn\u00e1nkkal m\u00e9g ma. Rendeljen most, \u00e9s \u00e9lvezze a t\u00f6k\u00e9letes k\u00e9nyelmet!<\/p>","protected":false},"excerpt":{"rendered":"<ul>\n<li><strong>Maxim\u00e1lis k\u00e9nyelem:<\/strong> A fejt\u00e1mla p\u00e1rn\u00e1nkat \u00fagy tervezt\u00e9k, hogy maxim\u00e1lis k\u00e9nyelmet ny\u00fajtson olvas\u00e1s, t\u00e9v\u00e9z\u00e9s vagy alv\u00e1s k\u00f6zben. T\u00f6k\u00e9letes \u00e1gynak, kanap\u00e9nak, hever\u0151nek \u00e9s sok m\u00e1snak!<\/li>\n<li><strong>T\u00f6bbfunkci\u00f3s kialak\u00edt\u00e1s:<\/strong> Nagy p\u00e1rn\u00e1nkat t\u00f6bbf\u00e9lek\u00e9ppen haszn\u00e1lhatjuk \u2013 h\u00e1tt\u00e1mla olvas\u00f3p\u00e1rnak\u00e9nt, hossz\u00fa \u00e9kp\u00e1rnak\u00e9nt vagy l\u00e1bp\u00e1rnak\u00e9nt a l\u00e1bak megemel\u00e9s\u00e9re. St\u00edlusos \u00e9s funkcion\u00e1lis, \u00edgy kiv\u00e1l\u00f3 kieg\u00e9sz\u00edt\u0151je b\u00e1rmely h\u00e1l\u00f3szob\u00e1nak.<\/li>\n<li><strong>Pr\u00e9mium anyagok:<\/strong> P\u00e1rnahuzatunk 100% poli\u00e9szterb\u0151l k\u00e9sz\u00fclt, \u00e1tsz\u0151tt text\u00far\u00e1val \u00e9s gy\u00f6ny\u00f6r\u0171 \u00f6lt\u00e9sekkel, amelyek mindenhol er\u0151sek. A p\u00e1rn\u00e1z\u00e1s nagy s\u0171r\u0171s\u00e9g\u0171, kiv\u00e1l\u00f3 min\u0151s\u00e9g\u0171 poli\u00e9szter sz\u00e1lakb\u00f3l k\u00e9sz\u00fclt, amelyek m\u00e9g t\u00f6bb h\u00f3napos haszn\u00e1lat ut\u00e1n is megakad\u00e1lyozz\u00e1k a megereszked\u00e9st.<\/li>\n<li><strong>K\u00f6nnyen tiszt\u00edthat\u00f3:<\/strong> A fejt\u00e1mla p\u00e1rnahuzata gombokkal r\u00f6gz\u00edthet\u0151 a p\u00e1rn\u00e1hoz, \u00e9s egy egyszer\u0171 cipz\u00e1rral k\u00f6nnyen elt\u00e1vol\u00edthat\u00f3. Csak vegye le a huzatot, \u00e9s gyorsan mosson g\u00e9pben, hogy p\u00e1rn\u00e1ja \u00fajszer\u0171 legyen.<\/li>\n<li><strong>T\u00f6k\u00e9letes t\u00e1rol\u00f3 zseb:<\/strong> A fejt\u00e1mla p\u00e1rn\u00e1nk egy k\u00e9nyelmes oldalzsebbel rendelkezik, \u00edgy soha t\u00f6bb\u00e9 nem fogja elt\u00e9veszteni a t\u00e1vir\u00e1ny\u00edt\u00f3j\u00e1t.<\/li>\n<li><strong>Sz\u00f6vet:<\/strong>\u00a0Poli\u00e9szter \u00e9s v\u00e1szon kever\u00e9k.<\/li>\n<li><strong>M\u00e9ret:<\/strong> 45 cm (H 45 x SZ 20 x Ma 50 | 0 gomb), 60 cm (H 60 x SZ 20 x Ma 50 | 0 gomb), 80 cm (H 80 x SZ 20 x M 50 | 2 gomb), 100 cm (H 100 x SZ 20 x Ma 50 | 3 gomb), 120 cm ( 120 x 20 x 50 x 4 gomb, 140 cm (140 x 20 x 50 | 4 gomb), 160 cm (160 x 20 x 50 x 5 gomb), 180 cm (180 x 20 x 50 x 6 gomb), 200 x 20 cm W20 x H50 | 7 gomb).<\/li>\n<\/ul>","protected":false},"featured_media":600,"comment_status":"open","ping_status":"closed","template":"","meta":[],"product_brand":[],"product_cat":[15],"product_tag":[187,75,168,197,189,184,143,59,71,198],"class_list":{"0":"post-614","1":"product","2":"type-product","3":"status-publish","4":"has-post-thumbnail","6":"product_cat-large-wedge-pillow","7":"product_tag-back-support-reading-pillow","8":"product_tag-daybed-pillow","9":"product_tag-headboard-pillow","10":"product_tag-large-back-pillow-for-bed","11":"product_tag-linen-pillow","12":"product_tag-long-wedge-pillow","13":"product_tag-multifunctional-pillow","14":"product_tag-reading-pillow","15":"product_tag-tv-pillow","16":"product_tag-white-pillow","18":"first","19":"instock","20":"featured","21":"shipping-taxable","22":"purchasable","23":"product-type-variable"},"_links":{"self":[{"href":"https:\/\/www.largepillow.com\/hu\/wp-json\/wp\/v2\/product\/614","targetHints":{"allow":["GET"]}}],"collection":[{"href":"https:\/\/www.largepillow.com\/hu\/wp-json\/wp\/v2\/product"}],"about":[{"href":"https:\/\/www.largepillow.com\/hu\/wp-json\/wp\/v2\/types\/product"}],"replies":[{"embeddable":true,"href":"https:\/\/www.largepillow.com\/hu\/wp-json\/wp\/v2\/comments?post=614"}],"wp:featuredmedia":[{"embeddable":true,"href":"https:\/\/www.largepillow.com\/hu\/wp-json\/wp\/v2\/media\/600"}],"wp:attachment":[{"href":"https:\/\/www.largepillow.com\/hu\/wp-json\/wp\/v2\/media?parent=614"}],"wp:term":[{"taxonomy":"product_brand","embeddable":true,"href":"https:\/\/www.largepillow.com\/hu\/wp-json\/wp\/v2\/product_brand?post=614"},{"taxonomy":"product_cat","embeddable":true,"href":"https:\/\/www.largepillow.com\/hu\/wp-json\/wp\/v2\/product_cat?post=614"},{"taxonomy":"product_tag","embeddable":true,"href":"https:\/\/www.largepillow.com\/hu\/wp-json\/wp\/v2\/product_tag?post=614"}],"curies":[{"name":"wp","href":"https:\/\/api.w.org\/{rel}","templated":true}]}}