{"id":640,"date":"2022-09-16T03:40:56","date_gmt":"2022-09-16T03:40:56","guid":{"rendered":"https:\/\/www.largepillow.com\/product\/leg-elevation-pillow-2"},"modified":"2025-11-24T12:37:09","modified_gmt":"2025-11-24T12:37:09","slug":"parna-a-fejtamlahoz","status":"publish","type":"product","link":"https:\/\/www.largepillow.com\/hu\/product\/cushion-for-headboard","title":{"rendered":"P\u00e1rna fejt\u00e1ml\u00e1hoz"},"content":{"rendered":"<p>A fejt\u00e1mla p\u00e1rna \u2013 a t\u00f6k\u00e9letes k\u00e9nyelem, amit keresett! Ezt a fejt\u00e1mla p\u00e1rn\u00e1t az \u00d6n k\u00e9nyelm\u00e9t szem el\u0151tt tartva tervezt\u00e9k, t\u00f6k\u00e9letes olvas\u00e1shoz, t\u00e9v\u00e9z\u00e9shez vagy egyszer\u0171en csak egy j\u00f3 \u00e9jszakai alv\u00e1shoz. T\u00f6bbfunkci\u00f3s, st\u00edlusos, \u00e9s kiv\u00e1l\u00f3 kieg\u00e9sz\u00edt\u0151je b\u00e1rmely h\u00e1l\u00f3szob\u00e1nak.<\/p>\n<p>Nagy p\u00e1rn\u00e1nkat t\u00f6bbf\u00e9lek\u00e9ppen haszn\u00e1lhatjuk \u2013 h\u00e1tt\u00e1mla olvas\u00f3p\u00e1rnak\u00e9nt, hossz\u00fa \u00e9kp\u00e1rnak\u00e9nt vagy l\u00e1bp\u00e1rnak\u00e9nt a l\u00e1bak megemel\u00e9s\u00e9re. Nagy s\u0171r\u0171s\u00e9g\u0171, kiv\u00e1l\u00f3 min\u0151s\u00e9g\u0171 poli\u00e9szter sz\u00e1lakb\u00f3l k\u00e9sz\u00fclt, amelyek m\u00e9g t\u00f6bb h\u00f3napos haszn\u00e1lat ut\u00e1n is megakad\u00e1lyozz\u00e1k a megereszked\u00e9st. A p\u00e1rnahuzat 100% poli\u00e9szterb\u0151l k\u00e9sz\u00fclt, \u00e1tsz\u0151tt text\u00far\u00e1val \u00e9s gy\u00f6ny\u00f6r\u0171 \u00f6lt\u00e9sekkel, amelyek mindenhol er\u0151sek.<\/p>\n<p>Ennek a fejp\u00e1rn\u00e1nak az egyik legjobb tulajdons\u00e1ga, hogy k\u00f6nnyen tiszt\u00edthat\u00f3. Egyszer\u0171en t\u00e1vol\u00edtsa el a huzatot egy egyszer\u0171 cipz\u00e1rral, \u00e9s v\u00e9gezzen gyors g\u00e9pi mos\u00e1st, hogy p\u00e1rn\u00e1ja \u00fajszer\u0171 legyen.<\/p>\n<p>De ez m\u00e9g nem minden \u2013 a fejt\u00e1mla p\u00e1rn\u00e1nk egy k\u00e9nyelmes oldalzsebbel is rendelkezik, amely biztos\u00edtja, hogy soha t\u00f6bb\u00e9 ne t\u00e9vedjen el a t\u00e1vir\u00e1ny\u00edt\u00f3ja. T\u00f6k\u00e9letes t\u00e1rol\u00f3zseb minden sz\u00fcks\u00e9ges dolog sz\u00e1m\u00e1ra.<\/p>\n<p>K\u00fcl\u00f6nb\u00f6z\u0151 m\u00e9ret\u0171 p\u00e1rn\u00e1kat k\u00edn\u00e1lunk, 45 cm-t\u0151l 200 cm-ig. Kiv\u00e1laszthatja az \u00e1gy\u00e1hoz \u00e9s fejt\u00e1ml\u00e1j\u00e1hoz legink\u00e1bb ill\u0151 m\u00e9retet. A p\u00e1rna poli\u00e9szter \u00e9s len kever\u00e9k anyagb\u00f3l k\u00e9sz\u00fclt, amely k\u00e9nyelmes \u00e9s tart\u00f3s anyag.<\/p>\n<p>Ne csak higgyen sz\u00f3t, \u00edme n\u00e9h\u00e1ny megjegyz\u00e9s el\u00e9gedett \u00fcgyfeleinkt\u0151l:<\/p>\n<p>&quot;Nagyon szeretem ezt a p\u00e1rn\u00e1t. Olyan k\u00e9nyelmes \u00e9s er\u0151s. Minden este haszn\u00e1lom, hogy lefekv\u00e9s el\u0151tt olvassak.\u201d<\/p>\n<p>\u201eAz anyag kiv\u00e1l\u00f3 min\u0151s\u00e9g\u0171, a p\u00e1rna pedig gy\u00f6ny\u00f6r\u0171en k\u00e9sz\u00fclt. Im\u00e1dom az oldals\u00f3 zsebet, mert olyan k\u00e9nyelmes.\u201d<\/p>\n<p>\u201eEz a p\u00e1rna sokkal k\u00e9nyelmesebb\u00e9 tette az \u00e1gyamat. Olyan, mintha egy hangulatos kis f\u00e9szekben pihenhetn\u00e9nk.\u201d<\/p>\n<p>\u00d6sszefoglalva, ha egy k\u00e9nyelmes \u00e9s t\u00f6bbfunkci\u00f3s fejt\u00e1mla p\u00e1rn\u00e1t keres, a Cushion For Headboard t\u00f6k\u00e9letes v\u00e1laszt\u00e1s az \u00d6n sz\u00e1m\u00e1ra. St\u00edlusos, funkcion\u00e1lis \u00e9s k\u00f6nnyen tiszt\u00edthat\u00f3. Rendelje meg saj\u00e1tj\u00e1t m\u00e9g ma, \u00e9s tapasztalja meg a t\u00f6k\u00e9letes k\u00e9nyelmet!<\/p>","protected":false},"excerpt":{"rendered":"<ul>\n<li><strong>Maxim\u00e1lis k\u00e9nyelem:<\/strong> A fejt\u00e1mla p\u00e1rn\u00e1nkat \u00fagy tervezt\u00e9k, hogy maxim\u00e1lis k\u00e9nyelmet ny\u00fajtson olvas\u00e1s, t\u00e9v\u00e9z\u00e9s vagy alv\u00e1s k\u00f6zben. T\u00f6k\u00e9letes \u00e1gynak, kanap\u00e9nak, hever\u0151nek \u00e9s sok m\u00e1snak!<\/li>\n<li><strong>T\u00f6bbfunkci\u00f3s kialak\u00edt\u00e1s:<\/strong> Nagy p\u00e1rn\u00e1nkat t\u00f6bbf\u00e9lek\u00e9ppen haszn\u00e1lhatjuk \u2013 h\u00e1tt\u00e1mla olvas\u00f3p\u00e1rnak\u00e9nt, hossz\u00fa \u00e9kp\u00e1rnak\u00e9nt vagy l\u00e1bp\u00e1rnak\u00e9nt a l\u00e1bak megemel\u00e9s\u00e9re. St\u00edlusos \u00e9s funkcion\u00e1lis, \u00edgy kiv\u00e1l\u00f3 kieg\u00e9sz\u00edt\u0151je b\u00e1rmely h\u00e1l\u00f3szob\u00e1nak.<\/li>\n<li><strong>Pr\u00e9mium anyagok:<\/strong> P\u00e1rnahuzatunk 100% poli\u00e9szterb\u0151l k\u00e9sz\u00fclt, \u00e1tsz\u0151tt text\u00far\u00e1val \u00e9s gy\u00f6ny\u00f6r\u0171 \u00f6lt\u00e9sekkel, amelyek mindenhol er\u0151sek. A p\u00e1rn\u00e1z\u00e1s nagy s\u0171r\u0171s\u00e9g\u0171, kiv\u00e1l\u00f3 min\u0151s\u00e9g\u0171 poli\u00e9szter sz\u00e1lakb\u00f3l k\u00e9sz\u00fclt, amelyek m\u00e9g t\u00f6bb h\u00f3napos haszn\u00e1lat ut\u00e1n is megakad\u00e1lyozz\u00e1k a megereszked\u00e9st.<\/li>\n<li><strong>K\u00f6nnyen tiszt\u00edthat\u00f3:<\/strong> A fejt\u00e1mla p\u00e1rnahuzata gombokkal r\u00f6gz\u00edthet\u0151 a p\u00e1rn\u00e1hoz, \u00e9s egy egyszer\u0171 cipz\u00e1rral k\u00f6nnyen elt\u00e1vol\u00edthat\u00f3. Csak vegye le a huzatot, \u00e9s gyorsan mosson g\u00e9pben, hogy p\u00e1rn\u00e1ja \u00fajszer\u0171 legyen.<\/li>\n<li><strong>T\u00f6k\u00e9letes t\u00e1rol\u00f3 zseb:<\/strong> A fejt\u00e1mla p\u00e1rn\u00e1nk egy k\u00e9nyelmes oldalzsebbel rendelkezik, \u00edgy soha t\u00f6bb\u00e9 nem fogja elt\u00e9veszteni a t\u00e1vir\u00e1ny\u00edt\u00f3j\u00e1t.<\/li>\n<li><strong>Sz\u00f6vet:<\/strong>\u00a0Poli\u00e9szter \u00e9s v\u00e1szon kever\u00e9k.<\/li>\n<li><strong>M\u00e9ret:<\/strong> 45 cm (H 45 x SZ 20 x Ma 50 | 0 gomb), 60 cm (H 60 x SZ 20 x Ma 50 | 0 gomb), 80 cm (H 80 x SZ 20 x M 50 | 2 gomb), 100 cm (H 100 x SZ 20 x Ma 50 | 3 gomb), 120 cm ( 120 x 20 x 50 x 4 gomb, 140 cm (140 x 20 x 50 | 4 gomb), 160 cm (160 x 20 x 50 x 5 gomb), 180 cm (180 x 20 x 50 x 6 gomb), 200 x 20 cm W20 x H50 | 7 gomb).<\/li>\n<\/ul>","protected":false},"featured_media":624,"comment_status":"open","ping_status":"closed","template":"","meta":[],"product_brand":[],"product_cat":[15],"product_tag":[66,187,195,196,192,189,184,143,59],"class_list":{"0":"post-640","1":"product","2":"type-product","3":"status-publish","4":"has-post-thumbnail","6":"product_cat-large-wedge-pillow","7":"product_tag-back-support-pillow","8":"product_tag-back-support-reading-pillow","9":"product_tag-brown-pillow","10":"product_tag-cushion-for-headboard","11":"product_tag-headboard-cushion","12":"product_tag-linen-pillow","13":"product_tag-long-wedge-pillow","14":"product_tag-multifunctional-pillow","15":"product_tag-reading-pillow","17":"first","18":"instock","19":"shipping-taxable","20":"purchasable","21":"product-type-variable"},"_links":{"self":[{"href":"https:\/\/www.largepillow.com\/hu\/wp-json\/wp\/v2\/product\/640","targetHints":{"allow":["GET"]}}],"collection":[{"href":"https:\/\/www.largepillow.com\/hu\/wp-json\/wp\/v2\/product"}],"about":[{"href":"https:\/\/www.largepillow.com\/hu\/wp-json\/wp\/v2\/types\/product"}],"replies":[{"embeddable":true,"href":"https:\/\/www.largepillow.com\/hu\/wp-json\/wp\/v2\/comments?post=640"}],"wp:featuredmedia":[{"embeddable":true,"href":"https:\/\/www.largepillow.com\/hu\/wp-json\/wp\/v2\/media\/624"}],"wp:attachment":[{"href":"https:\/\/www.largepillow.com\/hu\/wp-json\/wp\/v2\/media?parent=640"}],"wp:term":[{"taxonomy":"product_brand","embeddable":true,"href":"https:\/\/www.largepillow.com\/hu\/wp-json\/wp\/v2\/product_brand?post=640"},{"taxonomy":"product_cat","embeddable":true,"href":"https:\/\/www.largepillow.com\/hu\/wp-json\/wp\/v2\/product_cat?post=640"},{"taxonomy":"product_tag","embeddable":true,"href":"https:\/\/www.largepillow.com\/hu\/wp-json\/wp\/v2\/product_tag?post=640"}],"curies":[{"name":"wp","href":"https:\/\/api.w.org\/{rel}","templated":true}]}}