{"id":665,"date":"2022-09-16T03:51:40","date_gmt":"2022-09-16T03:51:40","guid":{"rendered":"https:\/\/www.largepillow.com\/product\/bed-wedge-cushion"},"modified":"2025-12-13T21:06:55","modified_gmt":"2025-12-13T21:06:55","slug":"agy-fejtamla-parna-2","status":"publish","type":"product","link":"https:\/\/www.largepillow.com\/hu\/product\/bed-headboard-cushion","title":{"rendered":"\u00c1gy fejt\u00e1mla p\u00e1rna"},"content":{"rendered":"<p>\u00c1gyfejt\u00e1mla p\u00e1rn\u00e1nk \u2013 a t\u00f6k\u00e9letes megold\u00e1s a k\u00e9nyelem\u00e9rt. Ak\u00e1r olvas, TV-t n\u00e9z, ak\u00e1r alszik, a fejt\u00e1mla p\u00e1rn\u00e1nkat \u00fagy tervezt\u00e9k, hogy optim\u00e1lis k\u00e9nyelmet \u00e9s tart\u00e1st biztos\u00edtson fej\u00e9nek, h\u00e1t\u00e1nak \u00e9s l\u00e1bainak.<\/p>\n<p>A poli\u00e9szter \u00e9s len pr\u00e9mium kever\u00e9k\u00e9b\u0151l k\u00e9sz\u00fclt p\u00e1rnahuzatunk \u00f6sszefon\u00f3dott text\u00far\u00e1j\u00fa, \u00e9s remek varr\u00e1ssal rendelkezik, amely er\u0151s \u00e9s tart\u00f3s. A p\u00e1rn\u00e1z\u00e1s nagy s\u0171r\u0171s\u00e9g\u0171, kiv\u00e1l\u00f3 min\u0151s\u00e9g\u0171 poli\u00e9szter sz\u00e1lakb\u00f3l k\u00e9sz\u00fclt, amelyek m\u00e9g t\u00f6bb h\u00f3napos haszn\u00e1lat ut\u00e1n is megakad\u00e1lyozz\u00e1k a megereszked\u00e9st.<\/p>\n<p>Nagy p\u00e1rn\u00e1nk t\u00f6bbfunkci\u00f3s, \u00e9s haszn\u00e1lhat\u00f3 h\u00e1tt\u00e1mla olvas\u00f3p\u00e1rnak\u00e9nt, hossz\u00fa \u00e9kp\u00e1rnak\u00e9nt vagy l\u00e1bp\u00e1rnak\u00e9nt a l\u00e1bak megemel\u00e9s\u00e9re. St\u00edlusos \u00e9s funkcion\u00e1lis, \u00edgy kiv\u00e1l\u00f3 kieg\u00e9sz\u00edt\u0151je b\u00e1rmely h\u00e1l\u00f3szob\u00e1nak.<\/p>\n<p>\u00dcgyfeleink egyik kedvenc tulajdons\u00e1ga a k\u00f6nnyen tiszt\u00edthat\u00f3 huzat. A gombokkal \u00e9s cipz\u00e1rral r\u00f6gz\u00edtve csak vegye le a huzatot, \u00e9s v\u00e9gezzen gyors g\u00e9pi mos\u00e1st, hogy p\u00e1rn\u00e1ja \u00fajszer\u0171 legyen.<\/p>\n<p>De ez m\u00e9g nem minden \u2013 a fejt\u00e1mla p\u00e1rn\u00e1nk egy k\u00e9nyelmes oldals\u00f3 zsebet is tartalmaz a t\u00e1rol\u00e1shoz. Soha t\u00f6bb\u00e9 nem fogja elt\u00e9veszteni t\u00e1vir\u00e1ny\u00edt\u00f3j\u00e1t!<\/p>\n<p>K\u00fcl\u00f6nf\u00e9le m\u00e9reteket k\u00edn\u00e1lunk, hogy minden \u00e1gyhoz illeszkedjen \u2013 45 cm, 60 cm, 80 cm, 100 cm, 120 cm, 140 cm, 160 cm, 180 cm \u00e9s 200 cm, mindegyik k\u00fcl\u00f6nb\u00f6z\u0151 sz\u00e1m\u00fa gombbal, hogy t\u00f6k\u00e9letesen illeszkedjen az \u00e1gykerethez.<\/p>\n<p>Egy el\u00e9gedett v\u00e1s\u00e1rl\u00f3 azt mondta: \u201eIm\u00e1dom ezt az \u00e1gy fejt\u00e1mla p\u00e1rn\u00e1t. A pamut \u00e9s len anyag puha \u00e9s k\u00e9nyelmes. A k\u00e9k sz\u00edn gy\u00f6ny\u00f6r\u0171 \u00e9s t\u00f6k\u00e9letesen passzol az \u00e1gynem\u0171mh\u00f6z. R\u00e1ad\u00e1sul az oldalzseb nagyon praktikus a telefonomnak \u00e9s a t\u00e1vir\u00e1ny\u00edt\u00f3mnak.\u201d<\/p>\n<p>Fektessen be k\u00e9nyelm\u00e9be az \u00e1gyfejt\u00e1mla p\u00e1rn\u00e1nkkal. Rendelje meg most, \u00e9s alak\u00edtsa \u00e1t \u00e1gy\u00e1t hangulatos mened\u00e9kk\u00e9.<\/p>","protected":false},"excerpt":{"rendered":"<ul>\n<li><strong>Maxim\u00e1lis k\u00e9nyelem:<\/strong> A fejt\u00e1mla p\u00e1rn\u00e1nkat \u00fagy tervezt\u00e9k, hogy maxim\u00e1lis k\u00e9nyelmet ny\u00fajtson olvas\u00e1s, t\u00e9v\u00e9z\u00e9s vagy alv\u00e1s k\u00f6zben. T\u00f6k\u00e9letes \u00e1gynak, kanap\u00e9nak, hever\u0151nek \u00e9s sok m\u00e1snak!<\/li>\n<li><strong>T\u00f6bbfunkci\u00f3s kialak\u00edt\u00e1s:<\/strong> Nagy p\u00e1rn\u00e1nkat t\u00f6bbf\u00e9lek\u00e9ppen haszn\u00e1lhatjuk \u2013 h\u00e1tt\u00e1mla olvas\u00f3p\u00e1rnak\u00e9nt, hossz\u00fa \u00e9kp\u00e1rnak\u00e9nt vagy l\u00e1bp\u00e1rnak\u00e9nt a l\u00e1bak megemel\u00e9s\u00e9re. St\u00edlusos \u00e9s funkcion\u00e1lis, \u00edgy kiv\u00e1l\u00f3 kieg\u00e9sz\u00edt\u0151je b\u00e1rmely h\u00e1l\u00f3szob\u00e1nak.<\/li>\n<li><strong>Pr\u00e9mium anyagok:<\/strong> P\u00e1rnahuzatunk 100% poli\u00e9szterb\u0151l k\u00e9sz\u00fclt, \u00e1tsz\u0151tt text\u00far\u00e1val \u00e9s gy\u00f6ny\u00f6r\u0171 \u00f6lt\u00e9sekkel, amelyek mindenhol er\u0151sek. A p\u00e1rn\u00e1z\u00e1s nagy s\u0171r\u0171s\u00e9g\u0171, kiv\u00e1l\u00f3 min\u0151s\u00e9g\u0171 poli\u00e9szter sz\u00e1lakb\u00f3l k\u00e9sz\u00fclt, amelyek m\u00e9g t\u00f6bb h\u00f3napos haszn\u00e1lat ut\u00e1n is megakad\u00e1lyozz\u00e1k a megereszked\u00e9st.<\/li>\n<li><strong>K\u00f6nnyen tiszt\u00edthat\u00f3:<\/strong> A fejt\u00e1mla p\u00e1rnahuzata gombokkal r\u00f6gz\u00edthet\u0151 a p\u00e1rn\u00e1hoz, \u00e9s egy egyszer\u0171 cipz\u00e1rral k\u00f6nnyen elt\u00e1vol\u00edthat\u00f3. Csak vegye le a huzatot, \u00e9s gyorsan mosson g\u00e9pben, hogy p\u00e1rn\u00e1ja \u00fajszer\u0171 legyen.<\/li>\n<li><strong>T\u00f6k\u00e9letes t\u00e1rol\u00f3 zseb:<\/strong> A fejt\u00e1mla p\u00e1rn\u00e1nk egy k\u00e9nyelmes oldalzsebbel rendelkezik, \u00edgy soha t\u00f6bb\u00e9 nem fogja elt\u00e9veszteni a t\u00e1vir\u00e1ny\u00edt\u00f3j\u00e1t.<\/li>\n<li><strong>Sz\u00f6vet:<\/strong>\u00a0Poli\u00e9szter \u00e9s v\u00e1szon kever\u00e9k.<\/li>\n<li><strong>M\u00e9ret:<\/strong> 45 cm (H 45 x SZ 20 x Ma 50 | 0 gomb), 60 cm (H 60 x SZ 20 x Ma 50 | 0 gomb), 80 cm (H 80 x SZ 20 x M 50 | 2 gomb), 100 cm (H 100 x SZ 20 x Ma 50 | 3 gomb), 120 cm ( 120 x 20 x 50 x 4 gomb, 140 cm (140 x 20 x 50 | 4 gomb), 160 cm (160 x 20 x 50 x 5 gomb), 180 cm (180 x 20 x 50 x 6 gomb), 200 x 20 cm W20 x H50 | 7 gomb).<\/li>\n<\/ul>","protected":false},"featured_media":650,"comment_status":"open","ping_status":"closed","template":"","meta":[],"product_brand":[],"product_cat":[15],"product_tag":[193,194,75,192,191,189,143,59,71,167,68],"class_list":{"0":"post-665","1":"product","2":"type-product","3":"status-publish","4":"has-post-thumbnail","6":"product_cat-large-wedge-pillow","7":"product_tag-bed-headboard-cushion","8":"product_tag-blue-pillow","9":"product_tag-daybed-pillow","10":"product_tag-headboard-cushion","11":"product_tag-headboard-pillow-wedge","12":"product_tag-linen-pillow","13":"product_tag-multifunctional-pillow","14":"product_tag-reading-pillow","15":"product_tag-tv-pillow","16":"product_tag-wedge-bolster-pillow","17":"product_tag-wedge-reading-pillow","19":"first","20":"instock","21":"featured","22":"shipping-taxable","23":"purchasable","24":"product-type-variable"},"_links":{"self":[{"href":"https:\/\/www.largepillow.com\/hu\/wp-json\/wp\/v2\/product\/665","targetHints":{"allow":["GET"]}}],"collection":[{"href":"https:\/\/www.largepillow.com\/hu\/wp-json\/wp\/v2\/product"}],"about":[{"href":"https:\/\/www.largepillow.com\/hu\/wp-json\/wp\/v2\/types\/product"}],"replies":[{"embeddable":true,"href":"https:\/\/www.largepillow.com\/hu\/wp-json\/wp\/v2\/comments?post=665"}],"wp:featuredmedia":[{"embeddable":true,"href":"https:\/\/www.largepillow.com\/hu\/wp-json\/wp\/v2\/media\/650"}],"wp:attachment":[{"href":"https:\/\/www.largepillow.com\/hu\/wp-json\/wp\/v2\/media?parent=665"}],"wp:term":[{"taxonomy":"product_brand","embeddable":true,"href":"https:\/\/www.largepillow.com\/hu\/wp-json\/wp\/v2\/product_brand?post=665"},{"taxonomy":"product_cat","embeddable":true,"href":"https:\/\/www.largepillow.com\/hu\/wp-json\/wp\/v2\/product_cat?post=665"},{"taxonomy":"product_tag","embeddable":true,"href":"https:\/\/www.largepillow.com\/hu\/wp-json\/wp\/v2\/product_tag?post=665"}],"curies":[{"name":"wp","href":"https:\/\/api.w.org\/{rel}","templated":true}]}}