{"id":712,"date":"2022-09-16T05:49:00","date_gmt":"2022-09-16T05:49:00","guid":{"rendered":"https:\/\/www.largepillow.com\/product\/triangle-pillow"},"modified":"2025-08-21T14:57:02","modified_gmt":"2025-08-21T14:57:02","slug":"nagy-parna-az-agy-fejtamlajahoz-2","status":"publish","type":"product","link":"https:\/\/www.largepillow.com\/hu\/product\/big-pillow-for-bed-headboard","title":{"rendered":"Nagy p\u00e1rna \u00e1gy fejt\u00e1ml\u00e1hoz"},"content":{"rendered":"<p>N\u00f6velje k\u00e9nyelm\u00e9t a fejt\u00e1mla nagy p\u00e1rn\u00e1ja: minden otthon k\u00f6telez\u0151 darabja<\/p>\n<p>\u00c9lettereink maxim\u00e1lis k\u00e9nyelm\u00e9re t\u00f6rekedve a Big Pillow For Bed fejt\u00e1mla sokoldal\u00fa \u00e9s n\u00e9lk\u00fcl\u00f6zhetetlen kieg\u00e9sz\u00edt\u0151je minden modern h\u00e1l\u00f3szob\u00e1nak, nappalinak vagy hangulatos zugnak. Ez a t\u00f6bbfunkci\u00f3s p\u00e1rna nem csak dekor\u00e1ci\u00f3; t\u00e1rsa a relax\u00e1ci\u00f3s pillanatokban, \u00fagy alak\u00edtott\u00e1k ki, hogy fokozza a k\u00e9nyelm\u00e9t, ak\u00e1r kedvenc k\u00f6nyv\u00e9nek h\u00f3dol, ak\u00e1r kedvenc sorozat\u00e1nak utol\u00e9ri, ak\u00e1r nyugodt \u00e1lomba mer\u00fcl.<\/p>\n<p>V\u00e9gs\u0151 k\u00e9nyelem \u00dajradefini\u00e1lva<\/p>\n<p>Az \u00d6n k\u00e9nyelm\u00e9nek kiel\u00e9g\u00edt\u00e9s\u00e9re kialak\u00edtott Big Pillow For Bed fejt\u00e1ml\u00e1t \u00fagy tervezt\u00e9k, hogy t\u00f6k\u00e9letes relax\u00e1ci\u00f3s partnerk\u00e9nt szolg\u00e1ljon. Ak\u00e1r az \u00e1gy fejt\u00e1ml\u00e1j\u00e1hoz, ak\u00e1r egy kanap\u00e9hoz vagy egy kanap\u00e9hoz helyezz\u00fck, p\u00e1ratlan k\u00e9nyelmet \u00e9s t\u00e1mogat\u00e1st \u00edg\u00e9r. Sokoldal\u00fas\u00e1ga t\u00falmutat egy egyszer\u0171 h\u00e1tt\u00e1mla olvas\u00f3p\u00e1rn\u00e1n; hossz\u00fa \u00e9kp\u00e1rnak\u00e9nt vagy l\u00e1bp\u00e1rnak\u00e9nt szolg\u00e1l, hogy megemelje a l\u00e1b\u00e1t, egyben megtestes\u00edtve a st\u00edlust \u00e9s a funkcionalit\u00e1st.<\/p>\n<p>Pr\u00e9mium anyagok a tart\u00f3s k\u00e9nyelem\u00e9rt<\/p>\n<p>A p\u00e1rnahuzathoz k\u00e9sz\u00fclt 100% poli\u00e9szter finom \u00e1tsz\u0151tt text\u00far\u00e1val \u00e9s prec\u00edz \u00f6lt\u00e9sekkel garant\u00e1lt a tart\u00f3ss\u00e1g. A p\u00e1rn\u00e1zatk\u00e9nt haszn\u00e1lt, nagy s\u0171r\u0171s\u00e9g\u0171 poli\u00e9szter sz\u00e1lak biztos\u00edtj\u00e1k, hogy a p\u00e1rna megtartsa alakj\u00e1t \u00e9s tart\u00e1s\u00e1t, \u00edgy hosszan tart\u00f3 haszn\u00e1lat ut\u00e1n is megakad\u00e1lyozza a megereszked\u00e9st. Ez a min\u0151s\u00e9gi anyagok ir\u00e1nti elk\u00f6telezetts\u00e9g biztos\u00edtja, hogy a k\u00e9nyelem soha ne s\u00e9r\u00fclj\u00f6n.<\/p>\n<p>K\u00f6nny\u0171 karbantart\u00e1s<\/p>\n<p>Meg\u00e9rtve a k\u00f6nny\u0171s\u00e9g \u00e9s k\u00e9nyelem sz\u00fcks\u00e9gess\u00e9g\u00e9t, k\u00fcl\u00f6n\u00f6sen a mai rohan\u00f3 vil\u00e1gban, a Big Pillow For Bed fejt\u00e1mla olyan huzattal rendelkezik, amely egy egyszer\u0171 cipz\u00e1ros mechanizmus r\u00e9v\u00e9n k\u00f6nnyed\u00e9n elt\u00e1vol\u00edthat\u00f3. A gombokkal r\u00f6gz\u00edthet\u0151 huzat k\u00f6nnyen levehet\u0151 a gyors g\u00e9pi mos\u00e1shoz, \u00edgy a p\u00e1rna friss \u00e9s h\u00edvogat\u00f3 marad.<\/p>\n<p>Az \u00d6n sz\u00e1m\u00e1ra k\u00e9sz\u00fclt<\/p>\n<p>Az egyik kiemelked\u0151 tulajdons\u00e1g az innovat\u00edv t\u00e1rol\u00f3zseb, amelyet zseni\u00e1lisan \u00fagy terveztek, hogy a n\u00e9lk\u00fcl\u00f6zhetetlen dolgokat, p\u00e9ld\u00e1ul a t\u00e1vir\u00e1ny\u00edt\u00f3kat karny\u00fajt\u00e1snyira tartsa, kik\u00fcsz\u00f6b\u00f6lve a rosszul elhelyezett t\u00e1rgyak miatti frusztr\u00e1ci\u00f3t. Ezenk\u00edv\u00fcl a poli\u00e9szter \u00e9s len sz\u00f6vetkever\u00e9k nemcsak tart\u00f3ss\u00e1got, hanem egy csipetnyi eleganci\u00e1t is k\u00edn\u00e1l b\u00e1rmilyen t\u00e9rben.<\/p>\n<p>Sokoldal\u00fas\u00e1g m\u00e9retben<\/p>\n<p>A 45 cm-t\u0151l 200 cm-ig terjed\u0151 m\u00e9retek sz\u00e9les v\u00e1laszt\u00e9k\u00e1val, valamint az eszt\u00e9tikai \u00e9s funkcion\u00e1lis vari\u00e1ci\u00f3 \u00e9rdek\u00e9ben k\u00fcl\u00f6nb\u00f6z\u0151 sz\u00e1m\u00fa gombbal van felszerelve egy nagy p\u00e1rna \u00e1gyhoz val\u00f3 fejt\u00e1mla, amely minden ig\u00e9nyhez \u00e9s helyhez igazodik. Legyen sz\u00f3 kompakt egyszem\u00e9lyes \u00e1gyr\u00f3l vagy sz\u00e9tter\u00fcl\u0151 king m\u00e9ret\u0171 \u00e1gyr\u00f3l, ez a fejt\u00e1mla p\u00e1rna testreszabhat\u00f3.<\/p>\n<p>\u00dcgyfelek elismer\u00e9se: Val\u00f3di \u00e9lm\u00e9nyek<\/p>\n<p>Pozit\u00edv megjegyz\u00e9sek sorozat\u00e1val k\u00e9pviselt v\u00e1s\u00e1rl\u00f3ink megosztott\u00e1k egym\u00e1ssal tapasztalataikat, kiemelve a p\u00e1rna \u201eh\u00e1romsz\u00f6g alak\u00fa h\u00e1tp\u00e1rna, pamut \u00e9s lenv\u00e1szon\u201d kiv\u00e1l\u00f3 min\u0151s\u00e9g\u0171 sz\u00f6vetkever\u00e9k\u00e9t, amely luxust \u00e9s k\u00e9nyelmet ad a tereiknek. Sokan dics\u00e9rt\u00e9k multifunkcion\u00e1lis kialak\u00edt\u00e1s\u00e1t, megjegyezve, hogy jelent\u0151sen megn\u00f6velte a k\u00e9nyelm\u00e9t k\u00fcl\u00f6nf\u00e9le tev\u00e9kenys\u00e9gek sor\u00e1n, mint p\u00e9ld\u00e1ul az olvas\u00e1s \u00e9s az alv\u00e1s. A k\u00f6nnyen tiszt\u00edthat\u00f3 funkci\u00f3 szint\u00e9n nagyra \u00e9rt\u00e9kelt szempont volt, amely kiemeli a p\u00e1rna funkcionalit\u00e1s\u00e1nak \u00e9s egyszer\u0171s\u00e9g\u00e9nek kever\u00e9k\u00e9t.<\/p>\n<p>K\u00f6vetkeztet\u00e9s<\/p>\n<p>A Big Pillow For Bed fejt\u00e1mla t\u00f6bb, mint egy p\u00e1rna; a funkcionalit\u00e1s, a k\u00e9nyelem \u00e9s a st\u00edlus \u00f6tv\u00f6zet\u00e9nek bizony\u00edt\u00e9ka. Pr\u00e9mium anyagai, egyszer\u0171 karbantart\u00e1sa \u00e9s t\u00f6bbfunkci\u00f3s kialak\u00edt\u00e1sa minden otthon n\u00e9lk\u00fcl\u00f6zhetetlen kell\u00e9k\u00e9v\u00e9 teszik. N\u00f6velje k\u00e9nyelm\u00e9t, \u00e9s adjon egy csipetnyi eleganci\u00e1t a ter\u00e9hez ezzel a k\u00f6telez\u0151 p\u00e1rn\u00e1val. Ahogy el\u00e9gedett \u00fcgyfeleink m\u00e1r tudj\u00e1k, ez egy befektet\u00e9s az \u00d6n k\u00e9nyelm\u00e9be \u00e9s otthona eszt\u00e9tikai megjelen\u00e9s\u00e9be.<\/p>","protected":false},"excerpt":{"rendered":"<ul>\n<li><strong>Maxim\u00e1lis k\u00e9nyelem:<\/strong> A fejt\u00e1mla p\u00e1rn\u00e1nkat \u00fagy tervezt\u00e9k, hogy maxim\u00e1lis k\u00e9nyelmet ny\u00fajtson olvas\u00e1s, t\u00e9v\u00e9z\u00e9s vagy alv\u00e1s k\u00f6zben. T\u00f6k\u00e9letes \u00e1gynak, kanap\u00e9nak, hever\u0151nek \u00e9s sok m\u00e1snak!<\/li>\n<li><strong>T\u00f6bbfunkci\u00f3s kialak\u00edt\u00e1s:<\/strong> Nagy p\u00e1rn\u00e1nkat t\u00f6bbf\u00e9lek\u00e9ppen haszn\u00e1lhatjuk \u2013 h\u00e1tt\u00e1mla olvas\u00f3p\u00e1rnak\u00e9nt, hossz\u00fa \u00e9kp\u00e1rnak\u00e9nt vagy l\u00e1bp\u00e1rnak\u00e9nt a l\u00e1bak megemel\u00e9s\u00e9re. St\u00edlusos \u00e9s funkcion\u00e1lis, \u00edgy kiv\u00e1l\u00f3 kieg\u00e9sz\u00edt\u0151je b\u00e1rmely h\u00e1l\u00f3szob\u00e1nak.<\/li>\n<li><strong>Pr\u00e9mium anyagok:<\/strong> P\u00e1rnahuzatunk 100% poli\u00e9szterb\u0151l k\u00e9sz\u00fclt, \u00e1tsz\u0151tt text\u00far\u00e1val \u00e9s gy\u00f6ny\u00f6r\u0171 \u00f6lt\u00e9sekkel, amelyek mindenhol er\u0151sek. A p\u00e1rn\u00e1z\u00e1s nagy s\u0171r\u0171s\u00e9g\u0171, kiv\u00e1l\u00f3 min\u0151s\u00e9g\u0171 poli\u00e9szter sz\u00e1lakb\u00f3l k\u00e9sz\u00fclt, amelyek m\u00e9g t\u00f6bb h\u00f3napos haszn\u00e1lat ut\u00e1n is megakad\u00e1lyozz\u00e1k a megereszked\u00e9st.<\/li>\n<li><strong>K\u00f6nnyen tiszt\u00edthat\u00f3:<\/strong> A fejt\u00e1mla p\u00e1rnahuzata gombokkal r\u00f6gz\u00edthet\u0151 a p\u00e1rn\u00e1hoz, \u00e9s egy egyszer\u0171 cipz\u00e1rral k\u00f6nnyen elt\u00e1vol\u00edthat\u00f3. Csak vegye le a huzatot, \u00e9s gyorsan mosson g\u00e9pben, hogy p\u00e1rn\u00e1ja \u00fajszer\u0171 legyen.<\/li>\n<li><strong>T\u00f6k\u00e9letes t\u00e1rol\u00f3 zseb:<\/strong> A fejt\u00e1mla p\u00e1rn\u00e1nk egy k\u00e9nyelmes oldalzsebbel rendelkezik, \u00edgy soha t\u00f6bb\u00e9 nem fogja elt\u00e9veszteni a t\u00e1vir\u00e1ny\u00edt\u00f3j\u00e1t.<\/li>\n<li><strong>Sz\u00f6vet:<\/strong>\u00a0Poli\u00e9szter \u00e9s v\u00e1szon kever\u00e9k.<\/li>\n<li><strong>M\u00e9ret:<\/strong> 45 cm (H 45 x SZ 20 x Ma 50 | 0 gomb), 60 cm (H 60 x SZ 20 x Ma 50 | 0 gomb), 80 cm (H 80 x SZ 20 x M 50 | 2 gomb), 100 cm (H 100 x SZ 20 x Ma 50 | 3 gomb), 120 cm ( 120 x 20 x 50 x 4 gomb, 140 cm (140 x 20 x 50 | 4 gomb), 160 cm (160 x 20 x 50 x 5 gomb), 180 cm (180 x 20 x 50 x 6 gomb), 200 x 20 cm W20 x H50 | 7 gomb).<\/li>\n<\/ul>","protected":false},"featured_media":698,"comment_status":"open","ping_status":"closed","template":"","meta":[],"product_brand":[],"product_cat":[15],"product_tag":[187,186,185,75,168,163,184,143],"class_list":{"0":"post-712","1":"product","2":"type-product","3":"status-publish","4":"has-post-thumbnail","6":"product_cat-large-wedge-pillow","7":"product_tag-back-support-reading-pillow","8":"product_tag-bed-headboard","9":"product_tag-big-pillow","10":"product_tag-daybed-pillow","11":"product_tag-headboard-pillow","12":"product_tag-leg-pillow","13":"product_tag-long-wedge-pillow","14":"product_tag-multifunctional-pillow","16":"first","17":"instock","18":"shipping-taxable","19":"purchasable","20":"product-type-variable"},"_links":{"self":[{"href":"https:\/\/www.largepillow.com\/hu\/wp-json\/wp\/v2\/product\/712","targetHints":{"allow":["GET"]}}],"collection":[{"href":"https:\/\/www.largepillow.com\/hu\/wp-json\/wp\/v2\/product"}],"about":[{"href":"https:\/\/www.largepillow.com\/hu\/wp-json\/wp\/v2\/types\/product"}],"replies":[{"embeddable":true,"href":"https:\/\/www.largepillow.com\/hu\/wp-json\/wp\/v2\/comments?post=712"}],"wp:featuredmedia":[{"embeddable":true,"href":"https:\/\/www.largepillow.com\/hu\/wp-json\/wp\/v2\/media\/698"}],"wp:attachment":[{"href":"https:\/\/www.largepillow.com\/hu\/wp-json\/wp\/v2\/media?parent=712"}],"wp:term":[{"taxonomy":"product_brand","embeddable":true,"href":"https:\/\/www.largepillow.com\/hu\/wp-json\/wp\/v2\/product_brand?post=712"},{"taxonomy":"product_cat","embeddable":true,"href":"https:\/\/www.largepillow.com\/hu\/wp-json\/wp\/v2\/product_cat?post=712"},{"taxonomy":"product_tag","embeddable":true,"href":"https:\/\/www.largepillow.com\/hu\/wp-json\/wp\/v2\/product_tag?post=712"}],"curies":[{"name":"wp","href":"https:\/\/api.w.org\/{rel}","templated":true}]}}