{"id":759,"date":"2022-09-16T07:57:41","date_gmt":"2022-09-16T07:57:41","guid":{"rendered":"https:\/\/www.largepillow.com\/product\/wedge-pillow-for-acid-reflux_37_38"},"modified":"2026-02-07T07:41:51","modified_gmt":"2026-02-07T07:41:51","slug":"nagy-fejtamla-parna","status":"publish","type":"product","link":"https:\/\/www.largepillow.com\/hu\/product\/large-headboard-cushion","title":{"rendered":"Nagy fejt\u00e1mla p\u00e1rna"},"content":{"rendered":"<p>Fedezze fel a k\u00e9nyelmet a nagy fejt\u00e1mla p\u00e1rn\u00e1val<\/p>\n<p>Ha szeret olvasni vagy t\u00e9v\u00e9t n\u00e9zni az \u00e1gyban, de nehezen \u00e9rzi mag\u00e1t k\u00e9nyelmesen, a nagy fejt\u00e1mla p\u00e1rna a t\u00f6k\u00e9letes megold\u00e1s. Ez a nagym\u00e9ret\u0171 p\u00e1rna pihentet\u0151 o\u00e1ziss\u00e1 var\u00e1zsolja \u00e1gy\u00e1t. <\/p>\n<p>Az \u00edvelt form\u00e1j\u00e1val \u00e9s a megemelt k\u00e9tsoros h\u00e1tt\u00e1ml\u00e1j\u00e1val a nagy fejt\u00e1mla p\u00e1rna pl\u00fcss t\u00e1maszban t\u00e1masztja \u00d6nt. Az 100% poli\u00e9szter huzat \u00e9s a nagy rugalmass\u00e1g\u00fa sz\u00e1lbet\u00e9t tart\u00f3s puhas\u00e1got biztos\u00edt. Ahogy az egyik v\u00e1s\u00e1rl\u00f3 mondta: \u201eEz a p\u00e1rna rendk\u00edv\u00fcl k\u00e9nyelmes, \u00e9s nagyszer\u0171en megt\u00e1masztja a h\u00e1t\u00e1t, amikor fel\u00fcl az \u00e1gyban.\u201d<\/p>\n<p>Nem sz\u00e1m\u00edt, hogy szeretne pihenni, a nagy fejt\u00e1mla p\u00e1rna fedezi. Haszn\u00e1lja f\u00fcgg\u0151legesen, mint a h\u00e1tt\u00e1ml\u00e1j\u00e1t olvas\u00e1shoz, d\u0151lj\u00f6n neki, ha kihangos\u00edtott filmeket n\u00e9zhet, vagy helyezze a l\u00e1ba al\u00e1 a nagyobb k\u00e9nyelem \u00e9rdek\u00e9ben. Egy \u00e9rt\u00e9kel\u0151 \u00edgy nyilatkozott: \u201eTetszik, hogy sokf\u00e9lek\u00e9ppen haszn\u00e1lhatom.\u201d  <\/p>\n<p>Ez a sokoldal\u00fa p\u00e1rna oldalzsebekkel is rendelkezik a t\u00e1vir\u00e1ny\u00edt\u00f3k, k\u00f6nyvek \u00e9s eszk\u00f6z\u00f6k k\u00f6nnyen el\u00e9rhet\u0151 helyen t\u00f6rt\u00e9n\u0151 t\u00e1rol\u00e1s\u00e1ra. 100 cm \u00e9s 200 cm sz\u00e9les m\u00e9retben kaphat\u00f3, \u00edgy b\u00e1rmilyen \u00e1gyhoz illeszkedik. A levehet\u0151 huzat egyszer\u0171v\u00e9 teszi a tiszt\u00edt\u00e1st \u2013 csak ki kell cipz\u00e1rozni \u00e9s mos\u00f3g\u00e9pben mosni.<\/p>\n<p>Kiv\u00e1l\u00f3 k\u00e9nyelemmel \u00e9s kidolgozotts\u00e1ggal a nagy fejt\u00e1mla p\u00e1rna c\u00e9lja, hogy tetsszen. Ahogy egy v\u00e1s\u00e1rl\u00f3 \u00e1radozott: \u201eEz a p\u00e1rna olyan f\u00e9ny\u0171z\u0151 \u00e9lm\u00e9nny\u00e9 var\u00e1zsolja az \u00e1gyban hever\u00e9sz\u00e9st!\u201d<\/p>\n<p>Emelje fel pihen\u00e9s\u00e9t a nagy fejt\u00e1mla p\u00e1rna t\u00f6bbc\u00e9l\u00fa k\u00e9nyelm\u00e9vel. Rendeld meg m\u00e9g ma!<\/p>","protected":false},"excerpt":{"rendered":"<ul>\n<li><strong>Maxim\u00e1lis k\u00e9nyelem:<\/strong> Ez az xl magas\u00edtott fejt\u00e1mla p\u00e1rna \u00edvelt form\u00e1j\u00e1nak k\u00f6sz\u00f6nhet\u0151en kiv\u00e1l\u00f3 k\u00e9nyelmet biztos\u00edt. Ez a fejt\u00e1ml\u00e1s olvas\u00f3p\u00e1rna seg\u00edt abban, hogy fesz\u00fclts\u00e9gmentesen tudjon maradni az \u00e1gyban, a kanap\u00e9n vagy a kanap\u00e9n, amely ide\u00e1lis \u00e9jszakai baglyok, k\u00f6nyvmolyok munk\u00e1j\u00e1hoz \u00e9s az \u00e1gyban val\u00f3 t\u00e9v\u00e9z\u00e9shez.<\/li>\n<li><strong>Magas\u00edtott h\u00e1tt\u00e1mla kialak\u00edt\u00e1sa:<\/strong> \u00c9lvezze a p\u00e1ratlan k\u00e9nyelmet fejt\u00e1mla p\u00e1rn\u00e1nk egyedi, k\u00e9tsoros megemelt h\u00e1tt\u00e1ml\u00e1j\u00e1val. A megemelt h\u00e1tt\u00e1ml\u00e1s fejt\u00e1mla p\u00e1rna kiv\u00e1l\u00f3an t\u00e1masztja meg a nyak\u00e1t \u00e9s a h\u00e1t\u00e1t, \u00edgy t\u00f6k\u00e9letes hely a pihen\u00e9sre \u00e9s az \u00e1gyban val\u00f3 olvas\u00e1sra.<\/li>\n<li><strong>T\u00f6bbfunkci\u00f3s p\u00e1rna:<\/strong> H\u00e1rom k\u00fcl\u00f6nb\u00f6z\u0151 felhaszn\u00e1l\u00e1si m\u00f3ddal p\u00e1rn\u00e1nk minden helyzethez t\u00f6k\u00e9letes. Ak\u00e1r f\u00fcgg\u0151leges h\u00e1tp\u00e1rnak\u00e9nt, ak\u00e1r \u00e9kp\u00e1rnak\u00e9nt vagy l\u00e1bp\u00e1rnak\u00e9nt szeretn\u00e9 haszn\u00e1lni a megemelt al\u00e1t\u00e1maszt\u00e1shoz, ide\u00e1lis kieg\u00e9sz\u00edt\u0151 a k\u00e9nyelmes pihen\u00e9shez \u00e9s kikapcsol\u00f3d\u00e1shoz.<\/li>\n<li><strong>Kiv\u00e1l\u00f3 kivitelez\u00e9s:<\/strong> V\u00e1szon megjelen\u00e9s\u0171 anyagb\u00f3l k\u00e9sz\u00fclt, melynek \u00f6sszet\u00e9tele 100% poli\u00e9szter, fejt\u00e1mla p\u00e1rn\u00e1nk k\u00f6rnyezetbar\u00e1t \u00e9s nagy rugalmass\u00e1g\u00fa poli\u00e9szter sz\u00e1l t\u00f6ltettel van t\u00f6ltve. A levehet\u0151 \u00e1gyp\u00e1rna k\u00f6nnyen moshat\u00f3 mos\u00f3g\u00e9pben, m\u00edg a kis oldalzsebek praktikusabb\u00e1 teszik ezt az am\u00fagy is luxusterm\u00e9ket.<\/li>\n<li><strong>K\u00f6nnyen moshat\u00f3:<\/strong> A fejt\u00e1mla p\u00e1rnahuzata gombokkal r\u00f6gz\u00edthet\u0151 a p\u00e1rna bels\u0151 r\u00e9sz\u00e9hez, \u00e9s egy egyszer\u0171 cipz\u00e1rral k\u00f6nnyen elt\u00e1vol\u00edthat\u00f3. \u00cdgy a tiszt\u00edt\u00e1sa probl\u00e9mamentes. Csak vegye le a huzatot, \u00e9s gyorsan mosson g\u00e9pben, hogy p\u00e1rn\u00e1ja \u00fajszer\u0171 legyen.<\/li>\n<li><strong>M\u00e9ret:<\/strong> 100 cm (H 100 x SZ26 x H55 | 3 oszlopos gomb), 120 cm (H 120 x SZ 26 x M55 | 4 oszlop gomb), 140 cm (H140 x SZ26 x H55 | 4 oszlopos gomb), 160 cm (H 160 x 5 SZ 5 6 x 5 | ), 180 cm (H 180 x SZ 26 x H55 | 6 oszlop gomb), 200 cm (H 200 x SZ 26 x ma 55 | 7 oszlop gomb).<\/li>\n<\/ul>","protected":false},"featured_media":745,"comment_status":"open","ping_status":"closed","template":"","meta":[],"product_brand":[],"product_cat":[15],"product_tag":[66,164,161,171,143,59,162],"class_list":{"0":"post-759","1":"product","2":"type-product","3":"status-publish","4":"has-post-thumbnail","6":"product_cat-large-wedge-pillow","7":"product_tag-back-support-pillow","8":"product_tag-detachable-bolster-bed-cushion","9":"product_tag-elevated-headboard-pillow","10":"product_tag-large-headboard-cushion","11":"product_tag-multifunctional-pillow","12":"product_tag-reading-pillow","13":"product_tag-upright-back-pillow","15":"first","16":"instock","17":"featured","18":"shipping-taxable","19":"purchasable","20":"product-type-variable"},"_links":{"self":[{"href":"https:\/\/www.largepillow.com\/hu\/wp-json\/wp\/v2\/product\/759","targetHints":{"allow":["GET"]}}],"collection":[{"href":"https:\/\/www.largepillow.com\/hu\/wp-json\/wp\/v2\/product"}],"about":[{"href":"https:\/\/www.largepillow.com\/hu\/wp-json\/wp\/v2\/types\/product"}],"replies":[{"embeddable":true,"href":"https:\/\/www.largepillow.com\/hu\/wp-json\/wp\/v2\/comments?post=759"}],"wp:featuredmedia":[{"embeddable":true,"href":"https:\/\/www.largepillow.com\/hu\/wp-json\/wp\/v2\/media\/745"}],"wp:attachment":[{"href":"https:\/\/www.largepillow.com\/hu\/wp-json\/wp\/v2\/media?parent=759"}],"wp:term":[{"taxonomy":"product_brand","embeddable":true,"href":"https:\/\/www.largepillow.com\/hu\/wp-json\/wp\/v2\/product_brand?post=759"},{"taxonomy":"product_cat","embeddable":true,"href":"https:\/\/www.largepillow.com\/hu\/wp-json\/wp\/v2\/product_cat?post=759"},{"taxonomy":"product_tag","embeddable":true,"href":"https:\/\/www.largepillow.com\/hu\/wp-json\/wp\/v2\/product_tag?post=759"}],"curies":[{"name":"wp","href":"https:\/\/api.w.org\/{rel}","templated":true}]}}